{"id":3114,"date":"2020-02-29T14:38:22","date_gmt":"2020-02-29T13:38:22","guid":{"rendered":"https:\/\/www.smeraldosirmione.com\/be-safe-rate-condizioni-di-assicurazione\/"},"modified":"2024-02-18T12:02:35","modified_gmt":"2024-02-18T11:02:35","slug":"conditions-dassurance-tarif-be-safe","status":"publish","type":"page","link":"https:\/\/www.smeraldosirmione.com\/fr\/conditions-dassurance-tarif-be-safe\/","title":{"rendered":"BE SAFE RATE Conditions d&rsquo;assurance"},"content":{"rendered":"<div class=\"wp-block-image\">\n<figure class=\"aligncenter size-full is-resized\"><img loading=\"lazy\" decoding=\"async\" width=\"208\" height=\"42\" src=\"https:\/\/www.smeraldosirmione.com\/wp-content\/uploads\/2024\/01\/logo-besaferate-colore-2.png\" alt=\"\" class=\"wp-image-3021\" style=\"width:208px;height:auto\"\/><\/figure>\n<\/div>\n\n\n<div style=\"height:50px\" aria-hidden=\"true\" class=\"wp-block-spacer\"><\/div>\n\n\n\n<h2 class=\"wp-block-heading has-text-align-center\">Votre s\u00e9jour en S\u00c9CURIT\u00c9<\/h2>\n\n\n\n<div style=\"height:30px\" aria-hidden=\"true\" class=\"wp-block-spacer\"><\/div>\n\n\n\n<h3 class=\"wp-block-heading has-text-align-center\">Choisissez Besafe Rate et<br>Nous vous offrons l&rsquo;assurance en cadeau&nbsp;!<\/h3>\n\n\n\n<div style=\"height:30px\" aria-hidden=\"true\" class=\"wp-block-spacer\"><\/div>\n\n\n\n<div class=\"wp-block-columns is-layout-flex wp-container-core-columns-is-layout-9d6595d7 wp-block-columns-is-layout-flex\">\n<div class=\"wp-block-column is-layout-flow wp-block-column-is-layout-flow\" style=\"flex-basis:10%\"><\/div>\n\n\n\n<div class=\"wp-block-column is-layout-flow wp-block-column-is-layout-flow\" style=\"flex-basis:35%\">\n<p class=\"has-text-align-center\"><strong>Vous souhaitez s\u00e9curiser imm\u00e9diatement vos vacances et celles de vos proches, mais vous craignez de perdre l&rsquo;argent de votre s\u00e9jour \u00e0 cause d&rsquo;un d\u00e9sagr\u00e9ment de derni\u00e8re minute ?<br>Souhaitez-vous une couverture pour tout probl\u00e8me pouvant survenir pendant votre s\u00e9jour ?<\/strong><\/p>\n<\/div>\n\n\n\n<div class=\"wp-block-column is-layout-flow wp-block-column-is-layout-flow\" style=\"flex-basis:10%\"><\/div>\n\n\n\n<div class=\"wp-block-column is-layout-flow wp-block-column-is-layout-flow\" style=\"flex-basis:35%\">\n<p class=\"has-text-align-center\"><strong>En choisissant Besafe Rate, vous pourrez b\u00e9n\u00e9ficier d&rsquo;une assistance qui vous suivra pas \u00e0 pas pour vous aider \u00e0 r\u00e9soudre les probl\u00e8mes que vous pourriez rencontrer.<\/strong><\/p>\n<\/div>\n\n\n\n<div class=\"wp-block-column is-layout-flow wp-block-column-is-layout-flow\" style=\"flex-basis:10%\"><\/div>\n<\/div>\n\n\n\n<div style=\"height:30px\" aria-hidden=\"true\" class=\"wp-block-spacer\"><\/div>\n\n\n<div class=\"wp-block-image\">\n<figure class=\"aligncenter size-full is-resized\"><img loading=\"lazy\" decoding=\"async\" width=\"208\" height=\"42\" src=\"https:\/\/www.smeraldosirmione.com\/wp-content\/uploads\/2024\/01\/logo-besaferate-colore-2.png\" alt=\"\" class=\"wp-image-3021\" style=\"width:208px;height:auto\"\/><\/figure>\n<\/div>\n\n\n<div style=\"height:30px\" aria-hidden=\"true\" class=\"wp-block-spacer\"><\/div>\n\n\n\n<h2 class=\"wp-block-heading has-text-align-center\">Ce qu&rsquo;il comprend&nbsp;Besafe Rate<\/h2>\n\n\n\n<div style=\"height:30px\" aria-hidden=\"true\" class=\"wp-block-spacer\"><\/div>\n\n\n\n<h3 class=\"wp-block-heading has-text-align-center\">La r\u00e9servation avec le tarif Besafe comprend une assurance voyage sans frais suppl\u00e9mentaires, des soins de sant\u00e9, une couverture en cas d&rsquo;annulation en raison d&rsquo;\u00e9v\u00e9nements impr\u00e9vus, de vol, une assistance juridique&nbsp;:<\/h3>\n\n\n\n<div style=\"height:30px\" aria-hidden=\"true\" class=\"wp-block-spacer\"><\/div>\n\n\n\n<div class=\"wp-block-columns is-layout-flex wp-container-core-columns-is-layout-9d6595d7 wp-block-columns-is-layout-flex\">\n<div class=\"wp-block-column is-layout-flow wp-block-column-is-layout-flow\"><div class=\"wp-block-image\">\n<figure class=\"aligncenter size-full\"><img loading=\"lazy\" decoding=\"async\" width=\"37\" height=\"32\" src=\"https:\/\/www.smeraldosirmione.com\/wp-content\/uploads\/2024\/01\/ion-social-euro.png\" alt=\"\" class=\"wp-image-3041\"\/><\/figure>\n<\/div>\n\n\n<div style=\"height:20px\" aria-hidden=\"true\" class=\"wp-block-spacer\"><\/div>\n\n\n\n<h4 class=\"wp-block-heading has-text-align-center\">REMBOURSEMENT<\/h4>\n\n\n\n<p class=\"has-text-align-center\">jusqu&rsquo;\u00e0 100% du s\u00e9jour en cas d&rsquo;annulation pour cause impr\u00e9vue<\/p>\n<\/div>\n\n\n\n<div class=\"wp-block-column is-layout-flow wp-block-column-is-layout-flow\"><div class=\"wp-block-image\">\n<figure class=\"aligncenter size-full\"><img loading=\"lazy\" decoding=\"async\" width=\"25\" height=\"41\" src=\"https:\/\/www.smeraldosirmione.com\/wp-content\/uploads\/2024\/01\/garanzia-di-un-rimborso-in-caso-di-furto-o-mancata-consegna-del-bagaglio.png\" alt=\"\" class=\"wp-image-3047\"\/><\/figure>\n<\/div>\n\n\n<div style=\"height:20px\" aria-hidden=\"true\" class=\"wp-block-spacer\"><\/div>\n\n\n\n<h4 class=\"wp-block-heading has-text-align-center\">GARANTIE<\/h4>\n\n\n\n<p class=\"has-text-align-center\">d&rsquo;un remboursement en cas de vol ou de non-livraison des bagages.Assistance pour le remboursement d\u00fb en cas d&rsquo;annulation<\/p>\n<\/div>\n\n\n\n<div class=\"wp-block-column is-layout-flow wp-block-column-is-layout-flow\"><div class=\"wp-block-image\">\n<figure class=\"aligncenter size-full\"><img loading=\"lazy\" decoding=\"async\" width=\"40\" height=\"40\" src=\"https:\/\/www.smeraldosirmione.com\/wp-content\/uploads\/2024\/01\/assistenza-per-il-rimborso-dovuto-in-caso-di-cancellazione-o-ritardo-oltre-le-3-ore-delle-compagnie-aeree.png\" alt=\"\" class=\"wp-image-3057\"\/><\/figure>\n<\/div>\n\n\n<div style=\"height:20px\" aria-hidden=\"true\" class=\"wp-block-spacer\"><\/div>\n\n\n\n<h4 class=\"wp-block-heading has-text-align-center\">ASSISTANCE<\/h4>\n\n\n\n<p class=\"has-text-align-center\">pour le remboursement d\u00fb en cas d&rsquo;annulation ou de retard au-del\u00e0 de 3 heures par les compagnies a\u00e9riennes<\/p>\n<\/div>\n\n\n\n<div class=\"wp-block-column is-layout-flow wp-block-column-is-layout-flow\"><div class=\"wp-block-image\">\n<figure class=\"aligncenter size-full\"><img loading=\"lazy\" decoding=\"async\" width=\"37\" height=\"38\" src=\"https:\/\/www.smeraldosirmione.com\/wp-content\/uploads\/2024\/01\/anticipo-di-denaro-fino-a-250E-entro-24h-in-caso-di-furto-di-documenti.png\" alt=\"\" class=\"wp-image-3052\"\/><\/figure>\n<\/div>\n\n\n<div style=\"height:20px\" aria-hidden=\"true\" class=\"wp-block-spacer\"><\/div>\n\n\n\n<h4 class=\"wp-block-heading has-text-align-center\">AVANCE<\/h4>\n\n\n\n<p class=\"has-text-align-center\">d&rsquo;argent jusqu&rsquo;\u00e0 250 \u20ac dans les 24 heures en cas de vol de documents<\/p>\n<\/div>\n<\/div>\n\n\n\n<div style=\"height:20px\" aria-hidden=\"true\" class=\"wp-block-spacer\"><\/div>\n\n\n\n<div class=\"wp-block-columns is-layout-flex wp-container-core-columns-is-layout-9d6595d7 wp-block-columns-is-layout-flex\">\n<div class=\"wp-block-column is-layout-flow wp-block-column-is-layout-flow\"><div class=\"wp-block-image\">\n<figure class=\"aligncenter size-full\"><img loading=\"lazy\" decoding=\"async\" width=\"37\" height=\"32\" src=\"https:\/\/www.smeraldosirmione.com\/wp-content\/uploads\/2024\/01\/ion-social-euro.png\" alt=\"\" class=\"wp-image-3041\"\/><\/figure>\n<\/div>\n\n\n<div style=\"height:20px\" aria-hidden=\"true\" class=\"wp-block-spacer\"><\/div>\n\n\n\n<h4 class=\"wp-block-heading has-text-align-center\">REMBOURSEMENT<\/h4>\n\n\n\n<p class=\"has-text-align-center\">des jours de s\u00e9jour non utilis\u00e9s en cas de d\u00e9part anticip\u00e9, maladie ou accident pendant le s\u00e9jour<\/p>\n<\/div>\n\n\n\n<div class=\"wp-block-column is-layout-flow wp-block-column-is-layout-flow\"><div class=\"wp-block-image\">\n<figure class=\"aligncenter size-full\"><img loading=\"lazy\" decoding=\"async\" width=\"42\" height=\"36\" src=\"https:\/\/www.smeraldosirmione.com\/wp-content\/uploads\/2024\/01\/assistenza-legale-gratuita-per-risarcimento-danni-durante-il-soggiorno.png\" alt=\"\" class=\"wp-image-3062\"\/><\/figure>\n<\/div>\n\n\n<div style=\"height:20px\" aria-hidden=\"true\" class=\"wp-block-spacer\"><\/div>\n\n\n\n<h4 class=\"wp-block-heading has-text-align-center\">ASSISTANCE L\u00c9GALE<\/h4>\n\n\n\n<p class=\"has-text-align-center\">des jours de s\u00e9jour non utilis\u00e9s en cas de d\u00e9part anticip\u00e9, maladie ou accident pendant le s\u00e9jour<\/p>\n<\/div>\n\n\n\n<div class=\"wp-block-column is-layout-flow wp-block-column-is-layout-flow\"><div class=\"wp-block-image\">\n<figure class=\"aligncenter size-full\"><img loading=\"lazy\" decoding=\"async\" width=\"38\" height=\"32\" src=\"https:\/\/www.smeraldosirmione.com\/wp-content\/uploads\/2024\/01\/copertura-spese-di-alloggio-in-caso-di-permanenza-forzata-nella-citta-del-soggiorno.png\" alt=\"\" class=\"wp-image-3067\"\/><\/figure>\n<\/div>\n\n\n<div style=\"height:20px\" aria-hidden=\"true\" class=\"wp-block-spacer\"><\/div>\n\n\n\n<h4 class=\"wp-block-heading has-text-align-center\">ASSISTANCE<\/h4>\n\n\n\n<p class=\"has-text-align-center\">sur place pendant le trajet<\/p>\n<\/div>\n\n\n\n<div class=\"wp-block-column is-layout-flow wp-block-column-is-layout-flow\"><div class=\"wp-block-image\">\n<figure class=\"aligncenter size-full\"><img loading=\"lazy\" decoding=\"async\" width=\"35\" height=\"36\" src=\"https:\/\/www.smeraldosirmione.com\/wp-content\/uploads\/2024\/01\/copertura-spese-mediche-e-medicinali-in-caso-di-infortuni-o-malattia-durante-il-soggiorno.png\" alt=\"\" class=\"wp-image-3072\"\/><\/figure>\n<\/div>\n\n\n<div style=\"height:20px\" aria-hidden=\"true\" class=\"wp-block-spacer\"><\/div>\n\n\n\n<h4 class=\"wp-block-heading has-text-align-center\">COUVERTURE<\/h4>\n\n\n\n<p class=\"has-text-align-center\">des frais m\u00e9dicaux et m\u00e9dicamenteux en cas d&rsquo;accident ou de maladie pendant votre s\u00e9jour<\/p>\n<\/div>\n<\/div>\n\n\n\n<div style=\"height:50px\" aria-hidden=\"true\" class=\"wp-block-spacer\"><\/div>\n\n\n\n<p class=\"has-text-align-center\">Avant de r\u00e9server, tous les participants doivent lire la police d&rsquo;assurance&nbsp;:<em>&nbsp;<a href=\"https:\/\/www.travel.besafesuite.com\/insurances\/besafe-plus\" target=\"_blank\" rel=\"noreferrer noopener\"><strong><mark style=\"background-color:rgba(0, 0, 0, 0)\" class=\"has-inline-color has-luminous-vivid-orange-color\">Dossier de couverture<\/mark><\/strong><\/a><\/em><\/p>\n","protected":false},"excerpt":{"rendered":"<p>Votre s\u00e9jour en S\u00c9CURIT\u00c9 Choisissez Besafe Rate etNous vous offrons l&rsquo;assurance en [&hellip;]<\/p>\n","protected":false},"author":3,"featured_media":0,"parent":0,"menu_order":33,"comment_status":"closed","ping_status":"closed","template":"template-be-safe.php","meta":{"_acf_changed":false,"footnotes":""},"class_list":["post-3114","page","type-page","status-publish","hentry"],"acf":[],"yoast_head":"<!-- This site is optimized with the Yoast SEO plugin v27.4 - https:\/\/yoast.com\/product\/yoast-seo-wordpress\/ -->\n<title>BE SAFE RATE Conditions d&#039;assurance - Hotel Smeraldo<\/title>\n<meta name=\"description\" content=\"En choisissant Besafe Rate vous n&#039;avez plus \u00e0 vous inqui\u00e9ter, nous vous offrons une couverture de remboursement. Vous \u00eates en s\u00e9curit\u00e9, face \u00e0 tout impr\u00e9vu, d&#039;ici votre s\u00e9jour, pour vous et vos proches.\" \/>\n<meta name=\"robots\" content=\"index, follow, max-snippet:-1, max-image-preview:large, max-video-preview:-1\" \/>\n<link rel=\"canonical\" href=\"https:\/\/www.smeraldosirmione.com\/fr\/conditions-dassurance-tarif-be-safe\/\" \/>\n<meta property=\"og:locale\" content=\"fr_FR\" \/>\n<meta property=\"og:type\" content=\"article\" \/>\n<meta property=\"og:title\" content=\"BE SAFE RATE Conditions d&#039;assurance - Hotel Smeraldo\" \/>\n<meta property=\"og:description\" content=\"En choisissant Besafe Rate vous n&#039;avez plus \u00e0 vous inqui\u00e9ter, nous vous offrons une couverture de remboursement. Vous \u00eates en s\u00e9curit\u00e9, face \u00e0 tout impr\u00e9vu, d&#039;ici votre s\u00e9jour, pour vous et vos proches.\" \/>\n<meta property=\"og:url\" content=\"https:\/\/www.smeraldosirmione.com\/fr\/conditions-dassurance-tarif-be-safe\/\" \/>\n<meta property=\"og:site_name\" content=\"Hotel Smeraldo\" \/>\n<meta property=\"article:modified_time\" content=\"2024-02-18T11:02:35+00:00\" \/>\n<meta property=\"og:image\" content=\"https:\/\/www.smeraldosirmione.com\/wp-content\/uploads\/2024\/01\/logo-besaferate-colore-2.png\" \/>\n<meta name=\"twitter:label1\" content=\"Dur\u00e9e de lecture estim\u00e9e\" \/>\n\t<meta name=\"twitter:data1\" content=\"4 minutes\" \/>\n<script type=\"application\/ld+json\" class=\"yoast-schema-graph\">{\"@context\":\"https:\\\/\\\/schema.org\",\"@graph\":[{\"@type\":\"WebPage\",\"@id\":\"https:\\\/\\\/www.smeraldosirmione.com\\\/fr\\\/conditions-dassurance-tarif-be-safe\\\/\",\"url\":\"https:\\\/\\\/www.smeraldosirmione.com\\\/fr\\\/conditions-dassurance-tarif-be-safe\\\/\",\"name\":\"BE SAFE RATE Conditions d'assurance - Hotel Smeraldo\",\"isPartOf\":{\"@id\":\"https:\\\/\\\/www.smeraldosirmione.com\\\/#website\"},\"primaryImageOfPage\":{\"@id\":\"https:\\\/\\\/www.smeraldosirmione.com\\\/fr\\\/conditions-dassurance-tarif-be-safe\\\/#primaryimage\"},\"image\":{\"@id\":\"https:\\\/\\\/www.smeraldosirmione.com\\\/fr\\\/conditions-dassurance-tarif-be-safe\\\/#primaryimage\"},\"thumbnailUrl\":\"https:\\\/\\\/www.smeraldosirmione.com\\\/wp-content\\\/uploads\\\/2024\\\/01\\\/logo-besaferate-colore-2.png\",\"datePublished\":\"2020-02-29T13:38:22+00:00\",\"dateModified\":\"2024-02-18T11:02:35+00:00\",\"description\":\"En choisissant Besafe Rate vous n'avez plus \u00e0 vous inqui\u00e9ter, nous vous offrons une couverture de remboursement. Vous \u00eates en s\u00e9curit\u00e9, face \u00e0 tout impr\u00e9vu, d'ici votre s\u00e9jour, pour vous et vos proches.\",\"breadcrumb\":{\"@id\":\"https:\\\/\\\/www.smeraldosirmione.com\\\/fr\\\/conditions-dassurance-tarif-be-safe\\\/#breadcrumb\"},\"inLanguage\":\"fr-FR\",\"potentialAction\":[{\"@type\":\"ReadAction\",\"target\":[\"https:\\\/\\\/www.smeraldosirmione.com\\\/fr\\\/conditions-dassurance-tarif-be-safe\\\/\"]}]},{\"@type\":\"ImageObject\",\"inLanguage\":\"fr-FR\",\"@id\":\"https:\\\/\\\/www.smeraldosirmione.com\\\/fr\\\/conditions-dassurance-tarif-be-safe\\\/#primaryimage\",\"url\":\"https:\\\/\\\/www.smeraldosirmione.com\\\/wp-content\\\/uploads\\\/2024\\\/01\\\/logo-besaferate-colore-2.png\",\"contentUrl\":\"https:\\\/\\\/www.smeraldosirmione.com\\\/wp-content\\\/uploads\\\/2024\\\/01\\\/logo-besaferate-colore-2.png\"},{\"@type\":\"BreadcrumbList\",\"@id\":\"https:\\\/\\\/www.smeraldosirmione.com\\\/fr\\\/conditions-dassurance-tarif-be-safe\\\/#breadcrumb\",\"itemListElement\":[{\"@type\":\"ListItem\",\"position\":1,\"name\":\"Home\",\"item\":\"https:\\\/\\\/www.smeraldosirmione.com\\\/fr\\\/\"},{\"@type\":\"ListItem\",\"position\":2,\"name\":\"BE SAFE RATE Conditions d&#8217;assurance\"}]},{\"@type\":\"WebSite\",\"@id\":\"https:\\\/\\\/www.smeraldosirmione.com\\\/#website\",\"url\":\"https:\\\/\\\/www.smeraldosirmione.com\\\/\",\"name\":\"Hotel Smeraldo\",\"description\":\"H\u00f4tel de Sirmione au coeur du lac de Garde\",\"potentialAction\":[{\"@type\":\"SearchAction\",\"target\":{\"@type\":\"EntryPoint\",\"urlTemplate\":\"https:\\\/\\\/www.smeraldosirmione.com\\\/?s={search_term_string}\"},\"query-input\":{\"@type\":\"PropertyValueSpecification\",\"valueRequired\":true,\"valueName\":\"search_term_string\"}}],\"inLanguage\":\"fr-FR\"}]}<\/script>\n<!-- \/ Yoast SEO plugin. -->","yoast_head_json":{"title":"BE SAFE RATE Conditions d'assurance - Hotel Smeraldo","description":"En choisissant Besafe Rate vous n'avez plus \u00e0 vous inqui\u00e9ter, nous vous offrons une couverture de remboursement. Vous \u00eates en s\u00e9curit\u00e9, face \u00e0 tout impr\u00e9vu, d'ici votre s\u00e9jour, pour vous et vos proches.","robots":{"index":"index","follow":"follow","max-snippet":"max-snippet:-1","max-image-preview":"max-image-preview:large","max-video-preview":"max-video-preview:-1"},"canonical":"https:\/\/www.smeraldosirmione.com\/fr\/conditions-dassurance-tarif-be-safe\/","og_locale":"fr_FR","og_type":"article","og_title":"BE SAFE RATE Conditions d'assurance - Hotel Smeraldo","og_description":"En choisissant Besafe Rate vous n'avez plus \u00e0 vous inqui\u00e9ter, nous vous offrons une couverture de remboursement. Vous \u00eates en s\u00e9curit\u00e9, face \u00e0 tout impr\u00e9vu, d'ici votre s\u00e9jour, pour vous et vos proches.","og_url":"https:\/\/www.smeraldosirmione.com\/fr\/conditions-dassurance-tarif-be-safe\/","og_site_name":"Hotel Smeraldo","article_modified_time":"2024-02-18T11:02:35+00:00","og_image":[{"url":"https:\/\/www.smeraldosirmione.com\/wp-content\/uploads\/2024\/01\/logo-besaferate-colore-2.png","type":"","width":"","height":""}],"twitter_misc":{"Dur\u00e9e de lecture estim\u00e9e":"4 minutes"},"schema":{"@context":"https:\/\/schema.org","@graph":[{"@type":"WebPage","@id":"https:\/\/www.smeraldosirmione.com\/fr\/conditions-dassurance-tarif-be-safe\/","url":"https:\/\/www.smeraldosirmione.com\/fr\/conditions-dassurance-tarif-be-safe\/","name":"BE SAFE RATE Conditions d'assurance - Hotel Smeraldo","isPartOf":{"@id":"https:\/\/www.smeraldosirmione.com\/#website"},"primaryImageOfPage":{"@id":"https:\/\/www.smeraldosirmione.com\/fr\/conditions-dassurance-tarif-be-safe\/#primaryimage"},"image":{"@id":"https:\/\/www.smeraldosirmione.com\/fr\/conditions-dassurance-tarif-be-safe\/#primaryimage"},"thumbnailUrl":"https:\/\/www.smeraldosirmione.com\/wp-content\/uploads\/2024\/01\/logo-besaferate-colore-2.png","datePublished":"2020-02-29T13:38:22+00:00","dateModified":"2024-02-18T11:02:35+00:00","description":"En choisissant Besafe Rate vous n'avez plus \u00e0 vous inqui\u00e9ter, nous vous offrons une couverture de remboursement. Vous \u00eates en s\u00e9curit\u00e9, face \u00e0 tout impr\u00e9vu, d'ici votre s\u00e9jour, pour vous et vos proches.","breadcrumb":{"@id":"https:\/\/www.smeraldosirmione.com\/fr\/conditions-dassurance-tarif-be-safe\/#breadcrumb"},"inLanguage":"fr-FR","potentialAction":[{"@type":"ReadAction","target":["https:\/\/www.smeraldosirmione.com\/fr\/conditions-dassurance-tarif-be-safe\/"]}]},{"@type":"ImageObject","inLanguage":"fr-FR","@id":"https:\/\/www.smeraldosirmione.com\/fr\/conditions-dassurance-tarif-be-safe\/#primaryimage","url":"https:\/\/www.smeraldosirmione.com\/wp-content\/uploads\/2024\/01\/logo-besaferate-colore-2.png","contentUrl":"https:\/\/www.smeraldosirmione.com\/wp-content\/uploads\/2024\/01\/logo-besaferate-colore-2.png"},{"@type":"BreadcrumbList","@id":"https:\/\/www.smeraldosirmione.com\/fr\/conditions-dassurance-tarif-be-safe\/#breadcrumb","itemListElement":[{"@type":"ListItem","position":1,"name":"Home","item":"https:\/\/www.smeraldosirmione.com\/fr\/"},{"@type":"ListItem","position":2,"name":"BE SAFE RATE Conditions d&#8217;assurance"}]},{"@type":"WebSite","@id":"https:\/\/www.smeraldosirmione.com\/#website","url":"https:\/\/www.smeraldosirmione.com\/","name":"Hotel Smeraldo","description":"H\u00f4tel de Sirmione au coeur du lac de Garde","potentialAction":[{"@type":"SearchAction","target":{"@type":"EntryPoint","urlTemplate":"https:\/\/www.smeraldosirmione.com\/?s={search_term_string}"},"query-input":{"@type":"PropertyValueSpecification","valueRequired":true,"valueName":"search_term_string"}}],"inLanguage":"fr-FR"}]}},"_links":{"self":[{"href":"https:\/\/www.smeraldosirmione.com\/fr\/wp-json\/wp\/v2\/pages\/3114","targetHints":{"allow":["GET"]}}],"collection":[{"href":"https:\/\/www.smeraldosirmione.com\/fr\/wp-json\/wp\/v2\/pages"}],"about":[{"href":"https:\/\/www.smeraldosirmione.com\/fr\/wp-json\/wp\/v2\/types\/page"}],"author":[{"embeddable":true,"href":"https:\/\/www.smeraldosirmione.com\/fr\/wp-json\/wp\/v2\/users\/3"}],"replies":[{"embeddable":true,"href":"https:\/\/www.smeraldosirmione.com\/fr\/wp-json\/wp\/v2\/comments?post=3114"}],"version-history":[{"count":0,"href":"https:\/\/www.smeraldosirmione.com\/fr\/wp-json\/wp\/v2\/pages\/3114\/revisions"}],"wp:attachment":[{"href":"https:\/\/www.smeraldosirmione.com\/fr\/wp-json\/wp\/v2\/media?parent=3114"}],"curies":[{"name":"wp","href":"https:\/\/api.w.org\/{rel}","templated":true}]}}