{"id":2051,"date":"2023-02-10T19:28:29","date_gmt":"2023-02-10T18:28:29","guid":{"rendered":"https:\/\/www.smeraldosirmione.com\/?page_id=2051"},"modified":"2023-12-13T16:17:55","modified_gmt":"2023-12-13T15:17:55","slug":"appartements-de-vacances-lac-de-garde","status":"publish","type":"page","link":"https:\/\/www.smeraldosirmione.com\/fr\/appartements-de-vacances-lac-de-garde\/","title":{"rendered":"Appartements de vacances lac de garde"},"content":{"rendered":"\n<h4 class=\"wp-block-heading\">Choisir Sirmione pour vos vacances sur le lac de Garde, c&rsquo;est s\u00e9journer dans l&rsquo;une des zones les plus exclusives de la r\u00e9gion, une position centrale pour visiter le lac et son arri\u00e8re-pays, un lieu plein de vie et exclusif pour la beaut\u00e9 de son paysage.<\/h4>\n\n\n\n<p><strong>Appartements de vacances lac de Garde<\/strong> \u00e0 Sirmione dans une position strat\u00e9gique se trouvent les appartements Smeraldo, situ\u00e9s \u00e0 environ sept cents m\u00e8tres du ch\u00e2teau Scaliger et du centre historique enti\u00e8rement pi\u00e9tonnier, facilement accessibles en voiture sans permis et libres d&rsquo;aller et venir \u00e0 tout moment &#8211; Appartements sur le lac , juste r\u00e9nov\u00e9 , avec parking priv\u00e9 pratique et jardin directement sur le lac avec une vue splendide sur la c\u00f4te orientale du lac de Garde. Studios avec vue lat\u00e9rale sur le lac, grand balcon \u00e9quip\u00e9 pour accueillir de deux \u00e0 cinq personnes, cuisinette compl\u00e8te avec chaudrons et casseroles, micro-onde, r\u00e9frig\u00e9rateur, literie et ligne de courtoisie. <strong>Appartements de vacances sur le lac de Garde<\/strong> Smeraldo propose des services de nettoyage suppl\u00e9mentaires, un service de blanchisserie, des billets pour les parcs et les attractions du lac de Garde. Pour manger, les appartements ont un accord avec le restaurant Canneto (\u00e0 30 m\u00e8tres) directement sur le lac avec une splendide vue panoramique qui propose une bonne cuisine \u00e0 base de plats de poisson de mer ; alternativement il y a la possibilit\u00e9 de r\u00e9server des plats \u00e0 emporter pour pouvoir consommer confortablement dans l&rsquo;appartement.<\/p>\n","protected":false},"excerpt":{"rendered":"<p>Choisir Sirmione pour vos vacances sur le lac de Garde, c&rsquo;est s\u00e9journer [&hellip;]<\/p>\n","protected":false},"author":2,"featured_media":0,"parent":0,"menu_order":18,"comment_status":"closed","ping_status":"closed","template":"","meta":{"_acf_changed":false,"footnotes":""},"class_list":["post-2051","page","type-page","status-publish","hentry"],"acf":[],"yoast_head":"<!-- This site is optimized with the Yoast SEO plugin v27.5 - https:\/\/yoast.com\/product\/yoast-seo-wordpress\/ -->\n<title>Appartements de vacances lac de garde - Hotel Smeraldo<\/title>\n<meta name=\"description\" content=\"bAppartements de vacances lac de Garde in Sirmione, \u00e0 proximit\u00e9 du ch\u00e2teau, avec parking priv\u00e9, avec jardin sur le lac\" \/>\n<meta name=\"robots\" content=\"index, follow, max-snippet:-1, max-image-preview:large, max-video-preview:-1\" \/>\n<link rel=\"canonical\" href=\"https:\/\/www.smeraldosirmione.com\/fr\/appartements-de-vacances-lac-de-garde\/\" \/>\n<meta property=\"og:locale\" content=\"fr_FR\" \/>\n<meta property=\"og:type\" content=\"article\" \/>\n<meta property=\"og:title\" content=\"Appartements de vacances lac de garde - Hotel Smeraldo\" \/>\n<meta property=\"og:description\" content=\"bAppartements de vacances lac de Garde in Sirmione, \u00e0 proximit\u00e9 du ch\u00e2teau, avec parking priv\u00e9, avec jardin sur le lac\" \/>\n<meta property=\"og:url\" content=\"https:\/\/www.smeraldosirmione.com\/fr\/appartements-de-vacances-lac-de-garde\/\" \/>\n<meta property=\"og:site_name\" content=\"Hotel Smeraldo\" \/>\n<meta property=\"article:modified_time\" content=\"2023-12-13T15:17:55+00:00\" \/>\n<meta name=\"twitter:label1\" content=\"Dur\u00e9e de lecture estim\u00e9e\" \/>\n\t<meta name=\"twitter:data1\" content=\"2 minutes\" \/>\n<script type=\"application\/ld+json\" class=\"yoast-schema-graph\">{\"@context\":\"https:\\\/\\\/schema.org\",\"@graph\":[{\"@type\":\"WebPage\",\"@id\":\"https:\\\/\\\/www.smeraldosirmione.com\\\/fr\\\/appartements-de-vacances-lac-de-garde\\\/\",\"url\":\"https:\\\/\\\/www.smeraldosirmione.com\\\/fr\\\/appartements-de-vacances-lac-de-garde\\\/\",\"name\":\"Appartements de vacances lac de garde - Hotel Smeraldo\",\"isPartOf\":{\"@id\":\"https:\\\/\\\/www.smeraldosirmione.com\\\/#website\"},\"datePublished\":\"2023-02-10T18:28:29+00:00\",\"dateModified\":\"2023-12-13T15:17:55+00:00\",\"description\":\"bAppartements de vacances lac de Garde in Sirmione, \u00e0 proximit\u00e9 du ch\u00e2teau, avec parking priv\u00e9, avec jardin sur le lac\",\"breadcrumb\":{\"@id\":\"https:\\\/\\\/www.smeraldosirmione.com\\\/fr\\\/appartements-de-vacances-lac-de-garde\\\/#breadcrumb\"},\"inLanguage\":\"fr-FR\",\"potentialAction\":[{\"@type\":\"ReadAction\",\"target\":[\"https:\\\/\\\/www.smeraldosirmione.com\\\/fr\\\/appartements-de-vacances-lac-de-garde\\\/\"]}]},{\"@type\":\"BreadcrumbList\",\"@id\":\"https:\\\/\\\/www.smeraldosirmione.com\\\/fr\\\/appartements-de-vacances-lac-de-garde\\\/#breadcrumb\",\"itemListElement\":[{\"@type\":\"ListItem\",\"position\":1,\"name\":\"Home\",\"item\":\"https:\\\/\\\/www.smeraldosirmione.com\\\/fr\\\/\"},{\"@type\":\"ListItem\",\"position\":2,\"name\":\"Appartements de vacances lac de garde\"}]},{\"@type\":\"WebSite\",\"@id\":\"https:\\\/\\\/www.smeraldosirmione.com\\\/#website\",\"url\":\"https:\\\/\\\/www.smeraldosirmione.com\\\/\",\"name\":\"Hotel Smeraldo\",\"description\":\"H\u00f4tel de Sirmione au coeur du lac de Garde\",\"potentialAction\":[{\"@type\":\"SearchAction\",\"target\":{\"@type\":\"EntryPoint\",\"urlTemplate\":\"https:\\\/\\\/www.smeraldosirmione.com\\\/?s={search_term_string}\"},\"query-input\":{\"@type\":\"PropertyValueSpecification\",\"valueRequired\":true,\"valueName\":\"search_term_string\"}}],\"inLanguage\":\"fr-FR\"}]}<\/script>\n<!-- \/ Yoast SEO plugin. -->","yoast_head_json":{"title":"Appartements de vacances lac de garde - Hotel Smeraldo","description":"bAppartements de vacances lac de Garde in Sirmione, \u00e0 proximit\u00e9 du ch\u00e2teau, avec parking priv\u00e9, avec jardin sur le lac","robots":{"index":"index","follow":"follow","max-snippet":"max-snippet:-1","max-image-preview":"max-image-preview:large","max-video-preview":"max-video-preview:-1"},"canonical":"https:\/\/www.smeraldosirmione.com\/fr\/appartements-de-vacances-lac-de-garde\/","og_locale":"fr_FR","og_type":"article","og_title":"Appartements de vacances lac de garde - Hotel Smeraldo","og_description":"bAppartements de vacances lac de Garde in Sirmione, \u00e0 proximit\u00e9 du ch\u00e2teau, avec parking priv\u00e9, avec jardin sur le lac","og_url":"https:\/\/www.smeraldosirmione.com\/fr\/appartements-de-vacances-lac-de-garde\/","og_site_name":"Hotel Smeraldo","article_modified_time":"2023-12-13T15:17:55+00:00","twitter_misc":{"Dur\u00e9e de lecture estim\u00e9e":"2 minutes"},"schema":{"@context":"https:\/\/schema.org","@graph":[{"@type":"WebPage","@id":"https:\/\/www.smeraldosirmione.com\/fr\/appartements-de-vacances-lac-de-garde\/","url":"https:\/\/www.smeraldosirmione.com\/fr\/appartements-de-vacances-lac-de-garde\/","name":"Appartements de vacances lac de garde - Hotel Smeraldo","isPartOf":{"@id":"https:\/\/www.smeraldosirmione.com\/#website"},"datePublished":"2023-02-10T18:28:29+00:00","dateModified":"2023-12-13T15:17:55+00:00","description":"bAppartements de vacances lac de Garde in Sirmione, \u00e0 proximit\u00e9 du ch\u00e2teau, avec parking priv\u00e9, avec jardin sur le lac","breadcrumb":{"@id":"https:\/\/www.smeraldosirmione.com\/fr\/appartements-de-vacances-lac-de-garde\/#breadcrumb"},"inLanguage":"fr-FR","potentialAction":[{"@type":"ReadAction","target":["https:\/\/www.smeraldosirmione.com\/fr\/appartements-de-vacances-lac-de-garde\/"]}]},{"@type":"BreadcrumbList","@id":"https:\/\/www.smeraldosirmione.com\/fr\/appartements-de-vacances-lac-de-garde\/#breadcrumb","itemListElement":[{"@type":"ListItem","position":1,"name":"Home","item":"https:\/\/www.smeraldosirmione.com\/fr\/"},{"@type":"ListItem","position":2,"name":"Appartements de vacances lac de garde"}]},{"@type":"WebSite","@id":"https:\/\/www.smeraldosirmione.com\/#website","url":"https:\/\/www.smeraldosirmione.com\/","name":"Hotel Smeraldo","description":"H\u00f4tel de Sirmione au coeur du lac de Garde","potentialAction":[{"@type":"SearchAction","target":{"@type":"EntryPoint","urlTemplate":"https:\/\/www.smeraldosirmione.com\/?s={search_term_string}"},"query-input":{"@type":"PropertyValueSpecification","valueRequired":true,"valueName":"search_term_string"}}],"inLanguage":"fr-FR"}]}},"_links":{"self":[{"href":"https:\/\/www.smeraldosirmione.com\/fr\/wp-json\/wp\/v2\/pages\/2051","targetHints":{"allow":["GET"]}}],"collection":[{"href":"https:\/\/www.smeraldosirmione.com\/fr\/wp-json\/wp\/v2\/pages"}],"about":[{"href":"https:\/\/www.smeraldosirmione.com\/fr\/wp-json\/wp\/v2\/types\/page"}],"author":[{"embeddable":true,"href":"https:\/\/www.smeraldosirmione.com\/fr\/wp-json\/wp\/v2\/users\/2"}],"replies":[{"embeddable":true,"href":"https:\/\/www.smeraldosirmione.com\/fr\/wp-json\/wp\/v2\/comments?post=2051"}],"version-history":[{"count":0,"href":"https:\/\/www.smeraldosirmione.com\/fr\/wp-json\/wp\/v2\/pages\/2051\/revisions"}],"wp:attachment":[{"href":"https:\/\/www.smeraldosirmione.com\/fr\/wp-json\/wp\/v2\/media?parent=2051"}],"curies":[{"name":"wp","href":"https:\/\/api.w.org\/{rel}","templated":true}]}}