{"id":2040,"date":"2023-02-10T19:11:20","date_gmt":"2023-02-10T18:11:20","guid":{"rendered":"https:\/\/www.smeraldosirmione.com\/?page_id=2040"},"modified":"2025-07-18T12:18:12","modified_gmt":"2025-07-18T10:18:12","slug":"lac-de-garde-appartements-de-vacances-a-louer","status":"publish","type":"page","link":"https:\/\/www.smeraldosirmione.com\/fr\/lac-de-garde-appartements-de-vacances-a-louer\/","title":{"rendered":"Lac de Garde appartements de vacances \u00e0 louer"},"content":{"rendered":"\n<h4 class=\"wp-block-heading\">Appartements vue lac sur la p\u00e9ninsule de Sirmione, \u00e0 deux pas du centre historique, directement sur le lac avec jardin, parking priv\u00e9.<\/h4>\n\n\n\n<p>Lac de Garde appartements de vacances \u00e0 louer \u00e0 Sirmione, les appartements Smeraldo sont tr\u00e8s pratiques pour rejoindre le ch\u00e2teau et le centre historique \u00e0 pied, mais sont facilement accessibles en voiture car ils se trouvent dans une zone pi\u00e9tonne et disposent d&rsquo;un parking priv\u00e9. Les appartements Smeraldo sont accessibles par une entr\u00e9e commune, avec ascenseur, pouvant accueillir de deux \u00e0 cinq personnes, juste r\u00e9nov\u00e9s, avec grand balcon donnant sur le c\u00f4t\u00e9 lac, coin cuisine \u00e9quip\u00e9e, dans un quartier calme, jardin sur le lac avec transats et parasols. Parmi les services, vous trouverez un nettoyage suppl\u00e9mentaire, un service de blanchisserie, la possibilit\u00e9 de manger avec vue sur le lac devant 30 m\u00e8tres au <a href=\"https:\/\/ristorantecanneto.it\/\" target=\"_blank\" rel=\"noopener\">restaurant Canneto<\/a> avec un accord avec une cuisine de poisson de mer ou de r\u00e9server des plats \u00e0 emporter \u00e0 manger confortablement dans le appartement. PAS DE V\u00c9GANS<\/p>\n\n\n\n<p>Appartements Smeraldo \u00e0 Sirmione <strong>Lac de Garde appartements de vacances \u00e0 louer<\/strong><\/p>\n","protected":false},"excerpt":{"rendered":"<p>Appartements vue lac sur la p\u00e9ninsule de Sirmione, \u00e0 deux pas du [&hellip;]<\/p>\n","protected":false},"author":2,"featured_media":0,"parent":0,"menu_order":21,"comment_status":"closed","ping_status":"closed","template":"","meta":{"_acf_changed":false,"footnotes":""},"class_list":["post-2040","page","type-page","status-publish","hentry"],"acf":[],"yoast_head":"<!-- This site is optimized with the Yoast SEO plugin v27.5 - https:\/\/yoast.com\/product\/yoast-seo-wordpress\/ -->\n<title>Lac de Garde appartements de vacances \u00e0 louer - Hotel Smeraldo<\/title>\n<meta name=\"description\" content=\"Lac de Garde appartements de vacances \u00e0 louer a Sirmione \u00e0 proximit\u00e9 du ch\u00e2teau, avec parking priv\u00e9, avec jardin sur le lac\" \/>\n<meta name=\"robots\" content=\"index, follow, max-snippet:-1, max-image-preview:large, max-video-preview:-1\" \/>\n<link rel=\"canonical\" href=\"https:\/\/www.smeraldosirmione.com\/fr\/lac-de-garde-appartements-de-vacances-a-louer\/\" \/>\n<meta property=\"og:locale\" content=\"fr_FR\" \/>\n<meta property=\"og:type\" content=\"article\" \/>\n<meta property=\"og:title\" content=\"Lac de Garde appartements de vacances \u00e0 louer - Hotel Smeraldo\" \/>\n<meta property=\"og:description\" content=\"Lac de Garde appartements de vacances \u00e0 louer a Sirmione \u00e0 proximit\u00e9 du ch\u00e2teau, avec parking priv\u00e9, avec jardin sur le lac\" \/>\n<meta property=\"og:url\" content=\"https:\/\/www.smeraldosirmione.com\/fr\/lac-de-garde-appartements-de-vacances-a-louer\/\" \/>\n<meta property=\"og:site_name\" content=\"Hotel Smeraldo\" \/>\n<meta property=\"article:modified_time\" content=\"2025-07-18T10:18:12+00:00\" \/>\n<meta name=\"twitter:label1\" content=\"Dur\u00e9e de lecture estim\u00e9e\" \/>\n\t<meta name=\"twitter:data1\" content=\"1 minute\" \/>\n<script type=\"application\/ld+json\" class=\"yoast-schema-graph\">{\"@context\":\"https:\\\/\\\/schema.org\",\"@graph\":[{\"@type\":\"WebPage\",\"@id\":\"https:\\\/\\\/www.smeraldosirmione.com\\\/fr\\\/lac-de-garde-appartements-de-vacances-a-louer\\\/\",\"url\":\"https:\\\/\\\/www.smeraldosirmione.com\\\/fr\\\/lac-de-garde-appartements-de-vacances-a-louer\\\/\",\"name\":\"Lac de Garde appartements de vacances \u00e0 louer - Hotel Smeraldo\",\"isPartOf\":{\"@id\":\"https:\\\/\\\/www.smeraldosirmione.com\\\/#website\"},\"datePublished\":\"2023-02-10T18:11:20+00:00\",\"dateModified\":\"2025-07-18T10:18:12+00:00\",\"description\":\"Lac de Garde appartements de vacances \u00e0 louer a Sirmione \u00e0 proximit\u00e9 du ch\u00e2teau, avec parking priv\u00e9, avec jardin sur le lac\",\"breadcrumb\":{\"@id\":\"https:\\\/\\\/www.smeraldosirmione.com\\\/fr\\\/lac-de-garde-appartements-de-vacances-a-louer\\\/#breadcrumb\"},\"inLanguage\":\"fr-FR\",\"potentialAction\":[{\"@type\":\"ReadAction\",\"target\":[\"https:\\\/\\\/www.smeraldosirmione.com\\\/fr\\\/lac-de-garde-appartements-de-vacances-a-louer\\\/\"]}]},{\"@type\":\"BreadcrumbList\",\"@id\":\"https:\\\/\\\/www.smeraldosirmione.com\\\/fr\\\/lac-de-garde-appartements-de-vacances-a-louer\\\/#breadcrumb\",\"itemListElement\":[{\"@type\":\"ListItem\",\"position\":1,\"name\":\"Home\",\"item\":\"https:\\\/\\\/www.smeraldosirmione.com\\\/fr\\\/\"},{\"@type\":\"ListItem\",\"position\":2,\"name\":\"Lac de Garde appartements de vacances \u00e0 louer\"}]},{\"@type\":\"WebSite\",\"@id\":\"https:\\\/\\\/www.smeraldosirmione.com\\\/#website\",\"url\":\"https:\\\/\\\/www.smeraldosirmione.com\\\/\",\"name\":\"Hotel Smeraldo\",\"description\":\"H\u00f4tel de Sirmione au coeur du lac de Garde\",\"potentialAction\":[{\"@type\":\"SearchAction\",\"target\":{\"@type\":\"EntryPoint\",\"urlTemplate\":\"https:\\\/\\\/www.smeraldosirmione.com\\\/?s={search_term_string}\"},\"query-input\":{\"@type\":\"PropertyValueSpecification\",\"valueRequired\":true,\"valueName\":\"search_term_string\"}}],\"inLanguage\":\"fr-FR\"}]}<\/script>\n<!-- \/ Yoast SEO plugin. -->","yoast_head_json":{"title":"Lac de Garde appartements de vacances \u00e0 louer - Hotel Smeraldo","description":"Lac de Garde appartements de vacances \u00e0 louer a Sirmione \u00e0 proximit\u00e9 du ch\u00e2teau, avec parking priv\u00e9, avec jardin sur le lac","robots":{"index":"index","follow":"follow","max-snippet":"max-snippet:-1","max-image-preview":"max-image-preview:large","max-video-preview":"max-video-preview:-1"},"canonical":"https:\/\/www.smeraldosirmione.com\/fr\/lac-de-garde-appartements-de-vacances-a-louer\/","og_locale":"fr_FR","og_type":"article","og_title":"Lac de Garde appartements de vacances \u00e0 louer - Hotel Smeraldo","og_description":"Lac de Garde appartements de vacances \u00e0 louer a Sirmione \u00e0 proximit\u00e9 du ch\u00e2teau, avec parking priv\u00e9, avec jardin sur le lac","og_url":"https:\/\/www.smeraldosirmione.com\/fr\/lac-de-garde-appartements-de-vacances-a-louer\/","og_site_name":"Hotel Smeraldo","article_modified_time":"2025-07-18T10:18:12+00:00","twitter_misc":{"Dur\u00e9e de lecture estim\u00e9e":"1 minute"},"schema":{"@context":"https:\/\/schema.org","@graph":[{"@type":"WebPage","@id":"https:\/\/www.smeraldosirmione.com\/fr\/lac-de-garde-appartements-de-vacances-a-louer\/","url":"https:\/\/www.smeraldosirmione.com\/fr\/lac-de-garde-appartements-de-vacances-a-louer\/","name":"Lac de Garde appartements de vacances \u00e0 louer - Hotel Smeraldo","isPartOf":{"@id":"https:\/\/www.smeraldosirmione.com\/#website"},"datePublished":"2023-02-10T18:11:20+00:00","dateModified":"2025-07-18T10:18:12+00:00","description":"Lac de Garde appartements de vacances \u00e0 louer a Sirmione \u00e0 proximit\u00e9 du ch\u00e2teau, avec parking priv\u00e9, avec jardin sur le lac","breadcrumb":{"@id":"https:\/\/www.smeraldosirmione.com\/fr\/lac-de-garde-appartements-de-vacances-a-louer\/#breadcrumb"},"inLanguage":"fr-FR","potentialAction":[{"@type":"ReadAction","target":["https:\/\/www.smeraldosirmione.com\/fr\/lac-de-garde-appartements-de-vacances-a-louer\/"]}]},{"@type":"BreadcrumbList","@id":"https:\/\/www.smeraldosirmione.com\/fr\/lac-de-garde-appartements-de-vacances-a-louer\/#breadcrumb","itemListElement":[{"@type":"ListItem","position":1,"name":"Home","item":"https:\/\/www.smeraldosirmione.com\/fr\/"},{"@type":"ListItem","position":2,"name":"Lac de Garde appartements de vacances \u00e0 louer"}]},{"@type":"WebSite","@id":"https:\/\/www.smeraldosirmione.com\/#website","url":"https:\/\/www.smeraldosirmione.com\/","name":"Hotel Smeraldo","description":"H\u00f4tel de Sirmione au coeur du lac de Garde","potentialAction":[{"@type":"SearchAction","target":{"@type":"EntryPoint","urlTemplate":"https:\/\/www.smeraldosirmione.com\/?s={search_term_string}"},"query-input":{"@type":"PropertyValueSpecification","valueRequired":true,"valueName":"search_term_string"}}],"inLanguage":"fr-FR"}]}},"_links":{"self":[{"href":"https:\/\/www.smeraldosirmione.com\/fr\/wp-json\/wp\/v2\/pages\/2040","targetHints":{"allow":["GET"]}}],"collection":[{"href":"https:\/\/www.smeraldosirmione.com\/fr\/wp-json\/wp\/v2\/pages"}],"about":[{"href":"https:\/\/www.smeraldosirmione.com\/fr\/wp-json\/wp\/v2\/types\/page"}],"author":[{"embeddable":true,"href":"https:\/\/www.smeraldosirmione.com\/fr\/wp-json\/wp\/v2\/users\/2"}],"replies":[{"embeddable":true,"href":"https:\/\/www.smeraldosirmione.com\/fr\/wp-json\/wp\/v2\/comments?post=2040"}],"version-history":[{"count":0,"href":"https:\/\/www.smeraldosirmione.com\/fr\/wp-json\/wp\/v2\/pages\/2040\/revisions"}],"wp:attachment":[{"href":"https:\/\/www.smeraldosirmione.com\/fr\/wp-json\/wp\/v2\/media?parent=2040"}],"curies":[{"name":"wp","href":"https:\/\/api.w.org\/{rel}","templated":true}]}}