{"id":193,"date":"2015-02-23T06:33:19","date_gmt":"2015-02-23T05:33:19","guid":{"rendered":"https:\/\/www.smeraldosirmione.com\/?page_id=193"},"modified":"2026-02-27T14:38:18","modified_gmt":"2026-02-27T13:38:18","slug":"home-smeraldo","status":"publish","type":"page","link":"https:\/\/www.smeraldosirmione.com\/fr\/","title":{"rendered":"H\u00f4tel Smeraldo Sirmione &#8211; Lac de Garde"},"content":{"rendered":"    <div id=\"carousel-home\">\n        <div class=\"owl-carousel owl-theme kenburns\">\n\t\t            <div class=\"owl-slide background-image cover\" data-background=\"url('https:\/\/www.smeraldosirmione.com\/wp-content\/uploads\/2015\/01\/top-smeraldo-2-1160x450-1.jpg')\">\n                <div class=\"opacity-mask d-flex align-items-center\" data-opacity-mask=\"rgba(0, 0, 0, 0.5)\">\n                    <div class=\"container\">\n                        <div class=\"row justify-content-center justify-content-md-start\">\n                            <div class=\"col-lg-8 static\">\n                                <div class=\"slide-text white\">\n                                                                        <h2 class=\"owl-slide-animated owl-slide-title-2\">&#8230; press de la vieille ville<\/h2>                                    <div class=\"owl-slide-animated owl-slide-title-3\">\n\t                                \t                                    <a class=\"btn_1 big mt-3\" href=\"https:\/\/reservations.verticalbooking.com\/premium\/index.html?id_stile=19786&#038;lingua_int=fra&#038;id_albergo=25855&#038;dc=2371\">R\u00e9server maintenant<\/a>\n\t                               \t                               \t                               \t\t<a target=\"_blank\" class=\"btn_1 big colored mt-3\" href=\"https:\/\/wa.me\/39030919140?text=Bonjour%2C%20pourriez-vous%20me%20rappeler%20%3F%20Merci\">Call Back<\/a>\n\t\t\t\t\t\t\t\t   \t\t                                <\/div>\n                                <\/div>\n                            <\/div>\n                        <\/div>\n                    <\/div>\n                <\/div>\n            <\/div>\n                    <div class=\"owl-slide background-image cover\" data-background=\"url('https:\/\/www.smeraldosirmione.com\/wp-content\/uploads\/2015\/01\/hotel-smeraldo-aerea-1160r.jpg')\">\n                <div class=\"opacity-mask d-flex align-items-center\" data-opacity-mask=\"rgba(0, 0, 0, 0.5)\">\n                    <div class=\"container\">\n                        <div class=\"row justify-content-center justify-content-md-start\">\n                            <div class=\"col-lg-8 static\">\n                                <div class=\"slide-text white\">\n                                                                        <h2 class=\"owl-slide-animated owl-slide-title-2\">&#8230;.au bord du lac<\/h2>                                    <div class=\"owl-slide-animated owl-slide-title-3\">\n\t                                \t                                    <a class=\"btn_1 big mt-3\" href=\"https:\/\/reservations.verticalbooking.com\/premium\/index.html?id_stile=19786&#038;lingua_int=fra&#038;id_albergo=25855&#038;dc=2371\">R\u00e9server maintenant<\/a>\n\t                               \t                               \t                               \t\t<a target=\"_blank\" class=\"btn_1 big colored mt-3\" href=\"https:\/\/wa.me\/39030919140?text=Bonjour%2C%20pourriez-vous%20me%20rappeler%20%3F%20Merci\">Call Back<\/a>\n\t\t\t\t\t\t\t\t   \t\t                                <\/div>\n                                <\/div>\n                            <\/div>\n                        <\/div>\n                    <\/div>\n                <\/div>\n            <\/div>\n                \n        <\/div>\n    <\/div>\n\n\n    <div>\n        <div class=\"container margin_120_95\" id=\"first_section\">\n            <div class=\"row justify-content-between flex-lg-row-reverse align-items-center\">\n\t           \n                <div class=\"col-lg-12\">\n                    <div class=\"intro\">\n                        <div class=\"title\">\n                            <small>H\u00f4tel \u00e0 Sirmione avec vue sur le lac est id\u00e9al pour visiter Sirmione ou ses environs.<\/small>                            <h2>Hotel a Sirmione-Lago di Garda<\/h2>                        <\/div>\n                        <p class=\"lead\">H\u00f4tel au bord du lac, \u00e0 proximit\u00e9 du centre historique, avec acc\u00e8s libre en voiture et parking priv\u00e9.<\/p>                        <p>H\u00f4tel Smeraldo Sirmione, un h\u00f4tel confortable et relaxant au bord du lac, \u00e0 quelques pas du Ch\u00e2teau et du centre historique enti\u00e8rement pi\u00e9tonnier ; vous pouvez facilement nous rejoindre en voiture sans permis, nous avons un parking priv\u00e9, un jardin sur le lac et nous vous proposons des v\u00e9los pour visiter les environs de Sirmione sans probl\u00e8mes de circulation\u00a0; pour les familles, un endroit calme au bord du lac avec une zone \u00e0 l&rsquo;ombre des oliviers caract\u00e9ristiques de Garda. Ceci est le site officiel de l&rsquo;h\u00f4tel, ici vous trouverez les meilleurs prix et offres avec des r\u00e9ductions imm\u00e9diates pour vos vacances \u00e0 Sirmione aux meilleures conditions par rapport \u00e0 n&rsquo;importe quel site de r\u00e9servation en ligne.<\/p>\n                                                <p>\n\t                       <a target=\"_self\" href=\"https:\/\/reservations.verticalbooking.com\/premium\/index.html?id_stile=19786&#038;lingua_int=fra&#038;id_albergo=25855&#038;dc=2371\" class=\"btn_4 learn-more\">\n                                <span class=\"circle\">\n                                    <span class=\"icon arrow\"><\/span>\n                                <\/span>\n                                <span class=\"button-text\">R\u00e9servez Maintenant<\/span>\n                            <\/a> \n                        <\/p>\n                                            <\/div>\n                <\/div>            \n                        <\/div>\n        <\/div>\n    <\/div>\n    \n\n\n        <div class=\"bg_white\">\n            <div class=\"container margin_120_95\">\n                <div class=\"title mb-3\">\n                    <small data-cue=\"slideInUp\">D\u00c9COUVREZ NOS OFFRES<\/small>                    <h2 data-cue=\"slideInUp\" data-delay=\"200\">Offres<\/h2>                <\/div>\n                <div class=\"row justify-content-center home items-row\">\n\t                \n                    <div class=\"item col-xl-4 col-lg-6\">\n                        <a href=\"https:\/\/www.smeraldosirmione.com\/fr\/paques-sirmione-offre\/\" class=\"box_contents\" data-cue=\"slideInUp\" data-delay=\"300\">\n\t\t\t\t\t         \t\t\t\t\t            <figure><img loading=\"lazy\" decoding=\"async\" width=\"1024\" height=\"768\" src=\"https:\/\/www.smeraldosirmione.com\/wp-content\/uploads\/2022\/01\/uova-1024X768.jpg\" class=\"img-fluid wp-post-image\" alt=\"\" srcset=\"https:\/\/www.smeraldosirmione.com\/wp-content\/uploads\/2022\/01\/uova-1024X768.jpg 1024w, https:\/\/www.smeraldosirmione.com\/wp-content\/uploads\/2022\/01\/uova-1024X768-800x600.jpg 800w, https:\/\/www.smeraldosirmione.com\/wp-content\/uploads\/2022\/01\/uova-1024X768-300x225.jpg 300w, https:\/\/www.smeraldosirmione.com\/wp-content\/uploads\/2022\/01\/uova-1024X768-768x576.jpg 768w\" sizes=\"auto, (max-width: 1024px) 100vw, 1024px\" \/><\/figure>\n\t\t\t\t\t                                   \n                            <div class=\"wrapper\">\n                                <small>Offres s\u00e9jour a Sirmione sur le lac de Garde<span><\/span><\/small>\n                                <h2 class=\"mb-0\">P\u00e2ques Sirmione<\/h2>\n                                <em>Lire<\/em>\n                            <\/div>\n                        <\/a>\n                    <\/div>\n\t\t\t\t    \n                    <div class=\"item col-xl-4 col-lg-6\">\n                        <a href=\"https:\/\/www.smeraldosirmione.com\/fr\/parcs-lac-de-garde\/\" class=\"box_contents\" data-cue=\"slideInUp\" data-delay=\"300\">\n\t\t\t\t\t         \t\t\t\t\t            <figure><img loading=\"lazy\" decoding=\"async\" width=\"800\" height=\"350\" src=\"https:\/\/www.smeraldosirmione.com\/wp-content\/uploads\/2023\/02\/parchi-del-garda.jpg\" class=\"img-fluid wp-post-image\" alt=\"\" srcset=\"https:\/\/www.smeraldosirmione.com\/wp-content\/uploads\/2023\/02\/parchi-del-garda.jpg 800w, https:\/\/www.smeraldosirmione.com\/wp-content\/uploads\/2023\/02\/parchi-del-garda-300x131.jpg 300w, https:\/\/www.smeraldosirmione.com\/wp-content\/uploads\/2023\/02\/parchi-del-garda-768x336.jpg 768w, https:\/\/www.smeraldosirmione.com\/wp-content\/uploads\/2023\/02\/parchi-del-garda-640x280.jpg 640w\" sizes=\"auto, (max-width: 800px) 100vw, 800px\" \/><\/figure>\n\t\t\t\t\t                                   \n                            <div class=\"wrapper\">\n                                <small>Offres s\u00e9jour a Sirmione sur le lac de Garde<span><\/span><\/small>\n                                <h2 class=\"mb-0\">Parcs Lac de Garde<\/h2>\n                                <em>Lire<\/em>\n                            <\/div>\n                        <\/a>\n                    <\/div>\n\t\t\t\t    \n                    <div class=\"item col-xl-4 col-lg-6\">\n                        <a href=\"https:\/\/www.smeraldosirmione.com\/fr\/vacances-sirmione-offre-ete\/\" class=\"box_contents\" data-cue=\"slideInUp\" data-delay=\"300\">\n\t\t\t\t\t         \t\t\t\t\t            <figure><img loading=\"lazy\" decoding=\"async\" width=\"1024\" height=\"768\" src=\"https:\/\/www.smeraldosirmione.com\/wp-content\/uploads\/2016\/01\/Sirmione-1024x768-1.jpg\" class=\"img-fluid wp-post-image\" alt=\"\" srcset=\"https:\/\/www.smeraldosirmione.com\/wp-content\/uploads\/2016\/01\/Sirmione-1024x768-1.jpg 1024w, https:\/\/www.smeraldosirmione.com\/wp-content\/uploads\/2016\/01\/Sirmione-1024x768-1-800x600.jpg 800w, https:\/\/www.smeraldosirmione.com\/wp-content\/uploads\/2016\/01\/Sirmione-1024x768-1-300x225.jpg 300w, https:\/\/www.smeraldosirmione.com\/wp-content\/uploads\/2016\/01\/Sirmione-1024x768-1-768x576.jpg 768w\" sizes=\"auto, (max-width: 1024px) 100vw, 1024px\" \/><\/figure>\n\t\t\t\t\t                                   \n                            <div class=\"wrapper\">\n                                <small>Offres s\u00e9jour a Sirmione sur le lac de Garde<span><\/span><\/small>\n                                <h2 class=\"mb-0\">Vacances Sirmione Offre \u00c9t\u00e9<\/h2>\n                                <em>Lire<\/em>\n                            <\/div>\n                        <\/a>\n                    <\/div>\n\t\t\t\t\t\t\t\t                <\/div>\n                                <p class=\"text-end\"><a href=\"https:\/\/www.smeraldosirmione.com\/fr\/category\/offres-des-hotel\/\" class=\"btn_1 outline mt-2\" data-cue=\"slideInUp\" data-delay=\"600\">D\u00e9couvrez les offres<\/a><\/p>\n                            <\/div>\n        <\/div>\n\t\t\n\n    <div class=\"container margin_120_95\">\n        <div class=\"title mb-4\">\n            <small data-cue=\"slideInUp\">Disponibilit\u00e9 et accueil<\/small>            <h2 data-cue=\"slideInUp\"  data-delay=\"200\">\u00c9tablissements li\u00e9s<\/h2>        <\/div>\n        <div data-cues=\"zoomIn\" data-delay=\"200\">\n            <div class=\"owl-carousel owl-theme carousel_item_centered_rooms rounded-img\">\n\t            \n                <div class=\"item\">\n                    <a _self href=\"https:\/\/hotellapaul.it\/\" class=\"box_cat_rooms\">\n                        <figure>\n                            <div class=\"background-image\" data-background=\"url(https:\/\/www.smeraldosirmione.com\/wp-content\/uploads\/2026\/02\/lapaul.webp)\"><\/div>\n                            <div class=\"info\">\n                                <h3>Hotel La Pa\u00fcl<\/h3>\n                                <span>Visiter<\/span>\n                            <\/div>\n                        <\/figure>\n                    <\/a>\n                <\/div>\n\t\t\t    \n                <div class=\"item\">\n                    <a _self href=\"https:\/\/ristorantecanneto.it\/\" class=\"box_cat_rooms\">\n                        <figure>\n                            <div class=\"background-image\" data-background=\"url(https:\/\/www.smeraldosirmione.com\/wp-content\/uploads\/2026\/02\/ristorante-canneto.webp)\"><\/div>\n                            <div class=\"info\">\n                                <h3>Ristorante il Canneto<\/h3>\n                                <span>Visiter<\/span>\n                            <\/div>\n                        <\/figure>\n                    <\/a>\n                <\/div>\n\t\t\t    \n                <div class=\"item\">\n                    <a _self href=\"https:\/\/villa-canneto.it\/\" class=\"box_cat_rooms\">\n                        <figure>\n                            <div class=\"background-image\" data-background=\"url(https:\/\/www.smeraldosirmione.com\/wp-content\/uploads\/2026\/02\/villa-canneto.webp)\"><\/div>\n                            <div class=\"info\">\n                                <h3>Villa Canneto<\/h3>\n                                <span>Visiter<\/span>\n                            <\/div>\n                        <\/figure>\n                    <\/a>\n                <\/div>\n\t\t\t            <\/div>\n        <\/div>\n    <\/div>\n\n\n        <div class=\"bg_white\">\n            <div class=\"container margin_120_95\">\n                <div class=\"title mb-3\">\n                    <small data-cue=\"slideInUp\">TOUS LES \u00c9V\u00c9NEMENTS \u00c0 SIRMIONE<\/small>                    <h2 data-cue=\"slideInUp\" data-delay=\"200\">Evenements<\/h2>                <\/div>\n                <div class=\"row justify-content-center home items-row\">\n\t                \n                    <div class=\"item col-xl-4 col-lg-6\">\n                        <a href=\"https:\/\/www.smeraldosirmione.com\/fr\/mille-miglia-sirmione-lac-de-garde\/\" class=\"box_contents\" data-cue=\"slideInUp\" data-delay=\"300\">\n\t\t\t\t\t         \t\t\t\t\t            <figure><img loading=\"lazy\" decoding=\"async\" width=\"179\" height=\"93\" src=\"https:\/\/www.smeraldosirmione.com\/wp-content\/uploads\/2015\/04\/eventi-mille-miglia.png\" class=\"img-fluid wp-post-image\" alt=\"eventi-mille-miglia-1000-miglia-1000 \u043c\u0438\u043b\u044c\" \/><\/figure>\n\t\t\t\t\t                                   \n                            <div class=\"wrapper\">\n                                <small>Evenements<span><\/span><\/small>\n                                <h2 class=\"mb-0\">Mille Miglia Sirmione lac de Garde<\/h2>\n                                <em>Lire<\/em>\n                            <\/div>\n                        <\/a>\n                    <\/div>\n\t\t\t\t    \n                    <div class=\"item col-xl-4 col-lg-6\">\n                        <a href=\"https:\/\/www.smeraldosirmione.com\/fr\/wroom-exposition-de-photos-sirmione\/\" class=\"box_contents\" data-cue=\"slideInUp\" data-delay=\"300\">\n\t\t\t\t\t         \t\t\t\t\t            <figure><img loading=\"lazy\" decoding=\"async\" width=\"632\" height=\"433\" src=\"https:\/\/www.smeraldosirmione.com\/wp-content\/uploads\/2015\/05\/wroom-mostra-fotografica-sirmione.jpg\" class=\"img-fluid wp-post-image\" alt=\"wroom-mostra-fotografica-sirmione\" \/><\/figure>\n\t\t\t\t\t                                   \n                            <div class=\"wrapper\">\n                                <small>Evenements<span><\/span><\/small>\n                                <h2 class=\"mb-0\">Wroom &#8211; Exposition de photos Sirmione<\/h2>\n                                <em>Lire<\/em>\n                            <\/div>\n                        <\/a>\n                    <\/div>\n\t\t\t\t    \n                    <div class=\"item col-xl-4 col-lg-6\">\n                        <a href=\"https:\/\/www.smeraldosirmione.com\/fr\/marches-lac-de-garde\/\" class=\"box_contents\" data-cue=\"slideInUp\" data-delay=\"300\">\n\t\t\t\t\t         \t\t\t\t\t            <figure><img loading=\"lazy\" decoding=\"async\" width=\"1024\" height=\"768\" src=\"https:\/\/www.smeraldosirmione.com\/wp-content\/uploads\/2015\/04\/mercati-del-garda.jpg\" class=\"img-fluid wp-post-image\" alt=\"mercati-del-garda-markets\" srcset=\"https:\/\/www.smeraldosirmione.com\/wp-content\/uploads\/2015\/04\/mercati-del-garda.jpg 1024w, https:\/\/www.smeraldosirmione.com\/wp-content\/uploads\/2015\/04\/mercati-del-garda-800x600.jpg 800w\" sizes=\"auto, (max-width: 1024px) 100vw, 1024px\" \/><\/figure>\n\t\t\t\t\t                                   \n                            <div class=\"wrapper\">\n                                <small>Evenements<span><\/span><\/small>\n                                <h2 class=\"mb-0\">March\u00e9s lac de Garde<\/h2>\n                                <em>Lire<\/em>\n                            <\/div>\n                        <\/a>\n                    <\/div>\n\t\t\t\t\t\t\t\t                <\/div>\n                                <p class=\"text-end\"><a href=\"https:\/\/www.smeraldosirmione.com\/fr\/category\/evenements-sirmione\/\" class=\"btn_1 outline mt-2\" data-cue=\"slideInUp\" data-delay=\"600\">D\u00e9couvrez les \u00e9v\u00e9nements<\/a><\/p>\n                            <\/div>\n        <\/div>\n\t\t","protected":false},"excerpt":{"rendered":"","protected":false},"author":3,"featured_media":0,"parent":0,"menu_order":44,"comment_status":"closed","ping_status":"closed","template":"","meta":{"_acf_changed":false,"footnotes":""},"class_list":["post-193","page","type-page","status-publish","hentry"],"acf":[],"yoast_head":"<!-- This site is optimized with the Yoast SEO plugin v27.4 - https:\/\/yoast.com\/product\/yoast-seo-wordpress\/ -->\n<title>H\u00f4tel Smeraldo Sirmione | lac de Garde | SITE OFFICIEL<\/title>\n<meta name=\"description\" content=\"H\u00f4tel Smeraldo Sirmione \u00e0 proximit\u00e9 du ch\u00e2teau - SITE OFFICIEL - r\u00e9servation directe, les meilleurs prix et offres sp\u00e9ciales - H\u00f4tel sur le lac avec parking\" \/>\n<meta name=\"robots\" content=\"index, follow, max-snippet:-1, max-image-preview:large, max-video-preview:-1\" \/>\n<link rel=\"canonical\" href=\"https:\/\/www.smeraldosirmione.com\/fr\/\" \/>\n<meta property=\"og:locale\" content=\"fr_FR\" \/>\n<meta property=\"og:type\" content=\"article\" \/>\n<meta property=\"og:title\" content=\"H\u00f4tel Smeraldo Sirmione | lac de Garde | SITE OFFICIEL\" \/>\n<meta property=\"og:description\" content=\"H\u00f4tel Smeraldo Sirmione \u00e0 proximit\u00e9 du ch\u00e2teau - SITE OFFICIEL - r\u00e9servation directe, les meilleurs prix et offres sp\u00e9ciales - H\u00f4tel sur le lac avec parking\" \/>\n<meta property=\"og:url\" content=\"https:\/\/www.smeraldosirmione.com\/fr\/\" \/>\n<meta property=\"og:site_name\" content=\"Hotel Smeraldo\" \/>\n<meta property=\"article:modified_time\" content=\"2026-02-27T13:38:18+00:00\" \/>\n<script type=\"application\/ld+json\" class=\"yoast-schema-graph\">{\"@context\":\"https:\\\/\\\/schema.org\",\"@graph\":[{\"@type\":\"WebPage\",\"@id\":\"https:\\\/\\\/www.smeraldosirmione.com\\\/fr\\\/\",\"url\":\"https:\\\/\\\/www.smeraldosirmione.com\\\/fr\\\/\",\"name\":\"H\u00f4tel Smeraldo Sirmione | lac de Garde | SITE OFFICIEL\",\"isPartOf\":{\"@id\":\"https:\\\/\\\/www.smeraldosirmione.com\\\/#website\"},\"datePublished\":\"2015-02-23T05:33:19+00:00\",\"dateModified\":\"2026-02-27T13:38:18+00:00\",\"description\":\"H\u00f4tel Smeraldo Sirmione \u00e0 proximit\u00e9 du ch\u00e2teau - SITE OFFICIEL - r\u00e9servation directe, les meilleurs prix et offres sp\u00e9ciales - H\u00f4tel sur le lac avec parking\",\"breadcrumb\":{\"@id\":\"https:\\\/\\\/www.smeraldosirmione.com\\\/fr\\\/#breadcrumb\"},\"inLanguage\":\"fr-FR\",\"potentialAction\":[{\"@type\":\"ReadAction\",\"target\":[\"https:\\\/\\\/www.smeraldosirmione.com\\\/fr\\\/\"]}]},{\"@type\":\"BreadcrumbList\",\"@id\":\"https:\\\/\\\/www.smeraldosirmione.com\\\/fr\\\/#breadcrumb\",\"itemListElement\":[{\"@type\":\"ListItem\",\"position\":1,\"name\":\"Home\",\"item\":\"https:\\\/\\\/www.smeraldosirmione.com\\\/fr\\\/\"},{\"@type\":\"ListItem\",\"position\":2,\"name\":\"H\u00f4tel Smeraldo Sirmione &#8211; Lac de Garde\"}]},{\"@type\":\"WebSite\",\"@id\":\"https:\\\/\\\/www.smeraldosirmione.com\\\/#website\",\"url\":\"https:\\\/\\\/www.smeraldosirmione.com\\\/\",\"name\":\"Hotel Smeraldo\",\"description\":\"H\u00f4tel de Sirmione au coeur du lac de Garde\",\"potentialAction\":[{\"@type\":\"SearchAction\",\"target\":{\"@type\":\"EntryPoint\",\"urlTemplate\":\"https:\\\/\\\/www.smeraldosirmione.com\\\/?s={search_term_string}\"},\"query-input\":{\"@type\":\"PropertyValueSpecification\",\"valueRequired\":true,\"valueName\":\"search_term_string\"}}],\"inLanguage\":\"fr-FR\"}]}<\/script>\n<!-- \/ Yoast SEO plugin. -->","yoast_head_json":{"title":"H\u00f4tel Smeraldo Sirmione | lac de Garde | SITE OFFICIEL","description":"H\u00f4tel Smeraldo Sirmione \u00e0 proximit\u00e9 du ch\u00e2teau - SITE OFFICIEL - r\u00e9servation directe, les meilleurs prix et offres sp\u00e9ciales - H\u00f4tel sur le lac avec parking","robots":{"index":"index","follow":"follow","max-snippet":"max-snippet:-1","max-image-preview":"max-image-preview:large","max-video-preview":"max-video-preview:-1"},"canonical":"https:\/\/www.smeraldosirmione.com\/fr\/","og_locale":"fr_FR","og_type":"article","og_title":"H\u00f4tel Smeraldo Sirmione | lac de Garde | SITE OFFICIEL","og_description":"H\u00f4tel Smeraldo Sirmione \u00e0 proximit\u00e9 du ch\u00e2teau - SITE OFFICIEL - r\u00e9servation directe, les meilleurs prix et offres sp\u00e9ciales - H\u00f4tel sur le lac avec parking","og_url":"https:\/\/www.smeraldosirmione.com\/fr\/","og_site_name":"Hotel Smeraldo","article_modified_time":"2026-02-27T13:38:18+00:00","schema":{"@context":"https:\/\/schema.org","@graph":[{"@type":"WebPage","@id":"https:\/\/www.smeraldosirmione.com\/fr\/","url":"https:\/\/www.smeraldosirmione.com\/fr\/","name":"H\u00f4tel Smeraldo Sirmione | lac de Garde | SITE OFFICIEL","isPartOf":{"@id":"https:\/\/www.smeraldosirmione.com\/#website"},"datePublished":"2015-02-23T05:33:19+00:00","dateModified":"2026-02-27T13:38:18+00:00","description":"H\u00f4tel Smeraldo Sirmione \u00e0 proximit\u00e9 du ch\u00e2teau - SITE OFFICIEL - r\u00e9servation directe, les meilleurs prix et offres sp\u00e9ciales - H\u00f4tel sur le lac avec parking","breadcrumb":{"@id":"https:\/\/www.smeraldosirmione.com\/fr\/#breadcrumb"},"inLanguage":"fr-FR","potentialAction":[{"@type":"ReadAction","target":["https:\/\/www.smeraldosirmione.com\/fr\/"]}]},{"@type":"BreadcrumbList","@id":"https:\/\/www.smeraldosirmione.com\/fr\/#breadcrumb","itemListElement":[{"@type":"ListItem","position":1,"name":"Home","item":"https:\/\/www.smeraldosirmione.com\/fr\/"},{"@type":"ListItem","position":2,"name":"H\u00f4tel Smeraldo Sirmione &#8211; Lac de Garde"}]},{"@type":"WebSite","@id":"https:\/\/www.smeraldosirmione.com\/#website","url":"https:\/\/www.smeraldosirmione.com\/","name":"Hotel Smeraldo","description":"H\u00f4tel de Sirmione au coeur du lac de Garde","potentialAction":[{"@type":"SearchAction","target":{"@type":"EntryPoint","urlTemplate":"https:\/\/www.smeraldosirmione.com\/?s={search_term_string}"},"query-input":{"@type":"PropertyValueSpecification","valueRequired":true,"valueName":"search_term_string"}}],"inLanguage":"fr-FR"}]}},"_links":{"self":[{"href":"https:\/\/www.smeraldosirmione.com\/fr\/wp-json\/wp\/v2\/pages\/193","targetHints":{"allow":["GET"]}}],"collection":[{"href":"https:\/\/www.smeraldosirmione.com\/fr\/wp-json\/wp\/v2\/pages"}],"about":[{"href":"https:\/\/www.smeraldosirmione.com\/fr\/wp-json\/wp\/v2\/types\/page"}],"author":[{"embeddable":true,"href":"https:\/\/www.smeraldosirmione.com\/fr\/wp-json\/wp\/v2\/users\/3"}],"replies":[{"embeddable":true,"href":"https:\/\/www.smeraldosirmione.com\/fr\/wp-json\/wp\/v2\/comments?post=193"}],"version-history":[{"count":2,"href":"https:\/\/www.smeraldosirmione.com\/fr\/wp-json\/wp\/v2\/pages\/193\/revisions"}],"predecessor-version":[{"id":3448,"href":"https:\/\/www.smeraldosirmione.com\/fr\/wp-json\/wp\/v2\/pages\/193\/revisions\/3448"}],"wp:attachment":[{"href":"https:\/\/www.smeraldosirmione.com\/fr\/wp-json\/wp\/v2\/media?parent=193"}],"curies":[{"name":"wp","href":"https:\/\/api.w.org\/{rel}","templated":true}]}}