{"id":191,"date":"2015-02-23T06:32:48","date_gmt":"2015-02-23T05:32:48","guid":{"rendered":"https:\/\/www.smeraldosirmione.com\/?page_id=191"},"modified":"2024-01-04T06:44:33","modified_gmt":"2024-01-04T05:44:33","slug":"visiter-sirmione","status":"publish","type":"page","link":"https:\/\/www.smeraldosirmione.com\/fr\/visiter-sirmione\/","title":{"rendered":"Visiter Sirmione"},"content":{"rendered":"\n<h4 class=\"wp-block-heading\">Visiter Sirmione est un splendide bourg de p\u00eacheurs en pointe \u00e0 sa p\u00e9ninsule homonyme qu&rsquo;il s&rsquo;\u00e9tend au centre du lac de Garda, renferm\u00e9 dans son ch\u00e2teau scaligero, il maintient intact son centre historique compl\u00e8tement pi\u00e9ton.<\/h4>\n\n\n\n<p>Visiter Sirmione est d&rsquo;obligation pour celui qui vient sur le lac de Garda, le ch\u00e2teau scaligero avec son centre historique compl\u00e8tement et rigoureusement pi\u00e9ton ils sont les plus beaux peut-\u00eatre du Garda, le vieux bourg de p\u00eacheurs offre vues romantiques et angles suggestifs, au-del\u00e0 aux beaut\u00e9s historiques de Sirmione \u00e0 visiter comme les Grottes de Catulle et l&rsquo;\u00e9glise m\u00e9di\u00e9vale voisine de Saint Pietro en Mavino, l&rsquo;\u00e9glise de S.Maria Magiore dans le demi de la vieille ville, la petite \u00e9glise de S. Anna, le Ch\u00e2teau Scaligero avec le mus\u00e9e \u00e0 son int\u00e9rieur et la vue panoramique de la cime de la tour. La vieille ville pi\u00e9tonne est \u00e0 quelques pas de &lsquo;H\u00f4tel Smeraldo \u00e0 Sirmione.<\/p>\n\n\n\n<figure class=\"wp-block-gallery has-nested-images columns-default is-cropped wp-block-gallery-1 is-layout-flex wp-block-gallery-is-layout-flex\">\n<figure class=\"wp-block-image size-large\"><a href=\"https:\/\/www.smeraldosirmione.com\/wp-content\/uploads\/2024\/01\/chiesa-di-san-pietro-in-mavino-sirmione-1024x768-1.jpg\"><img loading=\"lazy\" decoding=\"async\" width=\"1024\" height=\"768\" data-id=\"2875\" src=\"https:\/\/www.smeraldosirmione.com\/wp-content\/uploads\/2024\/01\/chiesa-di-san-pietro-in-mavino-sirmione-1024x768-1.jpg\" alt=\"\" class=\"wp-image-2875\" srcset=\"https:\/\/www.smeraldosirmione.com\/wp-content\/uploads\/2024\/01\/chiesa-di-san-pietro-in-mavino-sirmione-1024x768-1.jpg 1024w, https:\/\/www.smeraldosirmione.com\/wp-content\/uploads\/2024\/01\/chiesa-di-san-pietro-in-mavino-sirmione-1024x768-1-800x600.jpg 800w, https:\/\/www.smeraldosirmione.com\/wp-content\/uploads\/2024\/01\/chiesa-di-san-pietro-in-mavino-sirmione-1024x768-1-300x225.jpg 300w, https:\/\/www.smeraldosirmione.com\/wp-content\/uploads\/2024\/01\/chiesa-di-san-pietro-in-mavino-sirmione-1024x768-1-768x576.jpg 768w\" sizes=\"auto, (max-width: 1024px) 100vw, 1024px\" \/><\/a><\/figure>\n\n\n\n<figure class=\"wp-block-image size-large\"><a href=\"https:\/\/www.smeraldosirmione.com\/wp-content\/uploads\/2016\/01\/Sirmione-1024x768-1.jpg\"><img loading=\"lazy\" decoding=\"async\" width=\"1024\" height=\"768\" data-id=\"2714\" src=\"https:\/\/www.smeraldosirmione.com\/wp-content\/uploads\/2016\/01\/Sirmione-1024x768-1.jpg\" alt=\"\" class=\"wp-image-2714\" srcset=\"https:\/\/www.smeraldosirmione.com\/wp-content\/uploads\/2016\/01\/Sirmione-1024x768-1.jpg 1024w, https:\/\/www.smeraldosirmione.com\/wp-content\/uploads\/2016\/01\/Sirmione-1024x768-1-800x600.jpg 800w, https:\/\/www.smeraldosirmione.com\/wp-content\/uploads\/2016\/01\/Sirmione-1024x768-1-300x225.jpg 300w, https:\/\/www.smeraldosirmione.com\/wp-content\/uploads\/2016\/01\/Sirmione-1024x768-1-768x576.jpg 768w\" sizes=\"auto, (max-width: 1024px) 100vw, 1024px\" \/><\/a><\/figure>\n\n\n\n<figure class=\"wp-block-image size-large\"><a href=\"https:\/\/www.smeraldosirmione.com\/wp-content\/uploads\/2024\/01\/chiesa-s-maria-maggiore-sirmione-1024x768-1.jpg\"><img loading=\"lazy\" decoding=\"async\" width=\"1024\" height=\"768\" data-id=\"2865\" src=\"https:\/\/www.smeraldosirmione.com\/wp-content\/uploads\/2024\/01\/chiesa-s-maria-maggiore-sirmione-1024x768-1.jpg\" alt=\"\" class=\"wp-image-2865\" srcset=\"https:\/\/www.smeraldosirmione.com\/wp-content\/uploads\/2024\/01\/chiesa-s-maria-maggiore-sirmione-1024x768-1.jpg 1024w, https:\/\/www.smeraldosirmione.com\/wp-content\/uploads\/2024\/01\/chiesa-s-maria-maggiore-sirmione-1024x768-1-800x600.jpg 800w, https:\/\/www.smeraldosirmione.com\/wp-content\/uploads\/2024\/01\/chiesa-s-maria-maggiore-sirmione-1024x768-1-300x225.jpg 300w, https:\/\/www.smeraldosirmione.com\/wp-content\/uploads\/2024\/01\/chiesa-s-maria-maggiore-sirmione-1024x768-1-768x576.jpg 768w\" sizes=\"auto, (max-width: 1024px) 100vw, 1024px\" \/><\/a><\/figure>\n\n\n\n<figure class=\"wp-block-image size-large\"><a href=\"https:\/\/www.smeraldosirmione.com\/wp-content\/uploads\/2024\/01\/chiesa-di-s-anna-sirmione-1024x768-1.jpg\"><img loading=\"lazy\" decoding=\"async\" width=\"1024\" height=\"576\" data-id=\"2870\" src=\"https:\/\/www.smeraldosirmione.com\/wp-content\/uploads\/2024\/01\/chiesa-di-s-anna-sirmione-1024x768-1-1024x576.jpg\" alt=\"\" class=\"wp-image-2870\" srcset=\"https:\/\/www.smeraldosirmione.com\/wp-content\/uploads\/2024\/01\/chiesa-di-s-anna-sirmione-1024x768-1-1024x576.jpg 1024w, https:\/\/www.smeraldosirmione.com\/wp-content\/uploads\/2024\/01\/chiesa-di-s-anna-sirmione-1024x768-1-300x169.jpg 300w, https:\/\/www.smeraldosirmione.com\/wp-content\/uploads\/2024\/01\/chiesa-di-s-anna-sirmione-1024x768-1-768x432.jpg 768w, https:\/\/www.smeraldosirmione.com\/wp-content\/uploads\/2024\/01\/chiesa-di-s-anna-sirmione-1024x768-1.jpg 1365w\" sizes=\"auto, (max-width: 1024px) 100vw, 1024px\" \/><\/a><\/figure>\n\n\n\n<figure class=\"wp-block-image size-large\"><a href=\"https:\/\/www.smeraldosirmione.com\/wp-content\/uploads\/2024\/01\/grotte-di-catullo-sirmione-1024x768-1.jpg\"><img loading=\"lazy\" decoding=\"async\" width=\"1024\" height=\"768\" data-id=\"2880\" src=\"https:\/\/www.smeraldosirmione.com\/wp-content\/uploads\/2024\/01\/grotte-di-catullo-sirmione-1024x768-1.jpg\" alt=\"\" class=\"wp-image-2880\" srcset=\"https:\/\/www.smeraldosirmione.com\/wp-content\/uploads\/2024\/01\/grotte-di-catullo-sirmione-1024x768-1.jpg 1024w, https:\/\/www.smeraldosirmione.com\/wp-content\/uploads\/2024\/01\/grotte-di-catullo-sirmione-1024x768-1-800x600.jpg 800w, https:\/\/www.smeraldosirmione.com\/wp-content\/uploads\/2024\/01\/grotte-di-catullo-sirmione-1024x768-1-300x225.jpg 300w, https:\/\/www.smeraldosirmione.com\/wp-content\/uploads\/2024\/01\/grotte-di-catullo-sirmione-1024x768-1-768x576.jpg 768w\" sizes=\"auto, (max-width: 1024px) 100vw, 1024px\" \/><\/a><\/figure>\n<\/figure>\n\n\n\n<p><strong><a title=\"Ch\u00e2teau de Sirmione\" href=\"http:\/\/www.hotel-in-sirmione.com\/fr\/chateau-de-sirmione\/\" target=\"_blank\" rel=\"noopener\">Ch\u00e2teau de Sirmione<\/a>:<\/strong>&nbsp;entoure le bourg de Sirmione et pour entrer vous on il passe de son pont-levis qu&rsquo;un temps le rendait une \u00eele, un des peu \u00e0 avoir il compl\u00e8te encore la darse, le pont-levis et les camminamenti sur les murailles; \u00e0 ne pas perdre la vue sur Sirmione du haut la tour<\/p>\n\n\n\n<p><strong><a title=\"Grottes de Catulle\" href=\"http:\/\/www.hotel-in-sirmione.com\/fr\/grottes-de-catulle\/\" target=\"_blank\" rel=\"noopener\">Les Grottes de Catulle<\/a>:<\/strong>&nbsp;ils se trouvent sur la pointe au nord de Sirmione, ce sont les ruine de la plus grande villa romaine de l&rsquo;Italie septentrionale, le b\u00e2timent devait avoir une majest\u00e9 spectaculaire comme sa vue panoramique sur le lac de Garda. Le site arch\u00e9ologique se trouve environ quinze minutes \u00e0 pied de nos h\u00f4tels en Sirmione.<\/p>\n\n\n\n<p><strong><a title=\"\u00c9glise de St.Anna\" href=\"http:\/\/www.hotel-in-sirmione.com\/fr\/eglise-de-st-anna\/\" target=\"_blank\" rel=\"noopener\">\u00c9glise de St.Anna<\/a>:<\/strong>&nbsp;la petite \u00e9glise se trouve \u00e0 peine entr\u00e9 en Sirmione, \u00e9difi\u00e9e dans le Quinzi\u00e8me si\u00e8cle pour les soldats de service au ch\u00e2teau, il y a \u00e0 voir fresques int\u00e9ressantes \u00e0 son int\u00e9rieur.<\/p>\n\n\n\n<p><strong><a title=\"\u00c9glise de Sainte Maria Maggiore\" href=\"http:\/\/www.hotel-in-sirmione.com\/fr\/eglise-de-sainte-maria-maggiore\/\" target=\"_blank\" rel=\"noopener\">\u00c9glise de Santa Maria Maggiore<\/a>:<\/strong>&nbsp;situ\u00e9e dans le centre du pays, elle avait \u00e9t\u00e9 construite sur une \u00e9glise pr\u00e9c\u00e9dente avec des colonnes du 361 d.C., \u00e0 son int\u00e9rieur ils se trouvent des fresques du XVI si\u00e8cle et une statue en bois de la Sainte Vierge originaire du XV si\u00e8cle<\/p>\n\n\n\n<p><strong><a title=\"\u00c9glise de Saint Pietro en Mavino\" href=\"http:\/\/www.hotel-in-sirmione.com\/fr\/eglise-de-saint-pietro-en-mavino\/\" target=\"_blank\" rel=\"noopener\">\u00c9glise de S. Pietro in Mavino<\/a>:&nbsp;<\/strong>Peu avant d&rsquo;arriver aux Grottes de Catulle, il se trouve l&rsquo;\u00c9glise de S. Pietro en Mavino, un b\u00e2timent existant d\u00e9j\u00e0 en \u00e9poque longobarda et \u00e9difi\u00e9 sur un temple pa\u00efen, \u00e0 son int\u00e9rieur il y a des fresques int\u00e9ressantes de mille et puis de &lsquo;300; le clocher est originaire de mille.<\/p>\n","protected":false},"excerpt":{"rendered":"<p>Visiter Sirmione est un splendide bourg de p\u00eacheurs en pointe \u00e0 sa [&hellip;]<\/p>\n","protected":false},"author":3,"featured_media":0,"parent":0,"menu_order":105,"comment_status":"open","ping_status":"closed","template":"","meta":{"_acf_changed":false,"footnotes":""},"class_list":["post-191","page","type-page","status-publish","hentry"],"acf":[],"yoast_head":"<!-- This site is optimized with the Yoast SEO plugin v27.4 - https:\/\/yoast.com\/product\/yoast-seo-wordpress\/ -->\n<title>Visiter Sirmione sur le lac de Garda<\/title>\n<meta name=\"description\" content=\"Visiter Sirmione, la perle du lac de Garda: Ch\u00e2teau M\u00e9di\u00e9val, Grottes de Catulle, l&#039;\u00e9glise de San Pietro in Mavino, l&#039;\u00e9glise de St. Anne, la vieille ville\" \/>\n<meta name=\"robots\" content=\"index, follow, max-snippet:-1, max-image-preview:large, max-video-preview:-1\" \/>\n<link rel=\"canonical\" href=\"https:\/\/www.smeraldosirmione.com\/fr\/visiter-sirmione\/\" \/>\n<meta property=\"og:locale\" content=\"fr_FR\" \/>\n<meta property=\"og:type\" content=\"article\" \/>\n<meta property=\"og:title\" content=\"Visiter Sirmione sur le lac de Garda\" \/>\n<meta property=\"og:description\" content=\"Visiter Sirmione, la perle du lac de Garda: Ch\u00e2teau M\u00e9di\u00e9val, Grottes de Catulle, l&#039;\u00e9glise de San Pietro in Mavino, l&#039;\u00e9glise de St. Anne, la vieille ville\" \/>\n<meta property=\"og:url\" content=\"https:\/\/www.smeraldosirmione.com\/fr\/visiter-sirmione\/\" \/>\n<meta property=\"og:site_name\" content=\"Hotel Smeraldo\" \/>\n<meta property=\"article:modified_time\" content=\"2024-01-04T05:44:33+00:00\" \/>\n<meta property=\"og:image\" content=\"https:\/\/www.smeraldosirmione.com\/wp-content\/uploads\/2024\/01\/chiesa-di-san-pietro-in-mavino-sirmione-1024x768-1.jpg\" \/>\n<meta name=\"twitter:label1\" content=\"Dur\u00e9e de lecture estim\u00e9e\" \/>\n\t<meta name=\"twitter:data1\" content=\"4 minutes\" \/>\n<script type=\"application\/ld+json\" class=\"yoast-schema-graph\">{\"@context\":\"https:\\\/\\\/schema.org\",\"@graph\":[{\"@type\":\"WebPage\",\"@id\":\"https:\\\/\\\/www.smeraldosirmione.com\\\/fr\\\/visiter-sirmione\\\/\",\"url\":\"https:\\\/\\\/www.smeraldosirmione.com\\\/fr\\\/visiter-sirmione\\\/\",\"name\":\"Visiter Sirmione sur le lac de Garda\",\"isPartOf\":{\"@id\":\"https:\\\/\\\/www.smeraldosirmione.com\\\/#website\"},\"primaryImageOfPage\":{\"@id\":\"https:\\\/\\\/www.smeraldosirmione.com\\\/fr\\\/visiter-sirmione\\\/#primaryimage\"},\"image\":{\"@id\":\"https:\\\/\\\/www.smeraldosirmione.com\\\/fr\\\/visiter-sirmione\\\/#primaryimage\"},\"thumbnailUrl\":\"https:\\\/\\\/www.smeraldosirmione.com\\\/wp-content\\\/uploads\\\/2024\\\/01\\\/chiesa-di-san-pietro-in-mavino-sirmione-1024x768-1.jpg\",\"datePublished\":\"2015-02-23T05:32:48+00:00\",\"dateModified\":\"2024-01-04T05:44:33+00:00\",\"description\":\"Visiter Sirmione, la perle du lac de Garda: Ch\u00e2teau M\u00e9di\u00e9val, Grottes de Catulle, l'\u00e9glise de San Pietro in Mavino, l'\u00e9glise de St. Anne, la vieille ville\",\"breadcrumb\":{\"@id\":\"https:\\\/\\\/www.smeraldosirmione.com\\\/fr\\\/visiter-sirmione\\\/#breadcrumb\"},\"inLanguage\":\"fr-FR\",\"potentialAction\":[{\"@type\":\"ReadAction\",\"target\":[\"https:\\\/\\\/www.smeraldosirmione.com\\\/fr\\\/visiter-sirmione\\\/\"]}]},{\"@type\":\"ImageObject\",\"inLanguage\":\"fr-FR\",\"@id\":\"https:\\\/\\\/www.smeraldosirmione.com\\\/fr\\\/visiter-sirmione\\\/#primaryimage\",\"url\":\"https:\\\/\\\/www.smeraldosirmione.com\\\/wp-content\\\/uploads\\\/2024\\\/01\\\/chiesa-di-san-pietro-in-mavino-sirmione-1024x768-1.jpg\",\"contentUrl\":\"https:\\\/\\\/www.smeraldosirmione.com\\\/wp-content\\\/uploads\\\/2024\\\/01\\\/chiesa-di-san-pietro-in-mavino-sirmione-1024x768-1.jpg\"},{\"@type\":\"BreadcrumbList\",\"@id\":\"https:\\\/\\\/www.smeraldosirmione.com\\\/fr\\\/visiter-sirmione\\\/#breadcrumb\",\"itemListElement\":[{\"@type\":\"ListItem\",\"position\":1,\"name\":\"Home\",\"item\":\"https:\\\/\\\/www.smeraldosirmione.com\\\/fr\\\/\"},{\"@type\":\"ListItem\",\"position\":2,\"name\":\"Visiter Sirmione\"}]},{\"@type\":\"WebSite\",\"@id\":\"https:\\\/\\\/www.smeraldosirmione.com\\\/#website\",\"url\":\"https:\\\/\\\/www.smeraldosirmione.com\\\/\",\"name\":\"Hotel Smeraldo\",\"description\":\"H\u00f4tel de Sirmione au coeur du lac de Garde\",\"potentialAction\":[{\"@type\":\"SearchAction\",\"target\":{\"@type\":\"EntryPoint\",\"urlTemplate\":\"https:\\\/\\\/www.smeraldosirmione.com\\\/?s={search_term_string}\"},\"query-input\":{\"@type\":\"PropertyValueSpecification\",\"valueRequired\":true,\"valueName\":\"search_term_string\"}}],\"inLanguage\":\"fr-FR\"}]}<\/script>\n<!-- \/ Yoast SEO plugin. -->","yoast_head_json":{"title":"Visiter Sirmione sur le lac de Garda","description":"Visiter Sirmione, la perle du lac de Garda: Ch\u00e2teau M\u00e9di\u00e9val, Grottes de Catulle, l'\u00e9glise de San Pietro in Mavino, l'\u00e9glise de St. Anne, la vieille ville","robots":{"index":"index","follow":"follow","max-snippet":"max-snippet:-1","max-image-preview":"max-image-preview:large","max-video-preview":"max-video-preview:-1"},"canonical":"https:\/\/www.smeraldosirmione.com\/fr\/visiter-sirmione\/","og_locale":"fr_FR","og_type":"article","og_title":"Visiter Sirmione sur le lac de Garda","og_description":"Visiter Sirmione, la perle du lac de Garda: Ch\u00e2teau M\u00e9di\u00e9val, Grottes de Catulle, l'\u00e9glise de San Pietro in Mavino, l'\u00e9glise de St. Anne, la vieille ville","og_url":"https:\/\/www.smeraldosirmione.com\/fr\/visiter-sirmione\/","og_site_name":"Hotel Smeraldo","article_modified_time":"2024-01-04T05:44:33+00:00","og_image":[{"url":"https:\/\/www.smeraldosirmione.com\/wp-content\/uploads\/2024\/01\/chiesa-di-san-pietro-in-mavino-sirmione-1024x768-1.jpg","type":"","width":"","height":""}],"twitter_misc":{"Dur\u00e9e de lecture estim\u00e9e":"4 minutes"},"schema":{"@context":"https:\/\/schema.org","@graph":[{"@type":"WebPage","@id":"https:\/\/www.smeraldosirmione.com\/fr\/visiter-sirmione\/","url":"https:\/\/www.smeraldosirmione.com\/fr\/visiter-sirmione\/","name":"Visiter Sirmione sur le lac de Garda","isPartOf":{"@id":"https:\/\/www.smeraldosirmione.com\/#website"},"primaryImageOfPage":{"@id":"https:\/\/www.smeraldosirmione.com\/fr\/visiter-sirmione\/#primaryimage"},"image":{"@id":"https:\/\/www.smeraldosirmione.com\/fr\/visiter-sirmione\/#primaryimage"},"thumbnailUrl":"https:\/\/www.smeraldosirmione.com\/wp-content\/uploads\/2024\/01\/chiesa-di-san-pietro-in-mavino-sirmione-1024x768-1.jpg","datePublished":"2015-02-23T05:32:48+00:00","dateModified":"2024-01-04T05:44:33+00:00","description":"Visiter Sirmione, la perle du lac de Garda: Ch\u00e2teau M\u00e9di\u00e9val, Grottes de Catulle, l'\u00e9glise de San Pietro in Mavino, l'\u00e9glise de St. Anne, la vieille ville","breadcrumb":{"@id":"https:\/\/www.smeraldosirmione.com\/fr\/visiter-sirmione\/#breadcrumb"},"inLanguage":"fr-FR","potentialAction":[{"@type":"ReadAction","target":["https:\/\/www.smeraldosirmione.com\/fr\/visiter-sirmione\/"]}]},{"@type":"ImageObject","inLanguage":"fr-FR","@id":"https:\/\/www.smeraldosirmione.com\/fr\/visiter-sirmione\/#primaryimage","url":"https:\/\/www.smeraldosirmione.com\/wp-content\/uploads\/2024\/01\/chiesa-di-san-pietro-in-mavino-sirmione-1024x768-1.jpg","contentUrl":"https:\/\/www.smeraldosirmione.com\/wp-content\/uploads\/2024\/01\/chiesa-di-san-pietro-in-mavino-sirmione-1024x768-1.jpg"},{"@type":"BreadcrumbList","@id":"https:\/\/www.smeraldosirmione.com\/fr\/visiter-sirmione\/#breadcrumb","itemListElement":[{"@type":"ListItem","position":1,"name":"Home","item":"https:\/\/www.smeraldosirmione.com\/fr\/"},{"@type":"ListItem","position":2,"name":"Visiter Sirmione"}]},{"@type":"WebSite","@id":"https:\/\/www.smeraldosirmione.com\/#website","url":"https:\/\/www.smeraldosirmione.com\/","name":"Hotel Smeraldo","description":"H\u00f4tel de Sirmione au coeur du lac de Garde","potentialAction":[{"@type":"SearchAction","target":{"@type":"EntryPoint","urlTemplate":"https:\/\/www.smeraldosirmione.com\/?s={search_term_string}"},"query-input":{"@type":"PropertyValueSpecification","valueRequired":true,"valueName":"search_term_string"}}],"inLanguage":"fr-FR"}]}},"_links":{"self":[{"href":"https:\/\/www.smeraldosirmione.com\/fr\/wp-json\/wp\/v2\/pages\/191","targetHints":{"allow":["GET"]}}],"collection":[{"href":"https:\/\/www.smeraldosirmione.com\/fr\/wp-json\/wp\/v2\/pages"}],"about":[{"href":"https:\/\/www.smeraldosirmione.com\/fr\/wp-json\/wp\/v2\/types\/page"}],"author":[{"embeddable":true,"href":"https:\/\/www.smeraldosirmione.com\/fr\/wp-json\/wp\/v2\/users\/3"}],"replies":[{"embeddable":true,"href":"https:\/\/www.smeraldosirmione.com\/fr\/wp-json\/wp\/v2\/comments?post=191"}],"version-history":[{"count":0,"href":"https:\/\/www.smeraldosirmione.com\/fr\/wp-json\/wp\/v2\/pages\/191\/revisions"}],"wp:attachment":[{"href":"https:\/\/www.smeraldosirmione.com\/fr\/wp-json\/wp\/v2\/media?parent=191"}],"curies":[{"name":"wp","href":"https:\/\/api.w.org\/{rel}","templated":true}]}}