{"id":189,"date":"2015-02-23T06:32:07","date_gmt":"2015-02-23T05:32:07","guid":{"rendered":"https:\/\/www.smeraldosirmione.com\/?page_id=189"},"modified":"2024-01-04T07:32:12","modified_gmt":"2024-01-04T06:32:12","slug":"thermes-sirmione","status":"publish","type":"page","link":"https:\/\/www.smeraldosirmione.com\/fr\/thermes-sirmione\/","title":{"rendered":"Thermes Sirmione"},"content":{"rendered":"\n<h3 class=\"wp-block-heading\">Thermes Sirmione, Aquaria,<\/h3>\n\n\n\n<p>Le lac de Garda est connu depuis les temps des Romains pour son climat doux pendant tous les ans et Catulle en d\u00e9cantait d\u00e9j\u00e0 les qualit\u00e9s et au XIX si\u00e8cle le s\u00e9jour sur le Garda pendant les mois de hiver pour buts curatifs une mode \u00e9tait devenue au-del\u00e0 qu&rsquo;une n\u00e9cessit\u00e9 r\u00e9elle. Au Sirmione la pr\u00e9sence d&rsquo;eaux sulfuree thermaux avec de la propri\u00e9t\u00e9 curative pr\u00e8s de la source Boiola \u00e9tait connu depuis XVI si\u00e8cle mais seul avec l&rsquo;entreprise de Procopio en 1889, qu&rsquo;il r\u00e9ussit \u00e0 en canaliser les eaux ont r\u00e9ussi \u00e0 profiter pleinement de cette richesse naturelle.&nbsp;Avec le passage du temps, ils ont trouv\u00e9 d&rsquo;autres sources sur le territoire de la Garda, mais avec des propri\u00e9t\u00e9s tr\u00e8s inf\u00e9rieurs \u00e0 ceux de Sirmione, la cr\u00e9ation de nouvelles stations thermales comme le Parc Thermal du Garda de Villa des C\u00e8dres \u00e0 Lazise, les bains de Bardolino et ceux de Pescantina. H\u00f4tel Smeraldo est situ\u00e9 dans une excellente position pour atteindre les Thermes Sirmione, mais aussi les autres spas del Garda.<\/p>\n\n\n<div class=\"wp-block-image\">\n<figure class=\"aligncenter\"><a href=\"https:\/\/www.smeraldosirmione.com\/wp-content\/uploads\/2014\/12\/terme-del-garda-top.jpg\"><img loading=\"lazy\" decoding=\"async\" width=\"620\" height=\"100\" src=\"https:\/\/www.smeraldosirmione.com\/wp-content\/uploads\/2014\/12\/terme-del-garda-top.jpg\" alt=\"terme-del-garda\" class=\"wp-image-110\"\/><\/a><figcaption class=\"wp-element-caption\">Terme di Sirmione e del Garda<\/figcaption><\/figure>\n<\/div>\n\n\n<h5 class=\"wp-block-heading\"><a title=\"Thermes Sirmione\" href=\"http:\/\/www.hotel-in-sirmione.com\/fr\/thermes-du-lac-de-garde\/thermes-de-sirmione\/\" target=\"_blank\" rel=\"noopener\">Thermes Sirmione<\/a><\/h5>\n\n\n\n<p>Les deux centres curatifs des Thermes Sirmione sont le centres thermal Catulle et le centre thermal Virgile et ils se trouvent dans le centre historique et dans la fraction de Colombare de Sirmione respectivement, les deux \u00e0 la peu de distance de nos h\u00f4tels en Sirmione.<\/p>\n\n\n\n<h5 class=\"wp-block-heading\"><a title=\"Aquaria Thermes Sirmione\" href=\"http:\/\/www.hotel-in-sirmione.com\/fr\/thermes-du-lac-de-garde\/thermes-aquaria\/\" target=\"_blank\" rel=\"noopener\">Aquaria Thermes Sirmione<\/a><\/h5>\n\n\n\n<p>Aquaria est le spa du Thermes Sirmione, une grande piscine d&rsquo;eau thermale qui jouit d&rsquo;un lac panoramique splendide, cr\u00e9\u00e9 dans le centre Catullo, dans le centre historique de Sirmione et \u00e0 quelques minutes \u00e0 pied de notre h\u00f4tel Smeraldo.<\/p>\n\n\n\n<h5 class=\"wp-block-heading\"><a title=\"Parc Thermal du Garda - Villa des C\u00e8dres\" href=\"http:\/\/www.hotel-in-sirmione.com\/fr\/thermes-du-lac-de-garde\/parc-thermal-du-garda\/\" target=\"_blank\" rel=\"noopener\">Parc Thermal&nbsp;du&nbsp;Garda en Col\u00e0 de Lazise &#8211; Villa des C\u00e8dres<\/a><\/h5>\n\n\n\n<p>Villa des C\u00e8dres, Parc Thermal du Garda est un centre bien-\u00eatre avec un petit lac d&rsquo;eaux thermales au centre du jardin d&rsquo;arbres s\u00e9culaires de la villa, un d\u00e9cor relaxant naturel avec des vasques idrogetto, grotte et piscine annexe de r\u00e9alisation r\u00e9cent.<\/p>\n","protected":false},"excerpt":{"rendered":"<p>Thermes Sirmione, Aquaria, Le lac de Garda est connu depuis les temps [&hellip;]<\/p>\n","protected":false},"author":3,"featured_media":0,"parent":0,"menu_order":99,"comment_status":"open","ping_status":"closed","template":"","meta":{"_acf_changed":false,"footnotes":""},"class_list":["post-189","page","type-page","status-publish","hentry"],"acf":[],"yoast_head":"<!-- This site is optimized with the Yoast SEO plugin v27.4 - https:\/\/yoast.com\/product\/yoast-seo-wordpress\/ -->\n<title>Thermes Sirmione et du Garda pr\u00e8s Hotel Smeraldo<\/title>\n<meta name=\"description\" content=\"Thermes Sirmione et du Garda pr\u00e8s Hotel Smeraldo, Aquaria et Parc Thermal de Garda, un s\u00e9jour reposant sous le magnifique village m\u00e9di\u00e9val\" \/>\n<meta name=\"robots\" content=\"index, follow, max-snippet:-1, max-image-preview:large, max-video-preview:-1\" \/>\n<link rel=\"canonical\" href=\"https:\/\/www.smeraldosirmione.com\/fr\/thermes-sirmione\/\" \/>\n<meta property=\"og:locale\" content=\"fr_FR\" \/>\n<meta property=\"og:type\" content=\"article\" \/>\n<meta property=\"og:title\" content=\"Thermes Sirmione et du Garda pr\u00e8s Hotel Smeraldo\" \/>\n<meta property=\"og:description\" content=\"Thermes Sirmione et du Garda pr\u00e8s Hotel Smeraldo, Aquaria et Parc Thermal de Garda, un s\u00e9jour reposant sous le magnifique village m\u00e9di\u00e9val\" \/>\n<meta property=\"og:url\" content=\"https:\/\/www.smeraldosirmione.com\/fr\/thermes-sirmione\/\" \/>\n<meta property=\"og:site_name\" content=\"Hotel Smeraldo\" \/>\n<meta property=\"article:modified_time\" content=\"2024-01-04T06:32:12+00:00\" \/>\n<meta property=\"og:image\" content=\"https:\/\/www.smeraldosirmione.com\/wp-content\/uploads\/2014\/12\/terme-del-garda-top.jpg\" \/>\n<meta name=\"twitter:label1\" content=\"Dur\u00e9e de lecture estim\u00e9e\" \/>\n\t<meta name=\"twitter:data1\" content=\"2 minutes\" \/>\n<script type=\"application\/ld+json\" class=\"yoast-schema-graph\">{\"@context\":\"https:\\\/\\\/schema.org\",\"@graph\":[{\"@type\":\"WebPage\",\"@id\":\"https:\\\/\\\/www.smeraldosirmione.com\\\/fr\\\/thermes-sirmione\\\/\",\"url\":\"https:\\\/\\\/www.smeraldosirmione.com\\\/fr\\\/thermes-sirmione\\\/\",\"name\":\"Thermes Sirmione et du Garda pr\u00e8s Hotel Smeraldo\",\"isPartOf\":{\"@id\":\"https:\\\/\\\/www.smeraldosirmione.com\\\/#website\"},\"primaryImageOfPage\":{\"@id\":\"https:\\\/\\\/www.smeraldosirmione.com\\\/fr\\\/thermes-sirmione\\\/#primaryimage\"},\"image\":{\"@id\":\"https:\\\/\\\/www.smeraldosirmione.com\\\/fr\\\/thermes-sirmione\\\/#primaryimage\"},\"thumbnailUrl\":\"https:\\\/\\\/www.smeraldosirmione.com\\\/wp-content\\\/uploads\\\/2014\\\/12\\\/terme-del-garda-top.jpg\",\"datePublished\":\"2015-02-23T05:32:07+00:00\",\"dateModified\":\"2024-01-04T06:32:12+00:00\",\"description\":\"Thermes Sirmione et du Garda pr\u00e8s Hotel Smeraldo, Aquaria et Parc Thermal de Garda, un s\u00e9jour reposant sous le magnifique village m\u00e9di\u00e9val\",\"breadcrumb\":{\"@id\":\"https:\\\/\\\/www.smeraldosirmione.com\\\/fr\\\/thermes-sirmione\\\/#breadcrumb\"},\"inLanguage\":\"fr-FR\",\"potentialAction\":[{\"@type\":\"ReadAction\",\"target\":[\"https:\\\/\\\/www.smeraldosirmione.com\\\/fr\\\/thermes-sirmione\\\/\"]}]},{\"@type\":\"ImageObject\",\"inLanguage\":\"fr-FR\",\"@id\":\"https:\\\/\\\/www.smeraldosirmione.com\\\/fr\\\/thermes-sirmione\\\/#primaryimage\",\"url\":\"https:\\\/\\\/www.smeraldosirmione.com\\\/wp-content\\\/uploads\\\/2014\\\/12\\\/terme-del-garda-top.jpg\",\"contentUrl\":\"https:\\\/\\\/www.smeraldosirmione.com\\\/wp-content\\\/uploads\\\/2014\\\/12\\\/terme-del-garda-top.jpg\"},{\"@type\":\"BreadcrumbList\",\"@id\":\"https:\\\/\\\/www.smeraldosirmione.com\\\/fr\\\/thermes-sirmione\\\/#breadcrumb\",\"itemListElement\":[{\"@type\":\"ListItem\",\"position\":1,\"name\":\"Home\",\"item\":\"https:\\\/\\\/www.smeraldosirmione.com\\\/fr\\\/\"},{\"@type\":\"ListItem\",\"position\":2,\"name\":\"Thermes Sirmione\"}]},{\"@type\":\"WebSite\",\"@id\":\"https:\\\/\\\/www.smeraldosirmione.com\\\/#website\",\"url\":\"https:\\\/\\\/www.smeraldosirmione.com\\\/\",\"name\":\"Hotel Smeraldo\",\"description\":\"H\u00f4tel de Sirmione au coeur du lac de Garde\",\"potentialAction\":[{\"@type\":\"SearchAction\",\"target\":{\"@type\":\"EntryPoint\",\"urlTemplate\":\"https:\\\/\\\/www.smeraldosirmione.com\\\/?s={search_term_string}\"},\"query-input\":{\"@type\":\"PropertyValueSpecification\",\"valueRequired\":true,\"valueName\":\"search_term_string\"}}],\"inLanguage\":\"fr-FR\"}]}<\/script>\n<!-- \/ Yoast SEO plugin. -->","yoast_head_json":{"title":"Thermes Sirmione et du Garda pr\u00e8s Hotel Smeraldo","description":"Thermes Sirmione et du Garda pr\u00e8s Hotel Smeraldo, Aquaria et Parc Thermal de Garda, un s\u00e9jour reposant sous le magnifique village m\u00e9di\u00e9val","robots":{"index":"index","follow":"follow","max-snippet":"max-snippet:-1","max-image-preview":"max-image-preview:large","max-video-preview":"max-video-preview:-1"},"canonical":"https:\/\/www.smeraldosirmione.com\/fr\/thermes-sirmione\/","og_locale":"fr_FR","og_type":"article","og_title":"Thermes Sirmione et du Garda pr\u00e8s Hotel Smeraldo","og_description":"Thermes Sirmione et du Garda pr\u00e8s Hotel Smeraldo, Aquaria et Parc Thermal de Garda, un s\u00e9jour reposant sous le magnifique village m\u00e9di\u00e9val","og_url":"https:\/\/www.smeraldosirmione.com\/fr\/thermes-sirmione\/","og_site_name":"Hotel Smeraldo","article_modified_time":"2024-01-04T06:32:12+00:00","og_image":[{"url":"https:\/\/www.smeraldosirmione.com\/wp-content\/uploads\/2014\/12\/terme-del-garda-top.jpg","type":"","width":"","height":""}],"twitter_misc":{"Dur\u00e9e de lecture estim\u00e9e":"2 minutes"},"schema":{"@context":"https:\/\/schema.org","@graph":[{"@type":"WebPage","@id":"https:\/\/www.smeraldosirmione.com\/fr\/thermes-sirmione\/","url":"https:\/\/www.smeraldosirmione.com\/fr\/thermes-sirmione\/","name":"Thermes Sirmione et du Garda pr\u00e8s Hotel Smeraldo","isPartOf":{"@id":"https:\/\/www.smeraldosirmione.com\/#website"},"primaryImageOfPage":{"@id":"https:\/\/www.smeraldosirmione.com\/fr\/thermes-sirmione\/#primaryimage"},"image":{"@id":"https:\/\/www.smeraldosirmione.com\/fr\/thermes-sirmione\/#primaryimage"},"thumbnailUrl":"https:\/\/www.smeraldosirmione.com\/wp-content\/uploads\/2014\/12\/terme-del-garda-top.jpg","datePublished":"2015-02-23T05:32:07+00:00","dateModified":"2024-01-04T06:32:12+00:00","description":"Thermes Sirmione et du Garda pr\u00e8s Hotel Smeraldo, Aquaria et Parc Thermal de Garda, un s\u00e9jour reposant sous le magnifique village m\u00e9di\u00e9val","breadcrumb":{"@id":"https:\/\/www.smeraldosirmione.com\/fr\/thermes-sirmione\/#breadcrumb"},"inLanguage":"fr-FR","potentialAction":[{"@type":"ReadAction","target":["https:\/\/www.smeraldosirmione.com\/fr\/thermes-sirmione\/"]}]},{"@type":"ImageObject","inLanguage":"fr-FR","@id":"https:\/\/www.smeraldosirmione.com\/fr\/thermes-sirmione\/#primaryimage","url":"https:\/\/www.smeraldosirmione.com\/wp-content\/uploads\/2014\/12\/terme-del-garda-top.jpg","contentUrl":"https:\/\/www.smeraldosirmione.com\/wp-content\/uploads\/2014\/12\/terme-del-garda-top.jpg"},{"@type":"BreadcrumbList","@id":"https:\/\/www.smeraldosirmione.com\/fr\/thermes-sirmione\/#breadcrumb","itemListElement":[{"@type":"ListItem","position":1,"name":"Home","item":"https:\/\/www.smeraldosirmione.com\/fr\/"},{"@type":"ListItem","position":2,"name":"Thermes Sirmione"}]},{"@type":"WebSite","@id":"https:\/\/www.smeraldosirmione.com\/#website","url":"https:\/\/www.smeraldosirmione.com\/","name":"Hotel Smeraldo","description":"H\u00f4tel de Sirmione au coeur du lac de Garde","potentialAction":[{"@type":"SearchAction","target":{"@type":"EntryPoint","urlTemplate":"https:\/\/www.smeraldosirmione.com\/?s={search_term_string}"},"query-input":{"@type":"PropertyValueSpecification","valueRequired":true,"valueName":"search_term_string"}}],"inLanguage":"fr-FR"}]}},"_links":{"self":[{"href":"https:\/\/www.smeraldosirmione.com\/fr\/wp-json\/wp\/v2\/pages\/189","targetHints":{"allow":["GET"]}}],"collection":[{"href":"https:\/\/www.smeraldosirmione.com\/fr\/wp-json\/wp\/v2\/pages"}],"about":[{"href":"https:\/\/www.smeraldosirmione.com\/fr\/wp-json\/wp\/v2\/types\/page"}],"author":[{"embeddable":true,"href":"https:\/\/www.smeraldosirmione.com\/fr\/wp-json\/wp\/v2\/users\/3"}],"replies":[{"embeddable":true,"href":"https:\/\/www.smeraldosirmione.com\/fr\/wp-json\/wp\/v2\/comments?post=189"}],"version-history":[{"count":0,"href":"https:\/\/www.smeraldosirmione.com\/fr\/wp-json\/wp\/v2\/pages\/189\/revisions"}],"wp:attachment":[{"href":"https:\/\/www.smeraldosirmione.com\/fr\/wp-json\/wp\/v2\/media?parent=189"}],"curies":[{"name":"wp","href":"https:\/\/api.w.org\/{rel}","templated":true}]}}