{"id":187,"date":"2015-02-23T06:30:11","date_gmt":"2015-02-23T05:30:11","guid":{"rendered":"https:\/\/www.smeraldosirmione.com\/?page_id=187"},"modified":"2024-01-04T07:18:35","modified_gmt":"2024-01-04T06:18:35","slug":"garda-parcs","status":"publish","type":"page","link":"https:\/\/www.smeraldosirmione.com\/fr\/garda-parcs\/","title":{"rendered":"Garda Parcs"},"content":{"rendered":"\n<h3 class=\"wp-block-heading\">Les Garda Parcs, amusement, aquatiques et naturels pour toute la famille<\/h3>\n\n\n\n<p>apporter sur le lac de nombreux touristes chaque ann\u00e9e, que pour ans ils se sont principalement int\u00e9ress\u00e9s \u00e0 l&rsquo;amusement sobre mais, depuis quelque temps, ils ont aussi tourn\u00e9 leur int\u00e9r\u00eat aux beaut\u00e9s naturelles, qu&rsquo;ils ne manquent pas ici s\u00fbrement, en portant ainsi \u00e0 une am\u00e9lioration g\u00e9n\u00e9rale de l&rsquo;offre.<\/p>\n\n\n\n<p>Les parcs d&rsquo;attractions de Garda plus connus sont Gardaland, Sea-Life, Movieland, m\u00e9di\u00e9val-Time, Jungle Adventure; comme parcs aquatique sur la Garda sont Caneva parc aquatique, parc Cavour, Parc Ninfee, Parc Picoverde, La Quiete parc; comme parcs naturel du lac de Garde sont Parco Natura Viva &#8211; Zoo Safari, Parc Jardin Sigurt\u00e0, Parc du Mincio, le parc du Mont Baldo, parc Alto Garda Bresciano, parc de la Forteresse de Manerba. H\u00f4tel Smeraldo \u00e0 Sirmione est en position optimale pour atteindre tous les Garda parcs.<\/p>\n\n\n\n<figure class=\"wp-block-gallery has-nested-images columns-default is-cropped wp-block-gallery-1 is-layout-flex wp-block-gallery-is-layout-flex\">\n<figure class=\"wp-block-image size-large\"><img loading=\"lazy\" decoding=\"async\" width=\"1024\" height=\"768\" data-id=\"2925\" src=\"https:\/\/www.smeraldosirmione.com\/wp-content\/uploads\/2024\/01\/parchi-naturali-del-garda-b-1024x768-1.jpg\" alt=\"\" class=\"wp-image-2925\" srcset=\"https:\/\/www.smeraldosirmione.com\/wp-content\/uploads\/2024\/01\/parchi-naturali-del-garda-b-1024x768-1.jpg 1024w, https:\/\/www.smeraldosirmione.com\/wp-content\/uploads\/2024\/01\/parchi-naturali-del-garda-b-1024x768-1-800x600.jpg 800w, https:\/\/www.smeraldosirmione.com\/wp-content\/uploads\/2024\/01\/parchi-naturali-del-garda-b-1024x768-1-300x225.jpg 300w, https:\/\/www.smeraldosirmione.com\/wp-content\/uploads\/2024\/01\/parchi-naturali-del-garda-b-1024x768-1-768x576.jpg 768w\" sizes=\"auto, (max-width: 1024px) 100vw, 1024px\" \/><\/figure>\n\n\n\n<figure class=\"wp-block-image size-large\"><img loading=\"lazy\" decoding=\"async\" width=\"1024\" height=\"768\" data-id=\"2920\" src=\"https:\/\/www.smeraldosirmione.com\/wp-content\/uploads\/2024\/01\/parchi-naturali-del-garda-c-1024x768-1.jpg\" alt=\"\" class=\"wp-image-2920\" srcset=\"https:\/\/www.smeraldosirmione.com\/wp-content\/uploads\/2024\/01\/parchi-naturali-del-garda-c-1024x768-1.jpg 1024w, https:\/\/www.smeraldosirmione.com\/wp-content\/uploads\/2024\/01\/parchi-naturali-del-garda-c-1024x768-1-800x600.jpg 800w, https:\/\/www.smeraldosirmione.com\/wp-content\/uploads\/2024\/01\/parchi-naturali-del-garda-c-1024x768-1-300x225.jpg 300w, https:\/\/www.smeraldosirmione.com\/wp-content\/uploads\/2024\/01\/parchi-naturali-del-garda-c-1024x768-1-768x576.jpg 768w\" sizes=\"auto, (max-width: 1024px) 100vw, 1024px\" \/><\/figure>\n\n\n\n<figure class=\"wp-block-image size-large\"><img loading=\"lazy\" decoding=\"async\" width=\"1024\" height=\"768\" data-id=\"2910\" src=\"https:\/\/www.smeraldosirmione.com\/wp-content\/uploads\/2024\/01\/parco-giardino-sigurta-1024x768-1.jpg\" alt=\"\" class=\"wp-image-2910\" srcset=\"https:\/\/www.smeraldosirmione.com\/wp-content\/uploads\/2024\/01\/parco-giardino-sigurta-1024x768-1.jpg 1024w, https:\/\/www.smeraldosirmione.com\/wp-content\/uploads\/2024\/01\/parco-giardino-sigurta-1024x768-1-800x600.jpg 800w, https:\/\/www.smeraldosirmione.com\/wp-content\/uploads\/2024\/01\/parco-giardino-sigurta-1024x768-1-300x225.jpg 300w, https:\/\/www.smeraldosirmione.com\/wp-content\/uploads\/2024\/01\/parco-giardino-sigurta-1024x768-1-768x576.jpg 768w\" sizes=\"auto, (max-width: 1024px) 100vw, 1024px\" \/><\/figure>\n<\/figure>\n\n\n\n<p><strong><a title=\"Parc Nature Vive - Zoo Safari\" href=\"http:\/\/www.hotel-in-sirmione.com\/fr\/parc-nature-vive\/\" target=\"_blank\" rel=\"noopener\">Parc Nature Vive<\/a><\/strong>: Vous pouvez ici marcher dans la jungle tropicale en observant oiseaux bariol\u00e9s, observer reptiles et ca\u00efmans ou admirer les animaux africains de la fen\u00eatre de votre voiture comme un safari, ou observer les grands \u00eatres vivants pr\u00e9historiques \u00e0 la grandeur naturelle. Ouvert depuis Mars \u00e0 Novembre et fin semaine de D\u00e9cembre; \u00e0 vingt kilom\u00e8tres de h\u00f4tel Smeraldo \u00e0 Sirmione.&nbsp;<a title=\"Parc Nature Vive - Zoo Safari\" href=\"http:\/\/www.hotel-in-sirmione.com\/fr\/parc-nature-vive\/\" target=\"_blank\" rel=\"noopener\">&#8230;&#8230;. en savoir plus<\/a><\/p>\n\n\n\n<p><a title=\"Parc Naturel du Mincio\" href=\"http:\/\/www.hotel-in-sirmione.com\/fr\/parc-naturel-du-mincio\/\" target=\"_blank\" rel=\"noopener\"><strong>Parc Naturel du Mincio<\/strong><\/a>: Il s&rsquo;\u00e9tend du Garda au fleuve Po, en suivant le fleuve Mincio qu&rsquo;il commence de Peschiera et il passe des lacs de la ville de Mantoue, il comprend zones amples \u00e0 cannaie o\u00f9 elles vivent beaucoup de surtout d&rsquo;oiseaux aquatiques; le Parc du Mincio comprend quelques R\u00e9serves Naturelles comme Castellaro Lagusello, Parc Bertone, Vall\u00e9es du Mincio, Vallazza; quelques Centres Visiteurs et des infopoint. Le point plus pr\u00e8s \u00e0 l&rsquo;h\u00f4tel Smeraldo est cette de Castellaro Lagusello. <a title=\"Parc Naturel du Mincio\" href=\"http:\/\/www.hotel-in-sirmione.com\/fr\/parc-naturel-du-mincio\/\" target=\"_blank\" rel=\"noopener\">&#8230;.. en savoir plus<\/a><\/p>\n\n\n\n<p><a title=\"Parc Jardin Sigurt\u00e0\" href=\"http:\/\/www.hotel-in-sirmione.com\/fr\/parc-jardin-sigurta\/\" target=\"_blank\" rel=\"noopener\"><strong>Parc Jardin Sigurt\u00e0<\/strong><\/a>: Et &lsquo;c\u00e9l\u00e8bre dans le monde pour sa beaut\u00e9, ancienne propri\u00e9t\u00e9 de&rsquo; 400 situ\u00e9 dans le centre de Valeggio sur le Mincio, enchante ses visiteurs avec la beaut\u00e9 de ses cinq grandes floraisons qui marquent les saisons; sont diverses attractions dans le parc, entre le plus connues les \u00ab\u00a0Avenue des Roses\u00a0\u00bb, le ch\u00e2teau, les jardins aquatiques. Ouvert de Mars \u00e0 Novembre.&nbsp;<a title=\"Parc Jardin Sigurt\u00e0\" href=\"http:\/\/www.hotel-in-sirmione.com\/fr\/parc-jardin-sigurta\/\" target=\"_blank\" rel=\"noopener\">&#8230;.. en savoir plus<\/a><\/p>\n\n\n\n<p><a title=\"Parc Haut Garda Bresciano\" href=\"http:\/\/www.hotel-in-sirmione.com\/fr\/parc-haut-garda-bresciano\/\" target=\"_blank\" rel=\"noopener\"><strong>Parc Haut\u00a0Garda Bresciano<\/strong><\/a>: Il est form\u00e9 par deux r\u00e9alit\u00e9s territoriales: la C\u00f4te du Garda, avec des caract\u00e9ristiques m\u00e9diterran\u00e9ennes et l&rsquo;arri\u00e8re-pays montent avec des cimes qui effleurent les deux-mille m\u00e8tres. La zone int\u00e9ress\u00e9e est distribu\u00e9e sur neuf communes, Sal\u00f2, Gardone Riviera, Toscolano Maderno, Gargnano, Tignale, Tremosine, Limone sur Garda, Valvestino et Magasa, et il comprend huit mus\u00e9es, Mus\u00e9e du Parc Centre Visiteurs, Ecomuseo Limonaia Pra&rsquo; dela Fam, Mus\u00e9e Etnografico du Valvestino, Mus\u00e9e Botanique Don Pietro Port\u00e9e, Limonaia du Cast\u00e8l, Mus\u00e9e Arch\u00e9ologique A.M. Mucchi, Observatoire Naturaliste, exposition permanents \u00ab\u00a0Anciens m\u00e9tiers, le moulin \u00e0 l&rsquo;eau\u00a0\u00bb.<a title=\"Parc Haut Garda Bresciano\" href=\"http:\/\/www.hotel-in-sirmione.com\/fr\/parc-haut-garda-bresciano\/\" target=\"_blank\" rel=\"noopener\"> &#8230;.. en savoir plus<\/a><\/p>\n\n\n\n<figure class=\"wp-block-gallery has-nested-images columns-default is-cropped wp-block-gallery-2 is-layout-flex wp-block-gallery-is-layout-flex\">\n<figure class=\"wp-block-image size-large\"><img loading=\"lazy\" decoding=\"async\" width=\"1024\" height=\"768\" data-id=\"2940\" src=\"https:\/\/www.smeraldosirmione.com\/wp-content\/uploads\/2024\/01\/parchi-acquatici-lago-di-garda-c-rio-1024x768-1.jpg\" alt=\"\" class=\"wp-image-2940\" srcset=\"https:\/\/www.smeraldosirmione.com\/wp-content\/uploads\/2024\/01\/parchi-acquatici-lago-di-garda-c-rio-1024x768-1.jpg 1024w, https:\/\/www.smeraldosirmione.com\/wp-content\/uploads\/2024\/01\/parchi-acquatici-lago-di-garda-c-rio-1024x768-1-800x600.jpg 800w, https:\/\/www.smeraldosirmione.com\/wp-content\/uploads\/2024\/01\/parchi-acquatici-lago-di-garda-c-rio-1024x768-1-300x225.jpg 300w, https:\/\/www.smeraldosirmione.com\/wp-content\/uploads\/2024\/01\/parchi-acquatici-lago-di-garda-c-rio-1024x768-1-768x576.jpg 768w\" sizes=\"auto, (max-width: 1024px) 100vw, 1024px\" \/><\/figure>\n\n\n\n<figure class=\"wp-block-image size-large\"><img loading=\"lazy\" decoding=\"async\" width=\"1024\" height=\"768\" data-id=\"2935\" src=\"https:\/\/www.smeraldosirmione.com\/wp-content\/uploads\/2024\/01\/parchi-acquatici-lago-di-garda-b-quiete-1024x768-1.jpg\" alt=\"\" class=\"wp-image-2935\" srcset=\"https:\/\/www.smeraldosirmione.com\/wp-content\/uploads\/2024\/01\/parchi-acquatici-lago-di-garda-b-quiete-1024x768-1.jpg 1024w, https:\/\/www.smeraldosirmione.com\/wp-content\/uploads\/2024\/01\/parchi-acquatici-lago-di-garda-b-quiete-1024x768-1-800x600.jpg 800w, https:\/\/www.smeraldosirmione.com\/wp-content\/uploads\/2024\/01\/parchi-acquatici-lago-di-garda-b-quiete-1024x768-1-300x225.jpg 300w, https:\/\/www.smeraldosirmione.com\/wp-content\/uploads\/2024\/01\/parchi-acquatici-lago-di-garda-b-quiete-1024x768-1-768x576.jpg 768w\" sizes=\"auto, (max-width: 1024px) 100vw, 1024px\" \/><\/figure>\n\n\n\n<figure class=\"wp-block-image size-large\"><img loading=\"lazy\" decoding=\"async\" width=\"1024\" height=\"768\" data-id=\"2930\" src=\"https:\/\/www.smeraldosirmione.com\/wp-content\/uploads\/2024\/01\/parchi-acquatici-lago-di-garda-a-1024x768-1.jpg\" alt=\"\" class=\"wp-image-2930\" srcset=\"https:\/\/www.smeraldosirmione.com\/wp-content\/uploads\/2024\/01\/parchi-acquatici-lago-di-garda-a-1024x768-1.jpg 1024w, https:\/\/www.smeraldosirmione.com\/wp-content\/uploads\/2024\/01\/parchi-acquatici-lago-di-garda-a-1024x768-1-800x600.jpg 800w, https:\/\/www.smeraldosirmione.com\/wp-content\/uploads\/2024\/01\/parchi-acquatici-lago-di-garda-a-1024x768-1-300x225.jpg 300w, https:\/\/www.smeraldosirmione.com\/wp-content\/uploads\/2024\/01\/parchi-acquatici-lago-di-garda-a-1024x768-1-768x576.jpg 768w\" sizes=\"auto, (max-width: 1024px) 100vw, 1024px\" \/><\/figure>\n<\/figure>\n\n\n\n<p><a title=\"Parc Gardaland\" href=\"http:\/\/www.hotel-in-sirmione.com\/fr\/parc-gardaland\/\" target=\"_blank\" rel=\"noopener\"><strong>Parc Gardaland<\/strong><\/a>: est le parc d&rsquo;attractions italien le plus connu, tous les ans il ins\u00e8re nouveaux jeux et nouveaux spectacles pour adultes et familles, montagnes russes, colorado boat, jungle rapids, spectacles du soir et tr\u00e8s autre. Ils compl\u00e8tent les services, restaurants au sujet, kiosques, bar, magasins de souvenir. <a title=\"Parc Gardaland\" href=\"http:\/\/www.hotel-in-sirmione.com\/fr\/parc-gardaland\/\" target=\"_blank\" rel=\"noopener\">&#8230; en savoir plus<\/a><\/p>\n\n\n\n<p><a title=\"Parc Movieland Studios\" href=\"http:\/\/www.hotel-in-sirmione.com\/fr\/parc-movieland-studios\/\" target=\"_blank\" rel=\"noopener\"><strong>Parc Movieland Studios<\/strong><\/a>: c&rsquo;est le parc du Garda d\u00e9di\u00e9 au monde du cin\u00e9ma, vingt attractions et spectacles feront environ y entendre comme sur le set de quelques-uns films c\u00e9l\u00e8bres et gr\u00e2ce \u00e0 stuntman et sosie d acteurs c\u00e9l\u00e8bres se sentiront partie de ce monde. Le Movieland Studios est apte \u00e0 tous, de grands \u00e0 enfants. <a title=\"Parc Movieland Studios\" href=\"http:\/\/www.hotel-in-sirmione.com\/fr\/parc-movieland-studios\/\" target=\"_blank\" rel=\"noopener\">&#8230; en savoir plus<\/a><\/p>\n\n\n\n<p><a title=\"Parc Caneva Aquapark\" href=\"http:\/\/www.hotel-in-sirmione.com\/fr\/parc-caneva-aquapark\/\" target=\"_blank\" rel=\"noopener\"><strong>Parc Caneva Aquapark<\/strong><\/a>: Lazise sul Garda est un grand parc dans le style des Cara\u00efbes avec du sable blanc, piscines lagon avec des rochers et des vagues comme \u00e0 la mer, de palmiers et de goulottes ou vous d\u00e9tendre Stukas. Restaurant avec spectacle \u00e0 Medieval Times, Rock Star et Rodeo Grill. <a title=\"Parc Caneva Aquapark\" href=\"http:\/\/www.hotel-in-sirmione.com\/fr\/parc-caneva-aquapark\/\" target=\"_blank\" rel=\"noopener\">&#8230; en savoir plus<\/a><\/p>\n\n\n\n<p><a title=\"Parc acquatique La Quiete\" href=\"http:\/\/www.hotel-in-sirmione.com\/fr\/parc-la-quiete\/\" target=\"_blank\" rel=\"noopener\"><strong>Parc aquatique La Quiete<\/strong><\/a>: il est form\u00e9 par une grande zone avec des zones au pr\u00e9, zones plant\u00e9es des arbres, un petit lac o\u00f9 on peut p\u00eacher, trois piscines de diff\u00e9rentes dimensions et profondeur, zone joue pour enfants et adultes, zone sport avec du beach volley et minigolf, restaurant bar et barbeque pour vos pics nic. Un parc o\u00f9 se d\u00e9tendre avec la famille ou les amis. Ouvert depuis mai fin \u00e0 la moiti\u00e9 septembre.&nbsp; <a title=\"Parc acquatique La Quiete\" href=\"http:\/\/www.hotel-in-sirmione.com\/fr\/parc-la-quiete\/\" target=\"_blank\" rel=\"noopener\">&#8230; en savoir plus<\/a><\/p>\n\n\n\n<p><a title=\"Parc Picoverde\" href=\"http:\/\/www.hotel-in-sirmione.com\/fr\/parc-picoverde\/\" target=\"_blank\" rel=\"noopener\"><strong> Parc Picoverde<\/strong><\/a>:de Custoza offre une zone relax \u00e9quip\u00e9 au milieu du vert pour les adultes et une zone tu joues pour les enfants, il y a en outre piscine olympique, emplacements hydromassage, champ de calcetto et de tennis.<a title=\"Parc Picoverde\" href=\"http:\/\/www.hotel-in-sirmione.com\/fr\/parc-picoverde\/\" target=\"_blank\" rel=\"noopener\"> &#8230; en savoir plus<\/a><\/p>\n\n\n\n<p><strong><a title=\"Parc acquatique Cavour\" href=\"http:\/\/www.hotel-in-sirmione.com\/fr\/parc-aquatique-cavour\/\" target=\"_blank\" rel=\"noopener\">Parc aquatique Cavour<\/a>:<\/strong>&nbsp;de Valeggio sur le Mincio il offre une grande zone verte aussi au pr\u00e9 avec de l&rsquo;attractions aquatiques diff\u00e9rentes avec des toboggans, piscines, lagunes, plage; entre les attractions les plus belles il y a Iceberg, une \u00eele arctique avec des ours polaires et pingouins; Robinson&rsquo;s Beach, un grand navire avec des toboggans et pont tib\u00e9tain, Paradise Island, une \u00eele rocheuse avec des toboggans et piscines.&nbsp;<a title=\"Parc Acquatique Cavour\" href=\"http:\/\/www.hotel-in-sirmione.com\/fr\/parc-aquatique-cavour\/\" target=\"_blank\" rel=\"noopener\">&#8230; en savoir plus<\/a><\/p>\n\n\n\n<p><a title=\"Parc RioValli\" href=\"http:\/\/www.hotel-in-sirmione.com\/fr\/parc-aquatique-riovalli\/\" target=\"_blank\" rel=\"noopener\"><strong>Parc RioValli<\/strong><\/a>: c&rsquo;est un parc aquatique qui se trouve sur la berge veronese du lac de Garda, au Cavaion Veronese, c&rsquo;est un parc de pas grandes dimensions mais il offre relax sp\u00e9cialement aux familles avec des enfants, avec une zone \u00e0 eux compl\u00e8tement d\u00e9di\u00e9e a les enfants incluse la piscine Lagune et une zone verte au pr\u00e9 avec j&rsquo;\u00e9tends et parasols; ne pas piscines et toboggans aussi pour les adultes. <a title=\"Parc Aquatique Riovalli\" href=\"http:\/\/www.hotel-in-sirmione.com\/fr\/parc-aquatique-riovalli\/\" target=\"_blank\" rel=\"noopener\">&#8230; en savoir plus<\/a><\/p>\n","protected":false},"excerpt":{"rendered":"<p>Les Garda Parcs, amusement, aquatiques et naturels pour toute la famille apporter [&hellip;]<\/p>\n","protected":false},"author":3,"featured_media":0,"parent":0,"menu_order":86,"comment_status":"open","ping_status":"open","template":"","meta":{"_acf_changed":false,"footnotes":""},"class_list":["post-187","page","type-page","status-publish","hentry"],"acf":[],"yoast_head":"<!-- This site is optimized with the Yoast SEO plugin v27.3 - https:\/\/yoast.com\/product\/yoast-seo-wordpress\/ -->\n<title>Garda Parcs pr\u00e8s de H\u00f4tel Smeraldo \u00e0 Sirmione<\/title>\n<meta name=\"description\" content=\"Garda Parcs, pr\u00e8s de Sirmione, parcs naturels et d&#039;amusement, tu passes ta journ\u00e9e aux parcs et le soir en le plus beau bourg du lac de Garda\" \/>\n<meta name=\"robots\" content=\"index, follow, max-snippet:-1, max-image-preview:large, max-video-preview:-1\" \/>\n<link rel=\"canonical\" href=\"https:\/\/www.smeraldosirmione.com\/fr\/garda-parcs\/\" \/>\n<meta property=\"og:locale\" content=\"fr_FR\" \/>\n<meta property=\"og:type\" content=\"article\" \/>\n<meta property=\"og:title\" content=\"Garda Parcs pr\u00e8s de H\u00f4tel Smeraldo \u00e0 Sirmione\" \/>\n<meta property=\"og:description\" content=\"Garda Parcs, pr\u00e8s de Sirmione, parcs naturels et d&#039;amusement, tu passes ta journ\u00e9e aux parcs et le soir en le plus beau bourg du lac de Garda\" \/>\n<meta property=\"og:url\" content=\"https:\/\/www.smeraldosirmione.com\/fr\/garda-parcs\/\" \/>\n<meta property=\"og:site_name\" content=\"Hotel Smeraldo\" \/>\n<meta property=\"article:modified_time\" content=\"2024-01-04T06:18:35+00:00\" \/>\n<meta property=\"og:image\" content=\"https:\/\/www.smeraldosirmione.com\/wp-content\/uploads\/2024\/01\/parchi-naturali-del-garda-b-1024x768-1.jpg\" \/>\n<meta name=\"twitter:label1\" content=\"Dur\u00e9e de lecture estim\u00e9e\" \/>\n\t<meta name=\"twitter:data1\" content=\"6 minutes\" \/>\n<script type=\"application\/ld+json\" class=\"yoast-schema-graph\">{\"@context\":\"https:\\\/\\\/schema.org\",\"@graph\":[{\"@type\":\"WebPage\",\"@id\":\"https:\\\/\\\/www.smeraldosirmione.com\\\/fr\\\/garda-parcs\\\/\",\"url\":\"https:\\\/\\\/www.smeraldosirmione.com\\\/fr\\\/garda-parcs\\\/\",\"name\":\"Garda Parcs pr\u00e8s de H\u00f4tel Smeraldo \u00e0 Sirmione\",\"isPartOf\":{\"@id\":\"https:\\\/\\\/www.smeraldosirmione.com\\\/#website\"},\"primaryImageOfPage\":{\"@id\":\"https:\\\/\\\/www.smeraldosirmione.com\\\/fr\\\/garda-parcs\\\/#primaryimage\"},\"image\":{\"@id\":\"https:\\\/\\\/www.smeraldosirmione.com\\\/fr\\\/garda-parcs\\\/#primaryimage\"},\"thumbnailUrl\":\"https:\\\/\\\/www.smeraldosirmione.com\\\/wp-content\\\/uploads\\\/2024\\\/01\\\/parchi-naturali-del-garda-b-1024x768-1.jpg\",\"datePublished\":\"2015-02-23T05:30:11+00:00\",\"dateModified\":\"2024-01-04T06:18:35+00:00\",\"description\":\"Garda Parcs, pr\u00e8s de Sirmione, parcs naturels et d'amusement, tu passes ta journ\u00e9e aux parcs et le soir en le plus beau bourg du lac de Garda\",\"breadcrumb\":{\"@id\":\"https:\\\/\\\/www.smeraldosirmione.com\\\/fr\\\/garda-parcs\\\/#breadcrumb\"},\"inLanguage\":\"fr-FR\",\"potentialAction\":[{\"@type\":\"ReadAction\",\"target\":[\"https:\\\/\\\/www.smeraldosirmione.com\\\/fr\\\/garda-parcs\\\/\"]}]},{\"@type\":\"ImageObject\",\"inLanguage\":\"fr-FR\",\"@id\":\"https:\\\/\\\/www.smeraldosirmione.com\\\/fr\\\/garda-parcs\\\/#primaryimage\",\"url\":\"https:\\\/\\\/www.smeraldosirmione.com\\\/wp-content\\\/uploads\\\/2024\\\/01\\\/parchi-naturali-del-garda-b-1024x768-1.jpg\",\"contentUrl\":\"https:\\\/\\\/www.smeraldosirmione.com\\\/wp-content\\\/uploads\\\/2024\\\/01\\\/parchi-naturali-del-garda-b-1024x768-1.jpg\"},{\"@type\":\"BreadcrumbList\",\"@id\":\"https:\\\/\\\/www.smeraldosirmione.com\\\/fr\\\/garda-parcs\\\/#breadcrumb\",\"itemListElement\":[{\"@type\":\"ListItem\",\"position\":1,\"name\":\"Home\",\"item\":\"https:\\\/\\\/www.smeraldosirmione.com\\\/fr\\\/\"},{\"@type\":\"ListItem\",\"position\":2,\"name\":\"Garda Parcs\"}]},{\"@type\":\"WebSite\",\"@id\":\"https:\\\/\\\/www.smeraldosirmione.com\\\/#website\",\"url\":\"https:\\\/\\\/www.smeraldosirmione.com\\\/\",\"name\":\"Hotel Smeraldo\",\"description\":\"H\u00f4tel de Sirmione au coeur du lac de Garde\",\"potentialAction\":[{\"@type\":\"SearchAction\",\"target\":{\"@type\":\"EntryPoint\",\"urlTemplate\":\"https:\\\/\\\/www.smeraldosirmione.com\\\/?s={search_term_string}\"},\"query-input\":{\"@type\":\"PropertyValueSpecification\",\"valueRequired\":true,\"valueName\":\"search_term_string\"}}],\"inLanguage\":\"fr-FR\"}]}<\/script>\n<!-- \/ Yoast SEO plugin. -->","yoast_head_json":{"title":"Garda Parcs pr\u00e8s de H\u00f4tel Smeraldo \u00e0 Sirmione","description":"Garda Parcs, pr\u00e8s de Sirmione, parcs naturels et d'amusement, tu passes ta journ\u00e9e aux parcs et le soir en le plus beau bourg du lac de Garda","robots":{"index":"index","follow":"follow","max-snippet":"max-snippet:-1","max-image-preview":"max-image-preview:large","max-video-preview":"max-video-preview:-1"},"canonical":"https:\/\/www.smeraldosirmione.com\/fr\/garda-parcs\/","og_locale":"fr_FR","og_type":"article","og_title":"Garda Parcs pr\u00e8s de H\u00f4tel Smeraldo \u00e0 Sirmione","og_description":"Garda Parcs, pr\u00e8s de Sirmione, parcs naturels et d'amusement, tu passes ta journ\u00e9e aux parcs et le soir en le plus beau bourg du lac de Garda","og_url":"https:\/\/www.smeraldosirmione.com\/fr\/garda-parcs\/","og_site_name":"Hotel Smeraldo","article_modified_time":"2024-01-04T06:18:35+00:00","og_image":[{"url":"https:\/\/www.smeraldosirmione.com\/wp-content\/uploads\/2024\/01\/parchi-naturali-del-garda-b-1024x768-1.jpg","type":"","width":"","height":""}],"twitter_misc":{"Dur\u00e9e de lecture estim\u00e9e":"6 minutes"},"schema":{"@context":"https:\/\/schema.org","@graph":[{"@type":"WebPage","@id":"https:\/\/www.smeraldosirmione.com\/fr\/garda-parcs\/","url":"https:\/\/www.smeraldosirmione.com\/fr\/garda-parcs\/","name":"Garda Parcs pr\u00e8s de H\u00f4tel Smeraldo \u00e0 Sirmione","isPartOf":{"@id":"https:\/\/www.smeraldosirmione.com\/#website"},"primaryImageOfPage":{"@id":"https:\/\/www.smeraldosirmione.com\/fr\/garda-parcs\/#primaryimage"},"image":{"@id":"https:\/\/www.smeraldosirmione.com\/fr\/garda-parcs\/#primaryimage"},"thumbnailUrl":"https:\/\/www.smeraldosirmione.com\/wp-content\/uploads\/2024\/01\/parchi-naturali-del-garda-b-1024x768-1.jpg","datePublished":"2015-02-23T05:30:11+00:00","dateModified":"2024-01-04T06:18:35+00:00","description":"Garda Parcs, pr\u00e8s de Sirmione, parcs naturels et d'amusement, tu passes ta journ\u00e9e aux parcs et le soir en le plus beau bourg du lac de Garda","breadcrumb":{"@id":"https:\/\/www.smeraldosirmione.com\/fr\/garda-parcs\/#breadcrumb"},"inLanguage":"fr-FR","potentialAction":[{"@type":"ReadAction","target":["https:\/\/www.smeraldosirmione.com\/fr\/garda-parcs\/"]}]},{"@type":"ImageObject","inLanguage":"fr-FR","@id":"https:\/\/www.smeraldosirmione.com\/fr\/garda-parcs\/#primaryimage","url":"https:\/\/www.smeraldosirmione.com\/wp-content\/uploads\/2024\/01\/parchi-naturali-del-garda-b-1024x768-1.jpg","contentUrl":"https:\/\/www.smeraldosirmione.com\/wp-content\/uploads\/2024\/01\/parchi-naturali-del-garda-b-1024x768-1.jpg"},{"@type":"BreadcrumbList","@id":"https:\/\/www.smeraldosirmione.com\/fr\/garda-parcs\/#breadcrumb","itemListElement":[{"@type":"ListItem","position":1,"name":"Home","item":"https:\/\/www.smeraldosirmione.com\/fr\/"},{"@type":"ListItem","position":2,"name":"Garda Parcs"}]},{"@type":"WebSite","@id":"https:\/\/www.smeraldosirmione.com\/#website","url":"https:\/\/www.smeraldosirmione.com\/","name":"Hotel Smeraldo","description":"H\u00f4tel de Sirmione au coeur du lac de Garde","potentialAction":[{"@type":"SearchAction","target":{"@type":"EntryPoint","urlTemplate":"https:\/\/www.smeraldosirmione.com\/?s={search_term_string}"},"query-input":{"@type":"PropertyValueSpecification","valueRequired":true,"valueName":"search_term_string"}}],"inLanguage":"fr-FR"}]}},"_links":{"self":[{"href":"https:\/\/www.smeraldosirmione.com\/fr\/wp-json\/wp\/v2\/pages\/187","targetHints":{"allow":["GET"]}}],"collection":[{"href":"https:\/\/www.smeraldosirmione.com\/fr\/wp-json\/wp\/v2\/pages"}],"about":[{"href":"https:\/\/www.smeraldosirmione.com\/fr\/wp-json\/wp\/v2\/types\/page"}],"author":[{"embeddable":true,"href":"https:\/\/www.smeraldosirmione.com\/fr\/wp-json\/wp\/v2\/users\/3"}],"replies":[{"embeddable":true,"href":"https:\/\/www.smeraldosirmione.com\/fr\/wp-json\/wp\/v2\/comments?post=187"}],"version-history":[{"count":0,"href":"https:\/\/www.smeraldosirmione.com\/fr\/wp-json\/wp\/v2\/pages\/187\/revisions"}],"wp:attachment":[{"href":"https:\/\/www.smeraldosirmione.com\/fr\/wp-json\/wp\/v2\/media?parent=187"}],"curies":[{"name":"wp","href":"https:\/\/api.w.org\/{rel}","templated":true}]}}