{"id":185,"date":"2015-02-23T06:29:44","date_gmt":"2015-02-23T05:29:44","guid":{"rendered":"https:\/\/www.smeraldosirmione.com\/?page_id=185"},"modified":"2024-05-18T14:18:45","modified_gmt":"2024-05-18T12:18:45","slug":"hotel-pour-cyclistes","status":"publish","type":"page","link":"https:\/\/www.smeraldosirmione.com\/fr\/hotel-pour-cyclistes\/","title":{"rendered":"Hotel pour Cyclistes"},"content":{"rendered":"\n<h4 class=\"wp-block-heading\">Hotel pour cyclistes au Sirmione, le point meilleur pour p\u00e9daler sur le Garda.<\/h4>\n\n\n\n<p>Sirmione et tu es au centre du Garda, plaine ou collines, itin\u00e9raires en mountainbike parcourus pour cyclistes, tour pour entre ch\u00e2teaux m\u00e9di\u00e9vaux, vignerons et vieux bourgs de campagne o\u00f9 elles ont combattu batailles historiques ou suivent le placide fleuve Mincio avec les enfants. Voici itin\u00e9raires pour tous les jambes.<\/p>\n\n\n\n<p>Entre les <strong>services hotel pour cyclistes<\/strong> que vous trouvez \u00e0 l&rsquo;h\u00f4tel Smeraldo il y sont les <strong>cartes des itin\u00e9raires mtb<\/strong> sur le Garda, parcouru cyclables faciles, bicyclettes apte pour p\u00e9daler dans les alentours de Sirmione ou la <strong>location des mountainbike<\/strong> sur il mesure avec \u00e9quipement, <strong>d\u00e9p\u00f4t s\u00fbr pour votre v\u00e9lo<\/strong> (si tu ne pr\u00e9f\u00e8res pas la porter en chambre), <strong>zone lavage<\/strong> avec support v\u00e9lo pour l&rsquo;entretien et outils; m\u00e9canicien de confiance dans les environs, <strong>tour en mtb<\/strong> depuis mai \u00e0 l&rsquo;octobre avec guide dans diverses localit\u00e9s de la Garda. <span style=\"color: #ff0000;\"><strong>(Le service de visite guid\u00e9e est temporairement suspendu)<\/strong><\/span><\/p>\n\n\n\n<h5 class=\"wp-block-heading\">Excursions en MountainBike sur le Garda<\/h5>\n\n\n\n<p>En collaboration avec de l&rsquo;UBmajor, depuis mai \u00e0 l&rsquo;octobre, l&rsquo;h\u00f4tel offre \u00e0 ses clients des excursions avec accompagnateur pour itin\u00e9raires en v\u00e9lo mountainbike en quelques localit\u00e9s du Garda, les excursions sont gratuites totalement pour celui qui utilise la propre bicyclette et elles sont aptes aussi pour familles avec des enfants d&rsquo;au moins dix ans.<\/p>\n\n\n\n<p>Le lac de Garde avec v\u00e9lo, voici quelques-uns de nos circuits de v\u00e9lo&nbsp;mountainbike<\/p>\n\n\n\n<p><a title=\"Tour v\u00e9lo San Felice del Benaco\" href=\"http:\/\/www.hotel-in-sirmione.com\/fr\/tour-velo-san-felice-du-benaco\/\" target=\"_blank\" rel=\"noopener noreferrer\">San Felice del Benaco<\/a>:&nbsp;Itin\u00e9raire avec beaucoup de la route de terre qui se d\u00e9veloppe dans Valtenesi, le territoire de vignobles, ch\u00e2teaux, villages m\u00e9di\u00e9vaux et \u00e9glises romanes<\/p>\n\n\n\n<p><a title=\"Tour v\u00e9lo Solferino et San Martino\" href=\"http:\/\/www.hotel-in-sirmione.com\/fr\/tour-velo-solferino-et-san-martino\/\" target=\"_blank\" rel=\"noopener noreferrer\">Solferino et San Martino<\/a>:&nbsp;Circuit qui a lieu sur les terres de lugana, vin du lac de Garde, dans la partie centrale des collines de la Garda qui embrassent toute la partie sud du lac, le territoire qui a vu en 1859 la bataille de Solferino et San Martino.<\/p>\n\n\n\n<p><a title=\"Tour v\u00e9lo lacs de Sovenigo\" href=\"http:\/\/www.hotel-in-sirmione.com\/fr\/tour-velo-lacs-de-sovenigo\/\" target=\"_blank\" rel=\"noopener noreferrer\">Lacs de Sovenigo<\/a>:&nbsp;Itin\u00e9raire dans le Valtenesi, zone connue de la production de vin Garda Classico et huile d&rsquo;olive extra vierge de Garda, \u00e0 partir de la bande c\u00f4ti\u00e8re, touchant les villages de l&rsquo;int\u00e9rieur avec leurs ch\u00e2teaux pour puis arriver aux lacs de Sovenigo, un important site arch\u00e9ologique de l&rsquo;\u00e2ge du bronze<\/p>\n\n\n\n<p><a title=\"Tour v\u00e9lo Lonato Esenta\" href=\"http:\/\/www.hotel-in-sirmione.com\/fr\/tour-velo-lonato-esenta-les-briqueterie-romains\/\" target=\"_blank\" rel=\"noopener noreferrer\">Lonato &#8211; Esenta, les briqueterie romains<\/a>:&nbsp;Une tour de quelques kilom\u00e8tres dans la campagne autour de Lonato, en passant par le village de Esenta et la visite du site arch\u00e9ologique les briqueterie romains de Gorghi<\/p>\n\n\n\n<p><a title=\"Tour v\u00e9lo Peschiera-Valeggio-Custoza\" href=\"http:\/\/www.hotel-in-sirmione.com\/fr\/tour-velo-peschiera-valeggio-custoza-salionze\" target=\"_blank\" rel=\"noopener noreferrer\">Peschiera-Valeggio-Custoza-Salionze<\/a>:&nbsp;D\u00e9tente itin\u00e9raire le long de la rivi\u00e8re Mincio pour arriver au Borghetto di Valeggio, puis en allant jusqu&rsquo;\u00e0 le Custoza et le retour \u00e0 Peschiera en passant de Salionze<\/p>\n\n\n\n<p><a title=\"Tour v\u00e9lo Desenzano et ses fractions\" href=\"http:\/\/www.hotel-in-sirmione.com\/fr\/tour-velo-desenzano-et-ses-fractions\/\" target=\"_blank\" rel=\"noopener noreferrer\">Desenzano et ses fractions<\/a>:&nbsp;A partir de Desenzano un itin\u00e9raire arri\u00e8re-pays \u00e0 visiter des endroits d&rsquo;int\u00e9r\u00eat historique, mais peu connu<\/p>\n\n\n\n<p><a title=\"Tour v\u00e9lo Sirmione Pozzolengo\" href=\"http:\/\/www.hotel-in-sirmione.com\/fr\/tour-velo-sur-le-garda-sirmione-pozzolengo-je-traverse-les-vignobles-du-lugana\/\" target=\"_blank\" rel=\"noopener noreferrer\">Sirmione-Pozzolengo je traverse les vignobles du lugana<\/a>:&nbsp;Une excursion \u00e0 v\u00e9lo agr\u00e9able au d\u00e9part du ch\u00e2teau de Sirmione, en passant par les lieux de la bataille de Solferino et San Martino et continue \u00e0 travers les vignobles de lugana vers le Pozzolengo<\/p>\n\n\n\n<p><a title=\"Tour v\u00e9lo Sirmione Desenzano\" href=\"http:\/\/www.hotel-in-sirmione.com\/fr\/tour-velo-sirmione-desenzano-qui-en-cotoie-le-garda\/\" target=\"_blank\" rel=\"noopener noreferrer\">Sirmione-Desenzano qui en c\u00f4toie le Garda<\/a>:&nbsp;A parcours court et facile pour visiter des lieux historiques de Sirmione et Desenzano profitant des vues magnifiques sur le Garda<\/p>\n\n\n\n<p><a title=\"Tour v\u00e9lo Desenzano - Madonna della Scoperta\" href=\"http:\/\/www.hotel-in-sirmione.com\/fr\/tour-velo-desenzano-madonna-della-scoperta\/\" target=\"_blank\" rel=\"noopener noreferrer\">Desenzano &#8211; Madonna della Scoperta<\/a>:&nbsp;Itin\u00e9raire vers l&rsquo;arri\u00e8re-pays de Desenzano, vers la fraction de la Madonna della Scoperta et en revenant \u00e0 travers les collines qui ont vu la bataille de Solferino et San Martino<\/p>\n\n\n\n<p>Nous faisons partie du projet GardaBike Hospitality de la Province de Brescia, h\u00f4tel s\u00e9lectionn\u00e9 et certifi\u00e9s pour recevoir le tourisme en bicyclette<\/p>\n\n\n\n<figure class=\"wp-block-image alignnone\"><a href=\"https:\/\/www.smeraldosirmione.com\/wp-content\/uploads\/2014\/12\/attestato-gardabike-hotel-la-paul.jpg\"><img decoding=\"async\" src=\"https:\/\/www.smeraldosirmione.com\/wp-content\/uploads\/2014\/12\/attestato-gardabike-hotel-la-paul-300x212.jpg\" alt=\"GardaBike Hospitality\" class=\"wp-image-120\"\/><\/a><figcaption class=\"wp-element-caption\">GardaBike Hospitality<\/figcaption><\/figure>\n","protected":false},"excerpt":{"rendered":"<p>Hotel pour cyclistes au Sirmione, le point meilleur pour p\u00e9daler sur le [&hellip;]<\/p>\n","protected":false},"author":3,"featured_media":0,"parent":0,"menu_order":71,"comment_status":"open","ping_status":"open","template":"","meta":{"_acf_changed":false,"footnotes":""},"class_list":["post-185","page","type-page","status-publish","hentry"],"acf":[],"yoast_head":"<!-- This site is optimized with the Yoast SEO plugin v27.4 - https:\/\/yoast.com\/product\/yoast-seo-wordpress\/ -->\n<title>Hotel pour Cyclistes \u00e0 Sirmione sur le lac de Garde<\/title>\n<meta name=\"description\" content=\"Hotel pour Cyclistes \u00e0 Sirmione, d\u00e9pot pour v\u00e9lo, cartes itin\u00e9raires mtb, parcouru v\u00e9lo sur le Garda, outils, lavage, tour en mountainbike guid\u00e9s\" \/>\n<meta name=\"robots\" content=\"index, follow, max-snippet:-1, max-image-preview:large, max-video-preview:-1\" \/>\n<link rel=\"canonical\" href=\"https:\/\/www.smeraldosirmione.com\/fr\/hotel-pour-cyclistes\/\" \/>\n<meta property=\"og:locale\" content=\"fr_FR\" \/>\n<meta property=\"og:type\" content=\"article\" \/>\n<meta property=\"og:title\" content=\"Hotel pour Cyclistes \u00e0 Sirmione sur le lac de Garde\" \/>\n<meta property=\"og:description\" content=\"Hotel pour Cyclistes \u00e0 Sirmione, d\u00e9pot pour v\u00e9lo, cartes itin\u00e9raires mtb, parcouru v\u00e9lo sur le Garda, outils, lavage, tour en mountainbike guid\u00e9s\" \/>\n<meta property=\"og:url\" content=\"https:\/\/www.smeraldosirmione.com\/fr\/hotel-pour-cyclistes\/\" \/>\n<meta property=\"og:site_name\" content=\"Hotel Smeraldo\" \/>\n<meta property=\"article:modified_time\" content=\"2024-05-18T12:18:45+00:00\" \/>\n<meta property=\"og:image\" content=\"https:\/\/www.smeraldosirmione.com\/wp-content\/uploads\/2014\/12\/attestato-gardabike-hotel-la-paul-300x212.jpg\" \/>\n<meta name=\"twitter:label1\" content=\"Dur\u00e9e de lecture estim\u00e9e\" \/>\n\t<meta name=\"twitter:data1\" content=\"4 minutes\" \/>\n<script type=\"application\/ld+json\" class=\"yoast-schema-graph\">{\"@context\":\"https:\\\/\\\/schema.org\",\"@graph\":[{\"@type\":\"WebPage\",\"@id\":\"https:\\\/\\\/www.smeraldosirmione.com\\\/fr\\\/hotel-pour-cyclistes\\\/\",\"url\":\"https:\\\/\\\/www.smeraldosirmione.com\\\/fr\\\/hotel-pour-cyclistes\\\/\",\"name\":\"Hotel pour Cyclistes \u00e0 Sirmione sur le lac de Garde\",\"isPartOf\":{\"@id\":\"https:\\\/\\\/www.smeraldosirmione.com\\\/#website\"},\"primaryImageOfPage\":{\"@id\":\"https:\\\/\\\/www.smeraldosirmione.com\\\/fr\\\/hotel-pour-cyclistes\\\/#primaryimage\"},\"image\":{\"@id\":\"https:\\\/\\\/www.smeraldosirmione.com\\\/fr\\\/hotel-pour-cyclistes\\\/#primaryimage\"},\"thumbnailUrl\":\"https:\\\/\\\/www.smeraldosirmione.com\\\/wp-content\\\/uploads\\\/2014\\\/12\\\/attestato-gardabike-hotel-la-paul-300x212.jpg\",\"datePublished\":\"2015-02-23T05:29:44+00:00\",\"dateModified\":\"2024-05-18T12:18:45+00:00\",\"description\":\"Hotel pour Cyclistes \u00e0 Sirmione, d\u00e9pot pour v\u00e9lo, cartes itin\u00e9raires mtb, parcouru v\u00e9lo sur le Garda, outils, lavage, tour en mountainbike guid\u00e9s\",\"breadcrumb\":{\"@id\":\"https:\\\/\\\/www.smeraldosirmione.com\\\/fr\\\/hotel-pour-cyclistes\\\/#breadcrumb\"},\"inLanguage\":\"fr-FR\",\"potentialAction\":[{\"@type\":\"ReadAction\",\"target\":[\"https:\\\/\\\/www.smeraldosirmione.com\\\/fr\\\/hotel-pour-cyclistes\\\/\"]}]},{\"@type\":\"ImageObject\",\"inLanguage\":\"fr-FR\",\"@id\":\"https:\\\/\\\/www.smeraldosirmione.com\\\/fr\\\/hotel-pour-cyclistes\\\/#primaryimage\",\"url\":\"https:\\\/\\\/www.smeraldosirmione.com\\\/wp-content\\\/uploads\\\/2014\\\/12\\\/attestato-gardabike-hotel-la-paul-300x212.jpg\",\"contentUrl\":\"https:\\\/\\\/www.smeraldosirmione.com\\\/wp-content\\\/uploads\\\/2014\\\/12\\\/attestato-gardabike-hotel-la-paul-300x212.jpg\"},{\"@type\":\"BreadcrumbList\",\"@id\":\"https:\\\/\\\/www.smeraldosirmione.com\\\/fr\\\/hotel-pour-cyclistes\\\/#breadcrumb\",\"itemListElement\":[{\"@type\":\"ListItem\",\"position\":1,\"name\":\"Home\",\"item\":\"https:\\\/\\\/www.smeraldosirmione.com\\\/fr\\\/\"},{\"@type\":\"ListItem\",\"position\":2,\"name\":\"Hotel pour Cyclistes\"}]},{\"@type\":\"WebSite\",\"@id\":\"https:\\\/\\\/www.smeraldosirmione.com\\\/#website\",\"url\":\"https:\\\/\\\/www.smeraldosirmione.com\\\/\",\"name\":\"Hotel Smeraldo\",\"description\":\"H\u00f4tel de Sirmione au coeur du lac de Garde\",\"potentialAction\":[{\"@type\":\"SearchAction\",\"target\":{\"@type\":\"EntryPoint\",\"urlTemplate\":\"https:\\\/\\\/www.smeraldosirmione.com\\\/?s={search_term_string}\"},\"query-input\":{\"@type\":\"PropertyValueSpecification\",\"valueRequired\":true,\"valueName\":\"search_term_string\"}}],\"inLanguage\":\"fr-FR\"}]}<\/script>\n<!-- \/ Yoast SEO plugin. -->","yoast_head_json":{"title":"Hotel pour Cyclistes \u00e0 Sirmione sur le lac de Garde","description":"Hotel pour Cyclistes \u00e0 Sirmione, d\u00e9pot pour v\u00e9lo, cartes itin\u00e9raires mtb, parcouru v\u00e9lo sur le Garda, outils, lavage, tour en mountainbike guid\u00e9s","robots":{"index":"index","follow":"follow","max-snippet":"max-snippet:-1","max-image-preview":"max-image-preview:large","max-video-preview":"max-video-preview:-1"},"canonical":"https:\/\/www.smeraldosirmione.com\/fr\/hotel-pour-cyclistes\/","og_locale":"fr_FR","og_type":"article","og_title":"Hotel pour Cyclistes \u00e0 Sirmione sur le lac de Garde","og_description":"Hotel pour Cyclistes \u00e0 Sirmione, d\u00e9pot pour v\u00e9lo, cartes itin\u00e9raires mtb, parcouru v\u00e9lo sur le Garda, outils, lavage, tour en mountainbike guid\u00e9s","og_url":"https:\/\/www.smeraldosirmione.com\/fr\/hotel-pour-cyclistes\/","og_site_name":"Hotel Smeraldo","article_modified_time":"2024-05-18T12:18:45+00:00","og_image":[{"url":"https:\/\/www.smeraldosirmione.com\/wp-content\/uploads\/2014\/12\/attestato-gardabike-hotel-la-paul-300x212.jpg","type":"","width":"","height":""}],"twitter_misc":{"Dur\u00e9e de lecture estim\u00e9e":"4 minutes"},"schema":{"@context":"https:\/\/schema.org","@graph":[{"@type":"WebPage","@id":"https:\/\/www.smeraldosirmione.com\/fr\/hotel-pour-cyclistes\/","url":"https:\/\/www.smeraldosirmione.com\/fr\/hotel-pour-cyclistes\/","name":"Hotel pour Cyclistes \u00e0 Sirmione sur le lac de Garde","isPartOf":{"@id":"https:\/\/www.smeraldosirmione.com\/#website"},"primaryImageOfPage":{"@id":"https:\/\/www.smeraldosirmione.com\/fr\/hotel-pour-cyclistes\/#primaryimage"},"image":{"@id":"https:\/\/www.smeraldosirmione.com\/fr\/hotel-pour-cyclistes\/#primaryimage"},"thumbnailUrl":"https:\/\/www.smeraldosirmione.com\/wp-content\/uploads\/2014\/12\/attestato-gardabike-hotel-la-paul-300x212.jpg","datePublished":"2015-02-23T05:29:44+00:00","dateModified":"2024-05-18T12:18:45+00:00","description":"Hotel pour Cyclistes \u00e0 Sirmione, d\u00e9pot pour v\u00e9lo, cartes itin\u00e9raires mtb, parcouru v\u00e9lo sur le Garda, outils, lavage, tour en mountainbike guid\u00e9s","breadcrumb":{"@id":"https:\/\/www.smeraldosirmione.com\/fr\/hotel-pour-cyclistes\/#breadcrumb"},"inLanguage":"fr-FR","potentialAction":[{"@type":"ReadAction","target":["https:\/\/www.smeraldosirmione.com\/fr\/hotel-pour-cyclistes\/"]}]},{"@type":"ImageObject","inLanguage":"fr-FR","@id":"https:\/\/www.smeraldosirmione.com\/fr\/hotel-pour-cyclistes\/#primaryimage","url":"https:\/\/www.smeraldosirmione.com\/wp-content\/uploads\/2014\/12\/attestato-gardabike-hotel-la-paul-300x212.jpg","contentUrl":"https:\/\/www.smeraldosirmione.com\/wp-content\/uploads\/2014\/12\/attestato-gardabike-hotel-la-paul-300x212.jpg"},{"@type":"BreadcrumbList","@id":"https:\/\/www.smeraldosirmione.com\/fr\/hotel-pour-cyclistes\/#breadcrumb","itemListElement":[{"@type":"ListItem","position":1,"name":"Home","item":"https:\/\/www.smeraldosirmione.com\/fr\/"},{"@type":"ListItem","position":2,"name":"Hotel pour Cyclistes"}]},{"@type":"WebSite","@id":"https:\/\/www.smeraldosirmione.com\/#website","url":"https:\/\/www.smeraldosirmione.com\/","name":"Hotel Smeraldo","description":"H\u00f4tel de Sirmione au coeur du lac de Garde","potentialAction":[{"@type":"SearchAction","target":{"@type":"EntryPoint","urlTemplate":"https:\/\/www.smeraldosirmione.com\/?s={search_term_string}"},"query-input":{"@type":"PropertyValueSpecification","valueRequired":true,"valueName":"search_term_string"}}],"inLanguage":"fr-FR"}]}},"_links":{"self":[{"href":"https:\/\/www.smeraldosirmione.com\/fr\/wp-json\/wp\/v2\/pages\/185","targetHints":{"allow":["GET"]}}],"collection":[{"href":"https:\/\/www.smeraldosirmione.com\/fr\/wp-json\/wp\/v2\/pages"}],"about":[{"href":"https:\/\/www.smeraldosirmione.com\/fr\/wp-json\/wp\/v2\/types\/page"}],"author":[{"embeddable":true,"href":"https:\/\/www.smeraldosirmione.com\/fr\/wp-json\/wp\/v2\/users\/3"}],"replies":[{"embeddable":true,"href":"https:\/\/www.smeraldosirmione.com\/fr\/wp-json\/wp\/v2\/comments?post=185"}],"version-history":[{"count":0,"href":"https:\/\/www.smeraldosirmione.com\/fr\/wp-json\/wp\/v2\/pages\/185\/revisions"}],"wp:attachment":[{"href":"https:\/\/www.smeraldosirmione.com\/fr\/wp-json\/wp\/v2\/media?parent=185"}],"curies":[{"name":"wp","href":"https:\/\/api.w.org\/{rel}","templated":true}]}}