{"id":182,"date":"2015-02-23T06:28:40","date_gmt":"2015-02-23T05:28:40","guid":{"rendered":"https:\/\/www.smeraldosirmione.com\/?page_id=182"},"modified":"2024-01-04T06:08:21","modified_gmt":"2024-01-04T05:08:21","slug":"sport-sur-garda","status":"publish","type":"page","link":"https:\/\/www.smeraldosirmione.com\/fr\/sport-sur-garda\/","title":{"rendered":"Sport sur Garda"},"content":{"rendered":"\n<h4 class=\"wp-block-heading\">Sport sur Garda, territoire des mille ressources, itin\u00e9raires mountainbike, tour en v\u00e9lo, trekking, voile, golf, p\u00eache, kite surf, windsurf<\/h4>\n\n\n\n<p>Sirmione est au centre du lac de Garda et tu trouves ici une base confortable pour tes vacances de relax et sport sur le Garda, quelconque il soit; pour le GOLF nous avons onze champs, quelques-uns de niveau excellent, o\u00f9 se plonger dans la nature avec vues spectaculaires sur le lac de Garda; pour la BICYCLETTE, nous avons soit les itin\u00e9raires en mountainbike que les parcours pour cyclistes de rue et les tours en bicyclette pour celui qui veut visiter le territoire entre collines, les vignobles et ch\u00e2teaux;&nbsp;pour le TREKKING nous avons splendides sentiers entre les oliviers et avec vue sur le lac; pour la NAVIGATION \u00e0 la voile ou \u00e0 moteur, le SURF et KITE SURF&#8230;&#8230; nous sommes sur le lac.<\/p>\n","protected":false},"excerpt":{"rendered":"<p>Sport sur Garda, territoire des mille ressources, itin\u00e9raires mountainbike, tour en v\u00e9lo, [&hellip;]<\/p>\n","protected":false},"author":3,"featured_media":0,"parent":0,"menu_order":68,"comment_status":"open","ping_status":"open","template":"","meta":{"_acf_changed":false,"footnotes":""},"class_list":["post-182","page","type-page","status-publish","hentry"],"acf":[],"yoast_head":"<!-- This site is optimized with the Yoast SEO plugin v27.4 - https:\/\/yoast.com\/product\/yoast-seo-wordpress\/ -->\n<title>Sport sur Garda - Hotel Smeraldo \u00e0 Sirmione<\/title>\n<meta name=\"description\" content=\"Sport sur Garda - Hotel Smeraldo \u00e0 Sirmione services de l&#039;h\u00f4tel pour les cyclistes, cartes des itin\u00e9raires, informations, r\u00e9servation des terrains de golf\" \/>\n<meta name=\"robots\" content=\"index, follow, max-snippet:-1, max-image-preview:large, max-video-preview:-1\" \/>\n<link rel=\"canonical\" href=\"https:\/\/www.smeraldosirmione.com\/fr\/sport-sur-garda\/\" \/>\n<meta property=\"og:locale\" content=\"fr_FR\" \/>\n<meta property=\"og:type\" content=\"article\" \/>\n<meta property=\"og:title\" content=\"Sport sur Garda - Hotel Smeraldo \u00e0 Sirmione\" \/>\n<meta property=\"og:description\" content=\"Sport sur Garda - Hotel Smeraldo \u00e0 Sirmione services de l&#039;h\u00f4tel pour les cyclistes, cartes des itin\u00e9raires, informations, r\u00e9servation des terrains de golf\" \/>\n<meta property=\"og:url\" content=\"https:\/\/www.smeraldosirmione.com\/fr\/sport-sur-garda\/\" \/>\n<meta property=\"og:site_name\" content=\"Hotel Smeraldo\" \/>\n<meta property=\"article:modified_time\" content=\"2024-01-04T05:08:21+00:00\" \/>\n<meta name=\"twitter:label1\" content=\"Dur\u00e9e de lecture estim\u00e9e\" \/>\n\t<meta name=\"twitter:data1\" content=\"1 minute\" \/>\n<script type=\"application\/ld+json\" class=\"yoast-schema-graph\">{\"@context\":\"https:\\\/\\\/schema.org\",\"@graph\":[{\"@type\":\"WebPage\",\"@id\":\"https:\\\/\\\/www.smeraldosirmione.com\\\/fr\\\/sport-sur-garda\\\/\",\"url\":\"https:\\\/\\\/www.smeraldosirmione.com\\\/fr\\\/sport-sur-garda\\\/\",\"name\":\"Sport sur Garda - Hotel Smeraldo \u00e0 Sirmione\",\"isPartOf\":{\"@id\":\"https:\\\/\\\/www.smeraldosirmione.com\\\/#website\"},\"datePublished\":\"2015-02-23T05:28:40+00:00\",\"dateModified\":\"2024-01-04T05:08:21+00:00\",\"description\":\"Sport sur Garda - Hotel Smeraldo \u00e0 Sirmione services de l'h\u00f4tel pour les cyclistes, cartes des itin\u00e9raires, informations, r\u00e9servation des terrains de golf\",\"breadcrumb\":{\"@id\":\"https:\\\/\\\/www.smeraldosirmione.com\\\/fr\\\/sport-sur-garda\\\/#breadcrumb\"},\"inLanguage\":\"fr-FR\",\"potentialAction\":[{\"@type\":\"ReadAction\",\"target\":[\"https:\\\/\\\/www.smeraldosirmione.com\\\/fr\\\/sport-sur-garda\\\/\"]}]},{\"@type\":\"BreadcrumbList\",\"@id\":\"https:\\\/\\\/www.smeraldosirmione.com\\\/fr\\\/sport-sur-garda\\\/#breadcrumb\",\"itemListElement\":[{\"@type\":\"ListItem\",\"position\":1,\"name\":\"Home\",\"item\":\"https:\\\/\\\/www.smeraldosirmione.com\\\/fr\\\/\"},{\"@type\":\"ListItem\",\"position\":2,\"name\":\"Sport sur Garda\"}]},{\"@type\":\"WebSite\",\"@id\":\"https:\\\/\\\/www.smeraldosirmione.com\\\/#website\",\"url\":\"https:\\\/\\\/www.smeraldosirmione.com\\\/\",\"name\":\"Hotel Smeraldo\",\"description\":\"H\u00f4tel de Sirmione au coeur du lac de Garde\",\"potentialAction\":[{\"@type\":\"SearchAction\",\"target\":{\"@type\":\"EntryPoint\",\"urlTemplate\":\"https:\\\/\\\/www.smeraldosirmione.com\\\/?s={search_term_string}\"},\"query-input\":{\"@type\":\"PropertyValueSpecification\",\"valueRequired\":true,\"valueName\":\"search_term_string\"}}],\"inLanguage\":\"fr-FR\"}]}<\/script>\n<!-- \/ Yoast SEO plugin. -->","yoast_head_json":{"title":"Sport sur Garda - Hotel Smeraldo \u00e0 Sirmione","description":"Sport sur Garda - Hotel Smeraldo \u00e0 Sirmione services de l'h\u00f4tel pour les cyclistes, cartes des itin\u00e9raires, informations, r\u00e9servation des terrains de golf","robots":{"index":"index","follow":"follow","max-snippet":"max-snippet:-1","max-image-preview":"max-image-preview:large","max-video-preview":"max-video-preview:-1"},"canonical":"https:\/\/www.smeraldosirmione.com\/fr\/sport-sur-garda\/","og_locale":"fr_FR","og_type":"article","og_title":"Sport sur Garda - Hotel Smeraldo \u00e0 Sirmione","og_description":"Sport sur Garda - Hotel Smeraldo \u00e0 Sirmione services de l'h\u00f4tel pour les cyclistes, cartes des itin\u00e9raires, informations, r\u00e9servation des terrains de golf","og_url":"https:\/\/www.smeraldosirmione.com\/fr\/sport-sur-garda\/","og_site_name":"Hotel Smeraldo","article_modified_time":"2024-01-04T05:08:21+00:00","twitter_misc":{"Dur\u00e9e de lecture estim\u00e9e":"1 minute"},"schema":{"@context":"https:\/\/schema.org","@graph":[{"@type":"WebPage","@id":"https:\/\/www.smeraldosirmione.com\/fr\/sport-sur-garda\/","url":"https:\/\/www.smeraldosirmione.com\/fr\/sport-sur-garda\/","name":"Sport sur Garda - Hotel Smeraldo \u00e0 Sirmione","isPartOf":{"@id":"https:\/\/www.smeraldosirmione.com\/#website"},"datePublished":"2015-02-23T05:28:40+00:00","dateModified":"2024-01-04T05:08:21+00:00","description":"Sport sur Garda - Hotel Smeraldo \u00e0 Sirmione services de l'h\u00f4tel pour les cyclistes, cartes des itin\u00e9raires, informations, r\u00e9servation des terrains de golf","breadcrumb":{"@id":"https:\/\/www.smeraldosirmione.com\/fr\/sport-sur-garda\/#breadcrumb"},"inLanguage":"fr-FR","potentialAction":[{"@type":"ReadAction","target":["https:\/\/www.smeraldosirmione.com\/fr\/sport-sur-garda\/"]}]},{"@type":"BreadcrumbList","@id":"https:\/\/www.smeraldosirmione.com\/fr\/sport-sur-garda\/#breadcrumb","itemListElement":[{"@type":"ListItem","position":1,"name":"Home","item":"https:\/\/www.smeraldosirmione.com\/fr\/"},{"@type":"ListItem","position":2,"name":"Sport sur Garda"}]},{"@type":"WebSite","@id":"https:\/\/www.smeraldosirmione.com\/#website","url":"https:\/\/www.smeraldosirmione.com\/","name":"Hotel Smeraldo","description":"H\u00f4tel de Sirmione au coeur du lac de Garde","potentialAction":[{"@type":"SearchAction","target":{"@type":"EntryPoint","urlTemplate":"https:\/\/www.smeraldosirmione.com\/?s={search_term_string}"},"query-input":{"@type":"PropertyValueSpecification","valueRequired":true,"valueName":"search_term_string"}}],"inLanguage":"fr-FR"}]}},"_links":{"self":[{"href":"https:\/\/www.smeraldosirmione.com\/fr\/wp-json\/wp\/v2\/pages\/182","targetHints":{"allow":["GET"]}}],"collection":[{"href":"https:\/\/www.smeraldosirmione.com\/fr\/wp-json\/wp\/v2\/pages"}],"about":[{"href":"https:\/\/www.smeraldosirmione.com\/fr\/wp-json\/wp\/v2\/types\/page"}],"author":[{"embeddable":true,"href":"https:\/\/www.smeraldosirmione.com\/fr\/wp-json\/wp\/v2\/users\/3"}],"replies":[{"embeddable":true,"href":"https:\/\/www.smeraldosirmione.com\/fr\/wp-json\/wp\/v2\/comments?post=182"}],"version-history":[{"count":0,"href":"https:\/\/www.smeraldosirmione.com\/fr\/wp-json\/wp\/v2\/pages\/182\/revisions"}],"wp:attachment":[{"href":"https:\/\/www.smeraldosirmione.com\/fr\/wp-json\/wp\/v2\/media?parent=182"}],"curies":[{"name":"wp","href":"https:\/\/api.w.org\/{rel}","templated":true}]}}