{"id":180,"date":"2015-02-23T06:28:04","date_gmt":"2015-02-23T05:28:04","guid":{"rendered":"https:\/\/www.smeraldosirmione.com\/?page_id=180"},"modified":"2026-04-18T13:32:09","modified_gmt":"2026-04-18T11:32:09","slug":"restaurant-hotel","status":"publish","type":"page","link":"https:\/\/www.smeraldosirmione.com\/fr\/restaurant-hotel\/","title":{"rendered":"Restaurant hotel"},"content":{"rendered":"\n<h4 class=\"wp-block-heading\">Restaurant Hotel Smeraldo, petit d\u00e9jeuner \u00e0 buffet, d\u00e9jeuners et d\u00eeners, la restauration sans gluten<\/h4>\n\n\n\n<h4 class=\"wp-block-heading\">Le petit d\u00e9jeuner \u00e0 buffet<\/h4>\n\n\n\n<p>Une salle caract\u00e9ristique en bois, un environnement lumineux, avec de grandes fen\u00eatres et un coin ext\u00e9rieur vous attend pour le petit-d\u00e9jeuner. Nous servons un buffet g\u00e9n\u00e9reux de produits sucr\u00e9s et sal\u00e9s presque enti\u00e8rement faits maison ; g\u00e2teaux, brioches, yaourts, c\u00e9r\u00e9ales, fromages, charcuteries, l\u00e9gumes, fruits et bien plus encore. Le service petit-d\u00e9jeuner est ouvert de 7h30 \u00e0 10h00. Des produits sans gluten sont disponibles sur demande. Notre cuisine est enti\u00e8rement d\u00e9di\u00e9e aux personnes intol\u00e9rantes au gluten. Pour les personnes intol\u00e9rantes au lactose, nous proposons uniquement des produits de base comme du lait, des yaourts, du pain et des biscuits. PAS DE V\u00c9GANS<\/p>\n\n\n\n<figure class=\"wp-block-image size-large\"><img loading=\"lazy\" decoding=\"async\" width=\"1024\" height=\"683\" src=\"https:\/\/www.smeraldosirmione.com\/wp-content\/uploads\/2024\/01\/sala-colazioni-2-3000-1024x683.jpg\" alt=\"\" class=\"wp-image-2626\" title=\"restaurant hotel smeraldo\" srcset=\"https:\/\/www.smeraldosirmione.com\/wp-content\/uploads\/2024\/01\/sala-colazioni-2-3000-1024x683.jpg 1024w, https:\/\/www.smeraldosirmione.com\/wp-content\/uploads\/2024\/01\/sala-colazioni-2-3000-2048x1365.jpg 2048w, https:\/\/www.smeraldosirmione.com\/wp-content\/uploads\/2024\/01\/sala-colazioni-2-3000-1536x1024.jpg 1536w, https:\/\/www.smeraldosirmione.com\/wp-content\/uploads\/2024\/01\/sala-colazioni-2-3000-300x200.jpg 300w, https:\/\/www.smeraldosirmione.com\/wp-content\/uploads\/2024\/01\/sala-colazioni-2-3000-768x512.jpg 768w\" sizes=\"auto, (max-width: 1024px) 100vw, 1024px\" \/><\/figure>\n\n\n\n<figure class=\"wp-block-image size-large\"><img loading=\"lazy\" decoding=\"async\" width=\"1024\" height=\"683\" src=\"https:\/\/www.smeraldosirmione.com\/wp-content\/uploads\/2024\/01\/sala-colazioni-1-3000-1024x683.jpg\" alt=\"\" class=\"wp-image-2621\" srcset=\"https:\/\/www.smeraldosirmione.com\/wp-content\/uploads\/2024\/01\/sala-colazioni-1-3000-1024x683.jpg 1024w, https:\/\/www.smeraldosirmione.com\/wp-content\/uploads\/2024\/01\/sala-colazioni-1-3000-2048x1365.jpg 2048w, https:\/\/www.smeraldosirmione.com\/wp-content\/uploads\/2024\/01\/sala-colazioni-1-3000-1536x1024.jpg 1536w, https:\/\/www.smeraldosirmione.com\/wp-content\/uploads\/2024\/01\/sala-colazioni-1-3000-300x200.jpg 300w, https:\/\/www.smeraldosirmione.com\/wp-content\/uploads\/2024\/01\/sala-colazioni-1-3000-768x512.jpg 768w\" sizes=\"auto, (max-width: 1024px) 100vw, 1024px\" \/><\/figure>\n\n\n\n<h4 class=\"wp-block-heading has-text-align-center\"><a href=\"https:\/\/www.smeraldosirmione.com\/wp-content\/uploads\/2014\/12\/hotel-Smeraldo-colazioni-buffet-4r.jpg\"><img loading=\"lazy\" decoding=\"async\" width=\"150\" height=\"150\" class=\"alignnone size-thumbnail wp-image-611\" src=\"https:\/\/www.smeraldosirmione.com\/wp-content\/uploads\/2014\/12\/hotel-Smeraldo-colazioni-buffet-4r-150x150.jpg\" alt=\"hotel-Smeraldo-colazioni-buffet\"><\/a> <a href=\"https:\/\/www.smeraldosirmione.com\/wp-content\/uploads\/2014\/12\/hotel-Smeraldo-colazioni-buffet-3r.jpg\"><img loading=\"lazy\" decoding=\"async\" width=\"150\" height=\"150\" class=\"alignnone size-thumbnail wp-image-610\" src=\"https:\/\/www.smeraldosirmione.com\/wp-content\/uploads\/2014\/12\/hotel-Smeraldo-colazioni-buffet-3r-150x150.jpg\" alt=\"hotel-Smeraldo-colazioni-buffet\"><\/a> <\/h4>\n\n\n\n<h4 class=\"wp-block-heading\">Le Restaurant Canneto<\/h4>\n\n\n\n<p>Le service du d\u00eener, de la demi-pension et\/ou du d\u00e9jeuner est propos\u00e9 au restaurant associ\u00e9 Canneto qui est situ\u00e9 en face de l&rsquo;h\u00f4tel, donne sur un grand jardin et b\u00e9n\u00e9ficie d&rsquo;une large vue panoramique sur le lac avec la possibilit\u00e9 de manger \u00e0 l&rsquo;ext\u00e9rieur. Il propose des menus \u00e0 la carte avec des sp\u00e9cialit\u00e9s de poissons frais de la mer et des vins de la r\u00e9gion du lac de Garde ; possibilit\u00e9 de plats v\u00e9g\u00e9tariens, sans gluten et \u00e0 emporter sur r\u00e9servation. PAS DE V\u00c9GANS. La demi-pension est r\u00e9serv\u00e9e aux r\u00e9servations d&rsquo;au moins trois\/quatre nuits.<\/p>\n","protected":false},"excerpt":{"rendered":"<p>Restaurant Hotel Smeraldo, petit d\u00e9jeuner \u00e0 buffet, d\u00e9jeuners et d\u00eeners, la restauration [&hellip;]<\/p>\n","protected":false},"author":3,"featured_media":0,"parent":0,"menu_order":108,"comment_status":"closed","ping_status":"closed","template":"","meta":{"_acf_changed":false,"footnotes":""},"class_list":["post-180","page","type-page","status-publish","hentry"],"acf":[],"yoast_head":"<!-- This site is optimized with the Yoast SEO plugin v27.5 - https:\/\/yoast.com\/product\/yoast-seo-wordpress\/ -->\n<title>Restaurant Hotel Smeraldo \u00e0 Sirmione sur le Garde<\/title>\n<meta name=\"description\" content=\"Restaurant Hotel Smeraldo, petit d\u00e9jeuner buffet, demi-pension et la cuisine sans gluten.\" \/>\n<meta name=\"robots\" content=\"index, follow, max-snippet:-1, max-image-preview:large, max-video-preview:-1\" \/>\n<link rel=\"canonical\" href=\"https:\/\/www.smeraldosirmione.com\/fr\/restaurant-hotel\/\" \/>\n<meta property=\"og:locale\" content=\"fr_FR\" \/>\n<meta property=\"og:type\" content=\"article\" \/>\n<meta property=\"og:title\" content=\"Restaurant Hotel Smeraldo \u00e0 Sirmione sur le Garde\" \/>\n<meta property=\"og:description\" content=\"Restaurant Hotel Smeraldo, petit d\u00e9jeuner buffet, demi-pension et la cuisine sans gluten.\" \/>\n<meta property=\"og:url\" content=\"https:\/\/www.smeraldosirmione.com\/fr\/restaurant-hotel\/\" \/>\n<meta property=\"og:site_name\" content=\"Hotel Smeraldo\" \/>\n<meta property=\"article:modified_time\" content=\"2026-04-18T11:32:09+00:00\" \/>\n<meta property=\"og:image\" content=\"https:\/\/www.smeraldosirmione.com\/wp-content\/uploads\/2024\/01\/sala-colazioni-2-3000-scaled.jpg\" \/>\n\t<meta property=\"og:image:width\" content=\"2560\" \/>\n\t<meta property=\"og:image:height\" content=\"1707\" \/>\n\t<meta property=\"og:image:type\" content=\"image\/jpeg\" \/>\n<meta name=\"twitter:label1\" content=\"Dur\u00e9e de lecture estim\u00e9e\" \/>\n\t<meta name=\"twitter:data1\" content=\"2 minutes\" \/>\n<script type=\"application\/ld+json\" class=\"yoast-schema-graph\">{\"@context\":\"https:\\\/\\\/schema.org\",\"@graph\":[{\"@type\":\"WebPage\",\"@id\":\"https:\\\/\\\/www.smeraldosirmione.com\\\/fr\\\/restaurant-hotel\\\/\",\"url\":\"https:\\\/\\\/www.smeraldosirmione.com\\\/fr\\\/restaurant-hotel\\\/\",\"name\":\"Restaurant Hotel Smeraldo \u00e0 Sirmione sur le Garde\",\"isPartOf\":{\"@id\":\"https:\\\/\\\/www.smeraldosirmione.com\\\/#website\"},\"primaryImageOfPage\":{\"@id\":\"https:\\\/\\\/www.smeraldosirmione.com\\\/fr\\\/restaurant-hotel\\\/#primaryimage\"},\"image\":{\"@id\":\"https:\\\/\\\/www.smeraldosirmione.com\\\/fr\\\/restaurant-hotel\\\/#primaryimage\"},\"thumbnailUrl\":\"https:\\\/\\\/www.smeraldosirmione.com\\\/wp-content\\\/uploads\\\/2024\\\/01\\\/sala-colazioni-2-3000-1024x683.jpg\",\"datePublished\":\"2015-02-23T05:28:04+00:00\",\"dateModified\":\"2026-04-18T11:32:09+00:00\",\"description\":\"Restaurant Hotel Smeraldo, petit d\u00e9jeuner buffet, demi-pension et la cuisine sans gluten.\",\"breadcrumb\":{\"@id\":\"https:\\\/\\\/www.smeraldosirmione.com\\\/fr\\\/restaurant-hotel\\\/#breadcrumb\"},\"inLanguage\":\"fr-FR\",\"potentialAction\":[{\"@type\":\"ReadAction\",\"target\":[\"https:\\\/\\\/www.smeraldosirmione.com\\\/fr\\\/restaurant-hotel\\\/\"]}]},{\"@type\":\"ImageObject\",\"inLanguage\":\"fr-FR\",\"@id\":\"https:\\\/\\\/www.smeraldosirmione.com\\\/fr\\\/restaurant-hotel\\\/#primaryimage\",\"url\":\"https:\\\/\\\/www.smeraldosirmione.com\\\/wp-content\\\/uploads\\\/2024\\\/01\\\/sala-colazioni-2-3000-1024x683.jpg\",\"contentUrl\":\"https:\\\/\\\/www.smeraldosirmione.com\\\/wp-content\\\/uploads\\\/2024\\\/01\\\/sala-colazioni-2-3000-1024x683.jpg\"},{\"@type\":\"BreadcrumbList\",\"@id\":\"https:\\\/\\\/www.smeraldosirmione.com\\\/fr\\\/restaurant-hotel\\\/#breadcrumb\",\"itemListElement\":[{\"@type\":\"ListItem\",\"position\":1,\"name\":\"Home\",\"item\":\"https:\\\/\\\/www.smeraldosirmione.com\\\/fr\\\/\"},{\"@type\":\"ListItem\",\"position\":2,\"name\":\"Restaurant hotel\"}]},{\"@type\":\"WebSite\",\"@id\":\"https:\\\/\\\/www.smeraldosirmione.com\\\/#website\",\"url\":\"https:\\\/\\\/www.smeraldosirmione.com\\\/\",\"name\":\"Hotel Smeraldo\",\"description\":\"H\u00f4tel de Sirmione au coeur du lac de Garde\",\"potentialAction\":[{\"@type\":\"SearchAction\",\"target\":{\"@type\":\"EntryPoint\",\"urlTemplate\":\"https:\\\/\\\/www.smeraldosirmione.com\\\/?s={search_term_string}\"},\"query-input\":{\"@type\":\"PropertyValueSpecification\",\"valueRequired\":true,\"valueName\":\"search_term_string\"}}],\"inLanguage\":\"fr-FR\"}]}<\/script>\n<!-- \/ Yoast SEO plugin. -->","yoast_head_json":{"title":"Restaurant Hotel Smeraldo \u00e0 Sirmione sur le Garde","description":"Restaurant Hotel Smeraldo, petit d\u00e9jeuner buffet, demi-pension et la cuisine sans gluten.","robots":{"index":"index","follow":"follow","max-snippet":"max-snippet:-1","max-image-preview":"max-image-preview:large","max-video-preview":"max-video-preview:-1"},"canonical":"https:\/\/www.smeraldosirmione.com\/fr\/restaurant-hotel\/","og_locale":"fr_FR","og_type":"article","og_title":"Restaurant Hotel Smeraldo \u00e0 Sirmione sur le Garde","og_description":"Restaurant Hotel Smeraldo, petit d\u00e9jeuner buffet, demi-pension et la cuisine sans gluten.","og_url":"https:\/\/www.smeraldosirmione.com\/fr\/restaurant-hotel\/","og_site_name":"Hotel Smeraldo","article_modified_time":"2026-04-18T11:32:09+00:00","og_image":[{"width":2560,"height":1707,"url":"https:\/\/www.smeraldosirmione.com\/wp-content\/uploads\/2024\/01\/sala-colazioni-2-3000-scaled.jpg","type":"image\/jpeg"}],"twitter_misc":{"Dur\u00e9e de lecture estim\u00e9e":"2 minutes"},"schema":{"@context":"https:\/\/schema.org","@graph":[{"@type":"WebPage","@id":"https:\/\/www.smeraldosirmione.com\/fr\/restaurant-hotel\/","url":"https:\/\/www.smeraldosirmione.com\/fr\/restaurant-hotel\/","name":"Restaurant Hotel Smeraldo \u00e0 Sirmione sur le Garde","isPartOf":{"@id":"https:\/\/www.smeraldosirmione.com\/#website"},"primaryImageOfPage":{"@id":"https:\/\/www.smeraldosirmione.com\/fr\/restaurant-hotel\/#primaryimage"},"image":{"@id":"https:\/\/www.smeraldosirmione.com\/fr\/restaurant-hotel\/#primaryimage"},"thumbnailUrl":"https:\/\/www.smeraldosirmione.com\/wp-content\/uploads\/2024\/01\/sala-colazioni-2-3000-1024x683.jpg","datePublished":"2015-02-23T05:28:04+00:00","dateModified":"2026-04-18T11:32:09+00:00","description":"Restaurant Hotel Smeraldo, petit d\u00e9jeuner buffet, demi-pension et la cuisine sans gluten.","breadcrumb":{"@id":"https:\/\/www.smeraldosirmione.com\/fr\/restaurant-hotel\/#breadcrumb"},"inLanguage":"fr-FR","potentialAction":[{"@type":"ReadAction","target":["https:\/\/www.smeraldosirmione.com\/fr\/restaurant-hotel\/"]}]},{"@type":"ImageObject","inLanguage":"fr-FR","@id":"https:\/\/www.smeraldosirmione.com\/fr\/restaurant-hotel\/#primaryimage","url":"https:\/\/www.smeraldosirmione.com\/wp-content\/uploads\/2024\/01\/sala-colazioni-2-3000-1024x683.jpg","contentUrl":"https:\/\/www.smeraldosirmione.com\/wp-content\/uploads\/2024\/01\/sala-colazioni-2-3000-1024x683.jpg"},{"@type":"BreadcrumbList","@id":"https:\/\/www.smeraldosirmione.com\/fr\/restaurant-hotel\/#breadcrumb","itemListElement":[{"@type":"ListItem","position":1,"name":"Home","item":"https:\/\/www.smeraldosirmione.com\/fr\/"},{"@type":"ListItem","position":2,"name":"Restaurant hotel"}]},{"@type":"WebSite","@id":"https:\/\/www.smeraldosirmione.com\/#website","url":"https:\/\/www.smeraldosirmione.com\/","name":"Hotel Smeraldo","description":"H\u00f4tel de Sirmione au coeur du lac de Garde","potentialAction":[{"@type":"SearchAction","target":{"@type":"EntryPoint","urlTemplate":"https:\/\/www.smeraldosirmione.com\/?s={search_term_string}"},"query-input":{"@type":"PropertyValueSpecification","valueRequired":true,"valueName":"search_term_string"}}],"inLanguage":"fr-FR"}]}},"_links":{"self":[{"href":"https:\/\/www.smeraldosirmione.com\/fr\/wp-json\/wp\/v2\/pages\/180","targetHints":{"allow":["GET"]}}],"collection":[{"href":"https:\/\/www.smeraldosirmione.com\/fr\/wp-json\/wp\/v2\/pages"}],"about":[{"href":"https:\/\/www.smeraldosirmione.com\/fr\/wp-json\/wp\/v2\/types\/page"}],"author":[{"embeddable":true,"href":"https:\/\/www.smeraldosirmione.com\/fr\/wp-json\/wp\/v2\/users\/3"}],"replies":[{"embeddable":true,"href":"https:\/\/www.smeraldosirmione.com\/fr\/wp-json\/wp\/v2\/comments?post=180"}],"version-history":[{"count":1,"href":"https:\/\/www.smeraldosirmione.com\/fr\/wp-json\/wp\/v2\/pages\/180\/revisions"}],"predecessor-version":[{"id":3470,"href":"https:\/\/www.smeraldosirmione.com\/fr\/wp-json\/wp\/v2\/pages\/180\/revisions\/3470"}],"wp:attachment":[{"href":"https:\/\/www.smeraldosirmione.com\/fr\/wp-json\/wp\/v2\/media?parent=180"}],"curies":[{"name":"wp","href":"https:\/\/api.w.org\/{rel}","templated":true}]}}