{"id":176,"date":"2015-02-23T06:26:50","date_gmt":"2015-02-23T05:26:50","guid":{"rendered":"https:\/\/www.smeraldosirmione.com\/?page_id=176"},"modified":"2025-04-03T12:53:33","modified_gmt":"2025-04-03T10:53:33","slug":"comme-arriver","status":"publish","type":"page","link":"https:\/\/www.smeraldosirmione.com\/fr\/comme-arriver\/","title":{"rendered":"Comme arriver"},"content":{"rendered":"\n<h2 class=\"wp-block-heading\">Comme arriver au Sirmione<\/h2>\n\n\n\n<h4 class=\"wp-block-heading\">Hotel Smeraldo \u00e0 Sirmione est \u00e0 cinq minutes \u00e0 pied du ch\u00e2teau et du centre historique, nous sommes dans la zone de libre circulation de sorte que vous pouvez aller et venir directement dans la voiture sans permission; nous avons parking priv\u00e9, vous ne disposez pas de probl\u00e8mes.<\/h4>\n\n\n\n<p>A 50 m\u00e8tres de l&rsquo;h\u00f4tel est l&rsquo;arr\u00eat de bus et la ville de Brescia-V\u00e9rone-Brescia se d\u00e9placer vers les villes ou Desenzano et Peschiera. Depuis les a\u00e9roports de Milan Malpensa, Verona Villafranca (Valerio Catullo), Montichiari (Gabriele D&rsquo;Annunzio) et Bergame (Le Caravage) vous venez avec quelques changements de moyens de transport. Voici les instructions d\u00e9taill\u00e9es avec des liens vers leurs sites officiels des entreprises de transports publics.<\/p>\n\n\n\n<p><strong>BUS<\/strong><\/p>\n\n\n\n<p>L&rsquo;arr\u00eat de bus le plus proche \u00e0 l\u00a0\u00bbh\u00f4tel est \u00ab\u00a0Villa Trieste\u00a0\u00bb \u00e0 50 m\u00e8tres, la prochaine est de \u00ab\u00a0Centre de Sirmione\u00a0\u00bb 500 mt. Arr\u00eatez-vous ici ces lignes:<\/p>\n\n\n\n<p><strong>La ligne bleue:<\/strong> Sirmione relie avec la ville est bleu pour le V\u00e9rone-Brescia-V\u00e9rone, la fr\u00e9quence est presque l&rsquo;heure dans la saison, hors saison temps sont r\u00e9duits.<\/p>\n\n\n\n<p><strong>Ligne jaune:<\/strong> pour Voyage dans la ville, est utilis\u00e9 pour d\u00e9placer entre le centre de Sirmione et des villages de Colombare, Lugana, Rovizza.<\/p>\n\n\n\n<p><strong>Link:<\/strong> <span style=\"color: #0000ff;\"><a style=\"color: #0000ff;\" href=\"http:\/\/www.arriva.it\/web\/guest\/results\/-\/search?q=orari+brescia+verona&amp;redirecting=true&amp;freesearch=true\" target=\"_blank\" rel=\"noopener\">Horaires ligne bleue Verona-Brescia-Verona<\/a><\/span><\/p>\n\n\n\n<p><strong>TRAIN<\/strong><\/p>\n\n\n\n<p>Sur la ligne <strong>Milan-Venise<\/strong>, la gare la plus proche est la <strong>gare de Desenzano<\/strong> ou de la <strong>gare de Peschiera<\/strong>, se trouvent \u00e0 environ 8 km et vous pouvez vous y rendre en bus (ligne bleue V\u00e9rone-Brescia-V\u00e9rone) ou en taxi ( il en co\u00fbte environ 20 \u20ac *) TRAIN<\/p>\n\n\n\n<p><strong>Link:<\/strong>&nbsp;<span style=\"color: #0000ff;\"><a style=\"color: #0000ff;\" href=\"http:\/\/www.trenitalia.com\/tcom-fr\" target=\"_blank\" rel=\"noopener\">site de Trenitalia<\/a><\/span><\/p>\n\n\n\n<p><strong>A\u00c9ROPORTS<\/strong><\/p>\n\n\n\n<p><strong>Milan Malpensa<\/strong>: prendre le bus de l&rsquo;a\u00e9roport \u00e0 la gare centrale de Milan, prendre le train \u00e0 la gare de Desenzano del Garda et puis vous pouvez obtenir \u00e0 Sirmione par bus (voir les instructions \u00ab\u00a0bus\u00a0\u00bb) ou en taxi.<\/p>\n\n\n\n<p><strong>Bergamo &#8211; Orio al Serio &#8211; Caravaggio<\/strong>: prendre le bus de l&rsquo;a\u00e9roport \u00e0 la gare de Bergame, prendre le train (voir les instructions \u00ab\u00a0train\u00a0\u00bb) \u00e0 Desenzano del Garda, alors vous pouvez obtenir \u00e0 Sirmione par bus (voir les instructions \u00ab\u00a0bus\u00a0\u00bb) ou en taxi.<\/p>\n\n\n\n<p><strong>Montichiari &#8211; G. D&rsquo;Annunzio:<\/strong> prendre un taxi \u00e0 l&rsquo;arr\u00eat de bus en face du Centre d&rsquo;expositions Garda \u00e0 Montichiari (Via Mantova), prendre le bus pour arr\u00eater \u00e0 la gare de Desenzano, prendre le bus de la ligne bleue \u00e0 Sirmione; ou prendre un taxi.<\/p>\n\n\n\n<p><strong>Link:<\/strong> <span style=\"color: #0000ff;\"><a style=\"color: #0000ff;\" href=\"http:\/\/www.autostradale.it\/fr\/airports\/1\/3\/?lang=1\" target=\"_blank\" rel=\"noopener\">Aerobus (Malpensa-Gare de Milano Central)<\/a><\/span>&nbsp;&#8211; <span style=\"color: #0000ff;\"><a style=\"color: #0000ff;\" href=\"http:\/\/www.atb.bergamo.it\/ITA\/Default.aspx?SEZ=2&amp;PAG=126&amp;NOT=257\" target=\"_blank\" rel=\"noopener\">Airport Bus (Caravaggio-Gare de Bergamo)<\/a><\/span> &#8211; <span style=\"color: #0000ff;\"><a style=\"color: #0000ff;\" href=\"http:\/\/www.arriva.it\/web\/guest\/results\/-\/search?q=montichiari+sirmione&amp;redirecting=true&amp;freesearch=false\" target=\"_blank\" rel=\"noopener\">la ligne de bus Montichiari-Desenzano-Sirmione<\/a><\/span><\/p>\n\n\n\n<p><strong>TAXI<\/strong><\/p>\n\n\n\n<p>Les emplacements des taxis \u00e0 Sirmione sont deux: en face du ch\u00e2teau de Sirmione ou \u00e0 Colombare de Sirmione en face du si\u00e8ge de Banco Popolare<\/p>\n\n\n\n<p>&#8211; Sirmione- Desenzano ou&nbsp;Sirmione-Peschiera : presque \u20ac 20<br>&#8211; Sirmione- A\u00e9roport de&nbsp;Verona Villafranca: presque \u20ac 65<br>&#8211; Sirmione- A\u00e9roport de&nbsp;Bergamo Orio al Serio : presque \u20ac 150<br>&#8211; Sirmione- A\u00e9roport de&nbsp;Milano Malpensa : presque \u20ac 270<\/p>\n\n\n\n<p>Ci-dessous la carte pour se rendre \u00e0 Sirmione en voiture<\/p>\n","protected":false},"excerpt":{"rendered":"<p>Comme arriver au Sirmione Hotel Smeraldo \u00e0 Sirmione est \u00e0 cinq minutes [&hellip;]<\/p>\n","protected":false},"author":3,"featured_media":2808,"parent":0,"menu_order":82,"comment_status":"open","ping_status":"closed","template":"template-contatti.php","meta":{"_acf_changed":false,"footnotes":""},"class_list":["post-176","page","type-page","status-publish","has-post-thumbnail","hentry"],"acf":[],"yoast_head":"<!-- This site is optimized with the Yoast SEO plugin v27.4 - https:\/\/yoast.com\/product\/yoast-seo-wordpress\/ -->\n<title>Comme arriver | Hotel Smeraldo | pr\u00e8s Sirmione vieille ville<\/title>\n<meta name=\"description\" content=\"Comme arriver \u00e0 H\u00f4tel Smeraldo en Sirmione pr\u00e8s de Centre historique, indications sur comme arriver avec de l&#039;auto, avion, bus, bicyclette, pieds.\" \/>\n<meta name=\"robots\" content=\"index, follow, max-snippet:-1, max-image-preview:large, max-video-preview:-1\" \/>\n<link rel=\"canonical\" href=\"https:\/\/www.smeraldosirmione.com\/fr\/comme-arriver\/\" \/>\n<meta property=\"og:locale\" content=\"fr_FR\" \/>\n<meta property=\"og:type\" content=\"article\" \/>\n<meta property=\"og:title\" content=\"Comme arriver | Hotel Smeraldo | pr\u00e8s Sirmione vieille ville\" \/>\n<meta property=\"og:description\" content=\"Comme arriver \u00e0 H\u00f4tel Smeraldo en Sirmione pr\u00e8s de Centre historique, indications sur comme arriver avec de l&#039;auto, avion, bus, bicyclette, pieds.\" \/>\n<meta property=\"og:url\" content=\"https:\/\/www.smeraldosirmione.com\/fr\/comme-arriver\/\" \/>\n<meta property=\"og:site_name\" content=\"Hotel Smeraldo\" \/>\n<meta property=\"article:modified_time\" content=\"2025-04-03T10:53:33+00:00\" \/>\n<meta name=\"twitter:label1\" content=\"Dur\u00e9e de lecture estim\u00e9e\" \/>\n\t<meta name=\"twitter:data1\" content=\"3 minutes\" \/>\n<script type=\"application\/ld+json\" class=\"yoast-schema-graph\">{\"@context\":\"https:\\\/\\\/schema.org\",\"@graph\":[{\"@type\":\"WebPage\",\"@id\":\"https:\\\/\\\/www.smeraldosirmione.com\\\/fr\\\/comme-arriver\\\/\",\"url\":\"https:\\\/\\\/www.smeraldosirmione.com\\\/fr\\\/comme-arriver\\\/\",\"name\":\"Comme arriver | Hotel Smeraldo | pr\u00e8s Sirmione vieille ville\",\"isPartOf\":{\"@id\":\"https:\\\/\\\/www.smeraldosirmione.com\\\/#website\"},\"primaryImageOfPage\":{\"@id\":\"https:\\\/\\\/www.smeraldosirmione.com\\\/fr\\\/comme-arriver\\\/#primaryimage\"},\"image\":{\"@id\":\"https:\\\/\\\/www.smeraldosirmione.com\\\/fr\\\/comme-arriver\\\/#primaryimage\"},\"thumbnailUrl\":\"https:\\\/\\\/www.smeraldosirmione.com\\\/wp-content\\\/uploads\\\/2024\\\/01\\\/panoramica-DJI_0194-3000-FRECCIA-scaled.jpg\",\"datePublished\":\"2015-02-23T05:26:50+00:00\",\"dateModified\":\"2025-04-03T10:53:33+00:00\",\"description\":\"Comme arriver \u00e0 H\u00f4tel Smeraldo en Sirmione pr\u00e8s de Centre historique, indications sur comme arriver avec de l'auto, avion, bus, bicyclette, pieds.\",\"breadcrumb\":{\"@id\":\"https:\\\/\\\/www.smeraldosirmione.com\\\/fr\\\/comme-arriver\\\/#breadcrumb\"},\"inLanguage\":\"fr-FR\",\"potentialAction\":[{\"@type\":\"ReadAction\",\"target\":[\"https:\\\/\\\/www.smeraldosirmione.com\\\/fr\\\/comme-arriver\\\/\"]}]},{\"@type\":\"ImageObject\",\"inLanguage\":\"fr-FR\",\"@id\":\"https:\\\/\\\/www.smeraldosirmione.com\\\/fr\\\/comme-arriver\\\/#primaryimage\",\"url\":\"https:\\\/\\\/www.smeraldosirmione.com\\\/wp-content\\\/uploads\\\/2024\\\/01\\\/panoramica-DJI_0194-3000-FRECCIA-scaled.jpg\",\"contentUrl\":\"https:\\\/\\\/www.smeraldosirmione.com\\\/wp-content\\\/uploads\\\/2024\\\/01\\\/panoramica-DJI_0194-3000-FRECCIA-scaled.jpg\",\"width\":2560,\"height\":1920,\"caption\":\"DCIM100MEDIADJI_0194.JPG\"},{\"@type\":\"BreadcrumbList\",\"@id\":\"https:\\\/\\\/www.smeraldosirmione.com\\\/fr\\\/comme-arriver\\\/#breadcrumb\",\"itemListElement\":[{\"@type\":\"ListItem\",\"position\":1,\"name\":\"Home\",\"item\":\"https:\\\/\\\/www.smeraldosirmione.com\\\/fr\\\/\"},{\"@type\":\"ListItem\",\"position\":2,\"name\":\"Comme arriver\"}]},{\"@type\":\"WebSite\",\"@id\":\"https:\\\/\\\/www.smeraldosirmione.com\\\/#website\",\"url\":\"https:\\\/\\\/www.smeraldosirmione.com\\\/\",\"name\":\"Hotel Smeraldo\",\"description\":\"H\u00f4tel de Sirmione au coeur du lac de Garde\",\"potentialAction\":[{\"@type\":\"SearchAction\",\"target\":{\"@type\":\"EntryPoint\",\"urlTemplate\":\"https:\\\/\\\/www.smeraldosirmione.com\\\/?s={search_term_string}\"},\"query-input\":{\"@type\":\"PropertyValueSpecification\",\"valueRequired\":true,\"valueName\":\"search_term_string\"}}],\"inLanguage\":\"fr-FR\"}]}<\/script>\n<!-- \/ Yoast SEO plugin. -->","yoast_head_json":{"title":"Comme arriver | Hotel Smeraldo | pr\u00e8s Sirmione vieille ville","description":"Comme arriver \u00e0 H\u00f4tel Smeraldo en Sirmione pr\u00e8s de Centre historique, indications sur comme arriver avec de l'auto, avion, bus, bicyclette, pieds.","robots":{"index":"index","follow":"follow","max-snippet":"max-snippet:-1","max-image-preview":"max-image-preview:large","max-video-preview":"max-video-preview:-1"},"canonical":"https:\/\/www.smeraldosirmione.com\/fr\/comme-arriver\/","og_locale":"fr_FR","og_type":"article","og_title":"Comme arriver | Hotel Smeraldo | pr\u00e8s Sirmione vieille ville","og_description":"Comme arriver \u00e0 H\u00f4tel Smeraldo en Sirmione pr\u00e8s de Centre historique, indications sur comme arriver avec de l'auto, avion, bus, bicyclette, pieds.","og_url":"https:\/\/www.smeraldosirmione.com\/fr\/comme-arriver\/","og_site_name":"Hotel Smeraldo","article_modified_time":"2025-04-03T10:53:33+00:00","twitter_misc":{"Dur\u00e9e de lecture estim\u00e9e":"3 minutes"},"schema":{"@context":"https:\/\/schema.org","@graph":[{"@type":"WebPage","@id":"https:\/\/www.smeraldosirmione.com\/fr\/comme-arriver\/","url":"https:\/\/www.smeraldosirmione.com\/fr\/comme-arriver\/","name":"Comme arriver | Hotel Smeraldo | pr\u00e8s Sirmione vieille ville","isPartOf":{"@id":"https:\/\/www.smeraldosirmione.com\/#website"},"primaryImageOfPage":{"@id":"https:\/\/www.smeraldosirmione.com\/fr\/comme-arriver\/#primaryimage"},"image":{"@id":"https:\/\/www.smeraldosirmione.com\/fr\/comme-arriver\/#primaryimage"},"thumbnailUrl":"https:\/\/www.smeraldosirmione.com\/wp-content\/uploads\/2024\/01\/panoramica-DJI_0194-3000-FRECCIA-scaled.jpg","datePublished":"2015-02-23T05:26:50+00:00","dateModified":"2025-04-03T10:53:33+00:00","description":"Comme arriver \u00e0 H\u00f4tel Smeraldo en Sirmione pr\u00e8s de Centre historique, indications sur comme arriver avec de l'auto, avion, bus, bicyclette, pieds.","breadcrumb":{"@id":"https:\/\/www.smeraldosirmione.com\/fr\/comme-arriver\/#breadcrumb"},"inLanguage":"fr-FR","potentialAction":[{"@type":"ReadAction","target":["https:\/\/www.smeraldosirmione.com\/fr\/comme-arriver\/"]}]},{"@type":"ImageObject","inLanguage":"fr-FR","@id":"https:\/\/www.smeraldosirmione.com\/fr\/comme-arriver\/#primaryimage","url":"https:\/\/www.smeraldosirmione.com\/wp-content\/uploads\/2024\/01\/panoramica-DJI_0194-3000-FRECCIA-scaled.jpg","contentUrl":"https:\/\/www.smeraldosirmione.com\/wp-content\/uploads\/2024\/01\/panoramica-DJI_0194-3000-FRECCIA-scaled.jpg","width":2560,"height":1920,"caption":"DCIM100MEDIADJI_0194.JPG"},{"@type":"BreadcrumbList","@id":"https:\/\/www.smeraldosirmione.com\/fr\/comme-arriver\/#breadcrumb","itemListElement":[{"@type":"ListItem","position":1,"name":"Home","item":"https:\/\/www.smeraldosirmione.com\/fr\/"},{"@type":"ListItem","position":2,"name":"Comme arriver"}]},{"@type":"WebSite","@id":"https:\/\/www.smeraldosirmione.com\/#website","url":"https:\/\/www.smeraldosirmione.com\/","name":"Hotel Smeraldo","description":"H\u00f4tel de Sirmione au coeur du lac de Garde","potentialAction":[{"@type":"SearchAction","target":{"@type":"EntryPoint","urlTemplate":"https:\/\/www.smeraldosirmione.com\/?s={search_term_string}"},"query-input":{"@type":"PropertyValueSpecification","valueRequired":true,"valueName":"search_term_string"}}],"inLanguage":"fr-FR"}]}},"_links":{"self":[{"href":"https:\/\/www.smeraldosirmione.com\/fr\/wp-json\/wp\/v2\/pages\/176","targetHints":{"allow":["GET"]}}],"collection":[{"href":"https:\/\/www.smeraldosirmione.com\/fr\/wp-json\/wp\/v2\/pages"}],"about":[{"href":"https:\/\/www.smeraldosirmione.com\/fr\/wp-json\/wp\/v2\/types\/page"}],"author":[{"embeddable":true,"href":"https:\/\/www.smeraldosirmione.com\/fr\/wp-json\/wp\/v2\/users\/3"}],"replies":[{"embeddable":true,"href":"https:\/\/www.smeraldosirmione.com\/fr\/wp-json\/wp\/v2\/comments?post=176"}],"version-history":[{"count":0,"href":"https:\/\/www.smeraldosirmione.com\/fr\/wp-json\/wp\/v2\/pages\/176\/revisions"}],"wp:featuredmedia":[{"embeddable":true,"href":"https:\/\/www.smeraldosirmione.com\/fr\/wp-json\/wp\/v2\/media\/2808"}],"wp:attachment":[{"href":"https:\/\/www.smeraldosirmione.com\/fr\/wp-json\/wp\/v2\/media?parent=176"}],"curies":[{"name":"wp","href":"https:\/\/api.w.org\/{rel}","templated":true}]}}