{"id":174,"date":"2015-02-23T06:26:09","date_gmt":"2015-02-23T05:26:09","guid":{"rendered":"https:\/\/www.smeraldosirmione.com\/?page_id=174"},"modified":"2025-07-18T12:29:14","modified_gmt":"2025-07-18T10:29:14","slug":"hotel-smeraldo","status":"publish","type":"page","link":"https:\/\/www.smeraldosirmione.com\/fr\/hotel-smeraldo\/","title":{"rendered":"Hotel Smeraldo"},"content":{"rendered":"\n<h4 class=\"wp-block-heading\">Hotel Smeraldo&nbsp;au Sirmione, pr\u00e8s du centre historique, avec jardin sur le lac, parking priv\u00e9.<\/h4>\n\n\n\n<p>Je nous trouve sur la rue principale qui porte au Ch\u00e2teau et au Centre historique de Sirmione, sur la droite et tu peux nous arriver confortablement en voiture sans besoin de permissions; tranquille et avec un beau jardin sur le lac sur le versant est de la p\u00e9ninsule, en direction de Peschiera du Garda. <\/p>\n\n\n\n<h3 class=\"wp-block-heading\">Services hotel Smeraldo, services pour cyclistes<\/h3>\n\n\n\n<p>Restaurant pr\u00e8s de l&rsquo;h\u00f4tel La Paul en face &#8211; Wifi en h\u00f4tel gratuit dans les zones communes et dans les chambres &#8211; R\u00e9servation location voiture avec\/sans chauffeur* &#8211; R\u00e9servation H\u00f4tel transfer vers \/depuis a\u00e9roports * &#8211; R\u00e9servation billets Arena de V\u00e9rone et th\u00e9\u00e2tres &#8211; R\u00e9servation Tour sur le Garda et principales destinations Italie du Nord\u00a0&#8211;\u00a0Petite librairie gratuite \u00e0 disposition &#8211; Teinturerie int\u00e9rieur et planche dans 24h &#8211; paniers-repas pour vos journ\u00e9es dans les parcs &#8211; V\u00e9lo (voit services h\u00f4tel pour les cyclistes) &#8211; Jardin sur le lac \u00e9quip\u00e9 de lits soleil &#8211; gratuitement des serviettes de plage &#8211; Petite s\u00e9lection de journaux et magazines &#8211; Berceaux &#8211; Chaises hautes <\/p>\n\n\n\n<figure class=\"wp-block-image size-large\"><img loading=\"lazy\" decoding=\"async\" width=\"1024\" height=\"768\" src=\"https:\/\/www.smeraldosirmione.com\/wp-content\/uploads\/2024\/05\/Smeraldo-web-1024x768.gif\" alt=\"Hotel Smeraldo Sirmione\" class=\"wp-image-3167\" srcset=\"https:\/\/www.smeraldosirmione.com\/wp-content\/uploads\/2024\/05\/Smeraldo-web-1024x768.gif 1024w, https:\/\/www.smeraldosirmione.com\/wp-content\/uploads\/2024\/05\/Smeraldo-web-800x600.gif 800w, https:\/\/www.smeraldosirmione.com\/wp-content\/uploads\/2024\/05\/Smeraldo-web-1536x1152.gif 1536w, https:\/\/www.smeraldosirmione.com\/wp-content\/uploads\/2024\/05\/Smeraldo-web-300x225.gif 300w, https:\/\/www.smeraldosirmione.com\/wp-content\/uploads\/2024\/05\/Smeraldo-web-768x576.gif 768w\" sizes=\"auto, (max-width: 1024px) 100vw, 1024px\" \/><\/figure>\n","protected":false},"excerpt":{"rendered":"<p>Hotel Smeraldo&nbsp;au Sirmione, pr\u00e8s du centre historique, avec jardin sur le lac, [&hellip;]<\/p>\n","protected":false},"author":3,"featured_media":0,"parent":0,"menu_order":60,"comment_status":"closed","ping_status":"closed","template":"","meta":{"_acf_changed":false,"footnotes":""},"class_list":["post-174","page","type-page","status-publish","hentry"],"acf":[],"yoast_head":"<!-- This site is optimized with the Yoast SEO plugin v27.4 - https:\/\/yoast.com\/product\/yoast-seo-wordpress\/ -->\n<title>Hotel Smeraldo \u00e0 Sirmione sur lac de Garde - SITE OFFICIEL<\/title>\n<meta name=\"description\" content=\"Hotel Smeraldo \u00e0 Sirmione, \u00e0 proximit\u00e9 du centre historique, avec parking et jardin sur le lac de Garde - SITE OFFICIEL LES MEILLEURES PRIX ET OFFRES\" \/>\n<meta name=\"robots\" content=\"index, follow, max-snippet:-1, max-image-preview:large, max-video-preview:-1\" \/>\n<link rel=\"canonical\" href=\"https:\/\/www.smeraldosirmione.com\/fr\/hotel-smeraldo\/\" \/>\n<meta property=\"og:locale\" content=\"fr_FR\" \/>\n<meta property=\"og:type\" content=\"article\" \/>\n<meta property=\"og:title\" content=\"Hotel Smeraldo \u00e0 Sirmione sur lac de Garde - SITE OFFICIEL\" \/>\n<meta property=\"og:description\" content=\"Hotel Smeraldo \u00e0 Sirmione, \u00e0 proximit\u00e9 du centre historique, avec parking et jardin sur le lac de Garde - SITE OFFICIEL LES MEILLEURES PRIX ET OFFRES\" \/>\n<meta property=\"og:url\" content=\"https:\/\/www.smeraldosirmione.com\/fr\/hotel-smeraldo\/\" \/>\n<meta property=\"og:site_name\" content=\"Hotel Smeraldo\" \/>\n<meta property=\"article:modified_time\" content=\"2025-07-18T10:29:14+00:00\" \/>\n<meta property=\"og:image\" content=\"https:\/\/www.smeraldosirmione.com\/wp-content\/uploads\/2024\/05\/Smeraldo-web.gif\" \/>\n\t<meta property=\"og:image:width\" content=\"2000\" \/>\n\t<meta property=\"og:image:height\" content=\"1500\" \/>\n\t<meta property=\"og:image:type\" content=\"image\/gif\" \/>\n<meta name=\"twitter:label1\" content=\"Dur\u00e9e de lecture estim\u00e9e\" \/>\n\t<meta name=\"twitter:data1\" content=\"2 minutes\" \/>\n<script type=\"application\/ld+json\" class=\"yoast-schema-graph\">{\"@context\":\"https:\\\/\\\/schema.org\",\"@graph\":[{\"@type\":\"WebPage\",\"@id\":\"https:\\\/\\\/www.smeraldosirmione.com\\\/fr\\\/hotel-smeraldo\\\/\",\"url\":\"https:\\\/\\\/www.smeraldosirmione.com\\\/fr\\\/hotel-smeraldo\\\/\",\"name\":\"Hotel Smeraldo \u00e0 Sirmione sur lac de Garde - SITE OFFICIEL\",\"isPartOf\":{\"@id\":\"https:\\\/\\\/www.smeraldosirmione.com\\\/#website\"},\"primaryImageOfPage\":{\"@id\":\"https:\\\/\\\/www.smeraldosirmione.com\\\/fr\\\/hotel-smeraldo\\\/#primaryimage\"},\"image\":{\"@id\":\"https:\\\/\\\/www.smeraldosirmione.com\\\/fr\\\/hotel-smeraldo\\\/#primaryimage\"},\"thumbnailUrl\":\"https:\\\/\\\/www.smeraldosirmione.com\\\/wp-content\\\/uploads\\\/2024\\\/05\\\/Smeraldo-web-1024x768.gif\",\"datePublished\":\"2015-02-23T05:26:09+00:00\",\"dateModified\":\"2025-07-18T10:29:14+00:00\",\"description\":\"Hotel Smeraldo \u00e0 Sirmione, \u00e0 proximit\u00e9 du centre historique, avec parking et jardin sur le lac de Garde - SITE OFFICIEL LES MEILLEURES PRIX ET OFFRES\",\"breadcrumb\":{\"@id\":\"https:\\\/\\\/www.smeraldosirmione.com\\\/fr\\\/hotel-smeraldo\\\/#breadcrumb\"},\"inLanguage\":\"fr-FR\",\"potentialAction\":[{\"@type\":\"ReadAction\",\"target\":[\"https:\\\/\\\/www.smeraldosirmione.com\\\/fr\\\/hotel-smeraldo\\\/\"]}]},{\"@type\":\"ImageObject\",\"inLanguage\":\"fr-FR\",\"@id\":\"https:\\\/\\\/www.smeraldosirmione.com\\\/fr\\\/hotel-smeraldo\\\/#primaryimage\",\"url\":\"https:\\\/\\\/www.smeraldosirmione.com\\\/wp-content\\\/uploads\\\/2024\\\/05\\\/Smeraldo-web-1024x768.gif\",\"contentUrl\":\"https:\\\/\\\/www.smeraldosirmione.com\\\/wp-content\\\/uploads\\\/2024\\\/05\\\/Smeraldo-web-1024x768.gif\"},{\"@type\":\"BreadcrumbList\",\"@id\":\"https:\\\/\\\/www.smeraldosirmione.com\\\/fr\\\/hotel-smeraldo\\\/#breadcrumb\",\"itemListElement\":[{\"@type\":\"ListItem\",\"position\":1,\"name\":\"Home\",\"item\":\"https:\\\/\\\/www.smeraldosirmione.com\\\/fr\\\/\"},{\"@type\":\"ListItem\",\"position\":2,\"name\":\"Hotel Smeraldo\"}]},{\"@type\":\"WebSite\",\"@id\":\"https:\\\/\\\/www.smeraldosirmione.com\\\/#website\",\"url\":\"https:\\\/\\\/www.smeraldosirmione.com\\\/\",\"name\":\"Hotel Smeraldo\",\"description\":\"H\u00f4tel de Sirmione au coeur du lac de Garde\",\"potentialAction\":[{\"@type\":\"SearchAction\",\"target\":{\"@type\":\"EntryPoint\",\"urlTemplate\":\"https:\\\/\\\/www.smeraldosirmione.com\\\/?s={search_term_string}\"},\"query-input\":{\"@type\":\"PropertyValueSpecification\",\"valueRequired\":true,\"valueName\":\"search_term_string\"}}],\"inLanguage\":\"fr-FR\"}]}<\/script>\n<!-- \/ Yoast SEO plugin. -->","yoast_head_json":{"title":"Hotel Smeraldo \u00e0 Sirmione sur lac de Garde - SITE OFFICIEL","description":"Hotel Smeraldo \u00e0 Sirmione, \u00e0 proximit\u00e9 du centre historique, avec parking et jardin sur le lac de Garde - SITE OFFICIEL LES MEILLEURES PRIX ET OFFRES","robots":{"index":"index","follow":"follow","max-snippet":"max-snippet:-1","max-image-preview":"max-image-preview:large","max-video-preview":"max-video-preview:-1"},"canonical":"https:\/\/www.smeraldosirmione.com\/fr\/hotel-smeraldo\/","og_locale":"fr_FR","og_type":"article","og_title":"Hotel Smeraldo \u00e0 Sirmione sur lac de Garde - SITE OFFICIEL","og_description":"Hotel Smeraldo \u00e0 Sirmione, \u00e0 proximit\u00e9 du centre historique, avec parking et jardin sur le lac de Garde - SITE OFFICIEL LES MEILLEURES PRIX ET OFFRES","og_url":"https:\/\/www.smeraldosirmione.com\/fr\/hotel-smeraldo\/","og_site_name":"Hotel Smeraldo","article_modified_time":"2025-07-18T10:29:14+00:00","og_image":[{"width":2000,"height":1500,"url":"https:\/\/www.smeraldosirmione.com\/wp-content\/uploads\/2024\/05\/Smeraldo-web.gif","type":"image\/gif"}],"twitter_misc":{"Dur\u00e9e de lecture estim\u00e9e":"2 minutes"},"schema":{"@context":"https:\/\/schema.org","@graph":[{"@type":"WebPage","@id":"https:\/\/www.smeraldosirmione.com\/fr\/hotel-smeraldo\/","url":"https:\/\/www.smeraldosirmione.com\/fr\/hotel-smeraldo\/","name":"Hotel Smeraldo \u00e0 Sirmione sur lac de Garde - SITE OFFICIEL","isPartOf":{"@id":"https:\/\/www.smeraldosirmione.com\/#website"},"primaryImageOfPage":{"@id":"https:\/\/www.smeraldosirmione.com\/fr\/hotel-smeraldo\/#primaryimage"},"image":{"@id":"https:\/\/www.smeraldosirmione.com\/fr\/hotel-smeraldo\/#primaryimage"},"thumbnailUrl":"https:\/\/www.smeraldosirmione.com\/wp-content\/uploads\/2024\/05\/Smeraldo-web-1024x768.gif","datePublished":"2015-02-23T05:26:09+00:00","dateModified":"2025-07-18T10:29:14+00:00","description":"Hotel Smeraldo \u00e0 Sirmione, \u00e0 proximit\u00e9 du centre historique, avec parking et jardin sur le lac de Garde - SITE OFFICIEL LES MEILLEURES PRIX ET OFFRES","breadcrumb":{"@id":"https:\/\/www.smeraldosirmione.com\/fr\/hotel-smeraldo\/#breadcrumb"},"inLanguage":"fr-FR","potentialAction":[{"@type":"ReadAction","target":["https:\/\/www.smeraldosirmione.com\/fr\/hotel-smeraldo\/"]}]},{"@type":"ImageObject","inLanguage":"fr-FR","@id":"https:\/\/www.smeraldosirmione.com\/fr\/hotel-smeraldo\/#primaryimage","url":"https:\/\/www.smeraldosirmione.com\/wp-content\/uploads\/2024\/05\/Smeraldo-web-1024x768.gif","contentUrl":"https:\/\/www.smeraldosirmione.com\/wp-content\/uploads\/2024\/05\/Smeraldo-web-1024x768.gif"},{"@type":"BreadcrumbList","@id":"https:\/\/www.smeraldosirmione.com\/fr\/hotel-smeraldo\/#breadcrumb","itemListElement":[{"@type":"ListItem","position":1,"name":"Home","item":"https:\/\/www.smeraldosirmione.com\/fr\/"},{"@type":"ListItem","position":2,"name":"Hotel Smeraldo"}]},{"@type":"WebSite","@id":"https:\/\/www.smeraldosirmione.com\/#website","url":"https:\/\/www.smeraldosirmione.com\/","name":"Hotel Smeraldo","description":"H\u00f4tel de Sirmione au coeur du lac de Garde","potentialAction":[{"@type":"SearchAction","target":{"@type":"EntryPoint","urlTemplate":"https:\/\/www.smeraldosirmione.com\/?s={search_term_string}"},"query-input":{"@type":"PropertyValueSpecification","valueRequired":true,"valueName":"search_term_string"}}],"inLanguage":"fr-FR"}]}},"_links":{"self":[{"href":"https:\/\/www.smeraldosirmione.com\/fr\/wp-json\/wp\/v2\/pages\/174","targetHints":{"allow":["GET"]}}],"collection":[{"href":"https:\/\/www.smeraldosirmione.com\/fr\/wp-json\/wp\/v2\/pages"}],"about":[{"href":"https:\/\/www.smeraldosirmione.com\/fr\/wp-json\/wp\/v2\/types\/page"}],"author":[{"embeddable":true,"href":"https:\/\/www.smeraldosirmione.com\/fr\/wp-json\/wp\/v2\/users\/3"}],"replies":[{"embeddable":true,"href":"https:\/\/www.smeraldosirmione.com\/fr\/wp-json\/wp\/v2\/comments?post=174"}],"version-history":[{"count":0,"href":"https:\/\/www.smeraldosirmione.com\/fr\/wp-json\/wp\/v2\/pages\/174\/revisions"}],"wp:attachment":[{"href":"https:\/\/www.smeraldosirmione.com\/fr\/wp-json\/wp\/v2\/media?parent=174"}],"curies":[{"name":"wp","href":"https:\/\/api.w.org\/{rel}","templated":true}]}}