{"id":1494,"date":"2017-05-30T16:43:14","date_gmt":"2017-05-30T14:43:14","guid":{"rendered":"https:\/\/www.smeraldosirmione.com\/?page_id=1494\/"},"modified":"2026-04-04T12:39:17","modified_gmt":"2026-04-04T10:39:17","slug":"hotel-services","status":"publish","type":"page","link":"https:\/\/www.smeraldosirmione.com\/fr\/hotel-services\/","title":{"rendered":"Hotel services"},"content":{"rendered":"\n<h4 class=\"wp-block-heading\">L&rsquo;h\u00f4tel est situ\u00e9 sur le c\u00f4t\u00e9 est de la p\u00e9ninsule, directement sur le lac avec un jardin \u00e9quip\u00e9 de chaises longues avec table et parasol, mini-piscine ; parking priv\u00e9 et cl\u00f4tur\u00e9. L&rsquo;h\u00f4tel est r\u00e9parti sur quatre \u00e9tages avec un grand ascenseur ; toutes les chambres avec grand balcon, chambres doubles avec vue frontale sur le lac face au jardin et au lac; chambres familiales pouvant accueillir jusqu&rsquo;\u00e0 cinq personnes, certaines avec vue lat\u00e9rale sur le lac; studios, certains avec coin nuit et coin s\u00e9jour avec coin cuisine.<\/h4>\n\n\n\n<p>Services de l&rsquo;h\u00f4tel Smeraldo : les espaces ext\u00e9rieurs de l&rsquo;h\u00f4tel Smeraldo offrent un jardin relaxant face au lac, une mini piscine pour se rafra\u00eechir \u00e0 l&rsquo;ombre des caract\u00e9ristiques oliviers de Garda.<\/p>\n\n\n\n<p>Le <strong>petit d\u00e9jeuner<\/strong> est servi dans une salle caract\u00e9ristique en bois, lumineuse avec de grandes fen\u00eatres et un coin ext\u00e9rieur pour l&rsquo;\u00e9t\u00e9. Nous servons un buffet g\u00e9n\u00e9reux avec des produits chauds, froids, sucr\u00e9s et sal\u00e9s presque enti\u00e8rement faits maison, tels que : g\u00e2teaux, brioches, yaourts, c\u00e9r\u00e9ales, fromages, charcuteries, l\u00e9gumes, \u0153ufs, bacon, fruits et bien plus encore. Des produits sans gluten sont disponibles sur demande. Le service est actif de 7h30 \u00e0 10h00<\/p>\n\n\n\n<p><strong>Restauration :<\/strong> Des services de d\u00e9jeuner et de d\u00eener sont disponibles au restaurant partenaire Canneto, en face de l&rsquo;h\u00f4tel, qui offre la possibilit\u00e9 de manger en plein air, immerg\u00e9 dans la verdure du grand jardin avec vue panoramique sur le lac de Garde, proposant principalement des plats \u00e0 base de mer. poisson. Alternativement, il est possible de r\u00e9server des plats \u00e0 emporter \u00e0 consommer directement dans les appartements. Pour les longs s\u00e9jours ou pour les familles, la demi-pension ou la pension compl\u00e8te sont disponibles. PAS DE V\u00c9GANS<\/p>\n\n\n\n<figure class=\"wp-block-gallery has-nested-images columns-default is-cropped wp-block-gallery-1 is-layout-flex wp-block-gallery-is-layout-flex\">\n<figure class=\"wp-block-image size-large\"><a href=\"https:\/\/www.smeraldosirmione.com\/wp-content\/uploads\/2024\/01\/sala-colazioni-2-3000-scaled.jpg\"><img loading=\"lazy\" decoding=\"async\" width=\"1024\" height=\"683\" data-id=\"2626\" src=\"https:\/\/www.smeraldosirmione.com\/wp-content\/uploads\/2024\/01\/sala-colazioni-2-3000-1024x683.jpg\" alt=\"\" class=\"wp-image-2626\" srcset=\"https:\/\/www.smeraldosirmione.com\/wp-content\/uploads\/2024\/01\/sala-colazioni-2-3000-1024x683.jpg 1024w, https:\/\/www.smeraldosirmione.com\/wp-content\/uploads\/2024\/01\/sala-colazioni-2-3000-2048x1365.jpg 2048w, https:\/\/www.smeraldosirmione.com\/wp-content\/uploads\/2024\/01\/sala-colazioni-2-3000-1536x1024.jpg 1536w, https:\/\/www.smeraldosirmione.com\/wp-content\/uploads\/2024\/01\/sala-colazioni-2-3000-300x200.jpg 300w, https:\/\/www.smeraldosirmione.com\/wp-content\/uploads\/2024\/01\/sala-colazioni-2-3000-768x512.jpg 768w\" sizes=\"auto, (max-width: 1024px) 100vw, 1024px\" \/><\/a><\/figure>\n\n\n\n<figure class=\"wp-block-image size-large\"><a href=\"https:\/\/www.smeraldosirmione.com\/wp-content\/uploads\/2024\/01\/sala-colazioni-1-3000-scaled.jpg\"><img loading=\"lazy\" decoding=\"async\" width=\"1024\" height=\"683\" data-id=\"2621\" src=\"https:\/\/www.smeraldosirmione.com\/wp-content\/uploads\/2024\/01\/sala-colazioni-1-3000-1024x683.jpg\" alt=\"\" class=\"wp-image-2621\" srcset=\"https:\/\/www.smeraldosirmione.com\/wp-content\/uploads\/2024\/01\/sala-colazioni-1-3000-1024x683.jpg 1024w, https:\/\/www.smeraldosirmione.com\/wp-content\/uploads\/2024\/01\/sala-colazioni-1-3000-2048x1365.jpg 2048w, https:\/\/www.smeraldosirmione.com\/wp-content\/uploads\/2024\/01\/sala-colazioni-1-3000-1536x1024.jpg 1536w, https:\/\/www.smeraldosirmione.com\/wp-content\/uploads\/2024\/01\/sala-colazioni-1-3000-300x200.jpg 300w, https:\/\/www.smeraldosirmione.com\/wp-content\/uploads\/2024\/01\/sala-colazioni-1-3000-768x512.jpg 768w\" sizes=\"auto, (max-width: 1024px) 100vw, 1024px\" \/><\/a><\/figure>\n<\/figure>\n\n\n\n<p>HOTEL SERVICES<br>Parking priv\u00e9 *<\/p>\n\n\n\n<p>Wifi gratuit \u00e0 l&rsquo;h\u00f4tel<br>h\u00f4tel blanchisserie en 24h *<br>Des paniers-repas pour vos journ\u00e9es dans les parcs *<br>h\u00f4tels de v\u00e9lo (service externe)*<br>plage \u00e9quip\u00e9e<br>Des serviettes de plage<br>Berceaux \u00e0 c\u00f4t\u00e9s hauts ou c\u00f4t\u00e9s de lit<br>Chaises hautes<br>Mini-piscine<br>Biblioth\u00e8que peu gratuit<br>change de devises<br>Transfert de H\u00f4tel \u00e0 \/ en provenance des a\u00e9roports (service externe)*<br>Location de voiture avec chauffeur (service externe)*<br>Tour R\u00e9servation*<br>Livre Arena di Verona Billets et th\u00e9\u00e2tres*<\/p>\n\n\n\n<p>* Services payants<\/p>\n","protected":false},"excerpt":{"rendered":"<p>L&rsquo;h\u00f4tel est situ\u00e9 sur le c\u00f4t\u00e9 est de la p\u00e9ninsule, directement sur [&hellip;]<\/p>\n","protected":false},"author":2,"featured_media":3367,"parent":0,"menu_order":56,"comment_status":"open","ping_status":"closed","template":"","meta":{"_acf_changed":false,"footnotes":""},"class_list":["post-1494","page","type-page","status-publish","has-post-thumbnail","hentry"],"acf":[],"yoast_head":"<!-- This site is optimized with the Yoast SEO plugin v27.4 - https:\/\/yoast.com\/product\/yoast-seo-wordpress\/ -->\n<title>Hotel services Smeraldo | Sirmione | Lac de Garde<\/title>\n<meta name=\"description\" content=\"Hotel services Smeraldo situ\u00e9 sur le c\u00f4t\u00e9 est de la p\u00e9ninsule, directement sur le lac avec jardin priv\u00e9 et plage \u00e9quip\u00e9e de chaises longu\" \/>\n<meta name=\"robots\" content=\"index, follow, max-snippet:-1, max-image-preview:large, max-video-preview:-1\" \/>\n<link rel=\"canonical\" href=\"https:\/\/www.smeraldosirmione.com\/fr\/hotel-services\/\" \/>\n<meta property=\"og:locale\" content=\"fr_FR\" \/>\n<meta property=\"og:type\" content=\"article\" \/>\n<meta property=\"og:title\" content=\"Hotel services Smeraldo | Sirmione | Lac de Garde\" \/>\n<meta property=\"og:description\" content=\"Hotel services Smeraldo situ\u00e9 sur le c\u00f4t\u00e9 est de la p\u00e9ninsule, directement sur le lac avec jardin priv\u00e9 et plage \u00e9quip\u00e9e de chaises longu\" \/>\n<meta property=\"og:url\" content=\"https:\/\/www.smeraldosirmione.com\/fr\/hotel-services\/\" \/>\n<meta property=\"og:site_name\" content=\"Hotel Smeraldo\" \/>\n<meta property=\"article:modified_time\" content=\"2026-04-04T10:39:17+00:00\" \/>\n<meta property=\"og:image\" content=\"https:\/\/www.smeraldosirmione.com\/wp-content\/uploads\/2026\/02\/Hotel-La-Paul-penisola.jpg\" \/>\n\t<meta property=\"og:image:width\" content=\"2309\" \/>\n\t<meta property=\"og:image:height\" content=\"1732\" \/>\n\t<meta property=\"og:image:type\" content=\"image\/jpeg\" \/>\n<meta name=\"twitter:label1\" content=\"Dur\u00e9e de lecture estim\u00e9e\" \/>\n\t<meta name=\"twitter:data1\" content=\"3 minutes\" \/>\n<script type=\"application\/ld+json\" class=\"yoast-schema-graph\">{\"@context\":\"https:\\\/\\\/schema.org\",\"@graph\":[{\"@type\":\"WebPage\",\"@id\":\"https:\\\/\\\/www.smeraldosirmione.com\\\/fr\\\/hotel-services\\\/\",\"url\":\"https:\\\/\\\/www.smeraldosirmione.com\\\/fr\\\/hotel-services\\\/\",\"name\":\"Hotel services Smeraldo | Sirmione | Lac de Garde\",\"isPartOf\":{\"@id\":\"https:\\\/\\\/www.smeraldosirmione.com\\\/#website\"},\"primaryImageOfPage\":{\"@id\":\"https:\\\/\\\/www.smeraldosirmione.com\\\/fr\\\/hotel-services\\\/#primaryimage\"},\"image\":{\"@id\":\"https:\\\/\\\/www.smeraldosirmione.com\\\/fr\\\/hotel-services\\\/#primaryimage\"},\"thumbnailUrl\":\"https:\\\/\\\/www.smeraldosirmione.com\\\/wp-content\\\/uploads\\\/2026\\\/02\\\/Hotel-La-Paul-penisola.jpg\",\"datePublished\":\"2017-05-30T14:43:14+00:00\",\"dateModified\":\"2026-04-04T10:39:17+00:00\",\"description\":\"Hotel services Smeraldo situ\u00e9 sur le c\u00f4t\u00e9 est de la p\u00e9ninsule, directement sur le lac avec jardin priv\u00e9 et plage \u00e9quip\u00e9e de chaises longu\",\"breadcrumb\":{\"@id\":\"https:\\\/\\\/www.smeraldosirmione.com\\\/fr\\\/hotel-services\\\/#breadcrumb\"},\"inLanguage\":\"fr-FR\",\"potentialAction\":[{\"@type\":\"ReadAction\",\"target\":[\"https:\\\/\\\/www.smeraldosirmione.com\\\/fr\\\/hotel-services\\\/\"]}]},{\"@type\":\"ImageObject\",\"inLanguage\":\"fr-FR\",\"@id\":\"https:\\\/\\\/www.smeraldosirmione.com\\\/fr\\\/hotel-services\\\/#primaryimage\",\"url\":\"https:\\\/\\\/www.smeraldosirmione.com\\\/wp-content\\\/uploads\\\/2026\\\/02\\\/Hotel-La-Paul-penisola.jpg\",\"contentUrl\":\"https:\\\/\\\/www.smeraldosirmione.com\\\/wp-content\\\/uploads\\\/2026\\\/02\\\/Hotel-La-Paul-penisola.jpg\",\"width\":2309,\"height\":1732},{\"@type\":\"BreadcrumbList\",\"@id\":\"https:\\\/\\\/www.smeraldosirmione.com\\\/fr\\\/hotel-services\\\/#breadcrumb\",\"itemListElement\":[{\"@type\":\"ListItem\",\"position\":1,\"name\":\"Home\",\"item\":\"https:\\\/\\\/www.smeraldosirmione.com\\\/fr\\\/\"},{\"@type\":\"ListItem\",\"position\":2,\"name\":\"Hotel services\"}]},{\"@type\":\"WebSite\",\"@id\":\"https:\\\/\\\/www.smeraldosirmione.com\\\/#website\",\"url\":\"https:\\\/\\\/www.smeraldosirmione.com\\\/\",\"name\":\"Hotel Smeraldo\",\"description\":\"H\u00f4tel de Sirmione au coeur du lac de Garde\",\"potentialAction\":[{\"@type\":\"SearchAction\",\"target\":{\"@type\":\"EntryPoint\",\"urlTemplate\":\"https:\\\/\\\/www.smeraldosirmione.com\\\/?s={search_term_string}\"},\"query-input\":{\"@type\":\"PropertyValueSpecification\",\"valueRequired\":true,\"valueName\":\"search_term_string\"}}],\"inLanguage\":\"fr-FR\"}]}<\/script>\n<!-- \/ Yoast SEO plugin. -->","yoast_head_json":{"title":"Hotel services Smeraldo | Sirmione | Lac de Garde","description":"Hotel services Smeraldo situ\u00e9 sur le c\u00f4t\u00e9 est de la p\u00e9ninsule, directement sur le lac avec jardin priv\u00e9 et plage \u00e9quip\u00e9e de chaises longu","robots":{"index":"index","follow":"follow","max-snippet":"max-snippet:-1","max-image-preview":"max-image-preview:large","max-video-preview":"max-video-preview:-1"},"canonical":"https:\/\/www.smeraldosirmione.com\/fr\/hotel-services\/","og_locale":"fr_FR","og_type":"article","og_title":"Hotel services Smeraldo | Sirmione | Lac de Garde","og_description":"Hotel services Smeraldo situ\u00e9 sur le c\u00f4t\u00e9 est de la p\u00e9ninsule, directement sur le lac avec jardin priv\u00e9 et plage \u00e9quip\u00e9e de chaises longu","og_url":"https:\/\/www.smeraldosirmione.com\/fr\/hotel-services\/","og_site_name":"Hotel Smeraldo","article_modified_time":"2026-04-04T10:39:17+00:00","og_image":[{"width":2309,"height":1732,"url":"https:\/\/www.smeraldosirmione.com\/wp-content\/uploads\/2026\/02\/Hotel-La-Paul-penisola.jpg","type":"image\/jpeg"}],"twitter_misc":{"Dur\u00e9e de lecture estim\u00e9e":"3 minutes"},"schema":{"@context":"https:\/\/schema.org","@graph":[{"@type":"WebPage","@id":"https:\/\/www.smeraldosirmione.com\/fr\/hotel-services\/","url":"https:\/\/www.smeraldosirmione.com\/fr\/hotel-services\/","name":"Hotel services Smeraldo | Sirmione | Lac de Garde","isPartOf":{"@id":"https:\/\/www.smeraldosirmione.com\/#website"},"primaryImageOfPage":{"@id":"https:\/\/www.smeraldosirmione.com\/fr\/hotel-services\/#primaryimage"},"image":{"@id":"https:\/\/www.smeraldosirmione.com\/fr\/hotel-services\/#primaryimage"},"thumbnailUrl":"https:\/\/www.smeraldosirmione.com\/wp-content\/uploads\/2026\/02\/Hotel-La-Paul-penisola.jpg","datePublished":"2017-05-30T14:43:14+00:00","dateModified":"2026-04-04T10:39:17+00:00","description":"Hotel services Smeraldo situ\u00e9 sur le c\u00f4t\u00e9 est de la p\u00e9ninsule, directement sur le lac avec jardin priv\u00e9 et plage \u00e9quip\u00e9e de chaises longu","breadcrumb":{"@id":"https:\/\/www.smeraldosirmione.com\/fr\/hotel-services\/#breadcrumb"},"inLanguage":"fr-FR","potentialAction":[{"@type":"ReadAction","target":["https:\/\/www.smeraldosirmione.com\/fr\/hotel-services\/"]}]},{"@type":"ImageObject","inLanguage":"fr-FR","@id":"https:\/\/www.smeraldosirmione.com\/fr\/hotel-services\/#primaryimage","url":"https:\/\/www.smeraldosirmione.com\/wp-content\/uploads\/2026\/02\/Hotel-La-Paul-penisola.jpg","contentUrl":"https:\/\/www.smeraldosirmione.com\/wp-content\/uploads\/2026\/02\/Hotel-La-Paul-penisola.jpg","width":2309,"height":1732},{"@type":"BreadcrumbList","@id":"https:\/\/www.smeraldosirmione.com\/fr\/hotel-services\/#breadcrumb","itemListElement":[{"@type":"ListItem","position":1,"name":"Home","item":"https:\/\/www.smeraldosirmione.com\/fr\/"},{"@type":"ListItem","position":2,"name":"Hotel services"}]},{"@type":"WebSite","@id":"https:\/\/www.smeraldosirmione.com\/#website","url":"https:\/\/www.smeraldosirmione.com\/","name":"Hotel Smeraldo","description":"H\u00f4tel de Sirmione au coeur du lac de Garde","potentialAction":[{"@type":"SearchAction","target":{"@type":"EntryPoint","urlTemplate":"https:\/\/www.smeraldosirmione.com\/?s={search_term_string}"},"query-input":{"@type":"PropertyValueSpecification","valueRequired":true,"valueName":"search_term_string"}}],"inLanguage":"fr-FR"}]}},"_links":{"self":[{"href":"https:\/\/www.smeraldosirmione.com\/fr\/wp-json\/wp\/v2\/pages\/1494","targetHints":{"allow":["GET"]}}],"collection":[{"href":"https:\/\/www.smeraldosirmione.com\/fr\/wp-json\/wp\/v2\/pages"}],"about":[{"href":"https:\/\/www.smeraldosirmione.com\/fr\/wp-json\/wp\/v2\/types\/page"}],"author":[{"embeddable":true,"href":"https:\/\/www.smeraldosirmione.com\/fr\/wp-json\/wp\/v2\/users\/2"}],"replies":[{"embeddable":true,"href":"https:\/\/www.smeraldosirmione.com\/fr\/wp-json\/wp\/v2\/comments?post=1494"}],"version-history":[{"count":1,"href":"https:\/\/www.smeraldosirmione.com\/fr\/wp-json\/wp\/v2\/pages\/1494\/revisions"}],"predecessor-version":[{"id":3455,"href":"https:\/\/www.smeraldosirmione.com\/fr\/wp-json\/wp\/v2\/pages\/1494\/revisions\/3455"}],"wp:featuredmedia":[{"embeddable":true,"href":"https:\/\/www.smeraldosirmione.com\/fr\/wp-json\/wp\/v2\/media\/3367"}],"wp:attachment":[{"href":"https:\/\/www.smeraldosirmione.com\/fr\/wp-json\/wp\/v2\/media?parent=1494"}],"curies":[{"name":"wp","href":"https:\/\/api.w.org\/{rel}","templated":true}]}}