{"id":584,"date":"2015-06-14T10:01:49","date_gmt":"2015-06-14T08:01:49","guid":{"rendered":"https:\/\/www.smeraldosirmione.com\/?page_id=584"},"modified":"2015-06-14T10:01:49","modified_gmt":"2015-06-14T08:01:49","slug":"privacy-de","status":"publish","type":"page","link":"https:\/\/www.smeraldosirmione.com\/de\/privacy-de\/","title":{"rendered":"Privacy"},"content":{"rendered":"<p>Diese Seite verwendet Cookies von Drittanbietern, um statistische Daten \u00fcber die Navigation zu sammeln. Wenn Sie mehr wissen wollen, klicken Sie hier.<\/p>\n<p>Kurzinformation im Sinne des Art. 13 Gesetzesverordnung Nr. 196\/2003 (Schutz personenbezogener Daten)<\/p>\n<p>Dieser Hinweis soll die Vorschriften zum Schutz personenbezogener Daten, insbesondere zu kl\u00e4ren, was die Rechte der Parteien sowie die Verfahren f\u00fcr ihren Schutz. In diesem Sinne informieren wir alle Personen, die diese Website und zu anderen Adressen, um es zu dieser Verbindung zugreifen:<\/p>\n<p>1) W\u00e4hrend der Beratung unserer Webseiten Sie k\u00f6nnen pers\u00f6nliche Informationen und Daten, auch durch Ausf\u00fcllen von Formularen freiwillig in seine Seiten, durch die Wirkung von Dateien tempor\u00e4r oder permanent auf der Festplatte gespeichert (cd sammeln . Pl\u00e4tzchen) und durch die Verwendung von anderen Softwarekomponenten heruntergeladen oder aktiviert beim Surfen. Sie benutzen Cookies und \u00e4hnliche Technologien, um das ordnungsgem\u00e4\u00dfe Funktionieren der Verfahren zu gew\u00e4hrleisten und zur Verbesserung der Benutzerfreundlichkeit von Online-Anwendungen.<br \/>\nDie gesammelten Daten werden in der Reihenfolge behandelt werden:<\/p>\n<p>\u00a0\u00a0\u00a0\u00a0erm\u00f6glichen eine Anfrage oder eine Buchung<br \/>\n\u00a0\u00a0\u00a0\u00a0sammeln Statistiken \u00fcber unsere Website durch spezifische Cookies<\/p>\n<p>Die gesammelten Daten werden sowohl elektronisch als auch auf Papier gespeichert und in die Einhaltung aller gesetzlich vorgesehen, um die Rechte der Betroffenen zu sch\u00fctzen Ma\u00dfnahmen behandelt werden.<\/p>\n<p>2) Die Verleihung der Daten ist f\u00fcr Stufe 1 und Stufe 2 f\u00fcr optionale erforderlich; Weigerung, diese Daten zur Verf\u00fcgung stellen, kann die Sperrung von Cookies oder andere Software-Komponenten in einem nicht ganz korrekt Funktionalit\u00e4t der Website und \/ oder die Unm\u00f6glichkeit f\u00fcr uns die gew\u00fcnschten Informationen oder Dienstleistungen zur Verf\u00fcgung zu stellen zur Folge haben.<\/p>\n<p>3) Die gesammelten Daten werden vom Personal zugewiesen Firma verarbeitet werden und, im Falle der Einwilligung in die Verwendung von Drittanbieter-Cookies k\u00f6nnen sie an andere Parteien weitergegeben werden.<\/p>\n<p>4) der Datenverarbeitung ist Garda Hotels srl, Via XXV Aprile, 32 Sirmione (BS). Um seine Rechte gem\u00e4\u00df Art auszu\u00fcben. 7 der Gesetzesverordnung Nr. 196\/2003, einschlie\u00dflich des Rechts auf unserer l\u00f6schen. Datenbank k\u00f6nnen Sie den Manager der Datenverarbeitung, Herr Betta Pierpaolo, die Telefonnummer 030.916077 oder per E-Mail kontaktieren info@hotellapaul.it<br \/>\n\u00a0<\/p>\n<p>Detaillierte Informationen \u00fcber die Verwendung von Cookies und die Zustimmung ihrer Verwendung<br \/>\nBegriffsbestimmungen<\/p>\n<p>Cookies sind kleine Text (Buchstaben und \/ oder Zahlen), die der Webserver auf dem Client (Browser) auch nach speichern Informationen, um w\u00e4hrend eines Besuchs auf der Website (Session-Cookies) wiederverwendet werden oder sp\u00e4ter, erlauben Tage (permanente Cookies). Cookies gespeichert werden, entsprechend den Benutzerpr\u00e4ferenzen aus einem einzigen Browser auf dem bestimmten Ger\u00e4t verwendet wird (Computer, Tablet, Smartphone). \u00c4hnliche Techniken k\u00f6nnen verwendet werden, um Informationen \u00fcber das Nutzerverhalten und die Nutzung der Dienste zu sammeln.<br \/>\nSp\u00e4ter in diesem Dokument wird, Cookies und \u00e4hnliche Technologien alle, indem Sie einfach mit dem Wort &#8222;Cookie&#8220; zu entnehmen.<br \/>\nArten von Cookies<\/p>\n<p>Basierend auf den Eigenschaften und Verwendung von Cookies k\u00f6nnen wir einige Kategorien zu unterscheiden:<\/p>\n<p>\u00a0\u00a0\u00a0\u00a0Cookies sind unbedingt erforderlich. Diese Cookies sind f\u00fcr den ordnungsgem\u00e4\u00dfen Betrieb von unserer Website und werden verwendet, um den Benutzernamen und den Zugriff auf Funktionen einzigartig auf der Website zu verwalten, in der Regel zu beschleunigen, zu verbessern und das Niveau des Service f\u00fcr die Nutzer zu personalisieren. Die Dauer der Cookies ist streng beschr\u00e4nkt oder Arbeitssitzung (geschlossen den Browser gel\u00f6scht werden) oder von l\u00e4ngerer Dauer, entworfen, um dem Rechner des Besuchers zu erkennen. Die Deaktivierung kann die Nutzung der Dienste von Anmeldung zug\u00e4nglich gef\u00e4hrden, w\u00e4hrend die \u00f6ffentlichen Teil der Website normalerweise verwendet wird.<br \/>\n\u00a0\u00a0\u00a0\u00a0Cookie-Analyse und Performance. Cookies werden verwendet, zu sammeln und zu analysieren, Verkehr und die Nutzung der Website anonym. Diese Cookies, auch ohne den Benutzer identifizieren, zu erm\u00f6glichen, beispielsweise zu erkennen, ob derselbe Benutzer zu unterschiedlichen Zeiten eine Verbindung zur\u00fcck. Dar\u00fcber hinaus k\u00f6nnen Sie zur \u00dcberwachung des Systems und zur Verbesserung seiner Leistung und Benutzerfreundlichkeit. Die Deaktivierung dieser Cookies k\u00f6nnen ohne Verlust der Funktionalit\u00e4t ausgef\u00fchrt werden.<br \/>\n\u00a0\u00a0\u00a0\u00a0Cookie-Profiling. Es handelt sich um permanente Cookies zur Identifizierung (anonym oder nicht), Benutzer-Einstellungen und verbessern Sie Ihre Erfahrungen mit Navigation, um Werbebotschaften in Einklang mit den von dem gleichen Teil des Surfen im Netz gezeigt Pr\u00e4ferenzen zu senden.<\/p>\n<p>Cookies von Drittanbietern<\/p>\n<p>Besuch einer Website k\u00f6nnen Sie Cookies erhalten von der Website besucht wird (&#8222;Eigent\u00fcmer&#8220;), beide von Webseiten, die von anderen Organisationen (&#8222;Dritte&#8220;) gehalten. Das Vorhandensein dieser Plugins beinhaltet die \u00dcbertragung von Cookies zu und von allen Websites von Dritten betrieben werden. Das Management der durch &#8222;Dritte&#8220; gesammelten Informationen werden von den relevanten Informationen, die verweisen geregelt.<br \/>\nUm mehr Transparenz und Komfort gegeben ist die Webadresse der Informationen und Verfahren f\u00fcr den Umgang mit Cookies:<br \/>\nGoogle Analytics &#8211; Web-Services (Statistik): https:\/\/www.google.it\/intl\/it\/policies\/technologies\/cookies\/<br \/>\nPl\u00e4tzchen verwalten<\/p>\n<p>Der Benutzer kann entscheiden, ob Sie Cookies durch eine entsprechende Einstellung Ihrer Browser akzeptieren.<br \/>\nWarnung: Deaktivieren aller oder eines Teils der technischen Cookies k\u00f6nnen die Benutzung der Funktionalit\u00e4t der Seite m\u00fcssen Sie angemeldet gef\u00e4hrden. Im Gegenteil, ist die Benutzerfreundlichkeit der \u00f6ffentlichen Inhalte auch m\u00f6glich, v\u00f6llig Deaktivierung von Cookies.<br \/>\nDeaktivierung von Cookies &#8222;Dritte&#8220; in keiner Weise die Schiffbarkeit vorgreifen. Die Einstellung kann speziell f\u00fcr die verschiedenen Websites und Web-Applikationen definiert werden. Dar\u00fcber hinaus sind die besten Browsern k\u00f6nnen Sie verschiedene Einstellungen f\u00fcr Cookies &#8222;Besitzer&#8220; und die der &#8222;Dritten&#8220; zu definieren.<br \/>\nZum Beispiel in Firefox durch das Men\u00fc Tools-> Optionen -> Datenschutz Sie ein Bedienfeld, in dem Sie festlegen, ob die verschiedenen Arten von Cookies und entfernen Sie sie zugreifen k\u00f6nnen.<br \/>\nChrome: https:\/\/support.google.com\/chrome\/answer\/95647?hl=it<br \/>\nFirefox: https:\/\/support.mozilla.org\/it\/kb\/Gestione%20dei%20cookie<br \/>\nInternet Explorer: http:\/\/windows.microsoft.com\/it-it\/windows7\/how-to-manage-cookies-in-internet-explorer-9<br \/>\nOpera: http:\/\/help.opera.com\/Windows\/10.00\/it\/cookies.html<br \/>\nSafari: http:\/\/support.apple.com\/kb\/HT1677?viewlocale=it_IT<\/p>\n<p>\u00a0<\/p>\n<p>Art. 7 der Gesetzesverordnung Nr 196\/2003. &#8211; Recht auf Zugang zu pers\u00f6nlichen Daten und andere Rechte<\/p>\n<p>1. Sie haben das Recht, die Best\u00e4tigung der Existenz von personenbezogenen Daten \u00fcber ihn, auch wenn noch nicht registriert, und ihre Mitteilung in verst\u00e4ndlicher Form.<br \/>\n2. Sie haben das Recht, Informationen zu erhalten:<br \/>\na) Herkunft der personenbezogenen Daten;<br \/>\nb) die Zwecke und Methoden der Behandlung;<br \/>\nc) die Logik im Falle einer Behandlung mit Hilfe elektronischer Mittel;<br \/>\nd) die Identit\u00e4t der Eigent\u00fcmer, Manager und die nach Artikel 5 bestellten Vertreter, Absatz 2;<br \/>\ne) Personen oder Kategorien von Personen, denen die Daten \u00fcbermittelt werden k\u00f6nnen oder wer kann \u00fcber sie als Vertreter in des Staates, Manager oder Agenten zu lernen.<br \/>\n3. Sie haben das Recht auf:<br \/>\na) Aktualisierung, Berichtigung oder, sofern interessiert, die Integration von Daten;<br \/>\nb) die L\u00f6schung, Anonymisierung oder Sperrung von widerrechtlich verarbeiteten Daten, einschlie\u00dflich Daten, die nicht f\u00fcr die Zwecke, f\u00fcr die die Daten erhoben oder sp\u00e4ter verarbeitet wurden, m\u00fcssen gehalten werden;<br \/>\nc) die Best\u00e4tigung, dass die in den Buchstaben a) und b) mitgeteilt worden, auch was ihren Inhalt betrifft, jenen, denen die Daten mitgeteilt oder verbreitet wurden, sofern sich dies nicht m\u00f6glich oder ist die Verwendung von Mitteln im Verh\u00e4ltnis zum gesch\u00fctzten Recht.<br \/>\n4. Sie haben das Recht, sich ganz oder teilweise:<br \/>\na) aus legitimen Gr\u00fcnden der Verarbeitung personenbezogener Daten, diese dem Zweck der Sammlung;<br \/>\nb) der Verarbeitung personenbezogener Daten f\u00fcr Zwecke des Versands von Werbematerial oder Direktverkauf oder f\u00fcr die Durchf\u00fchrung von Marktforschungen oder kommerziellen Kommunikation.<\/p>\n","protected":false},"excerpt":{"rendered":"<p>Diese Seite verwendet Cookies von Drittanbietern, um statistische Daten \u00fcber die Navigation [&hellip;]<\/p>\n","protected":false},"author":2,"featured_media":0,"parent":0,"menu_order":42,"comment_status":"closed","ping_status":"closed","template":"","meta":{"_acf_changed":false,"footnotes":""},"class_list":["post-584","page","type-page","status-publish","hentry"],"acf":[],"yoast_head":"<!-- This site is optimized with the Yoast SEO plugin v27.5 - https:\/\/yoast.com\/product\/yoast-seo-wordpress\/ -->\n<title>Privacy - Hotel Smeraldo<\/title>\n<meta name=\"robots\" content=\"index, follow, max-snippet:-1, max-image-preview:large, max-video-preview:-1\" \/>\n<link rel=\"canonical\" href=\"https:\/\/www.smeraldosirmione.com\/de\/privacy-de\/\" \/>\n<meta property=\"og:locale\" content=\"de_DE\" \/>\n<meta property=\"og:type\" content=\"article\" \/>\n<meta property=\"og:title\" content=\"Privacy - Hotel Smeraldo\" \/>\n<meta property=\"og:description\" content=\"Diese Seite verwendet Cookies von Drittanbietern, um statistische Daten \u00fcber die Navigation [&hellip;]\" \/>\n<meta property=\"og:url\" content=\"https:\/\/www.smeraldosirmione.com\/de\/privacy-de\/\" \/>\n<meta property=\"og:site_name\" content=\"Hotel Smeraldo\" \/>\n<meta name=\"twitter:label1\" content=\"Gesch\u00e4tzte Lesezeit\" \/>\n\t<meta name=\"twitter:data1\" content=\"6\u00a0Minuten\" \/>\n<script type=\"application\/ld+json\" class=\"yoast-schema-graph\">{\"@context\":\"https:\\\/\\\/schema.org\",\"@graph\":[{\"@type\":\"WebPage\",\"@id\":\"https:\\\/\\\/www.smeraldosirmione.com\\\/de\\\/privacy-de\\\/\",\"url\":\"https:\\\/\\\/www.smeraldosirmione.com\\\/de\\\/privacy-de\\\/\",\"name\":\"Privacy - Hotel Smeraldo\",\"isPartOf\":{\"@id\":\"https:\\\/\\\/www.smeraldosirmione.com\\\/#website\"},\"datePublished\":\"2015-06-14T08:01:49+00:00\",\"breadcrumb\":{\"@id\":\"https:\\\/\\\/www.smeraldosirmione.com\\\/de\\\/privacy-de\\\/#breadcrumb\"},\"inLanguage\":\"de\",\"potentialAction\":[{\"@type\":\"ReadAction\",\"target\":[\"https:\\\/\\\/www.smeraldosirmione.com\\\/de\\\/privacy-de\\\/\"]}]},{\"@type\":\"BreadcrumbList\",\"@id\":\"https:\\\/\\\/www.smeraldosirmione.com\\\/de\\\/privacy-de\\\/#breadcrumb\",\"itemListElement\":[{\"@type\":\"ListItem\",\"position\":1,\"name\":\"Home\",\"item\":\"https:\\\/\\\/www.smeraldosirmione.com\\\/de\\\/\"},{\"@type\":\"ListItem\",\"position\":2,\"name\":\"Privacy\"}]},{\"@type\":\"WebSite\",\"@id\":\"https:\\\/\\\/www.smeraldosirmione.com\\\/#website\",\"url\":\"https:\\\/\\\/www.smeraldosirmione.com\\\/\",\"name\":\"Hotel Smeraldo\",\"description\":\"Sirmione Hotel im Herzen des Gardasees\",\"potentialAction\":[{\"@type\":\"SearchAction\",\"target\":{\"@type\":\"EntryPoint\",\"urlTemplate\":\"https:\\\/\\\/www.smeraldosirmione.com\\\/?s={search_term_string}\"},\"query-input\":{\"@type\":\"PropertyValueSpecification\",\"valueRequired\":true,\"valueName\":\"search_term_string\"}}],\"inLanguage\":\"de\"}]}<\/script>\n<!-- \/ Yoast SEO plugin. -->","yoast_head_json":{"title":"Privacy - Hotel Smeraldo","robots":{"index":"index","follow":"follow","max-snippet":"max-snippet:-1","max-image-preview":"max-image-preview:large","max-video-preview":"max-video-preview:-1"},"canonical":"https:\/\/www.smeraldosirmione.com\/de\/privacy-de\/","og_locale":"de_DE","og_type":"article","og_title":"Privacy - Hotel Smeraldo","og_description":"Diese Seite verwendet Cookies von Drittanbietern, um statistische Daten \u00fcber die Navigation [&hellip;]","og_url":"https:\/\/www.smeraldosirmione.com\/de\/privacy-de\/","og_site_name":"Hotel Smeraldo","twitter_misc":{"Gesch\u00e4tzte Lesezeit":"6\u00a0Minuten"},"schema":{"@context":"https:\/\/schema.org","@graph":[{"@type":"WebPage","@id":"https:\/\/www.smeraldosirmione.com\/de\/privacy-de\/","url":"https:\/\/www.smeraldosirmione.com\/de\/privacy-de\/","name":"Privacy - Hotel Smeraldo","isPartOf":{"@id":"https:\/\/www.smeraldosirmione.com\/#website"},"datePublished":"2015-06-14T08:01:49+00:00","breadcrumb":{"@id":"https:\/\/www.smeraldosirmione.com\/de\/privacy-de\/#breadcrumb"},"inLanguage":"de","potentialAction":[{"@type":"ReadAction","target":["https:\/\/www.smeraldosirmione.com\/de\/privacy-de\/"]}]},{"@type":"BreadcrumbList","@id":"https:\/\/www.smeraldosirmione.com\/de\/privacy-de\/#breadcrumb","itemListElement":[{"@type":"ListItem","position":1,"name":"Home","item":"https:\/\/www.smeraldosirmione.com\/de\/"},{"@type":"ListItem","position":2,"name":"Privacy"}]},{"@type":"WebSite","@id":"https:\/\/www.smeraldosirmione.com\/#website","url":"https:\/\/www.smeraldosirmione.com\/","name":"Hotel Smeraldo","description":"Sirmione Hotel im Herzen des Gardasees","potentialAction":[{"@type":"SearchAction","target":{"@type":"EntryPoint","urlTemplate":"https:\/\/www.smeraldosirmione.com\/?s={search_term_string}"},"query-input":{"@type":"PropertyValueSpecification","valueRequired":true,"valueName":"search_term_string"}}],"inLanguage":"de"}]}},"_links":{"self":[{"href":"https:\/\/www.smeraldosirmione.com\/de\/wp-json\/wp\/v2\/pages\/584","targetHints":{"allow":["GET"]}}],"collection":[{"href":"https:\/\/www.smeraldosirmione.com\/de\/wp-json\/wp\/v2\/pages"}],"about":[{"href":"https:\/\/www.smeraldosirmione.com\/de\/wp-json\/wp\/v2\/types\/page"}],"author":[{"embeddable":true,"href":"https:\/\/www.smeraldosirmione.com\/de\/wp-json\/wp\/v2\/users\/2"}],"replies":[{"embeddable":true,"href":"https:\/\/www.smeraldosirmione.com\/de\/wp-json\/wp\/v2\/comments?post=584"}],"version-history":[{"count":0,"href":"https:\/\/www.smeraldosirmione.com\/de\/wp-json\/wp\/v2\/pages\/584\/revisions"}],"wp:attachment":[{"href":"https:\/\/www.smeraldosirmione.com\/de\/wp-json\/wp\/v2\/media?parent=584"}],"curies":[{"name":"wp","href":"https:\/\/api.w.org\/{rel}","templated":true}]}}