{"id":2252,"date":"2023-03-05T17:56:11","date_gmt":"2023-03-05T16:56:11","guid":{"rendered":"https:\/\/www.smeraldosirmione.com\/hotel-con-piscina-lago-di-garda-a-sirmione\/"},"modified":"2025-07-18T12:13:16","modified_gmt":"2025-07-18T10:13:16","slug":"gardasee-hotel-mit-pool-sirmione","status":"publish","type":"page","link":"https:\/\/www.smeraldosirmione.com\/de\/gardasee-hotel-mit-pool-sirmione\/","title":{"rendered":"Gardasee Hotel mit pool in Sirmione"},"content":{"rendered":"\n<h3 class=\"wp-block-heading\">Gardasee Hotel mit pool in Sirmione neben der Fu\u00dfg\u00e4ngerzone des historischen Zentrums. Praktisch, weil es \u00fcber einen Parkplatz und einen ruhigen ausgestatteten Garten mit Seeblick zum Entspannen verf\u00fcgt.<\/h3>\n\n\n\n<p>Gardasee Hotel mit pool in Sirmione. Das Hotel Smeraldo befindet sich auf der \u00f6stlichen Seite der Halbinsel Sirmione, gegen\u00fcber dem venezianischen Ufer des Gardasees; nur wenige Schritte von der Scaligerburg und der komplett verkehrsberuhigten Altstadt entfernt.<\/p>\n\n\n\n<p>Das Hotel ist leicht zu erreichen, da es sich in einem f\u00fcr Autos freien Zugang befindet, keine Genehmigungen erforderlich sind und es einen privaten Parkplatz gibt.<\/p>\n\n\n\n<p>Die Struktur befindet sich in einer ausgezeichneten Lage, da sie ganz in der N\u00e4he des historischen Zentrums liegt und \u00fcber einen Garten mit direktem Blick auf das Ufer des Gardasees verf\u00fcgt, der mit Liegest\u00fchlen mit Sonnenschirmen und einem Tisch ausgestattet ist.<\/p>\n\n\n\n<p>Wir haben Zimmer und Appartements f\u00fcr zwei bis f\u00fcnf Personen, alle mit gro\u00dfem Balkon; Zimmer mit direktem Seeblick und Apartments mit seitlichem Blick. Der Tag beginnt mit einem <a href=\"https:\/\/www.smeraldosirmione.com\/de\/hoteldienstleistungen\/\">Fr\u00fchst\u00fccksbuffet<\/a> voller warmer, kalter, herzhafter und s\u00fc\u00dfer Produkte.<\/p>\n\n\n\n<p>M\u00f6glichkeit der Halb- oder Vollpension bei Aufenthalten von mehreren N\u00e4chten im angeschlossenen <a href=\"https:\/\/ristorantecanneto.it\/\" target=\"_blank\" rel=\"noopener\">Restaurant Canneto<\/a>, vor dem Hotel, bietet die M\u00f6glichkeit, im Freien und mit Blick auf den See zu essen, bietet frische Meeresfr\u00fcchte, vegetarische und glutenfreie Fischgerichte, KEINE VEGANER.<\/p>\n\n\n\n<p>Bei Buchung besteht die M\u00f6glichkeit Gerichte zum Mitnehmen bequem im Apartment zu verzehren.<\/p>\n\n\n\n<p>Die Preise, die Sie auf unserer Seite finden, sind immer g\u00fcnstiger als auf Online-Buchungsportalen und Sie finden auch exklusive Angebote komplett mit Halbpension und Stornoversicherung.<\/p>\n\n\n<div class=\"wp-block-image\">\n<figure class=\"aligncenter\"><img decoding=\"async\" src=\"https:\/\/www.smeraldosirmione.com\/wp-content\/uploads\/2023\/02\/top-smeraldo-drone-1-640x248.jpg\" alt=\"Gardasee Hotel mit pool in Sirmione\" class=\"wp-image-2143\" title=\"Gardasee Hotel mit pool in Sirmione\"\/><\/figure>\n<\/div>","protected":false},"excerpt":{"rendered":"<p>Gardasee Hotel mit pool in Sirmione neben der Fu\u00dfg\u00e4ngerzone des historischen Zentrums. [&hellip;]<\/p>\n","protected":false},"author":2,"featured_media":0,"parent":0,"menu_order":13,"comment_status":"closed","ping_status":"closed","template":"","meta":{"_acf_changed":false,"footnotes":""},"class_list":["post-2252","page","type-page","status-publish","hentry"],"acf":[],"yoast_head":"<!-- This site is optimized with the Yoast SEO plugin v27.4 - https:\/\/yoast.com\/product\/yoast-seo-wordpress\/ -->\n<title>Gardasee Hotel mit pool | Sirmione | Hotel Smeraldo<\/title>\n<meta name=\"description\" content=\"Gardasee Hotel mit pool in Sirmione in der N\u00e4he des Schlosses mit eigenem Parkplatz, Garten am See, Halbpension m\u00f6glich.\" \/>\n<meta name=\"robots\" content=\"index, follow, max-snippet:-1, max-image-preview:large, max-video-preview:-1\" \/>\n<link rel=\"canonical\" href=\"https:\/\/www.smeraldosirmione.com\/de\/gardasee-hotel-mit-pool-sirmione\/\" \/>\n<meta property=\"og:locale\" content=\"de_DE\" \/>\n<meta property=\"og:type\" content=\"article\" \/>\n<meta property=\"og:title\" content=\"Gardasee Hotel mit pool | Sirmione | Hotel Smeraldo\" \/>\n<meta property=\"og:description\" content=\"Gardasee Hotel mit pool in Sirmione in der N\u00e4he des Schlosses mit eigenem Parkplatz, Garten am See, Halbpension m\u00f6glich.\" \/>\n<meta property=\"og:url\" content=\"https:\/\/www.smeraldosirmione.com\/de\/gardasee-hotel-mit-pool-sirmione\/\" \/>\n<meta property=\"og:site_name\" content=\"Hotel Smeraldo\" \/>\n<meta property=\"article:modified_time\" content=\"2025-07-18T10:13:16+00:00\" \/>\n<meta property=\"og:image\" content=\"https:\/\/www.smeraldosirmione.com\/wp-content\/uploads\/2023\/02\/top-smeraldo-drone-1.jpg\" \/>\n\t<meta property=\"og:image:width\" content=\"1160\" \/>\n\t<meta property=\"og:image:height\" content=\"450\" \/>\n\t<meta property=\"og:image:type\" content=\"image\/jpeg\" \/>\n<meta name=\"twitter:label1\" content=\"Gesch\u00e4tzte Lesezeit\" \/>\n\t<meta name=\"twitter:data1\" content=\"2\u00a0Minuten\" \/>\n<script type=\"application\/ld+json\" class=\"yoast-schema-graph\">{\"@context\":\"https:\\\/\\\/schema.org\",\"@graph\":[{\"@type\":\"WebPage\",\"@id\":\"https:\\\/\\\/www.smeraldosirmione.com\\\/de\\\/gardasee-hotel-mit-pool-sirmione\\\/\",\"url\":\"https:\\\/\\\/www.smeraldosirmione.com\\\/de\\\/gardasee-hotel-mit-pool-sirmione\\\/\",\"name\":\"Gardasee Hotel mit pool | Sirmione | Hotel Smeraldo\",\"isPartOf\":{\"@id\":\"https:\\\/\\\/www.smeraldosirmione.com\\\/#website\"},\"primaryImageOfPage\":{\"@id\":\"https:\\\/\\\/www.smeraldosirmione.com\\\/de\\\/gardasee-hotel-mit-pool-sirmione\\\/#primaryimage\"},\"image\":{\"@id\":\"https:\\\/\\\/www.smeraldosirmione.com\\\/de\\\/gardasee-hotel-mit-pool-sirmione\\\/#primaryimage\"},\"thumbnailUrl\":\"https:\\\/\\\/www.smeraldosirmione.com\\\/wp-content\\\/uploads\\\/2023\\\/02\\\/top-smeraldo-drone-1-640x248.jpg\",\"datePublished\":\"2023-03-05T16:56:11+00:00\",\"dateModified\":\"2025-07-18T10:13:16+00:00\",\"description\":\"Gardasee Hotel mit pool in Sirmione in der N\u00e4he des Schlosses mit eigenem Parkplatz, Garten am See, Halbpension m\u00f6glich.\",\"breadcrumb\":{\"@id\":\"https:\\\/\\\/www.smeraldosirmione.com\\\/de\\\/gardasee-hotel-mit-pool-sirmione\\\/#breadcrumb\"},\"inLanguage\":\"de\",\"potentialAction\":[{\"@type\":\"ReadAction\",\"target\":[\"https:\\\/\\\/www.smeraldosirmione.com\\\/de\\\/gardasee-hotel-mit-pool-sirmione\\\/\"]}]},{\"@type\":\"ImageObject\",\"inLanguage\":\"de\",\"@id\":\"https:\\\/\\\/www.smeraldosirmione.com\\\/de\\\/gardasee-hotel-mit-pool-sirmione\\\/#primaryimage\",\"url\":\"https:\\\/\\\/www.smeraldosirmione.com\\\/wp-content\\\/uploads\\\/2023\\\/02\\\/top-smeraldo-drone-1-640x248.jpg\",\"contentUrl\":\"https:\\\/\\\/www.smeraldosirmione.com\\\/wp-content\\\/uploads\\\/2023\\\/02\\\/top-smeraldo-drone-1-640x248.jpg\"},{\"@type\":\"BreadcrumbList\",\"@id\":\"https:\\\/\\\/www.smeraldosirmione.com\\\/de\\\/gardasee-hotel-mit-pool-sirmione\\\/#breadcrumb\",\"itemListElement\":[{\"@type\":\"ListItem\",\"position\":1,\"name\":\"Home\",\"item\":\"https:\\\/\\\/www.smeraldosirmione.com\\\/de\\\/\"},{\"@type\":\"ListItem\",\"position\":2,\"name\":\"Gardasee Hotel mit pool in Sirmione\"}]},{\"@type\":\"WebSite\",\"@id\":\"https:\\\/\\\/www.smeraldosirmione.com\\\/#website\",\"url\":\"https:\\\/\\\/www.smeraldosirmione.com\\\/\",\"name\":\"Hotel Smeraldo\",\"description\":\"Sirmione Hotel im Herzen des Gardasees\",\"potentialAction\":[{\"@type\":\"SearchAction\",\"target\":{\"@type\":\"EntryPoint\",\"urlTemplate\":\"https:\\\/\\\/www.smeraldosirmione.com\\\/?s={search_term_string}\"},\"query-input\":{\"@type\":\"PropertyValueSpecification\",\"valueRequired\":true,\"valueName\":\"search_term_string\"}}],\"inLanguage\":\"de\"}]}<\/script>\n<!-- \/ Yoast SEO plugin. -->","yoast_head_json":{"title":"Gardasee Hotel mit pool | Sirmione | Hotel Smeraldo","description":"Gardasee Hotel mit pool in Sirmione in der N\u00e4he des Schlosses mit eigenem Parkplatz, Garten am See, Halbpension m\u00f6glich.","robots":{"index":"index","follow":"follow","max-snippet":"max-snippet:-1","max-image-preview":"max-image-preview:large","max-video-preview":"max-video-preview:-1"},"canonical":"https:\/\/www.smeraldosirmione.com\/de\/gardasee-hotel-mit-pool-sirmione\/","og_locale":"de_DE","og_type":"article","og_title":"Gardasee Hotel mit pool | Sirmione | Hotel Smeraldo","og_description":"Gardasee Hotel mit pool in Sirmione in der N\u00e4he des Schlosses mit eigenem Parkplatz, Garten am See, Halbpension m\u00f6glich.","og_url":"https:\/\/www.smeraldosirmione.com\/de\/gardasee-hotel-mit-pool-sirmione\/","og_site_name":"Hotel Smeraldo","article_modified_time":"2025-07-18T10:13:16+00:00","og_image":[{"width":1160,"height":450,"url":"https:\/\/www.smeraldosirmione.com\/wp-content\/uploads\/2023\/02\/top-smeraldo-drone-1.jpg","type":"image\/jpeg"}],"twitter_misc":{"Gesch\u00e4tzte Lesezeit":"2\u00a0Minuten"},"schema":{"@context":"https:\/\/schema.org","@graph":[{"@type":"WebPage","@id":"https:\/\/www.smeraldosirmione.com\/de\/gardasee-hotel-mit-pool-sirmione\/","url":"https:\/\/www.smeraldosirmione.com\/de\/gardasee-hotel-mit-pool-sirmione\/","name":"Gardasee Hotel mit pool | Sirmione | Hotel Smeraldo","isPartOf":{"@id":"https:\/\/www.smeraldosirmione.com\/#website"},"primaryImageOfPage":{"@id":"https:\/\/www.smeraldosirmione.com\/de\/gardasee-hotel-mit-pool-sirmione\/#primaryimage"},"image":{"@id":"https:\/\/www.smeraldosirmione.com\/de\/gardasee-hotel-mit-pool-sirmione\/#primaryimage"},"thumbnailUrl":"https:\/\/www.smeraldosirmione.com\/wp-content\/uploads\/2023\/02\/top-smeraldo-drone-1-640x248.jpg","datePublished":"2023-03-05T16:56:11+00:00","dateModified":"2025-07-18T10:13:16+00:00","description":"Gardasee Hotel mit pool in Sirmione in der N\u00e4he des Schlosses mit eigenem Parkplatz, Garten am See, Halbpension m\u00f6glich.","breadcrumb":{"@id":"https:\/\/www.smeraldosirmione.com\/de\/gardasee-hotel-mit-pool-sirmione\/#breadcrumb"},"inLanguage":"de","potentialAction":[{"@type":"ReadAction","target":["https:\/\/www.smeraldosirmione.com\/de\/gardasee-hotel-mit-pool-sirmione\/"]}]},{"@type":"ImageObject","inLanguage":"de","@id":"https:\/\/www.smeraldosirmione.com\/de\/gardasee-hotel-mit-pool-sirmione\/#primaryimage","url":"https:\/\/www.smeraldosirmione.com\/wp-content\/uploads\/2023\/02\/top-smeraldo-drone-1-640x248.jpg","contentUrl":"https:\/\/www.smeraldosirmione.com\/wp-content\/uploads\/2023\/02\/top-smeraldo-drone-1-640x248.jpg"},{"@type":"BreadcrumbList","@id":"https:\/\/www.smeraldosirmione.com\/de\/gardasee-hotel-mit-pool-sirmione\/#breadcrumb","itemListElement":[{"@type":"ListItem","position":1,"name":"Home","item":"https:\/\/www.smeraldosirmione.com\/de\/"},{"@type":"ListItem","position":2,"name":"Gardasee Hotel mit pool in Sirmione"}]},{"@type":"WebSite","@id":"https:\/\/www.smeraldosirmione.com\/#website","url":"https:\/\/www.smeraldosirmione.com\/","name":"Hotel Smeraldo","description":"Sirmione Hotel im Herzen des Gardasees","potentialAction":[{"@type":"SearchAction","target":{"@type":"EntryPoint","urlTemplate":"https:\/\/www.smeraldosirmione.com\/?s={search_term_string}"},"query-input":{"@type":"PropertyValueSpecification","valueRequired":true,"valueName":"search_term_string"}}],"inLanguage":"de"}]}},"_links":{"self":[{"href":"https:\/\/www.smeraldosirmione.com\/de\/wp-json\/wp\/v2\/pages\/2252","targetHints":{"allow":["GET"]}}],"collection":[{"href":"https:\/\/www.smeraldosirmione.com\/de\/wp-json\/wp\/v2\/pages"}],"about":[{"href":"https:\/\/www.smeraldosirmione.com\/de\/wp-json\/wp\/v2\/types\/page"}],"author":[{"embeddable":true,"href":"https:\/\/www.smeraldosirmione.com\/de\/wp-json\/wp\/v2\/users\/2"}],"replies":[{"embeddable":true,"href":"https:\/\/www.smeraldosirmione.com\/de\/wp-json\/wp\/v2\/comments?post=2252"}],"version-history":[{"count":0,"href":"https:\/\/www.smeraldosirmione.com\/de\/wp-json\/wp\/v2\/pages\/2252\/revisions"}],"wp:attachment":[{"href":"https:\/\/www.smeraldosirmione.com\/de\/wp-json\/wp\/v2\/media?parent=2252"}],"curies":[{"name":"wp","href":"https:\/\/api.w.org\/{rel}","templated":true}]}}