{"id":213,"date":"2015-02-23T06:46:33","date_gmt":"2015-02-23T05:46:33","guid":{"rendered":"https:\/\/www.smeraldosirmione.com\/?page_id=213"},"modified":"2026-02-27T14:38:48","modified_gmt":"2026-02-27T13:38:48","slug":"home-smeraldo-2","status":"publish","type":"page","link":"https:\/\/www.smeraldosirmione.com\/de\/","title":{"rendered":"Gardasee Sirmione Hotel Smeraldo"},"content":{"rendered":"    <div id=\"carousel-home\">\n        <div class=\"owl-carousel owl-theme kenburns\">\n\t\t            <div class=\"owl-slide background-image cover\" data-background=\"url('https:\/\/www.smeraldosirmione.com\/wp-content\/uploads\/2015\/01\/top-smeraldo-2-1160x450-1.jpg')\">\n                <div class=\"opacity-mask d-flex align-items-center\" data-opacity-mask=\"rgba(0, 0, 0, 0.5)\">\n                    <div class=\"container\">\n                        <div class=\"row justify-content-center justify-content-md-start\">\n                            <div class=\"col-lg-8 static\">\n                                <div class=\"slide-text white\">\n                                                                        <h2 class=\"owl-slide-animated owl-slide-title-2\">&#8230; Nur einen Steinwurf vom historischen Zentrum entfernt<\/h2>                                    <div class=\"owl-slide-animated owl-slide-title-3\">\n\t                                \t                                    <a class=\"btn_1 big mt-3\" href=\"https:\/\/reservations.verticalbooking.com\/premium\/index.html?id_stile=19786&#038;lingua_int=ita&#038;id_albergo=25855&#038;dc=2371\">Buchen Sie jetzt<\/a>\n\t                               \t                               \t                               \t\t<a target=\"_blank\" class=\"btn_1 big colored mt-3\" href=\"https:\/\/wa.me\/39030919140?text=Guten%20Morgen%2C%20k%C3%B6nnten%20Sie%20mich%20bitte%20zur%C3%BCckrufen%3F%20Danke\">Call Back<\/a>\n\t\t\t\t\t\t\t\t   \t\t                                <\/div>\n                                <\/div>\n                            <\/div>\n                        <\/div>\n                    <\/div>\n                <\/div>\n            <\/div>\n                    <div class=\"owl-slide background-image cover\" data-background=\"url('https:\/\/www.smeraldosirmione.com\/wp-content\/uploads\/2015\/01\/hotel-smeraldo-aerea-1160r.jpg')\">\n                <div class=\"opacity-mask d-flex align-items-center\" data-opacity-mask=\"rgba(0, 0, 0, 0.5)\">\n                    <div class=\"container\">\n                        <div class=\"row justify-content-center justify-content-md-start\">\n                            <div class=\"col-lg-8 static\">\n                                <div class=\"slide-text white\">\n                                                                        <h2 class=\"owl-slide-animated owl-slide-title-2\">&#8230;. Am Ufer des Sees<\/h2>                                    <div class=\"owl-slide-animated owl-slide-title-3\">\n\t                                \t                                    <a class=\"btn_1 big mt-3\" href=\"https:\/\/reservations.verticalbooking.com\/premium\/index.html?id_stile=19786&#038;lingua_int=ita&#038;id_albergo=25855&#038;dc=2371\">Buchen Sie jetzt<\/a>\n\t                               \t                               \t                               \t\t<a target=\"_blank\" class=\"btn_1 big colored mt-3\" href=\"https:\/\/wa.me\/39030919140?text=Guten%20Morgen%2C%20k%C3%B6nnten%20Sie%20mich%20bitte%20zur%C3%BCckrufen%3F%20Danke\">Call Back<\/a>\n\t\t\t\t\t\t\t\t   \t\t                                <\/div>\n                                <\/div>\n                            <\/div>\n                        <\/div>\n                    <\/div>\n                <\/div>\n            <\/div>\n                \n        <\/div>\n    <\/div>\n\n\n    <div>\n        <div class=\"container margin_120_95\" id=\"first_section\">\n            <div class=\"row justify-content-between flex-lg-row-reverse align-items-center\">\n\t           \n                <div class=\"col-lg-12\">\n                    <div class=\"intro\">\n                        <div class=\"title\">\n                            <small>Ein Hotel in Sirmione mit Seeblick ist ideal, um Sirmione oder die Umgebung zu besichtigen.<\/small>                            <h2>Hotel in Sirmione \u2013 Gardasee<\/h2>                        <\/div>\n                        <p class=\"lead\">Gardasee Sirmione Hotel Smeraldo, in der N\u00e4he des historischen Zentrums, freie Zufahrt mit dem Auto ohne Genehmigung, privater Parkplatz, Garten direkt am See.<\/p>                        <p><!-- wp:paragraph --><\/p>\n<p>Gardasee Sirmione Hotel\u00a0Smeraldo ist ein komfortables und entspannendes Hotel am Ufer des Sees, nur wenige Schritte vom Schloss und der Fu\u00dfg\u00e4ngerzone entfernt; Sie k\u00f6nnen uns ohne Genehmigung bequem mit dem Auto erreichen, wir haben einen privaten Parkplatz, einen ruhigen Garten am Seeufer, der mit Liegest\u00fchlen und Sonnenschirmen ausgestattet ist; Bereich im Schatten der charakteristischen Olivenb\u00e4ume des Gardasees. Unter den <a href=\"https:\/\/www.smeraldosirmione.com\/de\/hoteldienstleistungen\/\">Dienstleistungen<\/a> bieten wir Fahrr\u00e4der an, um die Umgebung von Sirmione ohne Verkehrsprobleme zu erkunden; M\u00f6glichkeit zum Essen vor dem <a href=\"https:\/\/ristorantecanneto.it\/\" target=\"_blank\" rel=\"noopener\">Restaurant<\/a> mit Au\u00dfensitzpl\u00e4tzen und Seeblick.<\/p>\n<p><!-- \/wp:paragraph --> <!-- wp:paragraph --><\/p>\n<p>Dies ist die offizielle Website des Hotels, hier finden Sie die besten Preise und Angebote mit sofortigen Rabatten f\u00fcr Ihren Urlaub in Sirmione zu den besten Konditionen im Vergleich zu allen Online-Buchungsseiten.<\/p>\n<p><!-- \/wp:paragraph --><\/p>\n                                                <p>\n\t                       <a target=\"_self\" href=\"https:\/\/reservations.verticalbooking.com\/premium\/index.html?id_stile=19786&#038;lingua_int=deu&#038;id_albergo=25855&#038;dc=2371\" class=\"btn_4 learn-more\">\n                                <span class=\"circle\">\n                                    <span class=\"icon arrow\"><\/span>\n                                <\/span>\n                                <span class=\"button-text\">Jetzt buchen<\/span>\n                            <\/a> \n                        <\/p>\n                                            <\/div>\n                <\/div>            \n                        <\/div>\n        <\/div>\n    <\/div>\n    \n\n\n        <div class=\"bg_white\">\n            <div class=\"container margin_120_95\">\n                <div class=\"title mb-3\">\n                    <small data-cue=\"slideInUp\">ENTDECKEN SIE UNSERE ANGEBOTE<\/small>                    <h2 data-cue=\"slideInUp\" data-delay=\"200\">Angebote<\/h2>                <\/div>\n                <div class=\"row justify-content-center home items-row\">\n\t                \n                    <div class=\"item col-xl-4 col-lg-6\">\n                        <a href=\"https:\/\/www.smeraldosirmione.com\/de\/ostern-sirmione-angebote\/\" class=\"box_contents\" data-cue=\"slideInUp\" data-delay=\"300\">\n\t\t\t\t\t         \t\t\t\t\t            <figure><img loading=\"lazy\" decoding=\"async\" width=\"1024\" height=\"768\" src=\"https:\/\/www.smeraldosirmione.com\/wp-content\/uploads\/2022\/01\/uova-1024X768.jpg\" class=\"img-fluid wp-post-image\" alt=\"\" srcset=\"https:\/\/www.smeraldosirmione.com\/wp-content\/uploads\/2022\/01\/uova-1024X768.jpg 1024w, https:\/\/www.smeraldosirmione.com\/wp-content\/uploads\/2022\/01\/uova-1024X768-800x600.jpg 800w, https:\/\/www.smeraldosirmione.com\/wp-content\/uploads\/2022\/01\/uova-1024X768-300x225.jpg 300w, https:\/\/www.smeraldosirmione.com\/wp-content\/uploads\/2022\/01\/uova-1024X768-768x576.jpg 768w\" sizes=\"auto, (max-width: 1024px) 100vw, 1024px\" \/><\/figure>\n\t\t\t\t\t                                   \n                            <div class=\"wrapper\">\n                                <small>Angebote Sirmione am Gardasee<span><\/span><\/small>\n                                <h2 class=\"mb-0\">Ostern Sirmione<\/h2>\n                                <em>Lesen<\/em>\n                            <\/div>\n                        <\/a>\n                    <\/div>\n\t\t\t\t    \n                    <div class=\"item col-xl-4 col-lg-6\">\n                        <a href=\"https:\/\/www.smeraldosirmione.com\/de\/parks-des-gardasees\/\" class=\"box_contents\" data-cue=\"slideInUp\" data-delay=\"300\">\n\t\t\t\t\t         \t\t\t\t\t            <figure><img loading=\"lazy\" decoding=\"async\" width=\"800\" height=\"350\" src=\"https:\/\/www.smeraldosirmione.com\/wp-content\/uploads\/2023\/02\/parchi-del-garda.jpg\" class=\"img-fluid wp-post-image\" alt=\"\" srcset=\"https:\/\/www.smeraldosirmione.com\/wp-content\/uploads\/2023\/02\/parchi-del-garda.jpg 800w, https:\/\/www.smeraldosirmione.com\/wp-content\/uploads\/2023\/02\/parchi-del-garda-300x131.jpg 300w, https:\/\/www.smeraldosirmione.com\/wp-content\/uploads\/2023\/02\/parchi-del-garda-768x336.jpg 768w, https:\/\/www.smeraldosirmione.com\/wp-content\/uploads\/2023\/02\/parchi-del-garda-640x280.jpg 640w\" sizes=\"auto, (max-width: 800px) 100vw, 800px\" \/><\/figure>\n\t\t\t\t\t                                   \n                            <div class=\"wrapper\">\n                                <small>Angebote Sirmione am Gardasee<span><\/span><\/small>\n                                <h2 class=\"mb-0\">Parks des Gardasees<\/h2>\n                                <em>Lesen<\/em>\n                            <\/div>\n                        <\/a>\n                    <\/div>\n\t\t\t\t    \n                    <div class=\"item col-xl-4 col-lg-6\">\n                        <a href=\"https:\/\/www.smeraldosirmione.com\/de\/sommerangebot-sirmione\/\" class=\"box_contents\" data-cue=\"slideInUp\" data-delay=\"300\">\n\t\t\t\t\t         \t\t\t\t\t            <figure><img loading=\"lazy\" decoding=\"async\" width=\"1024\" height=\"768\" src=\"https:\/\/www.smeraldosirmione.com\/wp-content\/uploads\/2016\/01\/Sirmione-1024x768-1.jpg\" class=\"img-fluid wp-post-image\" alt=\"\" srcset=\"https:\/\/www.smeraldosirmione.com\/wp-content\/uploads\/2016\/01\/Sirmione-1024x768-1.jpg 1024w, https:\/\/www.smeraldosirmione.com\/wp-content\/uploads\/2016\/01\/Sirmione-1024x768-1-800x600.jpg 800w, https:\/\/www.smeraldosirmione.com\/wp-content\/uploads\/2016\/01\/Sirmione-1024x768-1-300x225.jpg 300w, https:\/\/www.smeraldosirmione.com\/wp-content\/uploads\/2016\/01\/Sirmione-1024x768-1-768x576.jpg 768w\" sizes=\"auto, (max-width: 1024px) 100vw, 1024px\" \/><\/figure>\n\t\t\t\t\t                                   \n                            <div class=\"wrapper\">\n                                <small>Angebote Sirmione am Gardasee<span><\/span><\/small>\n                                <h2 class=\"mb-0\">Sommerangebot Sirmione<\/h2>\n                                <em>Lesen<\/em>\n                            <\/div>\n                        <\/a>\n                    <\/div>\n\t\t\t\t\t\t\t\t                <\/div>\n                                <p class=\"text-end\"><a href=\"https:\/\/www.smeraldosirmione.com\/de\/category\/angebote-hotel\/\" class=\"btn_1 outline mt-2\" data-cue=\"slideInUp\" data-delay=\"600\">Entdecken Sie die Angebote<\/a><\/p>\n                            <\/div>\n        <\/div>\n\t\t\n\n    <div class=\"container margin_120_95\">\n        <div class=\"title mb-4\">\n            <small data-cue=\"slideInUp\">Verf\u00fcgbarkeit und Empfang<\/small>            <h2 data-cue=\"slideInUp\"  data-delay=\"200\">Verbundene Einrichtungen<\/h2>        <\/div>\n        <div data-cues=\"zoomIn\" data-delay=\"200\">\n            <div class=\"owl-carousel owl-theme carousel_item_centered_rooms rounded-img\">\n\t            \n                <div class=\"item\">\n                    <a _self href=\"https:\/\/hotellapaul.it\/\" class=\"box_cat_rooms\">\n                        <figure>\n                            <div class=\"background-image\" data-background=\"url(https:\/\/www.smeraldosirmione.com\/wp-content\/uploads\/2026\/02\/lapaul.webp)\"><\/div>\n                            <div class=\"info\">\n                                <h3>Hotel La Pa\u00fcl<\/h3>\n                                <span>Besuchen<\/span>\n                            <\/div>\n                        <\/figure>\n                    <\/a>\n                <\/div>\n\t\t\t    \n                <div class=\"item\">\n                    <a _self href=\"https:\/\/ristorantecanneto.it\/\" class=\"box_cat_rooms\">\n                        <figure>\n                            <div class=\"background-image\" data-background=\"url(https:\/\/www.smeraldosirmione.com\/wp-content\/uploads\/2026\/02\/ristorante-canneto.webp)\"><\/div>\n                            <div class=\"info\">\n                                <h3>Ristorante il Canneto<\/h3>\n                                <span>Besuchen<\/span>\n                            <\/div>\n                        <\/figure>\n                    <\/a>\n                <\/div>\n\t\t\t    \n                <div class=\"item\">\n                    <a _self href=\"https:\/\/villa-canneto.it\/\" class=\"box_cat_rooms\">\n                        <figure>\n                            <div class=\"background-image\" data-background=\"url(https:\/\/www.smeraldosirmione.com\/wp-content\/uploads\/2026\/02\/villa-canneto.webp)\"><\/div>\n                            <div class=\"info\">\n                                <h3>Villa Canneto<\/h3>\n                                <span>Besuchen<\/span>\n                            <\/div>\n                        <\/figure>\n                    <\/a>\n                <\/div>\n\t\t\t            <\/div>\n        <\/div>\n    <\/div>\n\n\n        <div class=\"bg_white\">\n            <div class=\"container margin_120_95\">\n                <div class=\"title mb-3\">\n                    <small data-cue=\"slideInUp\">ALLE VERANSTALTUNGEN IN SIRMIONE<\/small>                    <h2 data-cue=\"slideInUp\" data-delay=\"200\">Veranstaltungen<\/h2>                <\/div>\n                <div class=\"row justify-content-center home items-row\">\n\t                \n                    <div class=\"item col-xl-4 col-lg-6\">\n                        <a href=\"https:\/\/www.smeraldosirmione.com\/de\/wroom-fotoausstellung-sirmione\/\" class=\"box_contents\" data-cue=\"slideInUp\" data-delay=\"300\">\n\t\t\t\t\t         \t\t\t\t\t            <figure><img loading=\"lazy\" decoding=\"async\" width=\"632\" height=\"433\" src=\"https:\/\/www.smeraldosirmione.com\/wp-content\/uploads\/2015\/05\/wroom-mostra-fotografica-sirmione.jpg\" class=\"img-fluid wp-post-image\" alt=\"wroom-mostra-fotografica-sirmione\" \/><\/figure>\n\t\t\t\t\t                                   \n                            <div class=\"wrapper\">\n                                <small>Veranstaltungen<span><\/span><\/small>\n                                <h2 class=\"mb-0\">Wroom &#8211; Fotoausstellung Sirmione<\/h2>\n                                <em>Lesen<\/em>\n                            <\/div>\n                        <\/a>\n                    <\/div>\n\t\t\t\t    \n                    <div class=\"item col-xl-4 col-lg-6\">\n                        <a href=\"https:\/\/www.smeraldosirmione.com\/de\/garda-markten\/\" class=\"box_contents\" data-cue=\"slideInUp\" data-delay=\"300\">\n\t\t\t\t\t         \t\t\t\t\t            <figure><img loading=\"lazy\" decoding=\"async\" width=\"1024\" height=\"768\" src=\"https:\/\/www.smeraldosirmione.com\/wp-content\/uploads\/2015\/04\/mercati-del-garda.jpg\" class=\"img-fluid wp-post-image\" alt=\"mercati-del-garda-markets\" srcset=\"https:\/\/www.smeraldosirmione.com\/wp-content\/uploads\/2015\/04\/mercati-del-garda.jpg 1024w, https:\/\/www.smeraldosirmione.com\/wp-content\/uploads\/2015\/04\/mercati-del-garda-800x600.jpg 800w\" sizes=\"auto, (max-width: 1024px) 100vw, 1024px\" \/><\/figure>\n\t\t\t\t\t                                   \n                            <div class=\"wrapper\">\n                                <small>Veranstaltungen<span><\/span><\/small>\n                                <h2 class=\"mb-0\">Garda M\u00e4rkten<\/h2>\n                                <em>Lesen<\/em>\n                            <\/div>\n                        <\/a>\n                    <\/div>\n\t\t\t\t    \n                    <div class=\"item col-xl-4 col-lg-6\">\n                        <a href=\"https:\/\/www.smeraldosirmione.com\/de\/mille-miglia-1000-miglia-de\/\" class=\"box_contents\" data-cue=\"slideInUp\" data-delay=\"300\">\n\t\t\t\t\t         \t\t\t\t\t            <figure><img loading=\"lazy\" decoding=\"async\" width=\"179\" height=\"93\" src=\"https:\/\/www.smeraldosirmione.com\/wp-content\/uploads\/2015\/04\/eventi-mille-miglia.png\" class=\"img-fluid wp-post-image\" alt=\"eventi-mille-miglia-1000-miglia-1000 \u043c\u0438\u043b\u044c\" \/><\/figure>\n\t\t\t\t\t                                   \n                            <div class=\"wrapper\">\n                                <small>Veranstaltungen<span><\/span><\/small>\n                                <h2 class=\"mb-0\">Mille Miglia &#8211; 1000 Miglia<\/h2>\n                                <em>Lesen<\/em>\n                            <\/div>\n                        <\/a>\n                    <\/div>\n\t\t\t\t\t\t\t\t                <\/div>\n                                <p class=\"text-end\"><a href=\"https:\/\/www.smeraldosirmione.com\/de\/category\/veranstaltungen-sirmione\/\" class=\"btn_1 outline mt-2\" data-cue=\"slideInUp\" data-delay=\"600\">Entdecken Sie die Veranstaltungen<\/a><\/p>\n                            <\/div>\n        <\/div>\n\t\t","protected":false},"excerpt":{"rendered":"","protected":false},"author":3,"featured_media":0,"parent":0,"menu_order":44,"comment_status":"closed","ping_status":"closed","template":"","meta":{"_acf_changed":false,"footnotes":""},"class_list":["post-213","page","type-page","status-publish","hentry"],"acf":[],"yoast_head":"<!-- This site is optimized with the Yoast SEO plugin v27.4 - https:\/\/yoast.com\/product\/yoast-seo-wordpress\/ -->\n<title>Gardasee Sirmione Hotel Smeraldo | OFFIZIELLE SEITE |<\/title>\n<meta name=\"description\" content=\"Gardasee Sirmione Hotel - Direkt Buchen, in der N\u00e4he des Schlosses, Parkplatz, Garten am See - BESTE PREISE - ANGEBOTE - SOFORTIGE RABATTE\" \/>\n<meta name=\"robots\" content=\"index, follow, max-snippet:-1, max-image-preview:large, max-video-preview:-1\" \/>\n<link rel=\"canonical\" href=\"https:\/\/www.smeraldosirmione.com\/de\/\" \/>\n<meta property=\"og:locale\" content=\"de_DE\" \/>\n<meta property=\"og:type\" content=\"article\" \/>\n<meta property=\"og:title\" content=\"Gardasee Sirmione Hotel Smeraldo | OFFIZIELLE SEITE |\" \/>\n<meta property=\"og:description\" content=\"Gardasee Sirmione Hotel - Direkt Buchen, in der N\u00e4he des Schlosses, Parkplatz, Garten am See - BESTE PREISE - ANGEBOTE - SOFORTIGE RABATTE\" \/>\n<meta property=\"og:url\" content=\"https:\/\/www.smeraldosirmione.com\/de\/\" \/>\n<meta property=\"og:site_name\" content=\"Hotel Smeraldo\" \/>\n<meta property=\"article:modified_time\" content=\"2026-02-27T13:38:48+00:00\" \/>\n<script type=\"application\/ld+json\" class=\"yoast-schema-graph\">{\"@context\":\"https:\\\/\\\/schema.org\",\"@graph\":[{\"@type\":\"WebPage\",\"@id\":\"https:\\\/\\\/www.smeraldosirmione.com\\\/de\\\/\",\"url\":\"https:\\\/\\\/www.smeraldosirmione.com\\\/de\\\/\",\"name\":\"Gardasee Sirmione Hotel Smeraldo | OFFIZIELLE SEITE |\",\"isPartOf\":{\"@id\":\"https:\\\/\\\/www.smeraldosirmione.com\\\/#website\"},\"datePublished\":\"2015-02-23T05:46:33+00:00\",\"dateModified\":\"2026-02-27T13:38:48+00:00\",\"description\":\"Gardasee Sirmione Hotel - Direkt Buchen, in der N\u00e4he des Schlosses, Parkplatz, Garten am See - BESTE PREISE - ANGEBOTE - SOFORTIGE RABATTE\",\"breadcrumb\":{\"@id\":\"https:\\\/\\\/www.smeraldosirmione.com\\\/de\\\/#breadcrumb\"},\"inLanguage\":\"de\",\"potentialAction\":[{\"@type\":\"ReadAction\",\"target\":[\"https:\\\/\\\/www.smeraldosirmione.com\\\/de\\\/\"]}]},{\"@type\":\"BreadcrumbList\",\"@id\":\"https:\\\/\\\/www.smeraldosirmione.com\\\/de\\\/#breadcrumb\",\"itemListElement\":[{\"@type\":\"ListItem\",\"position\":1,\"name\":\"Home\",\"item\":\"https:\\\/\\\/www.smeraldosirmione.com\\\/de\\\/\"},{\"@type\":\"ListItem\",\"position\":2,\"name\":\"Gardasee Sirmione Hotel Smeraldo\"}]},{\"@type\":\"WebSite\",\"@id\":\"https:\\\/\\\/www.smeraldosirmione.com\\\/#website\",\"url\":\"https:\\\/\\\/www.smeraldosirmione.com\\\/\",\"name\":\"Hotel Smeraldo\",\"description\":\"Sirmione Hotel im Herzen des Gardasees\",\"potentialAction\":[{\"@type\":\"SearchAction\",\"target\":{\"@type\":\"EntryPoint\",\"urlTemplate\":\"https:\\\/\\\/www.smeraldosirmione.com\\\/?s={search_term_string}\"},\"query-input\":{\"@type\":\"PropertyValueSpecification\",\"valueRequired\":true,\"valueName\":\"search_term_string\"}}],\"inLanguage\":\"de\"}]}<\/script>\n<!-- \/ Yoast SEO plugin. -->","yoast_head_json":{"title":"Gardasee Sirmione Hotel Smeraldo | OFFIZIELLE SEITE |","description":"Gardasee Sirmione Hotel - Direkt Buchen, in der N\u00e4he des Schlosses, Parkplatz, Garten am See - BESTE PREISE - ANGEBOTE - SOFORTIGE RABATTE","robots":{"index":"index","follow":"follow","max-snippet":"max-snippet:-1","max-image-preview":"max-image-preview:large","max-video-preview":"max-video-preview:-1"},"canonical":"https:\/\/www.smeraldosirmione.com\/de\/","og_locale":"de_DE","og_type":"article","og_title":"Gardasee Sirmione Hotel Smeraldo | OFFIZIELLE SEITE |","og_description":"Gardasee Sirmione Hotel - Direkt Buchen, in der N\u00e4he des Schlosses, Parkplatz, Garten am See - BESTE PREISE - ANGEBOTE - SOFORTIGE RABATTE","og_url":"https:\/\/www.smeraldosirmione.com\/de\/","og_site_name":"Hotel Smeraldo","article_modified_time":"2026-02-27T13:38:48+00:00","schema":{"@context":"https:\/\/schema.org","@graph":[{"@type":"WebPage","@id":"https:\/\/www.smeraldosirmione.com\/de\/","url":"https:\/\/www.smeraldosirmione.com\/de\/","name":"Gardasee Sirmione Hotel Smeraldo | OFFIZIELLE SEITE |","isPartOf":{"@id":"https:\/\/www.smeraldosirmione.com\/#website"},"datePublished":"2015-02-23T05:46:33+00:00","dateModified":"2026-02-27T13:38:48+00:00","description":"Gardasee Sirmione Hotel - Direkt Buchen, in der N\u00e4he des Schlosses, Parkplatz, Garten am See - BESTE PREISE - ANGEBOTE - SOFORTIGE RABATTE","breadcrumb":{"@id":"https:\/\/www.smeraldosirmione.com\/de\/#breadcrumb"},"inLanguage":"de","potentialAction":[{"@type":"ReadAction","target":["https:\/\/www.smeraldosirmione.com\/de\/"]}]},{"@type":"BreadcrumbList","@id":"https:\/\/www.smeraldosirmione.com\/de\/#breadcrumb","itemListElement":[{"@type":"ListItem","position":1,"name":"Home","item":"https:\/\/www.smeraldosirmione.com\/de\/"},{"@type":"ListItem","position":2,"name":"Gardasee Sirmione Hotel Smeraldo"}]},{"@type":"WebSite","@id":"https:\/\/www.smeraldosirmione.com\/#website","url":"https:\/\/www.smeraldosirmione.com\/","name":"Hotel Smeraldo","description":"Sirmione Hotel im Herzen des Gardasees","potentialAction":[{"@type":"SearchAction","target":{"@type":"EntryPoint","urlTemplate":"https:\/\/www.smeraldosirmione.com\/?s={search_term_string}"},"query-input":{"@type":"PropertyValueSpecification","valueRequired":true,"valueName":"search_term_string"}}],"inLanguage":"de"}]}},"_links":{"self":[{"href":"https:\/\/www.smeraldosirmione.com\/de\/wp-json\/wp\/v2\/pages\/213","targetHints":{"allow":["GET"]}}],"collection":[{"href":"https:\/\/www.smeraldosirmione.com\/de\/wp-json\/wp\/v2\/pages"}],"about":[{"href":"https:\/\/www.smeraldosirmione.com\/de\/wp-json\/wp\/v2\/types\/page"}],"author":[{"embeddable":true,"href":"https:\/\/www.smeraldosirmione.com\/de\/wp-json\/wp\/v2\/users\/3"}],"replies":[{"embeddable":true,"href":"https:\/\/www.smeraldosirmione.com\/de\/wp-json\/wp\/v2\/comments?post=213"}],"version-history":[{"count":2,"href":"https:\/\/www.smeraldosirmione.com\/de\/wp-json\/wp\/v2\/pages\/213\/revisions"}],"predecessor-version":[{"id":3449,"href":"https:\/\/www.smeraldosirmione.com\/de\/wp-json\/wp\/v2\/pages\/213\/revisions\/3449"}],"wp:attachment":[{"href":"https:\/\/www.smeraldosirmione.com\/de\/wp-json\/wp\/v2\/media?parent=213"}],"curies":[{"name":"wp","href":"https:\/\/api.w.org\/{rel}","templated":true}]}}