{"id":2120,"date":"2023-02-22T15:40:41","date_gmt":"2023-02-22T14:40:41","guid":{"rendered":"https:\/\/www.smeraldosirmione.com\/?page_id=2120"},"modified":"2026-04-04T12:40:36","modified_gmt":"2026-04-04T10:40:36","slug":"hoteldienstleistungen","status":"publish","type":"page","link":"https:\/\/www.smeraldosirmione.com\/de\/hoteldienstleistungen\/","title":{"rendered":"Hoteldienstleistungen"},"content":{"rendered":"\n<h4 class=\"wp-block-heading\">Das Hotel liegt auf der \u00f6stlichen Seite der Halbinsel, direkt am See mit Garten, ausgestattet mit Sonnenliegen mit Tisch und Sonnenschirm, Mini-Pool; privater und eingez\u00e4unter Parkplatz. Das Hotel erstreckt sich \u00fcber vier Stockwerke mit einem gro\u00dfen Aufzug; alle Zimmer mit gro\u00dfem Balkon, Doppelzimmer mit direktem Seeblick zur Garten- und Seeseite; Familienzimmer f\u00fcr bis zu f\u00fcnf Personen, teilweise mit seitlichem Seeblick; Studio-Apartments, teilweise mit Schlafbereich und Wohnbereich mit K\u00fcchenbox.<\/h4>\n\n\n\n<p>Dienstleistungen des Hotels Smeraldo: Die Au\u00dfenbereiche des Hotels Smeraldo bieten einen entspannenden Garten mit Blick auf den See, ein Mini-Schwimmbad zum Abk\u00fchlen im Schatten der charakteristischen Olivenb\u00e4ume des Gardasees.<\/p>\n\n\n\n<p><strong>Das Fr\u00fchst\u00fcck<\/strong> wird in einem charakteristischen, hellen Holzraum mit gro\u00dfen Fenstern und einer Au\u00dfenecke f\u00fcr den Sommer serviert. Wir servieren ein gro\u00dfz\u00fcgiges Buffet mit warmen, kalten, s\u00fc\u00dfen und herzhaften Produkten, die fast vollst\u00e4ndig hausgemacht sind, wie zum Beispiel: Kuchen, Brioches, Joghurt, M\u00fcsli, K\u00e4se, Wurstwaren, Gem\u00fcse, Eier, Speck, Obst und mehr. Glutenfreie Produkte sind auf Anfrage erh\u00e4ltlich. Der Dienst ist von 7.30 bis 10.00 Uhr aktiv.<\/p>\n\n\n\n<p><strong>Verpflegung:<\/strong> Mittag- und Abendessen werden im Partnerrestaurant Canneto vor dem Hotel angeboten, das die M\u00f6glichkeit bietet, drau\u00dfen im Gr\u00fcnen des gro\u00dfen Gartens mit Panoramablick auf den Gardasee zu speisen und haupts\u00e4chlich Gerichte aus dem Meer anzubieten Fisch. Alternativ besteht die M\u00f6glichkeit, Gerichte zum Mitnehmen zu buchen und diese direkt in den Apartments zu verzehren. F\u00fcr l\u00e4ngere Aufenthalte oder f\u00fcr Familien steht Halbpension oder Vollpension zur Verf\u00fcgung. KEINE VEGANER<\/p>\n\n\n\n<figure class=\"wp-block-gallery has-nested-images columns-default is-cropped wp-block-gallery-1 is-layout-flex wp-block-gallery-is-layout-flex\">\n<figure class=\"wp-block-image size-large\"><a href=\"https:\/\/www.smeraldosirmione.com\/wp-content\/uploads\/2024\/01\/sala-colazioni-2-3000-scaled.jpg\"><img loading=\"lazy\" decoding=\"async\" width=\"1024\" height=\"683\" data-id=\"2627\" src=\"https:\/\/www.smeraldosirmione.com\/wp-content\/uploads\/2024\/01\/sala-colazioni-2-3000-1024x683.jpg\" alt=\"\" class=\"wp-image-2627\" srcset=\"https:\/\/www.smeraldosirmione.com\/wp-content\/uploads\/2024\/01\/sala-colazioni-2-3000-1024x683.jpg 1024w, https:\/\/www.smeraldosirmione.com\/wp-content\/uploads\/2024\/01\/sala-colazioni-2-3000-2048x1365.jpg 2048w, https:\/\/www.smeraldosirmione.com\/wp-content\/uploads\/2024\/01\/sala-colazioni-2-3000-1536x1024.jpg 1536w, https:\/\/www.smeraldosirmione.com\/wp-content\/uploads\/2024\/01\/sala-colazioni-2-3000-300x200.jpg 300w, https:\/\/www.smeraldosirmione.com\/wp-content\/uploads\/2024\/01\/sala-colazioni-2-3000-768x512.jpg 768w\" sizes=\"auto, (max-width: 1024px) 100vw, 1024px\" \/><\/a><\/figure>\n\n\n\n<figure class=\"wp-block-image size-large\"><a href=\"https:\/\/www.smeraldosirmione.com\/wp-content\/uploads\/2024\/01\/sala-colazioni-1-3000-scaled.jpg\"><img loading=\"lazy\" decoding=\"async\" width=\"1024\" height=\"683\" data-id=\"2622\" src=\"https:\/\/www.smeraldosirmione.com\/wp-content\/uploads\/2024\/01\/sala-colazioni-1-3000-1024x683.jpg\" alt=\"\" class=\"wp-image-2622\" srcset=\"https:\/\/www.smeraldosirmione.com\/wp-content\/uploads\/2024\/01\/sala-colazioni-1-3000-1024x683.jpg 1024w, https:\/\/www.smeraldosirmione.com\/wp-content\/uploads\/2024\/01\/sala-colazioni-1-3000-2048x1365.jpg 2048w, https:\/\/www.smeraldosirmione.com\/wp-content\/uploads\/2024\/01\/sala-colazioni-1-3000-1536x1024.jpg 1536w, https:\/\/www.smeraldosirmione.com\/wp-content\/uploads\/2024\/01\/sala-colazioni-1-3000-300x200.jpg 300w, https:\/\/www.smeraldosirmione.com\/wp-content\/uploads\/2024\/01\/sala-colazioni-1-3000-768x512.jpg 768w\" sizes=\"auto, (max-width: 1024px) 100vw, 1024px\" \/><\/a><\/figure>\n<\/figure>\n\n\n\n<p>HOTELDIENSTLEISTUNGEN<br>Privater Parkplatz *<\/p>\n\n\n\n<p>WiFi im Hotel kostenlos<br>Hotelw\u00e4sche und B\u00fcgeln in 24h *<br>Lunchpakete f\u00fcr Ihre Tage in den Parks *<br>Fahrr\u00e4der (externer Dienst) *<br>Garten mit Liegest\u00fchlen ausgestattet<br>Kostenlose Strandt\u00fccher<br>Geldwechsel<br>Wiegen mit hohen Seiten oder Bettseiten<br>Hohe St\u00fchle<br>Mini-Pool<br>Kleine kostenlose Bibliothek<br>Hoteltransfer von\/zu Flugh\u00e4fen (externer Dienst)*<br>Autovermietung, Miete mit Fahrer*<br>Tourbuchung (Fremdleistung) *<br>Reservierung Arena di Verona Tickets und Theater *<\/p>\n\n\n\n<p>* Zahlungsdienste<\/p>\n","protected":false},"excerpt":{"rendered":"<p>Das Hotel liegt auf der \u00f6stlichen Seite der Halbinsel, direkt am See [&hellip;]<\/p>\n","protected":false},"author":2,"featured_media":3368,"parent":0,"menu_order":56,"comment_status":"open","ping_status":"closed","template":"","meta":{"_acf_changed":false,"footnotes":""},"class_list":["post-2120","page","type-page","status-publish","has-post-thumbnail","hentry"],"acf":[],"yoast_head":"<!-- This site is optimized with the Yoast SEO plugin v27.4 - https:\/\/yoast.com\/product\/yoast-seo-wordpress\/ -->\n<title>Hoteldienstleistungen - Hotel Smeraldo<\/title>\n<meta name=\"description\" content=\"Hoteldienstleistungen Hotel Smeraldo Sirmione am Gardasee, Halbpension, Fahrr\u00e4der, Transfers, Parktickets, Kinder, WLAN, Strandt\u00fccher\" \/>\n<meta name=\"robots\" content=\"index, follow, max-snippet:-1, max-image-preview:large, max-video-preview:-1\" \/>\n<link rel=\"canonical\" href=\"https:\/\/www.smeraldosirmione.com\/de\/hoteldienstleistungen\/\" \/>\n<meta property=\"og:locale\" content=\"de_DE\" \/>\n<meta property=\"og:type\" content=\"article\" \/>\n<meta property=\"og:title\" content=\"Hoteldienstleistungen - Hotel Smeraldo\" \/>\n<meta property=\"og:description\" content=\"Hoteldienstleistungen Hotel Smeraldo Sirmione am Gardasee, Halbpension, Fahrr\u00e4der, Transfers, Parktickets, Kinder, WLAN, Strandt\u00fccher\" \/>\n<meta property=\"og:url\" content=\"https:\/\/www.smeraldosirmione.com\/de\/hoteldienstleistungen\/\" \/>\n<meta property=\"og:site_name\" content=\"Hotel Smeraldo\" \/>\n<meta property=\"article:modified_time\" content=\"2026-04-04T10:40:36+00:00\" \/>\n<meta property=\"og:image\" content=\"https:\/\/www.smeraldosirmione.com\/wp-content\/uploads\/2026\/02\/Hotel-La-Paul-penisola.jpg\" \/>\n\t<meta property=\"og:image:width\" content=\"2309\" \/>\n\t<meta property=\"og:image:height\" content=\"1732\" \/>\n\t<meta property=\"og:image:type\" content=\"image\/jpeg\" \/>\n<meta name=\"twitter:label1\" content=\"Gesch\u00e4tzte Lesezeit\" \/>\n\t<meta name=\"twitter:data1\" content=\"3\u00a0Minuten\" \/>\n<script type=\"application\/ld+json\" class=\"yoast-schema-graph\">{\"@context\":\"https:\\\/\\\/schema.org\",\"@graph\":[{\"@type\":\"WebPage\",\"@id\":\"https:\\\/\\\/www.smeraldosirmione.com\\\/de\\\/hoteldienstleistungen\\\/\",\"url\":\"https:\\\/\\\/www.smeraldosirmione.com\\\/de\\\/hoteldienstleistungen\\\/\",\"name\":\"Hoteldienstleistungen - Hotel Smeraldo\",\"isPartOf\":{\"@id\":\"https:\\\/\\\/www.smeraldosirmione.com\\\/#website\"},\"primaryImageOfPage\":{\"@id\":\"https:\\\/\\\/www.smeraldosirmione.com\\\/de\\\/hoteldienstleistungen\\\/#primaryimage\"},\"image\":{\"@id\":\"https:\\\/\\\/www.smeraldosirmione.com\\\/de\\\/hoteldienstleistungen\\\/#primaryimage\"},\"thumbnailUrl\":\"https:\\\/\\\/www.smeraldosirmione.com\\\/wp-content\\\/uploads\\\/2026\\\/02\\\/Hotel-La-Paul-penisola.jpg\",\"datePublished\":\"2023-02-22T14:40:41+00:00\",\"dateModified\":\"2026-04-04T10:40:36+00:00\",\"description\":\"Hoteldienstleistungen Hotel Smeraldo Sirmione am Gardasee, Halbpension, Fahrr\u00e4der, Transfers, Parktickets, Kinder, WLAN, Strandt\u00fccher\",\"breadcrumb\":{\"@id\":\"https:\\\/\\\/www.smeraldosirmione.com\\\/de\\\/hoteldienstleistungen\\\/#breadcrumb\"},\"inLanguage\":\"de\",\"potentialAction\":[{\"@type\":\"ReadAction\",\"target\":[\"https:\\\/\\\/www.smeraldosirmione.com\\\/de\\\/hoteldienstleistungen\\\/\"]}]},{\"@type\":\"ImageObject\",\"inLanguage\":\"de\",\"@id\":\"https:\\\/\\\/www.smeraldosirmione.com\\\/de\\\/hoteldienstleistungen\\\/#primaryimage\",\"url\":\"https:\\\/\\\/www.smeraldosirmione.com\\\/wp-content\\\/uploads\\\/2026\\\/02\\\/Hotel-La-Paul-penisola.jpg\",\"contentUrl\":\"https:\\\/\\\/www.smeraldosirmione.com\\\/wp-content\\\/uploads\\\/2026\\\/02\\\/Hotel-La-Paul-penisola.jpg\",\"width\":2309,\"height\":1732},{\"@type\":\"BreadcrumbList\",\"@id\":\"https:\\\/\\\/www.smeraldosirmione.com\\\/de\\\/hoteldienstleistungen\\\/#breadcrumb\",\"itemListElement\":[{\"@type\":\"ListItem\",\"position\":1,\"name\":\"Home\",\"item\":\"https:\\\/\\\/www.smeraldosirmione.com\\\/de\\\/\"},{\"@type\":\"ListItem\",\"position\":2,\"name\":\"Hoteldienstleistungen\"}]},{\"@type\":\"WebSite\",\"@id\":\"https:\\\/\\\/www.smeraldosirmione.com\\\/#website\",\"url\":\"https:\\\/\\\/www.smeraldosirmione.com\\\/\",\"name\":\"Hotel Smeraldo\",\"description\":\"Sirmione Hotel im Herzen des Gardasees\",\"potentialAction\":[{\"@type\":\"SearchAction\",\"target\":{\"@type\":\"EntryPoint\",\"urlTemplate\":\"https:\\\/\\\/www.smeraldosirmione.com\\\/?s={search_term_string}\"},\"query-input\":{\"@type\":\"PropertyValueSpecification\",\"valueRequired\":true,\"valueName\":\"search_term_string\"}}],\"inLanguage\":\"de\"}]}<\/script>\n<!-- \/ Yoast SEO plugin. -->","yoast_head_json":{"title":"Hoteldienstleistungen - Hotel Smeraldo","description":"Hoteldienstleistungen Hotel Smeraldo Sirmione am Gardasee, Halbpension, Fahrr\u00e4der, Transfers, Parktickets, Kinder, WLAN, Strandt\u00fccher","robots":{"index":"index","follow":"follow","max-snippet":"max-snippet:-1","max-image-preview":"max-image-preview:large","max-video-preview":"max-video-preview:-1"},"canonical":"https:\/\/www.smeraldosirmione.com\/de\/hoteldienstleistungen\/","og_locale":"de_DE","og_type":"article","og_title":"Hoteldienstleistungen - Hotel Smeraldo","og_description":"Hoteldienstleistungen Hotel Smeraldo Sirmione am Gardasee, Halbpension, Fahrr\u00e4der, Transfers, Parktickets, Kinder, WLAN, Strandt\u00fccher","og_url":"https:\/\/www.smeraldosirmione.com\/de\/hoteldienstleistungen\/","og_site_name":"Hotel Smeraldo","article_modified_time":"2026-04-04T10:40:36+00:00","og_image":[{"width":2309,"height":1732,"url":"https:\/\/www.smeraldosirmione.com\/wp-content\/uploads\/2026\/02\/Hotel-La-Paul-penisola.jpg","type":"image\/jpeg"}],"twitter_misc":{"Gesch\u00e4tzte Lesezeit":"3\u00a0Minuten"},"schema":{"@context":"https:\/\/schema.org","@graph":[{"@type":"WebPage","@id":"https:\/\/www.smeraldosirmione.com\/de\/hoteldienstleistungen\/","url":"https:\/\/www.smeraldosirmione.com\/de\/hoteldienstleistungen\/","name":"Hoteldienstleistungen - Hotel Smeraldo","isPartOf":{"@id":"https:\/\/www.smeraldosirmione.com\/#website"},"primaryImageOfPage":{"@id":"https:\/\/www.smeraldosirmione.com\/de\/hoteldienstleistungen\/#primaryimage"},"image":{"@id":"https:\/\/www.smeraldosirmione.com\/de\/hoteldienstleistungen\/#primaryimage"},"thumbnailUrl":"https:\/\/www.smeraldosirmione.com\/wp-content\/uploads\/2026\/02\/Hotel-La-Paul-penisola.jpg","datePublished":"2023-02-22T14:40:41+00:00","dateModified":"2026-04-04T10:40:36+00:00","description":"Hoteldienstleistungen Hotel Smeraldo Sirmione am Gardasee, Halbpension, Fahrr\u00e4der, Transfers, Parktickets, Kinder, WLAN, Strandt\u00fccher","breadcrumb":{"@id":"https:\/\/www.smeraldosirmione.com\/de\/hoteldienstleistungen\/#breadcrumb"},"inLanguage":"de","potentialAction":[{"@type":"ReadAction","target":["https:\/\/www.smeraldosirmione.com\/de\/hoteldienstleistungen\/"]}]},{"@type":"ImageObject","inLanguage":"de","@id":"https:\/\/www.smeraldosirmione.com\/de\/hoteldienstleistungen\/#primaryimage","url":"https:\/\/www.smeraldosirmione.com\/wp-content\/uploads\/2026\/02\/Hotel-La-Paul-penisola.jpg","contentUrl":"https:\/\/www.smeraldosirmione.com\/wp-content\/uploads\/2026\/02\/Hotel-La-Paul-penisola.jpg","width":2309,"height":1732},{"@type":"BreadcrumbList","@id":"https:\/\/www.smeraldosirmione.com\/de\/hoteldienstleistungen\/#breadcrumb","itemListElement":[{"@type":"ListItem","position":1,"name":"Home","item":"https:\/\/www.smeraldosirmione.com\/de\/"},{"@type":"ListItem","position":2,"name":"Hoteldienstleistungen"}]},{"@type":"WebSite","@id":"https:\/\/www.smeraldosirmione.com\/#website","url":"https:\/\/www.smeraldosirmione.com\/","name":"Hotel Smeraldo","description":"Sirmione Hotel im Herzen des Gardasees","potentialAction":[{"@type":"SearchAction","target":{"@type":"EntryPoint","urlTemplate":"https:\/\/www.smeraldosirmione.com\/?s={search_term_string}"},"query-input":{"@type":"PropertyValueSpecification","valueRequired":true,"valueName":"search_term_string"}}],"inLanguage":"de"}]}},"_links":{"self":[{"href":"https:\/\/www.smeraldosirmione.com\/de\/wp-json\/wp\/v2\/pages\/2120","targetHints":{"allow":["GET"]}}],"collection":[{"href":"https:\/\/www.smeraldosirmione.com\/de\/wp-json\/wp\/v2\/pages"}],"about":[{"href":"https:\/\/www.smeraldosirmione.com\/de\/wp-json\/wp\/v2\/types\/page"}],"author":[{"embeddable":true,"href":"https:\/\/www.smeraldosirmione.com\/de\/wp-json\/wp\/v2\/users\/2"}],"replies":[{"embeddable":true,"href":"https:\/\/www.smeraldosirmione.com\/de\/wp-json\/wp\/v2\/comments?post=2120"}],"version-history":[{"count":1,"href":"https:\/\/www.smeraldosirmione.com\/de\/wp-json\/wp\/v2\/pages\/2120\/revisions"}],"predecessor-version":[{"id":3456,"href":"https:\/\/www.smeraldosirmione.com\/de\/wp-json\/wp\/v2\/pages\/2120\/revisions\/3456"}],"wp:featuredmedia":[{"embeddable":true,"href":"https:\/\/www.smeraldosirmione.com\/de\/wp-json\/wp\/v2\/media\/3368"}],"wp:attachment":[{"href":"https:\/\/www.smeraldosirmione.com\/de\/wp-json\/wp\/v2\/media?parent=2120"}],"curies":[{"name":"wp","href":"https:\/\/api.w.org\/{rel}","templated":true}]}}