{"id":211,"date":"2015-02-23T06:46:08","date_gmt":"2015-02-23T05:46:08","guid":{"rendered":"https:\/\/www.smeraldosirmione.com\/?page_id=211"},"modified":"2024-01-04T06:48:51","modified_gmt":"2024-01-04T05:48:51","slug":"sirmione-besuchen","status":"publish","type":"page","link":"https:\/\/www.smeraldosirmione.com\/de\/sirmione-besuchen\/","title":{"rendered":"Sirmione Besuchen"},"content":{"rendered":"\n<h4 class=\"wp-block-heading\">Sirmione ist sehenswert, es ist ein herrliches Fischerdorf an der Spitze der gleichnamigen Halbinsel, das im Zentrum des Gardasees liegt, umgeben von seiner Scaliger-Burg, das v\u00f6llig verkehrsberuhigte historische Zentrum ist erhalten geblieben.<\/h4>\n\n\n\n<p>Ein Besuch in Sirmione ist ein Muss f\u00fcr diejenigen, die an den Gardasee kommen. Die Scaligerburg mit ihrem vollst\u00e4ndig und ausschlie\u00dflich f\u00fcr Fu\u00dfg\u00e4nger zug\u00e4nglichen historischen Zentrum ist vielleicht die sch\u00f6nste am Gardasee. Das alte Fischerdorf bietet neben den historischen Sch\u00f6nheiten von Sirmione auch romantische Ausblicke und eindrucksvolle Ecken Besuchen Sie beispielsweise die Grotte di Catullo und die nahegelegene mittelalterliche Kirche San Pietro in Mavino, die Kirche S.Maria Maggiore mitten im historischen Zentrum, die kleine Kirche S.Anna alle mura und das Scaligero-Schloss mit dem Museum das Innere und der Panoramablick von der Spitze des Turms. Die Fu\u00dfg\u00e4ngerzone des historischen Zentrums liegt nur wenige Schritte vom Hotel Smeraldo in Sirmione entfernt.<\/p>\n\n\n\n<figure class=\"wp-block-gallery has-nested-images columns-default is-cropped wp-block-gallery-1 is-layout-flex wp-block-gallery-is-layout-flex\">\n<figure class=\"wp-block-image size-large\"><a href=\"https:\/\/www.smeraldosirmione.com\/wp-content\/uploads\/2024\/01\/chiesa-di-san-pietro-in-mavino-sirmione-1024x768-1.jpg\"><img loading=\"lazy\" decoding=\"async\" width=\"1024\" height=\"768\" data-id=\"2876\" src=\"https:\/\/www.smeraldosirmione.com\/wp-content\/uploads\/2024\/01\/chiesa-di-san-pietro-in-mavino-sirmione-1024x768-1.jpg\" alt=\"\" class=\"wp-image-2876\" srcset=\"https:\/\/www.smeraldosirmione.com\/wp-content\/uploads\/2024\/01\/chiesa-di-san-pietro-in-mavino-sirmione-1024x768-1.jpg 1024w, https:\/\/www.smeraldosirmione.com\/wp-content\/uploads\/2024\/01\/chiesa-di-san-pietro-in-mavino-sirmione-1024x768-1-800x600.jpg 800w, https:\/\/www.smeraldosirmione.com\/wp-content\/uploads\/2024\/01\/chiesa-di-san-pietro-in-mavino-sirmione-1024x768-1-300x225.jpg 300w, https:\/\/www.smeraldosirmione.com\/wp-content\/uploads\/2024\/01\/chiesa-di-san-pietro-in-mavino-sirmione-1024x768-1-768x576.jpg 768w\" sizes=\"auto, (max-width: 1024px) 100vw, 1024px\" \/><\/a><\/figure>\n\n\n\n<figure class=\"wp-block-image size-large\"><a href=\"https:\/\/www.smeraldosirmione.com\/wp-content\/uploads\/2016\/01\/Sirmione-1024x768-1.jpg\"><img loading=\"lazy\" decoding=\"async\" width=\"1024\" height=\"768\" data-id=\"2715\" src=\"https:\/\/www.smeraldosirmione.com\/wp-content\/uploads\/2016\/01\/Sirmione-1024x768-1.jpg\" alt=\"\" class=\"wp-image-2715\" srcset=\"https:\/\/www.smeraldosirmione.com\/wp-content\/uploads\/2016\/01\/Sirmione-1024x768-1.jpg 1024w, https:\/\/www.smeraldosirmione.com\/wp-content\/uploads\/2016\/01\/Sirmione-1024x768-1-800x600.jpg 800w, https:\/\/www.smeraldosirmione.com\/wp-content\/uploads\/2016\/01\/Sirmione-1024x768-1-300x225.jpg 300w, https:\/\/www.smeraldosirmione.com\/wp-content\/uploads\/2016\/01\/Sirmione-1024x768-1-768x576.jpg 768w\" sizes=\"auto, (max-width: 1024px) 100vw, 1024px\" \/><\/a><\/figure>\n\n\n\n<figure class=\"wp-block-image size-large\"><a href=\"https:\/\/www.smeraldosirmione.com\/wp-content\/uploads\/2024\/01\/chiesa-s-maria-maggiore-sirmione-1024x768-1.jpg\"><img loading=\"lazy\" decoding=\"async\" width=\"1024\" height=\"768\" data-id=\"2866\" src=\"https:\/\/www.smeraldosirmione.com\/wp-content\/uploads\/2024\/01\/chiesa-s-maria-maggiore-sirmione-1024x768-1.jpg\" alt=\"\" class=\"wp-image-2866\" srcset=\"https:\/\/www.smeraldosirmione.com\/wp-content\/uploads\/2024\/01\/chiesa-s-maria-maggiore-sirmione-1024x768-1.jpg 1024w, https:\/\/www.smeraldosirmione.com\/wp-content\/uploads\/2024\/01\/chiesa-s-maria-maggiore-sirmione-1024x768-1-800x600.jpg 800w, https:\/\/www.smeraldosirmione.com\/wp-content\/uploads\/2024\/01\/chiesa-s-maria-maggiore-sirmione-1024x768-1-300x225.jpg 300w, https:\/\/www.smeraldosirmione.com\/wp-content\/uploads\/2024\/01\/chiesa-s-maria-maggiore-sirmione-1024x768-1-768x576.jpg 768w\" sizes=\"auto, (max-width: 1024px) 100vw, 1024px\" \/><\/a><\/figure>\n\n\n\n<figure class=\"wp-block-image size-large\"><a href=\"https:\/\/www.smeraldosirmione.com\/wp-content\/uploads\/2024\/01\/chiesa-di-s-anna-sirmione-1024x768-1.jpg\"><img loading=\"lazy\" decoding=\"async\" width=\"1024\" height=\"576\" data-id=\"2871\" src=\"https:\/\/www.smeraldosirmione.com\/wp-content\/uploads\/2024\/01\/chiesa-di-s-anna-sirmione-1024x768-1-1024x576.jpg\" alt=\"\" class=\"wp-image-2871\" srcset=\"https:\/\/www.smeraldosirmione.com\/wp-content\/uploads\/2024\/01\/chiesa-di-s-anna-sirmione-1024x768-1-1024x576.jpg 1024w, https:\/\/www.smeraldosirmione.com\/wp-content\/uploads\/2024\/01\/chiesa-di-s-anna-sirmione-1024x768-1-300x169.jpg 300w, https:\/\/www.smeraldosirmione.com\/wp-content\/uploads\/2024\/01\/chiesa-di-s-anna-sirmione-1024x768-1-768x432.jpg 768w, https:\/\/www.smeraldosirmione.com\/wp-content\/uploads\/2024\/01\/chiesa-di-s-anna-sirmione-1024x768-1.jpg 1365w\" sizes=\"auto, (max-width: 1024px) 100vw, 1024px\" \/><\/a><\/figure>\n\n\n\n<figure class=\"wp-block-image size-large\"><a href=\"https:\/\/www.smeraldosirmione.com\/wp-content\/uploads\/2024\/01\/grotte-di-catullo-sirmione-1024x768-1.jpg\"><img loading=\"lazy\" decoding=\"async\" width=\"1024\" height=\"768\" data-id=\"2881\" src=\"https:\/\/www.smeraldosirmione.com\/wp-content\/uploads\/2024\/01\/grotte-di-catullo-sirmione-1024x768-1.jpg\" alt=\"\" class=\"wp-image-2881\" srcset=\"https:\/\/www.smeraldosirmione.com\/wp-content\/uploads\/2024\/01\/grotte-di-catullo-sirmione-1024x768-1.jpg 1024w, https:\/\/www.smeraldosirmione.com\/wp-content\/uploads\/2024\/01\/grotte-di-catullo-sirmione-1024x768-1-800x600.jpg 800w, https:\/\/www.smeraldosirmione.com\/wp-content\/uploads\/2024\/01\/grotte-di-catullo-sirmione-1024x768-1-300x225.jpg 300w, https:\/\/www.smeraldosirmione.com\/wp-content\/uploads\/2024\/01\/grotte-di-catullo-sirmione-1024x768-1-768x576.jpg 768w\" sizes=\"auto, (max-width: 1024px) 100vw, 1024px\" \/><\/a><\/figure>\n<\/figure>\n\n\n\n<p><strong>Das Scaligero-Schloss:<\/strong> Es umschlie\u00dft das Dorf Sirmione und um es zu betreten, muss man immer noch \u00fcber die Zugbr\u00fccke gehen, die es einst zu einer Insel machte, eine der wenigen, deren Anlegestelle, Zugbr\u00fccke und Gehwege an den Mauern noch intakt waren; Verpassen Sie nicht die Aussicht auf Sirmione von der Spitze des Turms.<\/p>\n\n\n\n<p><strong>Die H\u00f6hlen des Catullus:<\/strong> Sie befinden sich an der Nordspitze von Sirmione und sind die Ruinen der gr\u00f6\u00dften r\u00f6mischen Villa Norditaliens. Das Geb\u00e4ude muss eine spektakul\u00e4re Gr\u00f6\u00dfe gehabt haben, ebenso wie der Panoramablick auf den Gardasee. Die arch\u00e4ologische St\u00e4tte ist etwa f\u00fcnfzehn Gehminuten von unseren Hotels in Sirmione entfernt.<\/p>\n\n\n\n<p><strong>Kirche S. Anna:<\/strong> Sobald Sie Sirmione betreten, finden Sie die kleine Kirche, die im 15. Jahrhundert f\u00fcr die Soldaten der Burg erbaut wurde. Im Inneren sind interessante Fresken zu sehen.<\/p>\n\n\n\n<p><strong>Kirche Santa Maria Maggiore: <\/strong>Sie befindet sich im Zentrum der Stadt und wurde auf einer Vorg\u00e4ngerkirche mit S\u00e4ulen aus dem Jahr 361 n. Chr. erbaut. Im Inneren befinden sich Fresken aus dem 16. Jahrhundert und eine Holzstatue der Madonna aus dem 14. Jahrhundert<\/p>\n\n\n\n<p><strong>Kirche S. Pietro in Mavino:<\/strong> Kurz vor der Ankunft in der Grotte di Catullo befindet sich die Kirche S. Pietro in Mavino, ein Geb\u00e4ude, das bereits in der Langobardenzeit existierte und auf einem heidnischen Tempel errichtet wurde. Im Inneren befinden sich einige interessante Geb\u00e4ude Fresken aus dem Jahrtausend und dann aus dem 14. Jahrhundert; Der Glockenturm stammt aus dem Jahr 1000.<\/p>\n","protected":false},"excerpt":{"rendered":"<p>Sirmione ist sehenswert, es ist ein herrliches Fischerdorf an der Spitze der [&hellip;]<\/p>\n","protected":false},"author":3,"featured_media":0,"parent":0,"menu_order":102,"comment_status":"open","ping_status":"closed","template":"","meta":{"_acf_changed":false,"footnotes":""},"class_list":["post-211","page","type-page","status-publish","hentry"],"acf":[],"yoast_head":"<!-- This site is optimized with the Yoast SEO plugin v27.4 - https:\/\/yoast.com\/product\/yoast-seo-wordpress\/ -->\n<title>Sirmione Besuchen - Hotel Smeraldo<\/title>\n<meta name=\"robots\" content=\"index, follow, max-snippet:-1, max-image-preview:large, max-video-preview:-1\" \/>\n<link rel=\"canonical\" href=\"https:\/\/www.smeraldosirmione.com\/de\/sirmione-besuchen\/\" \/>\n<meta property=\"og:locale\" content=\"de_DE\" \/>\n<meta property=\"og:type\" content=\"article\" \/>\n<meta property=\"og:title\" content=\"Sirmione Besuchen - Hotel Smeraldo\" \/>\n<meta property=\"og:description\" content=\"Sirmione ist sehenswert, es ist ein herrliches Fischerdorf an der Spitze der [&hellip;]\" \/>\n<meta property=\"og:url\" content=\"https:\/\/www.smeraldosirmione.com\/de\/sirmione-besuchen\/\" \/>\n<meta property=\"og:site_name\" content=\"Hotel Smeraldo\" \/>\n<meta property=\"article:modified_time\" content=\"2024-01-04T05:48:51+00:00\" \/>\n<meta property=\"og:image\" content=\"https:\/\/www.smeraldosirmione.com\/wp-content\/uploads\/2024\/01\/chiesa-di-san-pietro-in-mavino-sirmione-1024x768-1.jpg\" \/>\n<meta name=\"twitter:label1\" content=\"Gesch\u00e4tzte Lesezeit\" \/>\n\t<meta name=\"twitter:data1\" content=\"4\u00a0Minuten\" \/>\n<script type=\"application\/ld+json\" class=\"yoast-schema-graph\">{\"@context\":\"https:\\\/\\\/schema.org\",\"@graph\":[{\"@type\":\"WebPage\",\"@id\":\"https:\\\/\\\/www.smeraldosirmione.com\\\/de\\\/sirmione-besuchen\\\/\",\"url\":\"https:\\\/\\\/www.smeraldosirmione.com\\\/de\\\/sirmione-besuchen\\\/\",\"name\":\"Sirmione Besuchen - Hotel Smeraldo\",\"isPartOf\":{\"@id\":\"https:\\\/\\\/www.smeraldosirmione.com\\\/#website\"},\"primaryImageOfPage\":{\"@id\":\"https:\\\/\\\/www.smeraldosirmione.com\\\/de\\\/sirmione-besuchen\\\/#primaryimage\"},\"image\":{\"@id\":\"https:\\\/\\\/www.smeraldosirmione.com\\\/de\\\/sirmione-besuchen\\\/#primaryimage\"},\"thumbnailUrl\":\"https:\\\/\\\/www.smeraldosirmione.com\\\/wp-content\\\/uploads\\\/2024\\\/01\\\/chiesa-di-san-pietro-in-mavino-sirmione-1024x768-1.jpg\",\"datePublished\":\"2015-02-23T05:46:08+00:00\",\"dateModified\":\"2024-01-04T05:48:51+00:00\",\"breadcrumb\":{\"@id\":\"https:\\\/\\\/www.smeraldosirmione.com\\\/de\\\/sirmione-besuchen\\\/#breadcrumb\"},\"inLanguage\":\"de\",\"potentialAction\":[{\"@type\":\"ReadAction\",\"target\":[\"https:\\\/\\\/www.smeraldosirmione.com\\\/de\\\/sirmione-besuchen\\\/\"]}]},{\"@type\":\"ImageObject\",\"inLanguage\":\"de\",\"@id\":\"https:\\\/\\\/www.smeraldosirmione.com\\\/de\\\/sirmione-besuchen\\\/#primaryimage\",\"url\":\"https:\\\/\\\/www.smeraldosirmione.com\\\/wp-content\\\/uploads\\\/2024\\\/01\\\/chiesa-di-san-pietro-in-mavino-sirmione-1024x768-1.jpg\",\"contentUrl\":\"https:\\\/\\\/www.smeraldosirmione.com\\\/wp-content\\\/uploads\\\/2024\\\/01\\\/chiesa-di-san-pietro-in-mavino-sirmione-1024x768-1.jpg\"},{\"@type\":\"BreadcrumbList\",\"@id\":\"https:\\\/\\\/www.smeraldosirmione.com\\\/de\\\/sirmione-besuchen\\\/#breadcrumb\",\"itemListElement\":[{\"@type\":\"ListItem\",\"position\":1,\"name\":\"Home\",\"item\":\"https:\\\/\\\/www.smeraldosirmione.com\\\/de\\\/\"},{\"@type\":\"ListItem\",\"position\":2,\"name\":\"Sirmione Besuchen\"}]},{\"@type\":\"WebSite\",\"@id\":\"https:\\\/\\\/www.smeraldosirmione.com\\\/#website\",\"url\":\"https:\\\/\\\/www.smeraldosirmione.com\\\/\",\"name\":\"Hotel Smeraldo\",\"description\":\"Sirmione Hotel im Herzen des Gardasees\",\"potentialAction\":[{\"@type\":\"SearchAction\",\"target\":{\"@type\":\"EntryPoint\",\"urlTemplate\":\"https:\\\/\\\/www.smeraldosirmione.com\\\/?s={search_term_string}\"},\"query-input\":{\"@type\":\"PropertyValueSpecification\",\"valueRequired\":true,\"valueName\":\"search_term_string\"}}],\"inLanguage\":\"de\"}]}<\/script>\n<!-- \/ Yoast SEO plugin. -->","yoast_head_json":{"title":"Sirmione Besuchen - Hotel Smeraldo","robots":{"index":"index","follow":"follow","max-snippet":"max-snippet:-1","max-image-preview":"max-image-preview:large","max-video-preview":"max-video-preview:-1"},"canonical":"https:\/\/www.smeraldosirmione.com\/de\/sirmione-besuchen\/","og_locale":"de_DE","og_type":"article","og_title":"Sirmione Besuchen - Hotel Smeraldo","og_description":"Sirmione ist sehenswert, es ist ein herrliches Fischerdorf an der Spitze der [&hellip;]","og_url":"https:\/\/www.smeraldosirmione.com\/de\/sirmione-besuchen\/","og_site_name":"Hotel Smeraldo","article_modified_time":"2024-01-04T05:48:51+00:00","og_image":[{"url":"https:\/\/www.smeraldosirmione.com\/wp-content\/uploads\/2024\/01\/chiesa-di-san-pietro-in-mavino-sirmione-1024x768-1.jpg","type":"","width":"","height":""}],"twitter_misc":{"Gesch\u00e4tzte Lesezeit":"4\u00a0Minuten"},"schema":{"@context":"https:\/\/schema.org","@graph":[{"@type":"WebPage","@id":"https:\/\/www.smeraldosirmione.com\/de\/sirmione-besuchen\/","url":"https:\/\/www.smeraldosirmione.com\/de\/sirmione-besuchen\/","name":"Sirmione Besuchen - Hotel Smeraldo","isPartOf":{"@id":"https:\/\/www.smeraldosirmione.com\/#website"},"primaryImageOfPage":{"@id":"https:\/\/www.smeraldosirmione.com\/de\/sirmione-besuchen\/#primaryimage"},"image":{"@id":"https:\/\/www.smeraldosirmione.com\/de\/sirmione-besuchen\/#primaryimage"},"thumbnailUrl":"https:\/\/www.smeraldosirmione.com\/wp-content\/uploads\/2024\/01\/chiesa-di-san-pietro-in-mavino-sirmione-1024x768-1.jpg","datePublished":"2015-02-23T05:46:08+00:00","dateModified":"2024-01-04T05:48:51+00:00","breadcrumb":{"@id":"https:\/\/www.smeraldosirmione.com\/de\/sirmione-besuchen\/#breadcrumb"},"inLanguage":"de","potentialAction":[{"@type":"ReadAction","target":["https:\/\/www.smeraldosirmione.com\/de\/sirmione-besuchen\/"]}]},{"@type":"ImageObject","inLanguage":"de","@id":"https:\/\/www.smeraldosirmione.com\/de\/sirmione-besuchen\/#primaryimage","url":"https:\/\/www.smeraldosirmione.com\/wp-content\/uploads\/2024\/01\/chiesa-di-san-pietro-in-mavino-sirmione-1024x768-1.jpg","contentUrl":"https:\/\/www.smeraldosirmione.com\/wp-content\/uploads\/2024\/01\/chiesa-di-san-pietro-in-mavino-sirmione-1024x768-1.jpg"},{"@type":"BreadcrumbList","@id":"https:\/\/www.smeraldosirmione.com\/de\/sirmione-besuchen\/#breadcrumb","itemListElement":[{"@type":"ListItem","position":1,"name":"Home","item":"https:\/\/www.smeraldosirmione.com\/de\/"},{"@type":"ListItem","position":2,"name":"Sirmione Besuchen"}]},{"@type":"WebSite","@id":"https:\/\/www.smeraldosirmione.com\/#website","url":"https:\/\/www.smeraldosirmione.com\/","name":"Hotel Smeraldo","description":"Sirmione Hotel im Herzen des Gardasees","potentialAction":[{"@type":"SearchAction","target":{"@type":"EntryPoint","urlTemplate":"https:\/\/www.smeraldosirmione.com\/?s={search_term_string}"},"query-input":{"@type":"PropertyValueSpecification","valueRequired":true,"valueName":"search_term_string"}}],"inLanguage":"de"}]}},"_links":{"self":[{"href":"https:\/\/www.smeraldosirmione.com\/de\/wp-json\/wp\/v2\/pages\/211","targetHints":{"allow":["GET"]}}],"collection":[{"href":"https:\/\/www.smeraldosirmione.com\/de\/wp-json\/wp\/v2\/pages"}],"about":[{"href":"https:\/\/www.smeraldosirmione.com\/de\/wp-json\/wp\/v2\/types\/page"}],"author":[{"embeddable":true,"href":"https:\/\/www.smeraldosirmione.com\/de\/wp-json\/wp\/v2\/users\/3"}],"replies":[{"embeddable":true,"href":"https:\/\/www.smeraldosirmione.com\/de\/wp-json\/wp\/v2\/comments?post=211"}],"version-history":[{"count":0,"href":"https:\/\/www.smeraldosirmione.com\/de\/wp-json\/wp\/v2\/pages\/211\/revisions"}],"wp:attachment":[{"href":"https:\/\/www.smeraldosirmione.com\/de\/wp-json\/wp\/v2\/media?parent=211"}],"curies":[{"name":"wp","href":"https:\/\/api.w.org\/{rel}","templated":true}]}}