{"id":209,"date":"2015-02-23T06:38:38","date_gmt":"2015-02-23T05:38:38","guid":{"rendered":"https:\/\/www.smeraldosirmione.com\/?page_id=209"},"modified":"2024-01-04T07:36:44","modified_gmt":"2024-01-04T06:36:44","slug":"thermen-sirmione","status":"publish","type":"page","link":"https:\/\/www.smeraldosirmione.com\/de\/thermen-sirmione\/","title":{"rendered":"Thermen Sirmione"},"content":{"rendered":"\n<p>Der Gardasee ist seit der R\u00f6merzeit f\u00fcr sein ganzj\u00e4hrig mildes Klima bekannt und schon Catullus lobte seine Qualit\u00e4ten. Im 19. Jahrhundert war der Aufenthalt am Gardasee in den Wintermonaten zu Heilzwecken sowohl zur Mode als auch zu einer echten Notwendigkeit geworden. In Sirmione war das Vorhandensein von schwefelhaltigem Thermalwasser mit heilender Wirkung an der Boiola-Quelle seit dem Jahr 1500 bekannt, aber erst mit der Leistung von Procopio im Jahr 1889, dem es gelang, das Wasser zu kanalisieren, war es m\u00f6glich, diesen nat\u00fcrlichen Reichtum voll auszusch\u00f6pfen. Im Laufe der Zeit wurden in der Gegend des Gardasees weitere Quellen gefunden, deren Eigenschaften denen von Sirmione jedoch deutlich unterlegen waren, was zur Entstehung neuer Thermal-Wellness-Zentren wie des Garda-Thermalparks Villa dei Cedri in Col\u00e0 di Lazise und des Thermalbads von Bardolino f\u00fchrte und die von Pescantina. Das Hotel Smeraldo befindet sich in optimaler Lage, um die Thermen von Sirmione, aber auch die anderen Thermen des Gardasees zu erreichen.<\/p>\n\n\n<div class=\"wp-block-image\">\n<figure class=\"aligncenter size-full\"><img loading=\"lazy\" decoding=\"async\" width=\"620\" height=\"100\" src=\"https:\/\/www.smeraldosirmione.com\/wp-content\/uploads\/2024\/01\/terme-del-garda-top.jpg\" alt=\"\" class=\"wp-image-2990\" srcset=\"https:\/\/www.smeraldosirmione.com\/wp-content\/uploads\/2024\/01\/terme-del-garda-top.jpg 620w, https:\/\/www.smeraldosirmione.com\/wp-content\/uploads\/2024\/01\/terme-del-garda-top-300x48.jpg 300w\" sizes=\"auto, (max-width: 620px) 100vw, 620px\" \/><\/figure>\n<\/div>\n\n\n<p>Sirmione-Therme<br>Die beiden Behandlungszentren der Thermen von Sirmione sind das Thermalzentrum Catullo und das Thermalzentrum Virgilio und befinden sich jeweils im historischen Zentrum und im Weiler Colombare di Sirmione, beide nicht weit von unseren Hotels in Sirmione entfernt.<\/p>\n\n\n\n<p>Aquaria Terme di Sirmione<br>Aquaria ist das Wellnesscenter der Terme di Sirmione, ein gro\u00dfes Schwimmbad mit Thermalwasser, das einen herrlichen Panoramablick auf den See bietet. Es befindet sich im Catullo-Thermenzentrum im historischen Zentrum von Sirmione und ist in wenigen Minuten zu Fu\u00df erreichbar unsere Hotels in Sirmione.<\/p>\n\n\n\n<p>Thermalb\u00e4der von Col\u00e0 di Lazise \u2013 Villa dei Cedri<br>Villa dei Cedri, Garda Thermal Park, ist ein Wellnesscenter mit einem Thermalsee in der Mitte des Gartens der Villa mit jahrhundertealten B\u00e4umen, einer entspannenden nat\u00fcrlichen Umgebung mit Hydromassagewannen, einer H\u00f6hle und einem k\u00fcrzlich gebauten Schwimmbad.<\/p>\n","protected":false},"excerpt":{"rendered":"<p>Der Gardasee ist seit der R\u00f6merzeit f\u00fcr sein ganzj\u00e4hrig mildes Klima bekannt [&hellip;]<\/p>\n","protected":false},"author":3,"featured_media":0,"parent":0,"menu_order":98,"comment_status":"open","ping_status":"closed","template":"","meta":{"_acf_changed":false,"footnotes":""},"class_list":["post-209","page","type-page","status-publish","hentry"],"acf":[],"yoast_head":"<!-- This site is optimized with the Yoast SEO plugin v27.4 - https:\/\/yoast.com\/product\/yoast-seo-wordpress\/ -->\n<title>Thermen Sirmione - Hotel Smeraldo<\/title>\n<meta name=\"robots\" content=\"index, follow, max-snippet:-1, max-image-preview:large, max-video-preview:-1\" \/>\n<link rel=\"canonical\" href=\"https:\/\/www.smeraldosirmione.com\/de\/thermen-sirmione\/\" \/>\n<meta property=\"og:locale\" content=\"de_DE\" \/>\n<meta property=\"og:type\" content=\"article\" \/>\n<meta property=\"og:title\" content=\"Thermen Sirmione - Hotel Smeraldo\" \/>\n<meta property=\"og:description\" content=\"Der Gardasee ist seit der R\u00f6merzeit f\u00fcr sein ganzj\u00e4hrig mildes Klima bekannt [&hellip;]\" \/>\n<meta property=\"og:url\" content=\"https:\/\/www.smeraldosirmione.com\/de\/thermen-sirmione\/\" \/>\n<meta property=\"og:site_name\" content=\"Hotel Smeraldo\" \/>\n<meta property=\"article:modified_time\" content=\"2024-01-04T06:36:44+00:00\" \/>\n<meta property=\"og:image\" content=\"https:\/\/www.smeraldosirmione.com\/wp-content\/uploads\/2024\/01\/terme-del-garda-top.jpg\" \/>\n<meta name=\"twitter:label1\" content=\"Gesch\u00e4tzte Lesezeit\" \/>\n\t<meta name=\"twitter:data1\" content=\"2\u00a0Minuten\" \/>\n<script type=\"application\/ld+json\" class=\"yoast-schema-graph\">{\"@context\":\"https:\\\/\\\/schema.org\",\"@graph\":[{\"@type\":\"WebPage\",\"@id\":\"https:\\\/\\\/www.smeraldosirmione.com\\\/de\\\/thermen-sirmione\\\/\",\"url\":\"https:\\\/\\\/www.smeraldosirmione.com\\\/de\\\/thermen-sirmione\\\/\",\"name\":\"Thermen Sirmione - Hotel Smeraldo\",\"isPartOf\":{\"@id\":\"https:\\\/\\\/www.smeraldosirmione.com\\\/#website\"},\"primaryImageOfPage\":{\"@id\":\"https:\\\/\\\/www.smeraldosirmione.com\\\/de\\\/thermen-sirmione\\\/#primaryimage\"},\"image\":{\"@id\":\"https:\\\/\\\/www.smeraldosirmione.com\\\/de\\\/thermen-sirmione\\\/#primaryimage\"},\"thumbnailUrl\":\"https:\\\/\\\/www.smeraldosirmione.com\\\/wp-content\\\/uploads\\\/2024\\\/01\\\/terme-del-garda-top.jpg\",\"datePublished\":\"2015-02-23T05:38:38+00:00\",\"dateModified\":\"2024-01-04T06:36:44+00:00\",\"breadcrumb\":{\"@id\":\"https:\\\/\\\/www.smeraldosirmione.com\\\/de\\\/thermen-sirmione\\\/#breadcrumb\"},\"inLanguage\":\"de\",\"potentialAction\":[{\"@type\":\"ReadAction\",\"target\":[\"https:\\\/\\\/www.smeraldosirmione.com\\\/de\\\/thermen-sirmione\\\/\"]}]},{\"@type\":\"ImageObject\",\"inLanguage\":\"de\",\"@id\":\"https:\\\/\\\/www.smeraldosirmione.com\\\/de\\\/thermen-sirmione\\\/#primaryimage\",\"url\":\"https:\\\/\\\/www.smeraldosirmione.com\\\/wp-content\\\/uploads\\\/2024\\\/01\\\/terme-del-garda-top.jpg\",\"contentUrl\":\"https:\\\/\\\/www.smeraldosirmione.com\\\/wp-content\\\/uploads\\\/2024\\\/01\\\/terme-del-garda-top.jpg\"},{\"@type\":\"BreadcrumbList\",\"@id\":\"https:\\\/\\\/www.smeraldosirmione.com\\\/de\\\/thermen-sirmione\\\/#breadcrumb\",\"itemListElement\":[{\"@type\":\"ListItem\",\"position\":1,\"name\":\"Home\",\"item\":\"https:\\\/\\\/www.smeraldosirmione.com\\\/de\\\/\"},{\"@type\":\"ListItem\",\"position\":2,\"name\":\"Thermen Sirmione\"}]},{\"@type\":\"WebSite\",\"@id\":\"https:\\\/\\\/www.smeraldosirmione.com\\\/#website\",\"url\":\"https:\\\/\\\/www.smeraldosirmione.com\\\/\",\"name\":\"Hotel Smeraldo\",\"description\":\"Sirmione Hotel im Herzen des Gardasees\",\"potentialAction\":[{\"@type\":\"SearchAction\",\"target\":{\"@type\":\"EntryPoint\",\"urlTemplate\":\"https:\\\/\\\/www.smeraldosirmione.com\\\/?s={search_term_string}\"},\"query-input\":{\"@type\":\"PropertyValueSpecification\",\"valueRequired\":true,\"valueName\":\"search_term_string\"}}],\"inLanguage\":\"de\"}]}<\/script>\n<!-- \/ Yoast SEO plugin. -->","yoast_head_json":{"title":"Thermen Sirmione - Hotel Smeraldo","robots":{"index":"index","follow":"follow","max-snippet":"max-snippet:-1","max-image-preview":"max-image-preview:large","max-video-preview":"max-video-preview:-1"},"canonical":"https:\/\/www.smeraldosirmione.com\/de\/thermen-sirmione\/","og_locale":"de_DE","og_type":"article","og_title":"Thermen Sirmione - Hotel Smeraldo","og_description":"Der Gardasee ist seit der R\u00f6merzeit f\u00fcr sein ganzj\u00e4hrig mildes Klima bekannt [&hellip;]","og_url":"https:\/\/www.smeraldosirmione.com\/de\/thermen-sirmione\/","og_site_name":"Hotel Smeraldo","article_modified_time":"2024-01-04T06:36:44+00:00","og_image":[{"url":"https:\/\/www.smeraldosirmione.com\/wp-content\/uploads\/2024\/01\/terme-del-garda-top.jpg","type":"","width":"","height":""}],"twitter_misc":{"Gesch\u00e4tzte Lesezeit":"2\u00a0Minuten"},"schema":{"@context":"https:\/\/schema.org","@graph":[{"@type":"WebPage","@id":"https:\/\/www.smeraldosirmione.com\/de\/thermen-sirmione\/","url":"https:\/\/www.smeraldosirmione.com\/de\/thermen-sirmione\/","name":"Thermen Sirmione - Hotel Smeraldo","isPartOf":{"@id":"https:\/\/www.smeraldosirmione.com\/#website"},"primaryImageOfPage":{"@id":"https:\/\/www.smeraldosirmione.com\/de\/thermen-sirmione\/#primaryimage"},"image":{"@id":"https:\/\/www.smeraldosirmione.com\/de\/thermen-sirmione\/#primaryimage"},"thumbnailUrl":"https:\/\/www.smeraldosirmione.com\/wp-content\/uploads\/2024\/01\/terme-del-garda-top.jpg","datePublished":"2015-02-23T05:38:38+00:00","dateModified":"2024-01-04T06:36:44+00:00","breadcrumb":{"@id":"https:\/\/www.smeraldosirmione.com\/de\/thermen-sirmione\/#breadcrumb"},"inLanguage":"de","potentialAction":[{"@type":"ReadAction","target":["https:\/\/www.smeraldosirmione.com\/de\/thermen-sirmione\/"]}]},{"@type":"ImageObject","inLanguage":"de","@id":"https:\/\/www.smeraldosirmione.com\/de\/thermen-sirmione\/#primaryimage","url":"https:\/\/www.smeraldosirmione.com\/wp-content\/uploads\/2024\/01\/terme-del-garda-top.jpg","contentUrl":"https:\/\/www.smeraldosirmione.com\/wp-content\/uploads\/2024\/01\/terme-del-garda-top.jpg"},{"@type":"BreadcrumbList","@id":"https:\/\/www.smeraldosirmione.com\/de\/thermen-sirmione\/#breadcrumb","itemListElement":[{"@type":"ListItem","position":1,"name":"Home","item":"https:\/\/www.smeraldosirmione.com\/de\/"},{"@type":"ListItem","position":2,"name":"Thermen Sirmione"}]},{"@type":"WebSite","@id":"https:\/\/www.smeraldosirmione.com\/#website","url":"https:\/\/www.smeraldosirmione.com\/","name":"Hotel Smeraldo","description":"Sirmione Hotel im Herzen des Gardasees","potentialAction":[{"@type":"SearchAction","target":{"@type":"EntryPoint","urlTemplate":"https:\/\/www.smeraldosirmione.com\/?s={search_term_string}"},"query-input":{"@type":"PropertyValueSpecification","valueRequired":true,"valueName":"search_term_string"}}],"inLanguage":"de"}]}},"_links":{"self":[{"href":"https:\/\/www.smeraldosirmione.com\/de\/wp-json\/wp\/v2\/pages\/209","targetHints":{"allow":["GET"]}}],"collection":[{"href":"https:\/\/www.smeraldosirmione.com\/de\/wp-json\/wp\/v2\/pages"}],"about":[{"href":"https:\/\/www.smeraldosirmione.com\/de\/wp-json\/wp\/v2\/types\/page"}],"author":[{"embeddable":true,"href":"https:\/\/www.smeraldosirmione.com\/de\/wp-json\/wp\/v2\/users\/3"}],"replies":[{"embeddable":true,"href":"https:\/\/www.smeraldosirmione.com\/de\/wp-json\/wp\/v2\/comments?post=209"}],"version-history":[{"count":0,"href":"https:\/\/www.smeraldosirmione.com\/de\/wp-json\/wp\/v2\/pages\/209\/revisions"}],"wp:attachment":[{"href":"https:\/\/www.smeraldosirmione.com\/de\/wp-json\/wp\/v2\/media?parent=209"}],"curies":[{"name":"wp","href":"https:\/\/api.w.org\/{rel}","templated":true}]}}