{"id":207,"date":"2015-02-23T06:37:44","date_gmt":"2015-02-23T05:37:44","guid":{"rendered":"https:\/\/www.smeraldosirmione.com\/?page_id=207"},"modified":"2024-01-04T07:23:04","modified_gmt":"2024-01-04T06:23:04","slug":"gardasee-parks","status":"publish","type":"page","link":"https:\/\/www.smeraldosirmione.com\/de\/gardasee-parks\/","title":{"rendered":"Gardasee Parks"},"content":{"rendered":"\n<p>Die Garda Parks, Spa\u00df, Wasser und Natur f\u00fcr die ganze Familie<\/p>\n\n\n\n<p>Sie bringen jedes Jahr viele Touristen an den See, die sich seit Jahren vor allem f\u00fcr die Vergn\u00fcgungsparks interessieren, sich aber seit einiger Zeit auch der Natursch\u00f6nheit zuwenden, an der es hier sicherlich nicht mangelt, und so zu einer allgemeinen Verbesserung gef\u00fchrt haben im Angebot.<\/p>\n\n\n\n<p>Die bekanntesten Vergn\u00fcgungsparks am Gardasee sind Gardaland, Sea-life, Movieland, Medieval-Time und Jungle Adventure; Als Wasserpark am Gardasee finden wir Caneva Acquapark, Cavour Park, Le Ninfee Park, Pico Verde Park, La Quiete Park; Als Naturpark am Gardasee finden wir den Parco Natura Viva &#8211; Zoo Safari, den Park Giardino Sigurt\u00e0, den Park Mincio, den Park Monte Baldo, den Park Alto Garda Bresciano und den Park Rocca di Manerba. Das Hotel Smeraldo in Sirmione befindet sich in einer hervorragenden Lage, um alle Parks des Gardasees zu erreichen.<\/p>\n\n\n\n<figure class=\"wp-block-gallery has-nested-images columns-default is-cropped wp-block-gallery-1 is-layout-flex wp-block-gallery-is-layout-flex\">\n<figure class=\"wp-block-image size-large\"><img loading=\"lazy\" decoding=\"async\" width=\"1024\" height=\"768\" data-id=\"2926\" src=\"https:\/\/www.smeraldosirmione.com\/wp-content\/uploads\/2024\/01\/parchi-naturali-del-garda-b-1024x768-1.jpg\" alt=\"\" class=\"wp-image-2926\" srcset=\"https:\/\/www.smeraldosirmione.com\/wp-content\/uploads\/2024\/01\/parchi-naturali-del-garda-b-1024x768-1.jpg 1024w, https:\/\/www.smeraldosirmione.com\/wp-content\/uploads\/2024\/01\/parchi-naturali-del-garda-b-1024x768-1-800x600.jpg 800w, https:\/\/www.smeraldosirmione.com\/wp-content\/uploads\/2024\/01\/parchi-naturali-del-garda-b-1024x768-1-300x225.jpg 300w, https:\/\/www.smeraldosirmione.com\/wp-content\/uploads\/2024\/01\/parchi-naturali-del-garda-b-1024x768-1-768x576.jpg 768w\" sizes=\"auto, (max-width: 1024px) 100vw, 1024px\" \/><\/figure>\n\n\n\n<figure class=\"wp-block-image size-large\"><img loading=\"lazy\" decoding=\"async\" width=\"1024\" height=\"768\" data-id=\"2921\" src=\"https:\/\/www.smeraldosirmione.com\/wp-content\/uploads\/2024\/01\/parchi-naturali-del-garda-c-1024x768-1.jpg\" alt=\"\" class=\"wp-image-2921\" srcset=\"https:\/\/www.smeraldosirmione.com\/wp-content\/uploads\/2024\/01\/parchi-naturali-del-garda-c-1024x768-1.jpg 1024w, https:\/\/www.smeraldosirmione.com\/wp-content\/uploads\/2024\/01\/parchi-naturali-del-garda-c-1024x768-1-800x600.jpg 800w, https:\/\/www.smeraldosirmione.com\/wp-content\/uploads\/2024\/01\/parchi-naturali-del-garda-c-1024x768-1-300x225.jpg 300w, https:\/\/www.smeraldosirmione.com\/wp-content\/uploads\/2024\/01\/parchi-naturali-del-garda-c-1024x768-1-768x576.jpg 768w\" sizes=\"auto, (max-width: 1024px) 100vw, 1024px\" \/><\/figure>\n\n\n\n<figure class=\"wp-block-image size-large\"><img loading=\"lazy\" decoding=\"async\" width=\"1024\" height=\"768\" data-id=\"2911\" src=\"https:\/\/www.smeraldosirmione.com\/wp-content\/uploads\/2024\/01\/parco-giardino-sigurta-1024x768-1.jpg\" alt=\"\" class=\"wp-image-2911\" srcset=\"https:\/\/www.smeraldosirmione.com\/wp-content\/uploads\/2024\/01\/parco-giardino-sigurta-1024x768-1.jpg 1024w, https:\/\/www.smeraldosirmione.com\/wp-content\/uploads\/2024\/01\/parco-giardino-sigurta-1024x768-1-800x600.jpg 800w, https:\/\/www.smeraldosirmione.com\/wp-content\/uploads\/2024\/01\/parco-giardino-sigurta-1024x768-1-300x225.jpg 300w, https:\/\/www.smeraldosirmione.com\/wp-content\/uploads\/2024\/01\/parco-giardino-sigurta-1024x768-1-768x576.jpg 768w\" sizes=\"auto, (max-width: 1024px) 100vw, 1024px\" \/><\/figure>\n<\/figure>\n\n\n\n<p>Parco Natura Viva: Hier k\u00f6nnen Sie im tropischen Dschungel spazieren gehen und bunte V\u00f6gel beobachten, Reptilien und Kaimane beobachten oder wie auf einer Safari afrikanische Tiere aus dem Fenster Ihres Autos bewundern oder gro\u00dfe lebensgro\u00dfe pr\u00e4historische Lebewesen beobachten. Ge\u00f6ffnet von M\u00e4rz bis November und an den Wochenenden im Dezember; zwanzig Kilometer vom Hotel Smeraldo in Sirmione entfernt. \u2026\u2026. Mehr lesen<\/p>\n\n\n\n<p>Naturpark Mincio: Er erstreckt sich vom Gardasee bis zum Po und folgt dem Fluss Mincio, der in Peschiera beginnt und durch die Seen der Stadt Mantua flie\u00dft. Er umfasst gro\u00dfe Schilfgebiete, in denen viele Arten von Wasserv\u00f6geln leben. der Mincio-Park umfasst einige Naturschutzgebiete wie Castellaro Lagusello, Bertone-Park, Valli del Mincio und Vallazza; einige Besucherzentren und Infopunkte. Der dem Smeraldo Hotel am n\u00e4chsten gelegene Punkt ist Castellaro Lagusello. \u2026.. Mehr lesen<\/p>\n\n\n\n<p>Sigurt\u00e0-Gartenpark: Er ist auf der ganzen Welt f\u00fcr seine Sch\u00f6nheit bekannt. Ein altes Anwesen aus dem 15. Jahrhundert im Zentrum von Valeggio sul Mincio. Er verzaubert seine Besucher mit der Sch\u00f6nheit seiner gro\u00dfen f\u00fcnf Bl\u00fcten, die die Zeit markieren. Im Park gibt es verschiedene Attraktionen, die bekanntesten sind die \u201eRosenallee\u201c, das Schloss und die Wasserg\u00e4rten. Ge\u00f6ffnet von M\u00e4rz bis November. \u2026.. Mehr lesen<\/p>\n\n\n\n<p>Park Alto Garda Bresciano: Er besteht aus zwei Territorialgebieten: der Garda Riviera mit mediterranen Merkmalen und dem Gebirgshinterland mit Gipfeln von bis zu zweitausend Metern H\u00f6he. Das betroffene Gebiet verteilt sich auf neun Gemeinden (Sal\u00f2, Gardone Riviera, Toscolano Maderno, Gargnano, Tignale, Tremosine, Limone sul Garda, Valvestino und Magasa) und umfasst acht Museen (Besucherzentrum des Parkmuseums, Limonaia Pra&#8216; dela Fam Ecomuseum, Ethnografisches Museum). von Valvestino, Botanisches Museum Don Pietro Porta, Limonaia del Cast\u00e8l, Arch\u00e4ologisches Museum A.M. Mucchi, Naturalistisches Observatorium, Dauerausstellung \u201eAlte Handwerke, die Wasserm\u00fchle\u201c. \u2026.. weiterlesen<\/p>\n\n\n\n<figure class=\"wp-block-gallery has-nested-images columns-default is-cropped wp-block-gallery-2 is-layout-flex wp-block-gallery-is-layout-flex\">\n<figure class=\"wp-block-image size-large\"><img loading=\"lazy\" decoding=\"async\" width=\"1024\" height=\"768\" data-id=\"2941\" src=\"https:\/\/www.smeraldosirmione.com\/wp-content\/uploads\/2024\/01\/parchi-acquatici-lago-di-garda-c-rio-1024x768-1.jpg\" alt=\"\" class=\"wp-image-2941\" srcset=\"https:\/\/www.smeraldosirmione.com\/wp-content\/uploads\/2024\/01\/parchi-acquatici-lago-di-garda-c-rio-1024x768-1.jpg 1024w, https:\/\/www.smeraldosirmione.com\/wp-content\/uploads\/2024\/01\/parchi-acquatici-lago-di-garda-c-rio-1024x768-1-800x600.jpg 800w, https:\/\/www.smeraldosirmione.com\/wp-content\/uploads\/2024\/01\/parchi-acquatici-lago-di-garda-c-rio-1024x768-1-300x225.jpg 300w, https:\/\/www.smeraldosirmione.com\/wp-content\/uploads\/2024\/01\/parchi-acquatici-lago-di-garda-c-rio-1024x768-1-768x576.jpg 768w\" sizes=\"auto, (max-width: 1024px) 100vw, 1024px\" \/><\/figure>\n\n\n\n<figure class=\"wp-block-image size-large\"><img loading=\"lazy\" decoding=\"async\" width=\"1024\" height=\"768\" data-id=\"2936\" src=\"https:\/\/www.smeraldosirmione.com\/wp-content\/uploads\/2024\/01\/parchi-acquatici-lago-di-garda-b-quiete-1024x768-1.jpg\" alt=\"\" class=\"wp-image-2936\" srcset=\"https:\/\/www.smeraldosirmione.com\/wp-content\/uploads\/2024\/01\/parchi-acquatici-lago-di-garda-b-quiete-1024x768-1.jpg 1024w, https:\/\/www.smeraldosirmione.com\/wp-content\/uploads\/2024\/01\/parchi-acquatici-lago-di-garda-b-quiete-1024x768-1-800x600.jpg 800w, https:\/\/www.smeraldosirmione.com\/wp-content\/uploads\/2024\/01\/parchi-acquatici-lago-di-garda-b-quiete-1024x768-1-300x225.jpg 300w, https:\/\/www.smeraldosirmione.com\/wp-content\/uploads\/2024\/01\/parchi-acquatici-lago-di-garda-b-quiete-1024x768-1-768x576.jpg 768w\" sizes=\"auto, (max-width: 1024px) 100vw, 1024px\" \/><\/figure>\n\n\n\n<figure class=\"wp-block-image size-large\"><img loading=\"lazy\" decoding=\"async\" width=\"1024\" height=\"768\" data-id=\"2931\" src=\"https:\/\/www.smeraldosirmione.com\/wp-content\/uploads\/2024\/01\/parchi-acquatici-lago-di-garda-a-1024x768-1.jpg\" alt=\"\" class=\"wp-image-2931\" srcset=\"https:\/\/www.smeraldosirmione.com\/wp-content\/uploads\/2024\/01\/parchi-acquatici-lago-di-garda-a-1024x768-1.jpg 1024w, https:\/\/www.smeraldosirmione.com\/wp-content\/uploads\/2024\/01\/parchi-acquatici-lago-di-garda-a-1024x768-1-800x600.jpg 800w, https:\/\/www.smeraldosirmione.com\/wp-content\/uploads\/2024\/01\/parchi-acquatici-lago-di-garda-a-1024x768-1-300x225.jpg 300w, https:\/\/www.smeraldosirmione.com\/wp-content\/uploads\/2024\/01\/parchi-acquatici-lago-di-garda-a-1024x768-1-768x576.jpg 768w\" sizes=\"auto, (max-width: 1024px) 100vw, 1024px\" \/><\/figure>\n<\/figure>\n\n\n\n<p>Gardaland Park: Es ist der bekannteste italienische Vergn\u00fcgungspark, der jedes Jahr neue Spiele und Shows f\u00fcr Erwachsene und Familien, Achterbahnen, Colorado-Boote, Dschungelstromschnellen, Abendshows und vieles mehr bietet. Das Angebot wird durch Themenrestaurants, Kioske, Bars und Souvenirl\u00e4den abgerundet. \u2026 Mehr lesen<\/p>\n\n\n\n<p>Movieland Studios Park: Es ist der Garda-Park, der der Welt des Kinos gewidmet ist. Rund zwanzig Attraktionen und Shows werden Ihnen das Gef\u00fchl geben, am Set einiger ber\u00fchmter Filme zu sein, und dank Stuntmen und Imitatoren ber\u00fchmter Schauspieler werden Sie sich als Teil davon f\u00fchlen Diese Welt. Movieland Studios ist f\u00fcr jeden geeignet, vom Erwachsenen bis zum Kind. \u2026 Mehr lesen<\/p>\n\n\n\n<p>Wasserpark Caneva Aquapark: In Lazise sul Garda handelt es sich um einen gro\u00dfen Park im karibischen Stil mit wei\u00dfem Sand, Lagunenbecken mit Felsen und meeres\u00e4hnlichen Wellen, Palmen und Entspannungsrutschen oder Stukas. Catering mit Unterhaltung im Medieval Times, Rock Star und Rodeo Grill. \u2026 Mehr lesen<\/p>\n\n\n\n<p>Wasserpark La Quiete: besteht aus einem gro\u00dfen Bereich mit Rasenfl\u00e4chen, von B\u00e4umen ges\u00e4umten Bereichen, einem Teich zum Angeln, drei Schwimmbecken unterschiedlicher Gr\u00f6\u00dfe und Tiefe, Spielbereich f\u00fcr Kinder und Erwachsene, Sportbereich mit Beachvolleyball und Minigolf , Restaurantbar und Grill f\u00fcr Ihr Picknick. Ein Park, in dem Sie mit Familie oder Freunden entspannen k\u00f6nnen. Ge\u00f6ffnet von Ende Mai bis Mitte September. \u2026 Mehr lesen<\/p>\n\n\n\n<p>Picoverde-Park: In Custoza gibt es einen ausgestatteten Entspannungsbereich mitten im Gr\u00fcnen f\u00fcr Erwachsene und einen Spielbereich f\u00fcr Kinder. Au\u00dferdem gibt es ein olympisches Schwimmbad, Hydromassage-Stationen, einen Kleinfeldfu\u00dfballplatz und einen Tennisplatz. \u2026 Mehr lesen<\/p>\n\n\n\n<p>Wasserpark Cavour: In Valeggio sul Mincio gibt es eine gro\u00dfe gr\u00fcne Rasenfl\u00e4che mit verschiedenen Wasserattraktionen mit Rutschen, Schwimmb\u00e4dern, Lagunen und einem Strand. Zu den sch\u00f6nsten Attraktionen geh\u00f6rt Iceberg, eine arktische Insel mit Eisb\u00e4ren und Pinguinen. Robinson&#8217;s Beach, ein gro\u00dfes Schiff mit Rutschen und tibetischer Br\u00fccke, Paradise Island, eine Felseninsel mit Rutschen und Schwimmb\u00e4dern. \u2026 Mehr lesen<\/p>\n\n\n\n<p>RioValli Park: Es handelt sich um einen Wasserpark am veronesischen Ufer des Gardasees in Cavaion Veronese. Es handelt sich um einen nicht gro\u00dfen Park, der jedoch vor allem Familien mit Kindern Entspannung bietet eine gr\u00fcne Rasenfl\u00e4che mit Liegest\u00fchlen und Sonnenschirmen; Auch f\u00fcr Erwachsene mangelt es nicht an Schwimmbecken und Rutschen. \u2026 Mehr lesen<\/p>\n","protected":false},"excerpt":{"rendered":"<p>Die Garda Parks, Spa\u00df, Wasser und Natur f\u00fcr die ganze Familie Sie [&hellip;]<\/p>\n","protected":false},"author":3,"featured_media":0,"parent":0,"menu_order":88,"comment_status":"open","ping_status":"open","template":"","meta":{"_acf_changed":false,"footnotes":""},"class_list":["post-207","page","type-page","status-publish","hentry"],"acf":[],"yoast_head":"<!-- This site is optimized with the Yoast SEO plugin v27.4 - https:\/\/yoast.com\/product\/yoast-seo-wordpress\/ -->\n<title>Gardasee Parks - Hotel Smeraldo<\/title>\n<meta name=\"robots\" content=\"index, follow, max-snippet:-1, max-image-preview:large, max-video-preview:-1\" \/>\n<link rel=\"canonical\" href=\"https:\/\/www.smeraldosirmione.com\/de\/gardasee-parks\/\" \/>\n<meta property=\"og:locale\" content=\"de_DE\" \/>\n<meta property=\"og:type\" content=\"article\" \/>\n<meta property=\"og:title\" content=\"Gardasee Parks - Hotel Smeraldo\" \/>\n<meta property=\"og:description\" content=\"Die Garda Parks, Spa\u00df, Wasser und Natur f\u00fcr die ganze Familie Sie [&hellip;]\" \/>\n<meta property=\"og:url\" content=\"https:\/\/www.smeraldosirmione.com\/de\/gardasee-parks\/\" \/>\n<meta property=\"og:site_name\" content=\"Hotel Smeraldo\" \/>\n<meta property=\"article:modified_time\" content=\"2024-01-04T06:23:04+00:00\" \/>\n<meta property=\"og:image\" content=\"https:\/\/www.smeraldosirmione.com\/wp-content\/uploads\/2024\/01\/parchi-naturali-del-garda-b-1024x768-1.jpg\" \/>\n<meta name=\"twitter:label1\" content=\"Gesch\u00e4tzte Lesezeit\" \/>\n\t<meta name=\"twitter:data1\" content=\"6\u00a0Minuten\" \/>\n<script type=\"application\/ld+json\" class=\"yoast-schema-graph\">{\"@context\":\"https:\\\/\\\/schema.org\",\"@graph\":[{\"@type\":\"WebPage\",\"@id\":\"https:\\\/\\\/www.smeraldosirmione.com\\\/de\\\/gardasee-parks\\\/\",\"url\":\"https:\\\/\\\/www.smeraldosirmione.com\\\/de\\\/gardasee-parks\\\/\",\"name\":\"Gardasee Parks - Hotel Smeraldo\",\"isPartOf\":{\"@id\":\"https:\\\/\\\/www.smeraldosirmione.com\\\/#website\"},\"primaryImageOfPage\":{\"@id\":\"https:\\\/\\\/www.smeraldosirmione.com\\\/de\\\/gardasee-parks\\\/#primaryimage\"},\"image\":{\"@id\":\"https:\\\/\\\/www.smeraldosirmione.com\\\/de\\\/gardasee-parks\\\/#primaryimage\"},\"thumbnailUrl\":\"https:\\\/\\\/www.smeraldosirmione.com\\\/wp-content\\\/uploads\\\/2024\\\/01\\\/parchi-naturali-del-garda-b-1024x768-1.jpg\",\"datePublished\":\"2015-02-23T05:37:44+00:00\",\"dateModified\":\"2024-01-04T06:23:04+00:00\",\"breadcrumb\":{\"@id\":\"https:\\\/\\\/www.smeraldosirmione.com\\\/de\\\/gardasee-parks\\\/#breadcrumb\"},\"inLanguage\":\"de\",\"potentialAction\":[{\"@type\":\"ReadAction\",\"target\":[\"https:\\\/\\\/www.smeraldosirmione.com\\\/de\\\/gardasee-parks\\\/\"]}]},{\"@type\":\"ImageObject\",\"inLanguage\":\"de\",\"@id\":\"https:\\\/\\\/www.smeraldosirmione.com\\\/de\\\/gardasee-parks\\\/#primaryimage\",\"url\":\"https:\\\/\\\/www.smeraldosirmione.com\\\/wp-content\\\/uploads\\\/2024\\\/01\\\/parchi-naturali-del-garda-b-1024x768-1.jpg\",\"contentUrl\":\"https:\\\/\\\/www.smeraldosirmione.com\\\/wp-content\\\/uploads\\\/2024\\\/01\\\/parchi-naturali-del-garda-b-1024x768-1.jpg\"},{\"@type\":\"BreadcrumbList\",\"@id\":\"https:\\\/\\\/www.smeraldosirmione.com\\\/de\\\/gardasee-parks\\\/#breadcrumb\",\"itemListElement\":[{\"@type\":\"ListItem\",\"position\":1,\"name\":\"Home\",\"item\":\"https:\\\/\\\/www.smeraldosirmione.com\\\/de\\\/\"},{\"@type\":\"ListItem\",\"position\":2,\"name\":\"Gardasee Parks\"}]},{\"@type\":\"WebSite\",\"@id\":\"https:\\\/\\\/www.smeraldosirmione.com\\\/#website\",\"url\":\"https:\\\/\\\/www.smeraldosirmione.com\\\/\",\"name\":\"Hotel Smeraldo\",\"description\":\"Sirmione Hotel im Herzen des Gardasees\",\"potentialAction\":[{\"@type\":\"SearchAction\",\"target\":{\"@type\":\"EntryPoint\",\"urlTemplate\":\"https:\\\/\\\/www.smeraldosirmione.com\\\/?s={search_term_string}\"},\"query-input\":{\"@type\":\"PropertyValueSpecification\",\"valueRequired\":true,\"valueName\":\"search_term_string\"}}],\"inLanguage\":\"de\"}]}<\/script>\n<!-- \/ Yoast SEO plugin. -->","yoast_head_json":{"title":"Gardasee Parks - Hotel Smeraldo","robots":{"index":"index","follow":"follow","max-snippet":"max-snippet:-1","max-image-preview":"max-image-preview:large","max-video-preview":"max-video-preview:-1"},"canonical":"https:\/\/www.smeraldosirmione.com\/de\/gardasee-parks\/","og_locale":"de_DE","og_type":"article","og_title":"Gardasee Parks - Hotel Smeraldo","og_description":"Die Garda Parks, Spa\u00df, Wasser und Natur f\u00fcr die ganze Familie Sie [&hellip;]","og_url":"https:\/\/www.smeraldosirmione.com\/de\/gardasee-parks\/","og_site_name":"Hotel Smeraldo","article_modified_time":"2024-01-04T06:23:04+00:00","og_image":[{"url":"https:\/\/www.smeraldosirmione.com\/wp-content\/uploads\/2024\/01\/parchi-naturali-del-garda-b-1024x768-1.jpg","type":"","width":"","height":""}],"twitter_misc":{"Gesch\u00e4tzte Lesezeit":"6\u00a0Minuten"},"schema":{"@context":"https:\/\/schema.org","@graph":[{"@type":"WebPage","@id":"https:\/\/www.smeraldosirmione.com\/de\/gardasee-parks\/","url":"https:\/\/www.smeraldosirmione.com\/de\/gardasee-parks\/","name":"Gardasee Parks - Hotel Smeraldo","isPartOf":{"@id":"https:\/\/www.smeraldosirmione.com\/#website"},"primaryImageOfPage":{"@id":"https:\/\/www.smeraldosirmione.com\/de\/gardasee-parks\/#primaryimage"},"image":{"@id":"https:\/\/www.smeraldosirmione.com\/de\/gardasee-parks\/#primaryimage"},"thumbnailUrl":"https:\/\/www.smeraldosirmione.com\/wp-content\/uploads\/2024\/01\/parchi-naturali-del-garda-b-1024x768-1.jpg","datePublished":"2015-02-23T05:37:44+00:00","dateModified":"2024-01-04T06:23:04+00:00","breadcrumb":{"@id":"https:\/\/www.smeraldosirmione.com\/de\/gardasee-parks\/#breadcrumb"},"inLanguage":"de","potentialAction":[{"@type":"ReadAction","target":["https:\/\/www.smeraldosirmione.com\/de\/gardasee-parks\/"]}]},{"@type":"ImageObject","inLanguage":"de","@id":"https:\/\/www.smeraldosirmione.com\/de\/gardasee-parks\/#primaryimage","url":"https:\/\/www.smeraldosirmione.com\/wp-content\/uploads\/2024\/01\/parchi-naturali-del-garda-b-1024x768-1.jpg","contentUrl":"https:\/\/www.smeraldosirmione.com\/wp-content\/uploads\/2024\/01\/parchi-naturali-del-garda-b-1024x768-1.jpg"},{"@type":"BreadcrumbList","@id":"https:\/\/www.smeraldosirmione.com\/de\/gardasee-parks\/#breadcrumb","itemListElement":[{"@type":"ListItem","position":1,"name":"Home","item":"https:\/\/www.smeraldosirmione.com\/de\/"},{"@type":"ListItem","position":2,"name":"Gardasee Parks"}]},{"@type":"WebSite","@id":"https:\/\/www.smeraldosirmione.com\/#website","url":"https:\/\/www.smeraldosirmione.com\/","name":"Hotel Smeraldo","description":"Sirmione Hotel im Herzen des Gardasees","potentialAction":[{"@type":"SearchAction","target":{"@type":"EntryPoint","urlTemplate":"https:\/\/www.smeraldosirmione.com\/?s={search_term_string}"},"query-input":{"@type":"PropertyValueSpecification","valueRequired":true,"valueName":"search_term_string"}}],"inLanguage":"de"}]}},"_links":{"self":[{"href":"https:\/\/www.smeraldosirmione.com\/de\/wp-json\/wp\/v2\/pages\/207","targetHints":{"allow":["GET"]}}],"collection":[{"href":"https:\/\/www.smeraldosirmione.com\/de\/wp-json\/wp\/v2\/pages"}],"about":[{"href":"https:\/\/www.smeraldosirmione.com\/de\/wp-json\/wp\/v2\/types\/page"}],"author":[{"embeddable":true,"href":"https:\/\/www.smeraldosirmione.com\/de\/wp-json\/wp\/v2\/users\/3"}],"replies":[{"embeddable":true,"href":"https:\/\/www.smeraldosirmione.com\/de\/wp-json\/wp\/v2\/comments?post=207"}],"version-history":[{"count":0,"href":"https:\/\/www.smeraldosirmione.com\/de\/wp-json\/wp\/v2\/pages\/207\/revisions"}],"wp:attachment":[{"href":"https:\/\/www.smeraldosirmione.com\/de\/wp-json\/wp\/v2\/media?parent=207"}],"curies":[{"name":"wp","href":"https:\/\/api.w.org\/{rel}","templated":true}]}}