{"id":2053,"date":"2023-02-10T19:35:15","date_gmt":"2023-02-10T18:35:15","guid":{"rendered":"https:\/\/www.smeraldosirmione.com\/?page_id=2053"},"modified":"2023-12-13T16:18:33","modified_gmt":"2023-12-13T15:18:33","slug":"gardasee-ferienwohnungen","status":"publish","type":"page","link":"https:\/\/www.smeraldosirmione.com\/de\/gardasee-ferienwohnungen\/","title":{"rendered":"Gardasee ferienwohnungen"},"content":{"rendered":"\n<h4 class=\"wp-block-heading\"><span style=\"font-family: Arial, sans-serif;\"><span style=\"font-size: small;\">Sirmione f\u00fcr Ihren Urlaub am Gardasee zu w\u00e4hlen, bedeutet, in einer der exklusivsten Gegenden der Gegend zu wohnen, eine zentrale Position, um den See und sein Hinterland zu besuchen, ein Ort voller Leben und exklusiv f\u00fcr die Sch\u00f6nheit seiner Landschaft.<\/span><\/span><\/h4>\n\n\n\n<p>Gardasee ferienwohnungen in Sirmione in einer strategischen Position gibt es Smeraldo Apartments, etwa siebenhundert Meter von der Scaligerburg und der vollst\u00e4ndig verkehrsberuhigten Altstadt entfernt, mit dem Auto ohne Genehmigung leicht erreichbar und jederzeit frei zu kommen und zu gehen &#8211; Apartments am See, gerade renoviert, mit bequemem Privatparkplatz und direktem Garten am See mit herrlichem Panoramablick auf die Ostk\u00fcste des Gardasees. Studios mit seitlichem Seeblick, gro\u00dfem Balkon f\u00fcr zwei bis f\u00fcnf Personen, K\u00fcchenzeile mit T\u00f6pfen und Pfannen, Mikrowelle, K\u00fchlschrank, Bettw\u00e4sche und Pflegeprodukten. Gardasee ferienwohnungen Smeraldo bietet zus\u00e4tzlichen Reinigungsservice, W\u00e4scheservice, Eintrittskarten f\u00fcr Parks und Attraktionen am Gardasee. Zum Essen haben die Apartments eine Vereinbarung mit dem Restaurant Canneto (30 Meter entfernt) direkt am See mit herrlichem Panoramablick, das eine gute K\u00fcche mit Meeresfischgerichten bietet; alternativ besteht die M\u00f6glichkeit Gerichte zum Mitnehmen zu buchen, um diese bequem im Apartment verzehren zu k\u00f6nnen.<\/p>\n","protected":false},"excerpt":{"rendered":"<p>Sirmione f\u00fcr Ihren Urlaub am Gardasee zu w\u00e4hlen, bedeutet, in einer der [&hellip;]<\/p>\n","protected":false},"author":2,"featured_media":0,"parent":0,"menu_order":19,"comment_status":"closed","ping_status":"closed","template":"","meta":{"_acf_changed":false,"footnotes":""},"class_list":["post-2053","page","type-page","status-publish","hentry"],"acf":[],"yoast_head":"<!-- This site is optimized with the Yoast SEO plugin v27.5 - https:\/\/yoast.com\/product\/yoast-seo-wordpress\/ -->\n<title>Gardasee ferienwohnungen - Hotel Smeraldo<\/title>\n<meta name=\"description\" content=\"Gardasee ferienwohnungen in Sirmione, in der N\u00e4he des Schlosses, mit Seeblick, mit eigenem Parkplatz, mit Garten am See\" \/>\n<meta name=\"robots\" content=\"index, follow, max-snippet:-1, max-image-preview:large, max-video-preview:-1\" \/>\n<link rel=\"canonical\" href=\"https:\/\/www.smeraldosirmione.com\/de\/gardasee-ferienwohnungen\/\" \/>\n<meta property=\"og:locale\" content=\"de_DE\" \/>\n<meta property=\"og:type\" content=\"article\" \/>\n<meta property=\"og:title\" content=\"Gardasee ferienwohnungen - Hotel Smeraldo\" \/>\n<meta property=\"og:description\" content=\"Gardasee ferienwohnungen in Sirmione, in der N\u00e4he des Schlosses, mit Seeblick, mit eigenem Parkplatz, mit Garten am See\" \/>\n<meta property=\"og:url\" content=\"https:\/\/www.smeraldosirmione.com\/de\/gardasee-ferienwohnungen\/\" \/>\n<meta property=\"og:site_name\" content=\"Hotel Smeraldo\" \/>\n<meta property=\"article:modified_time\" content=\"2023-12-13T15:18:33+00:00\" \/>\n<meta name=\"twitter:label1\" content=\"Gesch\u00e4tzte Lesezeit\" \/>\n\t<meta name=\"twitter:data1\" content=\"1\u00a0Minute\" \/>\n<script type=\"application\/ld+json\" class=\"yoast-schema-graph\">{\"@context\":\"https:\\\/\\\/schema.org\",\"@graph\":[{\"@type\":\"WebPage\",\"@id\":\"https:\\\/\\\/www.smeraldosirmione.com\\\/de\\\/gardasee-ferienwohnungen\\\/\",\"url\":\"https:\\\/\\\/www.smeraldosirmione.com\\\/de\\\/gardasee-ferienwohnungen\\\/\",\"name\":\"Gardasee ferienwohnungen - Hotel Smeraldo\",\"isPartOf\":{\"@id\":\"https:\\\/\\\/www.smeraldosirmione.com\\\/#website\"},\"datePublished\":\"2023-02-10T18:35:15+00:00\",\"dateModified\":\"2023-12-13T15:18:33+00:00\",\"description\":\"Gardasee ferienwohnungen in Sirmione, in der N\u00e4he des Schlosses, mit Seeblick, mit eigenem Parkplatz, mit Garten am See\",\"breadcrumb\":{\"@id\":\"https:\\\/\\\/www.smeraldosirmione.com\\\/de\\\/gardasee-ferienwohnungen\\\/#breadcrumb\"},\"inLanguage\":\"de\",\"potentialAction\":[{\"@type\":\"ReadAction\",\"target\":[\"https:\\\/\\\/www.smeraldosirmione.com\\\/de\\\/gardasee-ferienwohnungen\\\/\"]}]},{\"@type\":\"BreadcrumbList\",\"@id\":\"https:\\\/\\\/www.smeraldosirmione.com\\\/de\\\/gardasee-ferienwohnungen\\\/#breadcrumb\",\"itemListElement\":[{\"@type\":\"ListItem\",\"position\":1,\"name\":\"Home\",\"item\":\"https:\\\/\\\/www.smeraldosirmione.com\\\/de\\\/\"},{\"@type\":\"ListItem\",\"position\":2,\"name\":\"Gardasee ferienwohnungen\"}]},{\"@type\":\"WebSite\",\"@id\":\"https:\\\/\\\/www.smeraldosirmione.com\\\/#website\",\"url\":\"https:\\\/\\\/www.smeraldosirmione.com\\\/\",\"name\":\"Hotel Smeraldo\",\"description\":\"Sirmione Hotel im Herzen des Gardasees\",\"potentialAction\":[{\"@type\":\"SearchAction\",\"target\":{\"@type\":\"EntryPoint\",\"urlTemplate\":\"https:\\\/\\\/www.smeraldosirmione.com\\\/?s={search_term_string}\"},\"query-input\":{\"@type\":\"PropertyValueSpecification\",\"valueRequired\":true,\"valueName\":\"search_term_string\"}}],\"inLanguage\":\"de\"}]}<\/script>\n<!-- \/ Yoast SEO plugin. -->","yoast_head_json":{"title":"Gardasee ferienwohnungen - Hotel Smeraldo","description":"Gardasee ferienwohnungen in Sirmione, in der N\u00e4he des Schlosses, mit Seeblick, mit eigenem Parkplatz, mit Garten am See","robots":{"index":"index","follow":"follow","max-snippet":"max-snippet:-1","max-image-preview":"max-image-preview:large","max-video-preview":"max-video-preview:-1"},"canonical":"https:\/\/www.smeraldosirmione.com\/de\/gardasee-ferienwohnungen\/","og_locale":"de_DE","og_type":"article","og_title":"Gardasee ferienwohnungen - Hotel Smeraldo","og_description":"Gardasee ferienwohnungen in Sirmione, in der N\u00e4he des Schlosses, mit Seeblick, mit eigenem Parkplatz, mit Garten am See","og_url":"https:\/\/www.smeraldosirmione.com\/de\/gardasee-ferienwohnungen\/","og_site_name":"Hotel Smeraldo","article_modified_time":"2023-12-13T15:18:33+00:00","twitter_misc":{"Gesch\u00e4tzte Lesezeit":"1\u00a0Minute"},"schema":{"@context":"https:\/\/schema.org","@graph":[{"@type":"WebPage","@id":"https:\/\/www.smeraldosirmione.com\/de\/gardasee-ferienwohnungen\/","url":"https:\/\/www.smeraldosirmione.com\/de\/gardasee-ferienwohnungen\/","name":"Gardasee ferienwohnungen - Hotel Smeraldo","isPartOf":{"@id":"https:\/\/www.smeraldosirmione.com\/#website"},"datePublished":"2023-02-10T18:35:15+00:00","dateModified":"2023-12-13T15:18:33+00:00","description":"Gardasee ferienwohnungen in Sirmione, in der N\u00e4he des Schlosses, mit Seeblick, mit eigenem Parkplatz, mit Garten am See","breadcrumb":{"@id":"https:\/\/www.smeraldosirmione.com\/de\/gardasee-ferienwohnungen\/#breadcrumb"},"inLanguage":"de","potentialAction":[{"@type":"ReadAction","target":["https:\/\/www.smeraldosirmione.com\/de\/gardasee-ferienwohnungen\/"]}]},{"@type":"BreadcrumbList","@id":"https:\/\/www.smeraldosirmione.com\/de\/gardasee-ferienwohnungen\/#breadcrumb","itemListElement":[{"@type":"ListItem","position":1,"name":"Home","item":"https:\/\/www.smeraldosirmione.com\/de\/"},{"@type":"ListItem","position":2,"name":"Gardasee ferienwohnungen"}]},{"@type":"WebSite","@id":"https:\/\/www.smeraldosirmione.com\/#website","url":"https:\/\/www.smeraldosirmione.com\/","name":"Hotel Smeraldo","description":"Sirmione Hotel im Herzen des Gardasees","potentialAction":[{"@type":"SearchAction","target":{"@type":"EntryPoint","urlTemplate":"https:\/\/www.smeraldosirmione.com\/?s={search_term_string}"},"query-input":{"@type":"PropertyValueSpecification","valueRequired":true,"valueName":"search_term_string"}}],"inLanguage":"de"}]}},"_links":{"self":[{"href":"https:\/\/www.smeraldosirmione.com\/de\/wp-json\/wp\/v2\/pages\/2053","targetHints":{"allow":["GET"]}}],"collection":[{"href":"https:\/\/www.smeraldosirmione.com\/de\/wp-json\/wp\/v2\/pages"}],"about":[{"href":"https:\/\/www.smeraldosirmione.com\/de\/wp-json\/wp\/v2\/types\/page"}],"author":[{"embeddable":true,"href":"https:\/\/www.smeraldosirmione.com\/de\/wp-json\/wp\/v2\/users\/2"}],"replies":[{"embeddable":true,"href":"https:\/\/www.smeraldosirmione.com\/de\/wp-json\/wp\/v2\/comments?post=2053"}],"version-history":[{"count":0,"href":"https:\/\/www.smeraldosirmione.com\/de\/wp-json\/wp\/v2\/pages\/2053\/revisions"}],"wp:attachment":[{"href":"https:\/\/www.smeraldosirmione.com\/de\/wp-json\/wp\/v2\/media?parent=2053"}],"curies":[{"name":"wp","href":"https:\/\/api.w.org\/{rel}","templated":true}]}}