{"id":205,"date":"2015-02-23T06:37:06","date_gmt":"2015-02-23T05:37:06","guid":{"rendered":"https:\/\/www.smeraldosirmione.com\/?page_id=205"},"modified":"2024-05-18T14:39:34","modified_gmt":"2024-05-18T12:39:34","slug":"radhotel","status":"publish","type":"page","link":"https:\/\/www.smeraldosirmione.com\/de\/radhotel\/","title":{"rendered":"RadHotel"},"content":{"rendered":"\n<h4 class=\"wp-block-heading\">Radhotel in Sirmione, die beste Wahl um auf dem Garda zu fahren.<\/h4>\n\n\n\n<p>Sirmione, du bist in der Mitte des Gardasee, H\u00fcgel oder Ebenen, Mountainbike-Routen, Fahrradwege, Fahrradtour zu mittelalterlichen Burgen, Weing\u00fcter und alte D\u00f6rfer des Landes, wo sie k\u00e4mpften historischen Schlachten sind zu besuchen, folgen Sie dem ruhigen Fluss Mincio mit Kindern. Hier sind Routen f\u00fcr alle Beine.<\/p>\n\n\n\n<p>In hotel Smeraldo Dienstleistungen Hotel f\u00fcr Fahrradfahrer: Es gibt Karten der Routen mtb sul Garda, Radwege leicht, Fahrr\u00e4der, Verleih von Mountainbikes mit Ausr\u00fcstung, sichere Aufbewahrung f\u00fcr Ihr Fahrrad (wenn Sie m\u00f6chten, k\u00f6nnen Sie Ihr Fahrrad in den Raum zu nehmen), Fl\u00e4che Waschmaschine, Fahrradwartung mit Support-Tools; Mechaniker in der N\u00e4he, von Mai bis Oktober in mtb Tour mit einem F\u00fchrer zu den verschiedenen Teilen des Garda.<\/p>\n\n\n\n<h5 class=\"wp-block-heading\">Tours MountainBike auf dem Gardasee<\/h5>\n\n\n\n<p>In Zusammenarbeit mit UBMajor, von Mai bis Oktober, bietet das Hotel seinen G\u00e4sten Ausfl\u00fcge mit einem F\u00fchrer f\u00fcr Mountainbike in einigen Gegenden des Gardasees sind die Touren v\u00f6llig kostenlos f\u00fcr alle, die ihr Fahrrad benutzen und eignen sich auch f\u00fcr Familien mit Kinder, die mindestens zehn Jahre. <span style=\"color: #ff0000;\"><strong>(Die F\u00fchrung wird vor\u00fcbergehend eingestellt)<\/strong><\/span><\/p>\n\n\n\n<p>Garda on Bike, hier sind einige unserer Mountainbike-Touren<\/p>\n\n\n\n<p><a title=\"Radtour San Felice del Benaco\" href=\"http:\/\/www.hotel-in-sirmione.com\/de\/radtour-san-felice-del-benaco\/\" target=\"_blank\" rel=\"noopener noreferrer\">San Felice del Benaco<\/a>:&nbsp;Radtour mit wenig Asphalt, in Valtenesi, das Gebiet der Weinberge, Burgen, mittelalterliche D\u00f6rfer und romanische Kirchen<\/p>\n\n\n\n<p><a title=\"Radtour Solferino und San Martino\" href=\"http:\/\/www.hotel-in-sirmione.com\/de\/radtour-solferino-und-san-martino\/\" target=\"_blank\" rel=\"noopener noreferrer\">Solferino und San Martino<\/a>:&nbsp;Stromkreis zwischen dem Land der Lugana (erlesene Wein des Gardasees), im zentralen Teil der Mor\u00e4nenh\u00fcgel von Garda, umarmen sie die ganze s\u00fcdliche Teil des Sees, das Gebiet, das im Jahre 1859 die Schlacht von Solferino und San Martino sah.<\/p>\n\n\n\n<p><a title=\"Radtour Sovenigo seen\" href=\"http:\/\/www.hotel-in-sirmione.com\/de\/radtour-sovenigo-seen\/\" target=\"_blank\" rel=\"noopener noreferrer\">Sovenigo Seen<\/a>:&nbsp;Radtour&nbsp;in Valtenesi, bekannt Bereich der Herstellung von Wein Garda Classico und extra natives Oliven\u00f6l von Garda, ausgehend von den K\u00fcstenstreifen, die Ber\u00fchrung der Innen D\u00f6rfer mit ihren Schl\u00f6ssern und Seen gelangen Sovenigo, eine wichtige arch\u00e4ologische St\u00e4tte Bronzezeit<\/p>\n\n\n\n<p><a title=\"Radtour Lonato Esenta\" href=\"http:\/\/www.hotel-in-sirmione.com\/de\/radtour-lonato-befreite-die-romischen-ofen\/\" target=\"_blank\" rel=\"noopener noreferrer\">Lonato &#8211; Esenta, r\u00f6mischen Brenn\u00f6fen<\/a>:&nbsp;Eine Radtour durch ein paar Kilometer auf dem Land um Lonato, durch das Dorf von Esenta und Besuch der arch\u00e4ologischen St\u00e4tte der \u00d6fen von Gorghi r\u00f6mischer<\/p>\n\n\n\n<p><a title=\"Radtour Peschiera-Valeggio-Custoza\" href=\"http:\/\/www.hotel-in-sirmione.com\/de\/radtour-peschiera-valeggio-custoza-salionze\/\" target=\"_blank\" rel=\"noopener noreferrer\">Peschiera-Valeggio-Custoza-Salionze<\/a>:&nbsp;Entspannende Strecke entlang des Flusses Mincio, um Borghetto di Valeggio bekommen, dann gehen bis zu Custoza und der R\u00fcckkehr in Peschiera geht von Salionze<\/p>\n\n\n\n<p><a title=\"Radtour Desenzano und seine Fraktionen\" href=\"http:\/\/www.hotel-in-sirmione.com\/de\/radtour-desenzano-und-seine-fraktionen\/\" target=\"_blank\" rel=\"noopener noreferrer\">Desenzano und seinen Ortseilen<\/a>:&nbsp;Abfahrt von Desenzano, einen Radtour ins Landesinnere zu historischen Sehensw\u00fcrdigkeiten, aber wenig bekannte besuchen<\/p>\n\n\n\n<p><a title=\"Radtour Sirmione Pozzolengo\" href=\"http:\/\/www.hotel-in-sirmione.com\/de\/radtour-am-gardasee-sirmione-pozzolengo-durch-die-weinberge-von-lugana\/\" target=\"_blank\" rel=\"noopener noreferrer\">Sirmione-Pozzolengo durch die Weinberge von lugana<\/a>:&nbsp;Eine angenehme Radtour vom Schloss Sirmione entfernt, vorbei an den Orten der Schlacht von Solferino und San Martino und Weiterbildung durch die Weinberge von lugana bis zur Pozzolengo<\/p>\n\n\n\n<p><a title=\"Radtour Sirmione Desenzano\" href=\"http:\/\/www.hotel-in-sirmione.com\/de\/radtour-sirmione-desenzano-entlang-des-gardasee\/\" target=\"_blank\" rel=\"noopener noreferrer\">Sirmione-Desenzano entlang des Gardasee<\/a>:&nbsp;Eine kurze und leicht, einige historische Orte von Sirmione und Desenzano genie\u00dfen einige einen herrlichen Blick auf Garda besuchen<\/p>\n\n\n\n<p><a title=\"Radtour Desenzano \u2013 Madonna della Scoperta\" href=\"http:\/\/www.hotel-in-sirmione.com\/de\/radtour-desenzano-madonna-della-scoperta\/\" target=\"_blank\" rel=\"noopener noreferrer\">Desenzano &#8211; Madonna della Scoperta<\/a>:&nbsp;Route ins Landesinnere von Desenzano, zum Weiler Unserer Madonna della Scoperta&nbsp;und die R\u00fcckkehr durch die H\u00fcgel, die die Schlacht von Solferino und San Martino sah<\/p>\n\n\n\n<p>Wir sind Teil des Projekts GardaBike Hospitality in der Provinz Brescia, Hotel ausgew\u00e4hlt und zertifiziert, um den Tourismus Radfahren Gastgeber<\/p>\n\n\n\n<figure class=\"wp-block-image alignnone\"><a href=\"https:\/\/www.smeraldosirmione.com\/wp-content\/uploads\/2014\/12\/attestato-gardabike-hotel-la-paul.jpg\"><img decoding=\"async\" src=\"https:\/\/www.smeraldosirmione.com\/wp-content\/uploads\/2014\/12\/attestato-gardabike-hotel-la-paul-300x212.jpg\" alt=\"GardaBike Hospitality\" class=\"wp-image-120\"\/><\/a><figcaption class=\"wp-element-caption\">GardaBike Hospitality<\/figcaption><\/figure>\n","protected":false},"excerpt":{"rendered":"<p>Radhotel in Sirmione, die beste Wahl um auf dem Garda zu fahren. [&hellip;]<\/p>\n","protected":false},"author":3,"featured_media":0,"parent":0,"menu_order":73,"comment_status":"open","ping_status":"open","template":"","meta":{"_acf_changed":false,"footnotes":""},"class_list":["post-205","page","type-page","status-publish","hentry"],"acf":[],"yoast_head":"<!-- This site is optimized with the Yoast SEO plugin v27.4 - https:\/\/yoast.com\/product\/yoast-seo-wordpress\/ -->\n<title>Radhotel in Sirmione am Gardasee<\/title>\n<meta name=\"description\" content=\"Radhotels in Sirmione am Gardasee, ein Fahrradkeller, Karten MTB Strecken, Radwege sul Garda, Werkzeuge, Waschen, gef\u00fchrte Mountainbiketour\" \/>\n<meta name=\"robots\" content=\"index, follow, max-snippet:-1, max-image-preview:large, max-video-preview:-1\" \/>\n<link rel=\"canonical\" href=\"https:\/\/www.smeraldosirmione.com\/de\/radhotel\/\" \/>\n<meta property=\"og:locale\" content=\"de_DE\" \/>\n<meta property=\"og:type\" content=\"article\" \/>\n<meta property=\"og:title\" content=\"Radhotel in Sirmione am Gardasee\" \/>\n<meta property=\"og:description\" content=\"Radhotels in Sirmione am Gardasee, ein Fahrradkeller, Karten MTB Strecken, Radwege sul Garda, Werkzeuge, Waschen, gef\u00fchrte Mountainbiketour\" \/>\n<meta property=\"og:url\" content=\"https:\/\/www.smeraldosirmione.com\/de\/radhotel\/\" \/>\n<meta property=\"og:site_name\" content=\"Hotel Smeraldo\" \/>\n<meta property=\"article:modified_time\" content=\"2024-05-18T12:39:34+00:00\" \/>\n<meta property=\"og:image\" content=\"https:\/\/www.smeraldosirmione.com\/wp-content\/uploads\/2014\/12\/attestato-gardabike-hotel-la-paul-300x212.jpg\" \/>\n<meta name=\"twitter:label1\" content=\"Gesch\u00e4tzte Lesezeit\" \/>\n\t<meta name=\"twitter:data1\" content=\"3\u00a0Minuten\" \/>\n<script type=\"application\/ld+json\" class=\"yoast-schema-graph\">{\"@context\":\"https:\\\/\\\/schema.org\",\"@graph\":[{\"@type\":\"WebPage\",\"@id\":\"https:\\\/\\\/www.smeraldosirmione.com\\\/de\\\/radhotel\\\/\",\"url\":\"https:\\\/\\\/www.smeraldosirmione.com\\\/de\\\/radhotel\\\/\",\"name\":\"Radhotel in Sirmione am Gardasee\",\"isPartOf\":{\"@id\":\"https:\\\/\\\/www.smeraldosirmione.com\\\/#website\"},\"primaryImageOfPage\":{\"@id\":\"https:\\\/\\\/www.smeraldosirmione.com\\\/de\\\/radhotel\\\/#primaryimage\"},\"image\":{\"@id\":\"https:\\\/\\\/www.smeraldosirmione.com\\\/de\\\/radhotel\\\/#primaryimage\"},\"thumbnailUrl\":\"https:\\\/\\\/www.smeraldosirmione.com\\\/wp-content\\\/uploads\\\/2014\\\/12\\\/attestato-gardabike-hotel-la-paul-300x212.jpg\",\"datePublished\":\"2015-02-23T05:37:06+00:00\",\"dateModified\":\"2024-05-18T12:39:34+00:00\",\"description\":\"Radhotels in Sirmione am Gardasee, ein Fahrradkeller, Karten MTB Strecken, Radwege sul Garda, Werkzeuge, Waschen, gef\u00fchrte Mountainbiketour\",\"breadcrumb\":{\"@id\":\"https:\\\/\\\/www.smeraldosirmione.com\\\/de\\\/radhotel\\\/#breadcrumb\"},\"inLanguage\":\"de\",\"potentialAction\":[{\"@type\":\"ReadAction\",\"target\":[\"https:\\\/\\\/www.smeraldosirmione.com\\\/de\\\/radhotel\\\/\"]}]},{\"@type\":\"ImageObject\",\"inLanguage\":\"de\",\"@id\":\"https:\\\/\\\/www.smeraldosirmione.com\\\/de\\\/radhotel\\\/#primaryimage\",\"url\":\"https:\\\/\\\/www.smeraldosirmione.com\\\/wp-content\\\/uploads\\\/2014\\\/12\\\/attestato-gardabike-hotel-la-paul-300x212.jpg\",\"contentUrl\":\"https:\\\/\\\/www.smeraldosirmione.com\\\/wp-content\\\/uploads\\\/2014\\\/12\\\/attestato-gardabike-hotel-la-paul-300x212.jpg\"},{\"@type\":\"BreadcrumbList\",\"@id\":\"https:\\\/\\\/www.smeraldosirmione.com\\\/de\\\/radhotel\\\/#breadcrumb\",\"itemListElement\":[{\"@type\":\"ListItem\",\"position\":1,\"name\":\"Home\",\"item\":\"https:\\\/\\\/www.smeraldosirmione.com\\\/de\\\/\"},{\"@type\":\"ListItem\",\"position\":2,\"name\":\"RadHotel\"}]},{\"@type\":\"WebSite\",\"@id\":\"https:\\\/\\\/www.smeraldosirmione.com\\\/#website\",\"url\":\"https:\\\/\\\/www.smeraldosirmione.com\\\/\",\"name\":\"Hotel Smeraldo\",\"description\":\"Sirmione Hotel im Herzen des Gardasees\",\"potentialAction\":[{\"@type\":\"SearchAction\",\"target\":{\"@type\":\"EntryPoint\",\"urlTemplate\":\"https:\\\/\\\/www.smeraldosirmione.com\\\/?s={search_term_string}\"},\"query-input\":{\"@type\":\"PropertyValueSpecification\",\"valueRequired\":true,\"valueName\":\"search_term_string\"}}],\"inLanguage\":\"de\"}]}<\/script>\n<!-- \/ Yoast SEO plugin. -->","yoast_head_json":{"title":"Radhotel in Sirmione am Gardasee","description":"Radhotels in Sirmione am Gardasee, ein Fahrradkeller, Karten MTB Strecken, Radwege sul Garda, Werkzeuge, Waschen, gef\u00fchrte Mountainbiketour","robots":{"index":"index","follow":"follow","max-snippet":"max-snippet:-1","max-image-preview":"max-image-preview:large","max-video-preview":"max-video-preview:-1"},"canonical":"https:\/\/www.smeraldosirmione.com\/de\/radhotel\/","og_locale":"de_DE","og_type":"article","og_title":"Radhotel in Sirmione am Gardasee","og_description":"Radhotels in Sirmione am Gardasee, ein Fahrradkeller, Karten MTB Strecken, Radwege sul Garda, Werkzeuge, Waschen, gef\u00fchrte Mountainbiketour","og_url":"https:\/\/www.smeraldosirmione.com\/de\/radhotel\/","og_site_name":"Hotel Smeraldo","article_modified_time":"2024-05-18T12:39:34+00:00","og_image":[{"url":"https:\/\/www.smeraldosirmione.com\/wp-content\/uploads\/2014\/12\/attestato-gardabike-hotel-la-paul-300x212.jpg","type":"","width":"","height":""}],"twitter_misc":{"Gesch\u00e4tzte Lesezeit":"3\u00a0Minuten"},"schema":{"@context":"https:\/\/schema.org","@graph":[{"@type":"WebPage","@id":"https:\/\/www.smeraldosirmione.com\/de\/radhotel\/","url":"https:\/\/www.smeraldosirmione.com\/de\/radhotel\/","name":"Radhotel in Sirmione am Gardasee","isPartOf":{"@id":"https:\/\/www.smeraldosirmione.com\/#website"},"primaryImageOfPage":{"@id":"https:\/\/www.smeraldosirmione.com\/de\/radhotel\/#primaryimage"},"image":{"@id":"https:\/\/www.smeraldosirmione.com\/de\/radhotel\/#primaryimage"},"thumbnailUrl":"https:\/\/www.smeraldosirmione.com\/wp-content\/uploads\/2014\/12\/attestato-gardabike-hotel-la-paul-300x212.jpg","datePublished":"2015-02-23T05:37:06+00:00","dateModified":"2024-05-18T12:39:34+00:00","description":"Radhotels in Sirmione am Gardasee, ein Fahrradkeller, Karten MTB Strecken, Radwege sul Garda, Werkzeuge, Waschen, gef\u00fchrte Mountainbiketour","breadcrumb":{"@id":"https:\/\/www.smeraldosirmione.com\/de\/radhotel\/#breadcrumb"},"inLanguage":"de","potentialAction":[{"@type":"ReadAction","target":["https:\/\/www.smeraldosirmione.com\/de\/radhotel\/"]}]},{"@type":"ImageObject","inLanguage":"de","@id":"https:\/\/www.smeraldosirmione.com\/de\/radhotel\/#primaryimage","url":"https:\/\/www.smeraldosirmione.com\/wp-content\/uploads\/2014\/12\/attestato-gardabike-hotel-la-paul-300x212.jpg","contentUrl":"https:\/\/www.smeraldosirmione.com\/wp-content\/uploads\/2014\/12\/attestato-gardabike-hotel-la-paul-300x212.jpg"},{"@type":"BreadcrumbList","@id":"https:\/\/www.smeraldosirmione.com\/de\/radhotel\/#breadcrumb","itemListElement":[{"@type":"ListItem","position":1,"name":"Home","item":"https:\/\/www.smeraldosirmione.com\/de\/"},{"@type":"ListItem","position":2,"name":"RadHotel"}]},{"@type":"WebSite","@id":"https:\/\/www.smeraldosirmione.com\/#website","url":"https:\/\/www.smeraldosirmione.com\/","name":"Hotel Smeraldo","description":"Sirmione Hotel im Herzen des Gardasees","potentialAction":[{"@type":"SearchAction","target":{"@type":"EntryPoint","urlTemplate":"https:\/\/www.smeraldosirmione.com\/?s={search_term_string}"},"query-input":{"@type":"PropertyValueSpecification","valueRequired":true,"valueName":"search_term_string"}}],"inLanguage":"de"}]}},"_links":{"self":[{"href":"https:\/\/www.smeraldosirmione.com\/de\/wp-json\/wp\/v2\/pages\/205","targetHints":{"allow":["GET"]}}],"collection":[{"href":"https:\/\/www.smeraldosirmione.com\/de\/wp-json\/wp\/v2\/pages"}],"about":[{"href":"https:\/\/www.smeraldosirmione.com\/de\/wp-json\/wp\/v2\/types\/page"}],"author":[{"embeddable":true,"href":"https:\/\/www.smeraldosirmione.com\/de\/wp-json\/wp\/v2\/users\/3"}],"replies":[{"embeddable":true,"href":"https:\/\/www.smeraldosirmione.com\/de\/wp-json\/wp\/v2\/comments?post=205"}],"version-history":[{"count":0,"href":"https:\/\/www.smeraldosirmione.com\/de\/wp-json\/wp\/v2\/pages\/205\/revisions"}],"wp:attachment":[{"href":"https:\/\/www.smeraldosirmione.com\/de\/wp-json\/wp\/v2\/media?parent=205"}],"curies":[{"name":"wp","href":"https:\/\/api.w.org\/{rel}","templated":true}]}}