{"id":2042,"date":"2023-02-10T19:14:56","date_gmt":"2023-02-10T18:14:56","guid":{"rendered":"https:\/\/www.smeraldosirmione.com\/?page_id=2042"},"modified":"2025-07-18T12:18:37","modified_gmt":"2025-07-18T10:18:37","slug":"ferienwohnungen-am-gardasee-zu-vermieten","status":"publish","type":"page","link":"https:\/\/www.smeraldosirmione.com\/de\/ferienwohnungen-am-gardasee-zu-vermieten\/","title":{"rendered":"Ferienwohnungen am Gardasee zu vermieten"},"content":{"rendered":"\n<h4 class=\"wp-block-heading\">Apartments mit Seeblick auf der Halbinsel Sirmione, nur einen Steinwurf vom historischen Zentrum entfernt, direkt am See mit Garten, Privatparkplatz.<\/h4>\n\n\n\n<p>Ferienwohnungen am Gardasee zu vermieten in Sirmione, die Smeraldo Apartments sind sehr bequem, um das Schloss und das historische Zentrum zu Fu\u00df zu erreichen, sind aber auch mit dem Auto leicht zu erreichen, da sie in einer autofreien Zone liegen und \u00fcber private Parkpl\u00e4tze verf\u00fcgen. Smeraldo Apartments sind \u00fcber einen gemeinsamen Eingang erreichbar, mit Aufzug, bieten Platz f\u00fcr zwei bis f\u00fcnf Personen, neu renoviert, mit gro\u00dfem Balkon mit Blick auf den seitlichen See, ausgestatteter K\u00fcchenbox, in ruhiger Lage, Garten am See mit Liegest\u00fchlen und Sonnenschirmen. Unter den Dienstleistungen finden Sie zus\u00e4tzliche Reinigung, W\u00e4scheservice, die M\u00f6glichkeit, mit Blick auf den See vor 30 Metern im Restaurant Canneto mit einer Vereinbarung mit Meeresfischk\u00fcche zu essen oder Gerichte zum Mitnehmen zu buchen, um bequem im zu essen Wohnung. KEINE VEGANER<\/p>\n\n\n\n<p>Smeraldo Apartments in Sirmione <strong>Ferienwohnungen am Gardasee zu vermieten<\/strong><\/p>\n","protected":false},"excerpt":{"rendered":"<p>Apartments mit Seeblick auf der Halbinsel Sirmione, nur einen Steinwurf vom historischen [&hellip;]<\/p>\n","protected":false},"author":2,"featured_media":0,"parent":0,"menu_order":24,"comment_status":"closed","ping_status":"closed","template":"","meta":{"_acf_changed":false,"footnotes":""},"class_list":["post-2042","page","type-page","status-publish","hentry"],"acf":[],"yoast_head":"<!-- This site is optimized with the Yoast SEO plugin v27.5 - https:\/\/yoast.com\/product\/yoast-seo-wordpress\/ -->\n<title>Ferienwohnungen am Gardasee zu vermieten - Hotel Smeraldo<\/title>\n<meta name=\"description\" content=\"Ferienwohnungen am Gardasee zu vermieten in Sirmione, in der N\u00e4he des Schlosses, mit eigenem Parkplatz, mit Garten am See\" \/>\n<meta name=\"robots\" content=\"index, follow, max-snippet:-1, max-image-preview:large, max-video-preview:-1\" \/>\n<link rel=\"canonical\" href=\"https:\/\/www.smeraldosirmione.com\/de\/ferienwohnungen-am-gardasee-zu-vermieten\/\" \/>\n<meta property=\"og:locale\" content=\"de_DE\" \/>\n<meta property=\"og:type\" content=\"article\" \/>\n<meta property=\"og:title\" content=\"Ferienwohnungen am Gardasee zu vermieten - Hotel Smeraldo\" \/>\n<meta property=\"og:description\" content=\"Ferienwohnungen am Gardasee zu vermieten in Sirmione, in der N\u00e4he des Schlosses, mit eigenem Parkplatz, mit Garten am See\" \/>\n<meta property=\"og:url\" content=\"https:\/\/www.smeraldosirmione.com\/de\/ferienwohnungen-am-gardasee-zu-vermieten\/\" \/>\n<meta property=\"og:site_name\" content=\"Hotel Smeraldo\" \/>\n<meta property=\"article:modified_time\" content=\"2025-07-18T10:18:37+00:00\" \/>\n<meta name=\"twitter:label1\" content=\"Gesch\u00e4tzte Lesezeit\" \/>\n\t<meta name=\"twitter:data1\" content=\"1\u00a0Minute\" \/>\n<script type=\"application\/ld+json\" class=\"yoast-schema-graph\">{\"@context\":\"https:\\\/\\\/schema.org\",\"@graph\":[{\"@type\":\"WebPage\",\"@id\":\"https:\\\/\\\/www.smeraldosirmione.com\\\/de\\\/ferienwohnungen-am-gardasee-zu-vermieten\\\/\",\"url\":\"https:\\\/\\\/www.smeraldosirmione.com\\\/de\\\/ferienwohnungen-am-gardasee-zu-vermieten\\\/\",\"name\":\"Ferienwohnungen am Gardasee zu vermieten - Hotel Smeraldo\",\"isPartOf\":{\"@id\":\"https:\\\/\\\/www.smeraldosirmione.com\\\/#website\"},\"datePublished\":\"2023-02-10T18:14:56+00:00\",\"dateModified\":\"2025-07-18T10:18:37+00:00\",\"description\":\"Ferienwohnungen am Gardasee zu vermieten in Sirmione, in der N\u00e4he des Schlosses, mit eigenem Parkplatz, mit Garten am See\",\"breadcrumb\":{\"@id\":\"https:\\\/\\\/www.smeraldosirmione.com\\\/de\\\/ferienwohnungen-am-gardasee-zu-vermieten\\\/#breadcrumb\"},\"inLanguage\":\"de\",\"potentialAction\":[{\"@type\":\"ReadAction\",\"target\":[\"https:\\\/\\\/www.smeraldosirmione.com\\\/de\\\/ferienwohnungen-am-gardasee-zu-vermieten\\\/\"]}]},{\"@type\":\"BreadcrumbList\",\"@id\":\"https:\\\/\\\/www.smeraldosirmione.com\\\/de\\\/ferienwohnungen-am-gardasee-zu-vermieten\\\/#breadcrumb\",\"itemListElement\":[{\"@type\":\"ListItem\",\"position\":1,\"name\":\"Home\",\"item\":\"https:\\\/\\\/www.smeraldosirmione.com\\\/de\\\/\"},{\"@type\":\"ListItem\",\"position\":2,\"name\":\"Ferienwohnungen am Gardasee zu vermieten\"}]},{\"@type\":\"WebSite\",\"@id\":\"https:\\\/\\\/www.smeraldosirmione.com\\\/#website\",\"url\":\"https:\\\/\\\/www.smeraldosirmione.com\\\/\",\"name\":\"Hotel Smeraldo\",\"description\":\"Sirmione Hotel im Herzen des Gardasees\",\"potentialAction\":[{\"@type\":\"SearchAction\",\"target\":{\"@type\":\"EntryPoint\",\"urlTemplate\":\"https:\\\/\\\/www.smeraldosirmione.com\\\/?s={search_term_string}\"},\"query-input\":{\"@type\":\"PropertyValueSpecification\",\"valueRequired\":true,\"valueName\":\"search_term_string\"}}],\"inLanguage\":\"de\"}]}<\/script>\n<!-- \/ Yoast SEO plugin. -->","yoast_head_json":{"title":"Ferienwohnungen am Gardasee zu vermieten - Hotel Smeraldo","description":"Ferienwohnungen am Gardasee zu vermieten in Sirmione, in der N\u00e4he des Schlosses, mit eigenem Parkplatz, mit Garten am See","robots":{"index":"index","follow":"follow","max-snippet":"max-snippet:-1","max-image-preview":"max-image-preview:large","max-video-preview":"max-video-preview:-1"},"canonical":"https:\/\/www.smeraldosirmione.com\/de\/ferienwohnungen-am-gardasee-zu-vermieten\/","og_locale":"de_DE","og_type":"article","og_title":"Ferienwohnungen am Gardasee zu vermieten - Hotel Smeraldo","og_description":"Ferienwohnungen am Gardasee zu vermieten in Sirmione, in der N\u00e4he des Schlosses, mit eigenem Parkplatz, mit Garten am See","og_url":"https:\/\/www.smeraldosirmione.com\/de\/ferienwohnungen-am-gardasee-zu-vermieten\/","og_site_name":"Hotel Smeraldo","article_modified_time":"2025-07-18T10:18:37+00:00","twitter_misc":{"Gesch\u00e4tzte Lesezeit":"1\u00a0Minute"},"schema":{"@context":"https:\/\/schema.org","@graph":[{"@type":"WebPage","@id":"https:\/\/www.smeraldosirmione.com\/de\/ferienwohnungen-am-gardasee-zu-vermieten\/","url":"https:\/\/www.smeraldosirmione.com\/de\/ferienwohnungen-am-gardasee-zu-vermieten\/","name":"Ferienwohnungen am Gardasee zu vermieten - Hotel Smeraldo","isPartOf":{"@id":"https:\/\/www.smeraldosirmione.com\/#website"},"datePublished":"2023-02-10T18:14:56+00:00","dateModified":"2025-07-18T10:18:37+00:00","description":"Ferienwohnungen am Gardasee zu vermieten in Sirmione, in der N\u00e4he des Schlosses, mit eigenem Parkplatz, mit Garten am See","breadcrumb":{"@id":"https:\/\/www.smeraldosirmione.com\/de\/ferienwohnungen-am-gardasee-zu-vermieten\/#breadcrumb"},"inLanguage":"de","potentialAction":[{"@type":"ReadAction","target":["https:\/\/www.smeraldosirmione.com\/de\/ferienwohnungen-am-gardasee-zu-vermieten\/"]}]},{"@type":"BreadcrumbList","@id":"https:\/\/www.smeraldosirmione.com\/de\/ferienwohnungen-am-gardasee-zu-vermieten\/#breadcrumb","itemListElement":[{"@type":"ListItem","position":1,"name":"Home","item":"https:\/\/www.smeraldosirmione.com\/de\/"},{"@type":"ListItem","position":2,"name":"Ferienwohnungen am Gardasee zu vermieten"}]},{"@type":"WebSite","@id":"https:\/\/www.smeraldosirmione.com\/#website","url":"https:\/\/www.smeraldosirmione.com\/","name":"Hotel Smeraldo","description":"Sirmione Hotel im Herzen des Gardasees","potentialAction":[{"@type":"SearchAction","target":{"@type":"EntryPoint","urlTemplate":"https:\/\/www.smeraldosirmione.com\/?s={search_term_string}"},"query-input":{"@type":"PropertyValueSpecification","valueRequired":true,"valueName":"search_term_string"}}],"inLanguage":"de"}]}},"_links":{"self":[{"href":"https:\/\/www.smeraldosirmione.com\/de\/wp-json\/wp\/v2\/pages\/2042","targetHints":{"allow":["GET"]}}],"collection":[{"href":"https:\/\/www.smeraldosirmione.com\/de\/wp-json\/wp\/v2\/pages"}],"about":[{"href":"https:\/\/www.smeraldosirmione.com\/de\/wp-json\/wp\/v2\/types\/page"}],"author":[{"embeddable":true,"href":"https:\/\/www.smeraldosirmione.com\/de\/wp-json\/wp\/v2\/users\/2"}],"replies":[{"embeddable":true,"href":"https:\/\/www.smeraldosirmione.com\/de\/wp-json\/wp\/v2\/comments?post=2042"}],"version-history":[{"count":0,"href":"https:\/\/www.smeraldosirmione.com\/de\/wp-json\/wp\/v2\/pages\/2042\/revisions"}],"wp:attachment":[{"href":"https:\/\/www.smeraldosirmione.com\/de\/wp-json\/wp\/v2\/media?parent=2042"}],"curies":[{"name":"wp","href":"https:\/\/api.w.org\/{rel}","templated":true}]}}