{"id":2033,"date":"2022-11-10T14:38:17","date_gmt":"2022-11-10T13:38:17","guid":{"rendered":"https:\/\/www.smeraldosirmione.com\/?page_id=2033"},"modified":"2023-03-01T20:01:32","modified_gmt":"2023-03-01T19:01:32","slug":"villa-canneto-dependance","status":"publish","type":"page","link":"https:\/\/www.smeraldosirmione.com\/de\/villa-canneto-dependance\/","title":{"rendered":"Villa Canneto dependance"},"content":{"rendered":"<h4>Villa Canneto dependance. Studio-Apartments mit privatem Garten direkt am See<\/h4>\n<p>Villa Canneto Nebengeb\u00e4ude des Hotels Smeraldo sind neu gebaute Studios, mit Blick auf den See, mit K\u00fcchenblock, sie haben die M\u00f6glichkeit einer gr\u00f6\u00dferen Freiheit<\/p>\n<p><a href=\"http:\/\/www.villacanneto.it\">Sehen Sie alle Details<\/a><\/p>\n<p><img loading=\"lazy\" decoding=\"async\" class=\"aligncenter wp-image-2154 size-shareaholic-thumbnail\" src=\"https:\/\/www.smeraldosirmione.com\/wp-content\/uploads\/2023\/02\/panoramica-1R-640x480.jpg\" alt=\"\" width=\"640\" height=\"480\" srcset=\"https:\/\/www.smeraldosirmione.com\/wp-content\/uploads\/2023\/02\/panoramica-1R-640x480.jpg 640w, https:\/\/www.smeraldosirmione.com\/wp-content\/uploads\/2023\/02\/panoramica-1R-800x600.jpg 800w, https:\/\/www.smeraldosirmione.com\/wp-content\/uploads\/2023\/02\/panoramica-1R-1024x768.jpg 1024w, https:\/\/www.smeraldosirmione.com\/wp-content\/uploads\/2023\/02\/panoramica-1R-1536x1152.jpg 1536w, https:\/\/www.smeraldosirmione.com\/wp-content\/uploads\/2023\/02\/panoramica-1R-2048x1536.jpg 2048w, https:\/\/www.smeraldosirmione.com\/wp-content\/uploads\/2023\/02\/panoramica-1R-300x225.jpg 300w, https:\/\/www.smeraldosirmione.com\/wp-content\/uploads\/2023\/02\/panoramica-1R-768x576.jpg 768w\" sizes=\"auto, (max-width: 640px) 100vw, 640px\" \/><\/p>\n<p>&nbsp;<\/p>\n<p><img loading=\"lazy\" decoding=\"async\" class=\"aligncenter wp-image-2015 size-shareaholic-thumbnail\" src=\"https:\/\/www.smeraldosirmione.com\/wp-content\/uploads\/2022\/11\/Villa-Canneto-1-640x354.jpg\" alt=\"\" width=\"640\" height=\"354\" \/><\/p>\n","protected":false},"excerpt":{"rendered":"<p>Villa Canneto dependance. Studio-Apartments mit privatem Garten direkt am See Villa Canneto [&hellip;]<\/p>\n","protected":false},"author":2,"featured_media":0,"parent":0,"menu_order":28,"comment_status":"closed","ping_status":"closed","template":"","meta":{"_acf_changed":false,"footnotes":""},"class_list":["post-2033","page","type-page","status-publish","hentry"],"acf":[],"yoast_head":"<!-- This site is optimized with the Yoast SEO plugin v27.4 - https:\/\/yoast.com\/product\/yoast-seo-wordpress\/ -->\n<title>Villa Canneto dependance - Hotel Smeraldo<\/title>\n<meta name=\"robots\" content=\"index, follow, max-snippet:-1, max-image-preview:large, max-video-preview:-1\" \/>\n<link rel=\"canonical\" href=\"https:\/\/www.smeraldosirmione.com\/de\/villa-canneto-dependance\/\" \/>\n<meta property=\"og:locale\" content=\"de_DE\" \/>\n<meta property=\"og:type\" content=\"article\" \/>\n<meta property=\"og:title\" content=\"Villa Canneto dependance - Hotel Smeraldo\" \/>\n<meta property=\"og:description\" content=\"Villa Canneto dependance. Studio-Apartments mit privatem Garten direkt am See Villa Canneto [&hellip;]\" \/>\n<meta property=\"og:url\" content=\"https:\/\/www.smeraldosirmione.com\/de\/villa-canneto-dependance\/\" \/>\n<meta property=\"og:site_name\" content=\"Hotel Smeraldo\" \/>\n<meta property=\"article:modified_time\" content=\"2023-03-01T19:01:32+00:00\" \/>\n<meta property=\"og:image\" content=\"https:\/\/www.smeraldosirmione.com\/wp-content\/uploads\/2023\/02\/panoramica-1R-640x480.jpg\" \/>\n<meta name=\"twitter:label1\" content=\"Gesch\u00e4tzte Lesezeit\" \/>\n\t<meta name=\"twitter:data1\" content=\"1\u00a0Minute\" \/>\n<script type=\"application\/ld+json\" class=\"yoast-schema-graph\">{\"@context\":\"https:\\\/\\\/schema.org\",\"@graph\":[{\"@type\":\"WebPage\",\"@id\":\"https:\\\/\\\/www.smeraldosirmione.com\\\/de\\\/villa-canneto-dependance\\\/\",\"url\":\"https:\\\/\\\/www.smeraldosirmione.com\\\/de\\\/villa-canneto-dependance\\\/\",\"name\":\"Villa Canneto dependance - Hotel Smeraldo\",\"isPartOf\":{\"@id\":\"https:\\\/\\\/www.smeraldosirmione.com\\\/#website\"},\"primaryImageOfPage\":{\"@id\":\"https:\\\/\\\/www.smeraldosirmione.com\\\/de\\\/villa-canneto-dependance\\\/#primaryimage\"},\"image\":{\"@id\":\"https:\\\/\\\/www.smeraldosirmione.com\\\/de\\\/villa-canneto-dependance\\\/#primaryimage\"},\"thumbnailUrl\":\"https:\\\/\\\/www.smeraldosirmione.com\\\/wp-content\\\/uploads\\\/2023\\\/02\\\/panoramica-1R-640x480.jpg\",\"datePublished\":\"2022-11-10T13:38:17+00:00\",\"dateModified\":\"2023-03-01T19:01:32+00:00\",\"breadcrumb\":{\"@id\":\"https:\\\/\\\/www.smeraldosirmione.com\\\/de\\\/villa-canneto-dependance\\\/#breadcrumb\"},\"inLanguage\":\"de\",\"potentialAction\":[{\"@type\":\"ReadAction\",\"target\":[\"https:\\\/\\\/www.smeraldosirmione.com\\\/de\\\/villa-canneto-dependance\\\/\"]}]},{\"@type\":\"ImageObject\",\"inLanguage\":\"de\",\"@id\":\"https:\\\/\\\/www.smeraldosirmione.com\\\/de\\\/villa-canneto-dependance\\\/#primaryimage\",\"url\":\"https:\\\/\\\/www.smeraldosirmione.com\\\/wp-content\\\/uploads\\\/2023\\\/02\\\/panoramica-1R-640x480.jpg\",\"contentUrl\":\"https:\\\/\\\/www.smeraldosirmione.com\\\/wp-content\\\/uploads\\\/2023\\\/02\\\/panoramica-1R-640x480.jpg\"},{\"@type\":\"BreadcrumbList\",\"@id\":\"https:\\\/\\\/www.smeraldosirmione.com\\\/de\\\/villa-canneto-dependance\\\/#breadcrumb\",\"itemListElement\":[{\"@type\":\"ListItem\",\"position\":1,\"name\":\"Home\",\"item\":\"https:\\\/\\\/www.smeraldosirmione.com\\\/de\\\/\"},{\"@type\":\"ListItem\",\"position\":2,\"name\":\"Villa Canneto dependance\"}]},{\"@type\":\"WebSite\",\"@id\":\"https:\\\/\\\/www.smeraldosirmione.com\\\/#website\",\"url\":\"https:\\\/\\\/www.smeraldosirmione.com\\\/\",\"name\":\"Hotel Smeraldo\",\"description\":\"Sirmione Hotel im Herzen des Gardasees\",\"potentialAction\":[{\"@type\":\"SearchAction\",\"target\":{\"@type\":\"EntryPoint\",\"urlTemplate\":\"https:\\\/\\\/www.smeraldosirmione.com\\\/?s={search_term_string}\"},\"query-input\":{\"@type\":\"PropertyValueSpecification\",\"valueRequired\":true,\"valueName\":\"search_term_string\"}}],\"inLanguage\":\"de\"}]}<\/script>\n<!-- \/ Yoast SEO plugin. -->","yoast_head_json":{"title":"Villa Canneto dependance - Hotel Smeraldo","robots":{"index":"index","follow":"follow","max-snippet":"max-snippet:-1","max-image-preview":"max-image-preview:large","max-video-preview":"max-video-preview:-1"},"canonical":"https:\/\/www.smeraldosirmione.com\/de\/villa-canneto-dependance\/","og_locale":"de_DE","og_type":"article","og_title":"Villa Canneto dependance - Hotel Smeraldo","og_description":"Villa Canneto dependance. Studio-Apartments mit privatem Garten direkt am See Villa Canneto [&hellip;]","og_url":"https:\/\/www.smeraldosirmione.com\/de\/villa-canneto-dependance\/","og_site_name":"Hotel Smeraldo","article_modified_time":"2023-03-01T19:01:32+00:00","og_image":[{"url":"https:\/\/www.smeraldosirmione.com\/wp-content\/uploads\/2023\/02\/panoramica-1R-640x480.jpg","type":"","width":"","height":""}],"twitter_misc":{"Gesch\u00e4tzte Lesezeit":"1\u00a0Minute"},"schema":{"@context":"https:\/\/schema.org","@graph":[{"@type":"WebPage","@id":"https:\/\/www.smeraldosirmione.com\/de\/villa-canneto-dependance\/","url":"https:\/\/www.smeraldosirmione.com\/de\/villa-canneto-dependance\/","name":"Villa Canneto dependance - Hotel Smeraldo","isPartOf":{"@id":"https:\/\/www.smeraldosirmione.com\/#website"},"primaryImageOfPage":{"@id":"https:\/\/www.smeraldosirmione.com\/de\/villa-canneto-dependance\/#primaryimage"},"image":{"@id":"https:\/\/www.smeraldosirmione.com\/de\/villa-canneto-dependance\/#primaryimage"},"thumbnailUrl":"https:\/\/www.smeraldosirmione.com\/wp-content\/uploads\/2023\/02\/panoramica-1R-640x480.jpg","datePublished":"2022-11-10T13:38:17+00:00","dateModified":"2023-03-01T19:01:32+00:00","breadcrumb":{"@id":"https:\/\/www.smeraldosirmione.com\/de\/villa-canneto-dependance\/#breadcrumb"},"inLanguage":"de","potentialAction":[{"@type":"ReadAction","target":["https:\/\/www.smeraldosirmione.com\/de\/villa-canneto-dependance\/"]}]},{"@type":"ImageObject","inLanguage":"de","@id":"https:\/\/www.smeraldosirmione.com\/de\/villa-canneto-dependance\/#primaryimage","url":"https:\/\/www.smeraldosirmione.com\/wp-content\/uploads\/2023\/02\/panoramica-1R-640x480.jpg","contentUrl":"https:\/\/www.smeraldosirmione.com\/wp-content\/uploads\/2023\/02\/panoramica-1R-640x480.jpg"},{"@type":"BreadcrumbList","@id":"https:\/\/www.smeraldosirmione.com\/de\/villa-canneto-dependance\/#breadcrumb","itemListElement":[{"@type":"ListItem","position":1,"name":"Home","item":"https:\/\/www.smeraldosirmione.com\/de\/"},{"@type":"ListItem","position":2,"name":"Villa Canneto dependance"}]},{"@type":"WebSite","@id":"https:\/\/www.smeraldosirmione.com\/#website","url":"https:\/\/www.smeraldosirmione.com\/","name":"Hotel Smeraldo","description":"Sirmione Hotel im Herzen des Gardasees","potentialAction":[{"@type":"SearchAction","target":{"@type":"EntryPoint","urlTemplate":"https:\/\/www.smeraldosirmione.com\/?s={search_term_string}"},"query-input":{"@type":"PropertyValueSpecification","valueRequired":true,"valueName":"search_term_string"}}],"inLanguage":"de"}]}},"_links":{"self":[{"href":"https:\/\/www.smeraldosirmione.com\/de\/wp-json\/wp\/v2\/pages\/2033","targetHints":{"allow":["GET"]}}],"collection":[{"href":"https:\/\/www.smeraldosirmione.com\/de\/wp-json\/wp\/v2\/pages"}],"about":[{"href":"https:\/\/www.smeraldosirmione.com\/de\/wp-json\/wp\/v2\/types\/page"}],"author":[{"embeddable":true,"href":"https:\/\/www.smeraldosirmione.com\/de\/wp-json\/wp\/v2\/users\/2"}],"replies":[{"embeddable":true,"href":"https:\/\/www.smeraldosirmione.com\/de\/wp-json\/wp\/v2\/comments?post=2033"}],"version-history":[{"count":0,"href":"https:\/\/www.smeraldosirmione.com\/de\/wp-json\/wp\/v2\/pages\/2033\/revisions"}],"wp:attachment":[{"href":"https:\/\/www.smeraldosirmione.com\/de\/wp-json\/wp\/v2\/media?parent=2033"}],"curies":[{"name":"wp","href":"https:\/\/api.w.org\/{rel}","templated":true}]}}