{"id":203,"date":"2015-02-23T06:36:33","date_gmt":"2015-02-23T05:36:33","guid":{"rendered":"https:\/\/www.smeraldosirmione.com\/?page_id=203"},"modified":"2024-01-04T06:10:28","modified_gmt":"2024-01-04T05:10:28","slug":"sport-gardasee","status":"publish","type":"page","link":"https:\/\/www.smeraldosirmione.com\/de\/sport-gardasee\/","title":{"rendered":"Sport am Gardasee"},"content":{"rendered":"\n<h2 class=\"wp-block-heading\">Sport am Gardasee<\/h2>\n\n\n\n<h4 class=\"wp-block-heading\">Gebiet mit tausend Ressourcen, See, H\u00fcgeln, Bergen: Mountainbike-Routen, Radtouren, Trekking, Segeln, Golf, Angeln, Kitesurfen, Windsurfen<\/h4>\n\n\n\n<p>Sport am Gardasee, denn Sirmione liegt im Zentrum des Gardasees und Sie finden hier einen komfortablen Ausgangspunkt f\u00fcr Ihren erholsamen und sportlichen Urlaub am Gardasee, wie auch immer er aussehen mag; F\u00fcr GOLF verf\u00fcgen wir \u00fcber elf Golfpl\u00e4tze, einige davon von ausgezeichneter Qualit\u00e4t, auf denen Sie in die Natur eintauchen und einen spektakul\u00e4ren Blick auf den Gardasee genie\u00dfen k\u00f6nnen. F\u00fcr das FAHRRAD haben wir sowohl Mountainbike-Routen als auch Routen f\u00fcr Rennradfahrer und Radtouren f\u00fcr diejenigen, die die Gegend zwischen H\u00fcgeln, Kellern und Burgen erkunden m\u00f6chten. F\u00fcr TREKKING stehen uns herrliche Wege zwischen Olivenb\u00e4umen und mit Blick auf den See zur Verf\u00fcgung. zum Segeln oder MotornAVIGATION, SURFEN und KITE-SURFEN\u2026 wir sind am See.<\/p>\n","protected":false},"excerpt":{"rendered":"<p>Sport am Gardasee Gebiet mit tausend Ressourcen, See, H\u00fcgeln, Bergen: Mountainbike-Routen, Radtouren, [&hellip;]<\/p>\n","protected":false},"author":3,"featured_media":0,"parent":0,"menu_order":66,"comment_status":"open","ping_status":"open","template":"","meta":{"_acf_changed":false,"footnotes":""},"class_list":["post-203","page","type-page","status-publish","hentry"],"acf":[],"yoast_head":"<!-- This site is optimized with the Yoast SEO plugin v27.4 - https:\/\/yoast.com\/product\/yoast-seo-wordpress\/ -->\n<title>Sport am Gardasee - Hotel Smeraldo<\/title>\n<meta name=\"robots\" content=\"index, follow, max-snippet:-1, max-image-preview:large, max-video-preview:-1\" \/>\n<link rel=\"canonical\" href=\"https:\/\/www.smeraldosirmione.com\/de\/sport-gardasee\/\" \/>\n<meta property=\"og:locale\" content=\"de_DE\" \/>\n<meta property=\"og:type\" content=\"article\" \/>\n<meta property=\"og:title\" content=\"Sport am Gardasee - Hotel Smeraldo\" \/>\n<meta property=\"og:description\" content=\"Sport am Gardasee Gebiet mit tausend Ressourcen, See, H\u00fcgeln, Bergen: Mountainbike-Routen, Radtouren, [&hellip;]\" \/>\n<meta property=\"og:url\" content=\"https:\/\/www.smeraldosirmione.com\/de\/sport-gardasee\/\" \/>\n<meta property=\"og:site_name\" content=\"Hotel Smeraldo\" \/>\n<meta property=\"article:modified_time\" content=\"2024-01-04T05:10:28+00:00\" \/>\n<meta name=\"twitter:label1\" content=\"Gesch\u00e4tzte Lesezeit\" \/>\n\t<meta name=\"twitter:data1\" content=\"1\u00a0Minute\" \/>\n<script type=\"application\/ld+json\" class=\"yoast-schema-graph\">{\"@context\":\"https:\\\/\\\/schema.org\",\"@graph\":[{\"@type\":\"WebPage\",\"@id\":\"https:\\\/\\\/www.smeraldosirmione.com\\\/de\\\/sport-gardasee\\\/\",\"url\":\"https:\\\/\\\/www.smeraldosirmione.com\\\/de\\\/sport-gardasee\\\/\",\"name\":\"Sport am Gardasee - Hotel Smeraldo\",\"isPartOf\":{\"@id\":\"https:\\\/\\\/www.smeraldosirmione.com\\\/#website\"},\"datePublished\":\"2015-02-23T05:36:33+00:00\",\"dateModified\":\"2024-01-04T05:10:28+00:00\",\"breadcrumb\":{\"@id\":\"https:\\\/\\\/www.smeraldosirmione.com\\\/de\\\/sport-gardasee\\\/#breadcrumb\"},\"inLanguage\":\"de\",\"potentialAction\":[{\"@type\":\"ReadAction\",\"target\":[\"https:\\\/\\\/www.smeraldosirmione.com\\\/de\\\/sport-gardasee\\\/\"]}]},{\"@type\":\"BreadcrumbList\",\"@id\":\"https:\\\/\\\/www.smeraldosirmione.com\\\/de\\\/sport-gardasee\\\/#breadcrumb\",\"itemListElement\":[{\"@type\":\"ListItem\",\"position\":1,\"name\":\"Home\",\"item\":\"https:\\\/\\\/www.smeraldosirmione.com\\\/de\\\/\"},{\"@type\":\"ListItem\",\"position\":2,\"name\":\"Sport am Gardasee\"}]},{\"@type\":\"WebSite\",\"@id\":\"https:\\\/\\\/www.smeraldosirmione.com\\\/#website\",\"url\":\"https:\\\/\\\/www.smeraldosirmione.com\\\/\",\"name\":\"Hotel Smeraldo\",\"description\":\"Sirmione Hotel im Herzen des Gardasees\",\"potentialAction\":[{\"@type\":\"SearchAction\",\"target\":{\"@type\":\"EntryPoint\",\"urlTemplate\":\"https:\\\/\\\/www.smeraldosirmione.com\\\/?s={search_term_string}\"},\"query-input\":{\"@type\":\"PropertyValueSpecification\",\"valueRequired\":true,\"valueName\":\"search_term_string\"}}],\"inLanguage\":\"de\"}]}<\/script>\n<!-- \/ Yoast SEO plugin. -->","yoast_head_json":{"title":"Sport am Gardasee - Hotel Smeraldo","robots":{"index":"index","follow":"follow","max-snippet":"max-snippet:-1","max-image-preview":"max-image-preview:large","max-video-preview":"max-video-preview:-1"},"canonical":"https:\/\/www.smeraldosirmione.com\/de\/sport-gardasee\/","og_locale":"de_DE","og_type":"article","og_title":"Sport am Gardasee - Hotel Smeraldo","og_description":"Sport am Gardasee Gebiet mit tausend Ressourcen, See, H\u00fcgeln, Bergen: Mountainbike-Routen, Radtouren, [&hellip;]","og_url":"https:\/\/www.smeraldosirmione.com\/de\/sport-gardasee\/","og_site_name":"Hotel Smeraldo","article_modified_time":"2024-01-04T05:10:28+00:00","twitter_misc":{"Gesch\u00e4tzte Lesezeit":"1\u00a0Minute"},"schema":{"@context":"https:\/\/schema.org","@graph":[{"@type":"WebPage","@id":"https:\/\/www.smeraldosirmione.com\/de\/sport-gardasee\/","url":"https:\/\/www.smeraldosirmione.com\/de\/sport-gardasee\/","name":"Sport am Gardasee - Hotel Smeraldo","isPartOf":{"@id":"https:\/\/www.smeraldosirmione.com\/#website"},"datePublished":"2015-02-23T05:36:33+00:00","dateModified":"2024-01-04T05:10:28+00:00","breadcrumb":{"@id":"https:\/\/www.smeraldosirmione.com\/de\/sport-gardasee\/#breadcrumb"},"inLanguage":"de","potentialAction":[{"@type":"ReadAction","target":["https:\/\/www.smeraldosirmione.com\/de\/sport-gardasee\/"]}]},{"@type":"BreadcrumbList","@id":"https:\/\/www.smeraldosirmione.com\/de\/sport-gardasee\/#breadcrumb","itemListElement":[{"@type":"ListItem","position":1,"name":"Home","item":"https:\/\/www.smeraldosirmione.com\/de\/"},{"@type":"ListItem","position":2,"name":"Sport am Gardasee"}]},{"@type":"WebSite","@id":"https:\/\/www.smeraldosirmione.com\/#website","url":"https:\/\/www.smeraldosirmione.com\/","name":"Hotel Smeraldo","description":"Sirmione Hotel im Herzen des Gardasees","potentialAction":[{"@type":"SearchAction","target":{"@type":"EntryPoint","urlTemplate":"https:\/\/www.smeraldosirmione.com\/?s={search_term_string}"},"query-input":{"@type":"PropertyValueSpecification","valueRequired":true,"valueName":"search_term_string"}}],"inLanguage":"de"}]}},"_links":{"self":[{"href":"https:\/\/www.smeraldosirmione.com\/de\/wp-json\/wp\/v2\/pages\/203","targetHints":{"allow":["GET"]}}],"collection":[{"href":"https:\/\/www.smeraldosirmione.com\/de\/wp-json\/wp\/v2\/pages"}],"about":[{"href":"https:\/\/www.smeraldosirmione.com\/de\/wp-json\/wp\/v2\/types\/page"}],"author":[{"embeddable":true,"href":"https:\/\/www.smeraldosirmione.com\/de\/wp-json\/wp\/v2\/users\/3"}],"replies":[{"embeddable":true,"href":"https:\/\/www.smeraldosirmione.com\/de\/wp-json\/wp\/v2\/comments?post=203"}],"version-history":[{"count":0,"href":"https:\/\/www.smeraldosirmione.com\/de\/wp-json\/wp\/v2\/pages\/203\/revisions"}],"wp:attachment":[{"href":"https:\/\/www.smeraldosirmione.com\/de\/wp-json\/wp\/v2\/media?parent=203"}],"curies":[{"name":"wp","href":"https:\/\/api.w.org\/{rel}","templated":true}]}}