{"id":201,"date":"2015-02-23T06:36:03","date_gmt":"2015-02-23T05:36:03","guid":{"rendered":"https:\/\/www.smeraldosirmione.com\/?page_id=201"},"modified":"2026-04-18T13:32:55","modified_gmt":"2026-04-18T11:32:55","slug":"essen-im-hotel","status":"publish","type":"page","link":"https:\/\/www.smeraldosirmione.com\/de\/essen-im-hotel\/","title":{"rendered":"Essen im Hotel"},"content":{"rendered":"\n<h4 class=\"wp-block-heading\">Essen im Hotel Smeraldo, Fr\u00fchst\u00fccksbuffet, Mittag- und Abendessen,&nbsp;Gluten-frei<\/h4>\n\n\n\n<h4 class=\"wp-block-heading\">Fr\u00fchst\u00fccksbuffet<\/h4>\n\n\n\n<p>Zum Fr\u00fchst\u00fcck erwartet Sie ein charakteristischer Holzraum, eine helle Umgebung, mit gro\u00dfen Fenstern und einer Au\u00dfenecke. Wir servieren ein gro\u00dfz\u00fcgiges Buffet mit s\u00fc\u00dfen und herzhaften Produkten, die fast vollst\u00e4ndig hausgemacht sind. Kuchen, Brioches, Joghurt, M\u00fcsli, K\u00e4se, Wurstwaren, Gem\u00fcse, Obst und mehr. Der Fr\u00fchst\u00fccksservice ist von 7.30 bis 10.00 Uhr ge\u00f6ffnet. Glutenfreie Produkte sind auf Anfrage erh\u00e4ltlich. Unsere K\u00fcche ist ausschlie\u00dflich auf glutenfreie Zubereitung ausgerichtet. F\u00fcr laktosefreie Bed\u00fcrfnisse bieten wir nur Basisprodukte wie Milch, Joghurt, Brot und Kekse an. KEINE VEGANER<\/p>\n\n\n\n<figure class=\"wp-block-image size-large\"><img loading=\"lazy\" decoding=\"async\" width=\"1024\" height=\"683\" src=\"https:\/\/www.smeraldosirmione.com\/wp-content\/uploads\/2024\/01\/sala-colazioni-2-3000-1024x683.jpg\" alt=\"\" class=\"wp-image-2627\" title=\"essen im hotel\" srcset=\"https:\/\/www.smeraldosirmione.com\/wp-content\/uploads\/2024\/01\/sala-colazioni-2-3000-1024x683.jpg 1024w, https:\/\/www.smeraldosirmione.com\/wp-content\/uploads\/2024\/01\/sala-colazioni-2-3000-2048x1365.jpg 2048w, https:\/\/www.smeraldosirmione.com\/wp-content\/uploads\/2024\/01\/sala-colazioni-2-3000-1536x1024.jpg 1536w, https:\/\/www.smeraldosirmione.com\/wp-content\/uploads\/2024\/01\/sala-colazioni-2-3000-300x200.jpg 300w, https:\/\/www.smeraldosirmione.com\/wp-content\/uploads\/2024\/01\/sala-colazioni-2-3000-768x512.jpg 768w\" sizes=\"auto, (max-width: 1024px) 100vw, 1024px\" \/><\/figure>\n\n\n\n<figure class=\"wp-block-image size-large\"><img loading=\"lazy\" decoding=\"async\" width=\"1024\" height=\"683\" src=\"https:\/\/www.smeraldosirmione.com\/wp-content\/uploads\/2024\/01\/sala-colazioni-1-3000-1024x683.jpg\" alt=\"\" class=\"wp-image-2622\" srcset=\"https:\/\/www.smeraldosirmione.com\/wp-content\/uploads\/2024\/01\/sala-colazioni-1-3000-1024x683.jpg 1024w, https:\/\/www.smeraldosirmione.com\/wp-content\/uploads\/2024\/01\/sala-colazioni-1-3000-2048x1365.jpg 2048w, https:\/\/www.smeraldosirmione.com\/wp-content\/uploads\/2024\/01\/sala-colazioni-1-3000-1536x1024.jpg 1536w, https:\/\/www.smeraldosirmione.com\/wp-content\/uploads\/2024\/01\/sala-colazioni-1-3000-300x200.jpg 300w, https:\/\/www.smeraldosirmione.com\/wp-content\/uploads\/2024\/01\/sala-colazioni-1-3000-768x512.jpg 768w\" sizes=\"auto, (max-width: 1024px) 100vw, 1024px\" \/><\/figure>\n\n\n\n<h4 class=\"wp-block-heading has-text-align-center\"><a href=\"https:\/\/www.smeraldosirmione.com\/wp-content\/uploads\/2014\/12\/hotel-Smeraldo-colazioni-buffet-4r.jpg\"><img loading=\"lazy\" decoding=\"async\" width=\"150\" height=\"150\" class=\"alignnone size-thumbnail wp-image-611\" src=\"https:\/\/www.smeraldosirmione.com\/wp-content\/uploads\/2014\/12\/hotel-Smeraldo-colazioni-buffet-4r-150x150.jpg\" alt=\"hotel-Smeraldo-colazioni-buffet\"><\/a> <a href=\"https:\/\/www.smeraldosirmione.com\/wp-content\/uploads\/2014\/12\/hotel-Smeraldo-colazioni-buffet-3r.jpg\"><img loading=\"lazy\" decoding=\"async\" width=\"150\" height=\"150\" class=\"alignnone size-thumbnail wp-image-610\" src=\"https:\/\/www.smeraldosirmione.com\/wp-content\/uploads\/2014\/12\/hotel-Smeraldo-colazioni-buffet-3r-150x150.jpg\" alt=\"hotel-Smeraldo-colazioni-buffet\"><\/a> <\/h4>\n\n\n\n<h4 class=\"wp-block-heading\">das Restaurant Canneto<\/h4>\n\n\n\n<p>Das Abendessen, die Halbpension und\/oder das Mittagessen werden im angeschlossenen Restaurant Canneto angeboten, das sich vor dem Hotel befindet, einen gro\u00dfen Garten \u00fcberblickt und einen weiten Panoramablick auf den See mit der M\u00f6glichkeit zum Essen im Freien genie\u00dft. Es bietet \u00c0-la-carte-Men\u00fcs mit frischen Meeresfischspezialit\u00e4ten und Weinen aus der Gardaseeregion; Auf Reservierung sind vegetarische, glutenfreie und Gerichte zum Mitnehmen m\u00f6glich. KEINE VEGANER. Die Halbpension ist f\u00fcr Buchungen von mindestens drei\/vier N\u00e4chten reserviert.<\/p>\n","protected":false},"excerpt":{"rendered":"<p>Essen im Hotel Smeraldo, Fr\u00fchst\u00fccksbuffet, Mittag- und Abendessen,&nbsp;Gluten-frei Fr\u00fchst\u00fccksbuffet Zum Fr\u00fchst\u00fcck erwartet [&hellip;]<\/p>\n","protected":false},"author":3,"featured_media":0,"parent":0,"menu_order":108,"comment_status":"closed","ping_status":"closed","template":"","meta":{"_acf_changed":false,"footnotes":""},"class_list":["post-201","page","type-page","status-publish","hentry"],"acf":[],"yoast_head":"<!-- This site is optimized with the Yoast SEO plugin v27.5 - https:\/\/yoast.com\/product\/yoast-seo-wordpress\/ -->\n<title>Essen im Hotel Smeraldo in Sirmione am Gardasee<\/title>\n<meta name=\"description\" content=\"Essen im Hotel Smeraldo, Fr\u00fchst\u00fccksbuffet, Mittag- und Abendessen, ein Raum offen und hell Start in den Tag\" \/>\n<meta name=\"robots\" content=\"index, follow, max-snippet:-1, max-image-preview:large, max-video-preview:-1\" \/>\n<link rel=\"canonical\" href=\"https:\/\/www.smeraldosirmione.com\/de\/essen-im-hotel\/\" \/>\n<meta property=\"og:locale\" content=\"de_DE\" \/>\n<meta property=\"og:type\" content=\"article\" \/>\n<meta property=\"og:title\" content=\"Essen im Hotel Smeraldo in Sirmione am Gardasee\" \/>\n<meta property=\"og:description\" content=\"Essen im Hotel Smeraldo, Fr\u00fchst\u00fccksbuffet, Mittag- und Abendessen, ein Raum offen und hell Start in den Tag\" \/>\n<meta property=\"og:url\" content=\"https:\/\/www.smeraldosirmione.com\/de\/essen-im-hotel\/\" \/>\n<meta property=\"og:site_name\" content=\"Hotel Smeraldo\" \/>\n<meta property=\"article:modified_time\" content=\"2026-04-18T11:32:55+00:00\" \/>\n<meta property=\"og:image\" content=\"https:\/\/www.smeraldosirmione.com\/wp-content\/uploads\/2024\/01\/sala-colazioni-2-3000-scaled.jpg\" \/>\n\t<meta property=\"og:image:width\" content=\"2560\" \/>\n\t<meta property=\"og:image:height\" content=\"1707\" \/>\n\t<meta property=\"og:image:type\" content=\"image\/jpeg\" \/>\n<meta name=\"twitter:label1\" content=\"Gesch\u00e4tzte Lesezeit\" \/>\n\t<meta name=\"twitter:data1\" content=\"2\u00a0Minuten\" \/>\n<script type=\"application\/ld+json\" class=\"yoast-schema-graph\">{\"@context\":\"https:\\\/\\\/schema.org\",\"@graph\":[{\"@type\":\"WebPage\",\"@id\":\"https:\\\/\\\/www.smeraldosirmione.com\\\/de\\\/essen-im-hotel\\\/\",\"url\":\"https:\\\/\\\/www.smeraldosirmione.com\\\/de\\\/essen-im-hotel\\\/\",\"name\":\"Essen im Hotel Smeraldo in Sirmione am Gardasee\",\"isPartOf\":{\"@id\":\"https:\\\/\\\/www.smeraldosirmione.com\\\/#website\"},\"primaryImageOfPage\":{\"@id\":\"https:\\\/\\\/www.smeraldosirmione.com\\\/de\\\/essen-im-hotel\\\/#primaryimage\"},\"image\":{\"@id\":\"https:\\\/\\\/www.smeraldosirmione.com\\\/de\\\/essen-im-hotel\\\/#primaryimage\"},\"thumbnailUrl\":\"https:\\\/\\\/www.smeraldosirmione.com\\\/wp-content\\\/uploads\\\/2024\\\/01\\\/sala-colazioni-2-3000-1024x683.jpg\",\"datePublished\":\"2015-02-23T05:36:03+00:00\",\"dateModified\":\"2026-04-18T11:32:55+00:00\",\"description\":\"Essen im Hotel Smeraldo, Fr\u00fchst\u00fccksbuffet, Mittag- und Abendessen, ein Raum offen und hell Start in den Tag\",\"breadcrumb\":{\"@id\":\"https:\\\/\\\/www.smeraldosirmione.com\\\/de\\\/essen-im-hotel\\\/#breadcrumb\"},\"inLanguage\":\"de\",\"potentialAction\":[{\"@type\":\"ReadAction\",\"target\":[\"https:\\\/\\\/www.smeraldosirmione.com\\\/de\\\/essen-im-hotel\\\/\"]}]},{\"@type\":\"ImageObject\",\"inLanguage\":\"de\",\"@id\":\"https:\\\/\\\/www.smeraldosirmione.com\\\/de\\\/essen-im-hotel\\\/#primaryimage\",\"url\":\"https:\\\/\\\/www.smeraldosirmione.com\\\/wp-content\\\/uploads\\\/2024\\\/01\\\/sala-colazioni-2-3000-1024x683.jpg\",\"contentUrl\":\"https:\\\/\\\/www.smeraldosirmione.com\\\/wp-content\\\/uploads\\\/2024\\\/01\\\/sala-colazioni-2-3000-1024x683.jpg\"},{\"@type\":\"BreadcrumbList\",\"@id\":\"https:\\\/\\\/www.smeraldosirmione.com\\\/de\\\/essen-im-hotel\\\/#breadcrumb\",\"itemListElement\":[{\"@type\":\"ListItem\",\"position\":1,\"name\":\"Home\",\"item\":\"https:\\\/\\\/www.smeraldosirmione.com\\\/de\\\/\"},{\"@type\":\"ListItem\",\"position\":2,\"name\":\"Essen im Hotel\"}]},{\"@type\":\"WebSite\",\"@id\":\"https:\\\/\\\/www.smeraldosirmione.com\\\/#website\",\"url\":\"https:\\\/\\\/www.smeraldosirmione.com\\\/\",\"name\":\"Hotel Smeraldo\",\"description\":\"Sirmione Hotel im Herzen des Gardasees\",\"potentialAction\":[{\"@type\":\"SearchAction\",\"target\":{\"@type\":\"EntryPoint\",\"urlTemplate\":\"https:\\\/\\\/www.smeraldosirmione.com\\\/?s={search_term_string}\"},\"query-input\":{\"@type\":\"PropertyValueSpecification\",\"valueRequired\":true,\"valueName\":\"search_term_string\"}}],\"inLanguage\":\"de\"}]}<\/script>\n<!-- \/ Yoast SEO plugin. -->","yoast_head_json":{"title":"Essen im Hotel Smeraldo in Sirmione am Gardasee","description":"Essen im Hotel Smeraldo, Fr\u00fchst\u00fccksbuffet, Mittag- und Abendessen, ein Raum offen und hell Start in den Tag","robots":{"index":"index","follow":"follow","max-snippet":"max-snippet:-1","max-image-preview":"max-image-preview:large","max-video-preview":"max-video-preview:-1"},"canonical":"https:\/\/www.smeraldosirmione.com\/de\/essen-im-hotel\/","og_locale":"de_DE","og_type":"article","og_title":"Essen im Hotel Smeraldo in Sirmione am Gardasee","og_description":"Essen im Hotel Smeraldo, Fr\u00fchst\u00fccksbuffet, Mittag- und Abendessen, ein Raum offen und hell Start in den Tag","og_url":"https:\/\/www.smeraldosirmione.com\/de\/essen-im-hotel\/","og_site_name":"Hotel Smeraldo","article_modified_time":"2026-04-18T11:32:55+00:00","og_image":[{"width":2560,"height":1707,"url":"https:\/\/www.smeraldosirmione.com\/wp-content\/uploads\/2024\/01\/sala-colazioni-2-3000-scaled.jpg","type":"image\/jpeg"}],"twitter_misc":{"Gesch\u00e4tzte Lesezeit":"2\u00a0Minuten"},"schema":{"@context":"https:\/\/schema.org","@graph":[{"@type":"WebPage","@id":"https:\/\/www.smeraldosirmione.com\/de\/essen-im-hotel\/","url":"https:\/\/www.smeraldosirmione.com\/de\/essen-im-hotel\/","name":"Essen im Hotel Smeraldo in Sirmione am Gardasee","isPartOf":{"@id":"https:\/\/www.smeraldosirmione.com\/#website"},"primaryImageOfPage":{"@id":"https:\/\/www.smeraldosirmione.com\/de\/essen-im-hotel\/#primaryimage"},"image":{"@id":"https:\/\/www.smeraldosirmione.com\/de\/essen-im-hotel\/#primaryimage"},"thumbnailUrl":"https:\/\/www.smeraldosirmione.com\/wp-content\/uploads\/2024\/01\/sala-colazioni-2-3000-1024x683.jpg","datePublished":"2015-02-23T05:36:03+00:00","dateModified":"2026-04-18T11:32:55+00:00","description":"Essen im Hotel Smeraldo, Fr\u00fchst\u00fccksbuffet, Mittag- und Abendessen, ein Raum offen und hell Start in den Tag","breadcrumb":{"@id":"https:\/\/www.smeraldosirmione.com\/de\/essen-im-hotel\/#breadcrumb"},"inLanguage":"de","potentialAction":[{"@type":"ReadAction","target":["https:\/\/www.smeraldosirmione.com\/de\/essen-im-hotel\/"]}]},{"@type":"ImageObject","inLanguage":"de","@id":"https:\/\/www.smeraldosirmione.com\/de\/essen-im-hotel\/#primaryimage","url":"https:\/\/www.smeraldosirmione.com\/wp-content\/uploads\/2024\/01\/sala-colazioni-2-3000-1024x683.jpg","contentUrl":"https:\/\/www.smeraldosirmione.com\/wp-content\/uploads\/2024\/01\/sala-colazioni-2-3000-1024x683.jpg"},{"@type":"BreadcrumbList","@id":"https:\/\/www.smeraldosirmione.com\/de\/essen-im-hotel\/#breadcrumb","itemListElement":[{"@type":"ListItem","position":1,"name":"Home","item":"https:\/\/www.smeraldosirmione.com\/de\/"},{"@type":"ListItem","position":2,"name":"Essen im Hotel"}]},{"@type":"WebSite","@id":"https:\/\/www.smeraldosirmione.com\/#website","url":"https:\/\/www.smeraldosirmione.com\/","name":"Hotel Smeraldo","description":"Sirmione Hotel im Herzen des Gardasees","potentialAction":[{"@type":"SearchAction","target":{"@type":"EntryPoint","urlTemplate":"https:\/\/www.smeraldosirmione.com\/?s={search_term_string}"},"query-input":{"@type":"PropertyValueSpecification","valueRequired":true,"valueName":"search_term_string"}}],"inLanguage":"de"}]}},"_links":{"self":[{"href":"https:\/\/www.smeraldosirmione.com\/de\/wp-json\/wp\/v2\/pages\/201","targetHints":{"allow":["GET"]}}],"collection":[{"href":"https:\/\/www.smeraldosirmione.com\/de\/wp-json\/wp\/v2\/pages"}],"about":[{"href":"https:\/\/www.smeraldosirmione.com\/de\/wp-json\/wp\/v2\/types\/page"}],"author":[{"embeddable":true,"href":"https:\/\/www.smeraldosirmione.com\/de\/wp-json\/wp\/v2\/users\/3"}],"replies":[{"embeddable":true,"href":"https:\/\/www.smeraldosirmione.com\/de\/wp-json\/wp\/v2\/comments?post=201"}],"version-history":[{"count":1,"href":"https:\/\/www.smeraldosirmione.com\/de\/wp-json\/wp\/v2\/pages\/201\/revisions"}],"predecessor-version":[{"id":3471,"href":"https:\/\/www.smeraldosirmione.com\/de\/wp-json\/wp\/v2\/pages\/201\/revisions\/3471"}],"wp:attachment":[{"href":"https:\/\/www.smeraldosirmione.com\/de\/wp-json\/wp\/v2\/media?parent=201"}],"curies":[{"name":"wp","href":"https:\/\/api.w.org\/{rel}","templated":true}]}}