{"id":197,"date":"2015-02-23T06:34:28","date_gmt":"2015-02-23T05:34:28","guid":{"rendered":"https:\/\/www.smeraldosirmione.com\/?page_id=197"},"modified":"2025-04-03T12:54:59","modified_gmt":"2025-04-03T10:54:59","slug":"wo-sind-wir","status":"publish","type":"page","link":"https:\/\/www.smeraldosirmione.com\/de\/wo-sind-wir\/","title":{"rendered":"Wo sind wir"},"content":{"rendered":"\n<h2 class=\"wp-block-heading\">Wo sind wir in Sirmione<\/h2>\n\n\n\n<h4 class=\"wp-block-heading\">Hotel Smeraldo in Sirmione ist f\u00fcnf Minuten zu Fu\u00df vom Schloss Scaligero und historischen Zentrum, sind wir in der Verkehrsfl\u00e4che frei, so dass Sie kommen und gehen direkt in das Auto ohne Genehmigung; haben wir eine Parkpl\u00e4tze, so dass Sie Probleme haben.<\/h4>\n\n\n\n<p>Auf 50 Meter vom Hotel entfernt ist die Bushaltestelle und kommunaler Buslinie Brescia-Verona-Brescia in die St\u00e4dte oder Desenzano und Peschiera zu bewegen. Von den Flugh\u00e4fen Mailand Malpensa, Verona Villafranca (Valerio Catullo), Montichiari (Gabriele D&#8217;Annunzio) und Bergamo (Caravaggio) Sie erhalten einige ver\u00e4ndernden Fahrzeugen. Im Folgenden finden Sie detaillierte Anweisungen mit Links zu den offiziellen Webseiten der \u00f6ffentlichen Verkehrsunternehmen.<\/p>\n\n\n\n<p><strong>BUS<\/strong><\/p>\n\n\n\n<p>Die Bushaltestelle am n\u00e4chsten zum Hotel &#8222;Villa Trieste&#8220; 50 Meter, eine nur weiter entfernt ist &#8222;Sirmione Zentrum&#8220; 500 mt. Wir halten die folgenden Zeilen:<\/p>\n\n\n\n<p><strong>Die blaue Linie:<\/strong> verbindet Sirmione mit der Stadt ist blau f\u00fcr die Verona-Brescia-Verona, ist die Frequenz fast st\u00fcndlich in der Saison, in der Nebensaison Zeiten werden reduziert.<\/p>\n\n\n\n<p><strong>Gelbe Linie:<\/strong> f\u00fcr Reisen innerhalb der Stadt, es verwendet wird, um zwischen Sirmione entfernt und den D\u00f6rfern von Colombare, Lugana, Rovizza bewegen.<\/p>\n\n\n\n<p><strong>Link:<\/strong> <span style=\"color: #0000ff;\"><a style=\"color: #0000ff;\" href=\"http:\/\/www.arriva.it\/en\/results\/-\/search?q=orari+brescia+verona&amp;redirecting=true&amp;freesearch=true\" target=\"_blank\" rel=\"noopener\">Fahrplan blaue Linie Verona-Brescia-Verona<\/a><\/span><\/p>\n\n\n\n<p><strong>BAHN<\/strong><\/p>\n\n\n\n<p>Auf der Mailand-Venedig, ist die Bushaltestelle der n\u00e4chste Bahnhof von <strong>Desenzano<\/strong> oder <strong>Peschiera<\/strong> sind beide etwa 8 km entfernt und kann mit dem Bus (blaue Linie Verona-Brescia-Verona) erreicht werden oder mit dem Taxi (Kosten ca. 20 \u20ac *)<\/p>\n\n\n\n<p><strong>Link:<\/strong>&nbsp;<span style=\"color: #0000ff;\"><a style=\"color: #0000ff;\" href=\"http:\/\/www.trenitalia.com\/tcom-de\" target=\"_blank\" rel=\"noopener\">Site Trenitalia<\/a><\/span><\/p>\n\n\n\n<p><strong>FLUGH\u00c4FEN<\/strong><\/p>\n\n\n\n<p><strong>Milano Malpensa<\/strong>: nehmen Sie den Bus vom Flughafen zum Hauptbahnhof von Mailand nehmen Sie den Zug bis zum Bahnhof von Desenzano del Garda und dann k\u00f6nnen Sie nach Sirmione mit dem Bus (siehe Anleitung &#8222;Bus&#8220;) oder mit dem Taxi.<\/p>\n\n\n\n<p><strong>Bergamo &#8211; Orio al Serio &#8211; Caravaggio<\/strong>: Mit dem Flughafenbus zum Bahnhof Bergamo mit dem Zug (siehe Anleitung &#8222;trainieren&#8220;) zu Desenzano del Garda, dann k\u00f6nnen Sie nach Sirmione mit dem Bus (siehe Anleitung &#8222;Bus&#8220;) oder mit dem Taxi.<\/p>\n\n\n\n<p><strong>Montichiari &#8211; G. D&#8217;Annunzio:<\/strong> nehmen Sie ein Taxi zur Bushaltestelle direkt vor dem Garda Messegel\u00e4nde in Montichiari (Via Mantova), nehmen Sie den Bus bis in Desenzano Bahnhof zu stoppen, nehmen Sie die blaue Linie Bus nach Sirmione; oder ein Taxi nehmen<\/p>\n\n\n\n<p><strong>Link:<\/strong> <span style=\"color: #0000ff;\"><a style=\"color: #0000ff;\" href=\"http:\/\/www.autostradale.it\/de\/airports\/1\/3\/?lang=1\" target=\"_blank\" rel=\"noopener\">Aerobus (Malpensa-Bahnhof Mailand Hauptbahnhof)<\/a><\/span>&nbsp;&#8211; <span style=\"color: #0000ff;\"><a style=\"color: #0000ff;\" href=\"http:\/\/www.atb.bergamo.it\/ENG\/homepage.aspx\" target=\"_blank\" rel=\"noopener\">Airport Bus (Caravaggio-Bahnhof Bergamo)<\/a><\/span> &#8211; <span style=\"color: #0000ff;\"><a style=\"color: #0000ff;\" href=\"http:\/\/www.arriva.it\/en\/results\/-\/search?q=orari+brescia+verona&amp;redirecting=true&amp;freesearch=true\" target=\"_blank\" rel=\"noopener\">Bus-Leitung Montichiari-Desenzano-Sirmione<\/a><\/span><\/p>\n\n\n\n<p><strong>TAXI<\/strong><\/p>\n\n\n\n<p>Die Standorte der Taxis in Sirmione sind zwei: vor der Burg von Sirmione oder in Colombare Sirmione vor der Zentrale der Banco Popolare<\/p>\n\n\n\n<p>&#8211; Sirmione- Desenzano oder&nbsp;Sirmione-Peschiera : fast&nbsp;\u20ac 20<br>&#8211; Sirmione- Flughafen Verona Villafranca: fast \u20ac 65<br>&#8211; Sirmione- Flughafen Bergamo Orio al Serio :fast \u20ac 150<br>&#8211; Sirmione- Flughafen Milano Malpensa : fast \u20ac 270<\/p>\n\n\n\n<p>Unten die Karte, um nach Sirmione mit dem Auto<\/p>\n","protected":false},"excerpt":{"rendered":"<p>Wo sind wir in Sirmione Hotel Smeraldo in Sirmione ist f\u00fcnf Minuten [&hellip;]<\/p>\n","protected":false},"author":3,"featured_media":2809,"parent":0,"menu_order":82,"comment_status":"open","ping_status":"closed","template":"template-contatti.php","meta":{"_acf_changed":false,"footnotes":""},"class_list":["post-197","page","type-page","status-publish","has-post-thumbnail","hentry"],"acf":[],"yoast_head":"<!-- This site is optimized with the Yoast SEO plugin v27.3 - https:\/\/yoast.com\/product\/yoast-seo-wordpress\/ -->\n<title>Wo sind wir in Sirmione | Gardasee | Hotel Smeraldo<\/title>\n<meta name=\"robots\" content=\"index, follow, max-snippet:-1, max-image-preview:large, max-video-preview:-1\" \/>\n<link rel=\"canonical\" href=\"https:\/\/www.smeraldosirmione.com\/de\/wo-sind-wir\/\" \/>\n<meta property=\"og:locale\" content=\"de_DE\" \/>\n<meta property=\"og:type\" content=\"article\" \/>\n<meta property=\"og:title\" content=\"Wo sind wir in Sirmione | Gardasee | Hotel Smeraldo\" \/>\n<meta property=\"og:description\" content=\"Wo sind wir in Sirmione Hotel Smeraldo in Sirmione ist f\u00fcnf Minuten [&hellip;]\" \/>\n<meta property=\"og:url\" content=\"https:\/\/www.smeraldosirmione.com\/de\/wo-sind-wir\/\" \/>\n<meta property=\"og:site_name\" content=\"Hotel Smeraldo\" \/>\n<meta property=\"article:modified_time\" content=\"2025-04-03T10:54:59+00:00\" \/>\n<meta name=\"twitter:label1\" content=\"Gesch\u00e4tzte Lesezeit\" \/>\n\t<meta name=\"twitter:data1\" content=\"3\u00a0Minuten\" \/>\n<script type=\"application\/ld+json\" class=\"yoast-schema-graph\">{\"@context\":\"https:\\\/\\\/schema.org\",\"@graph\":[{\"@type\":\"WebPage\",\"@id\":\"https:\\\/\\\/www.smeraldosirmione.com\\\/de\\\/wo-sind-wir\\\/\",\"url\":\"https:\\\/\\\/www.smeraldosirmione.com\\\/de\\\/wo-sind-wir\\\/\",\"name\":\"Wo sind wir in Sirmione | Gardasee | Hotel Smeraldo\",\"isPartOf\":{\"@id\":\"https:\\\/\\\/www.smeraldosirmione.com\\\/#website\"},\"primaryImageOfPage\":{\"@id\":\"https:\\\/\\\/www.smeraldosirmione.com\\\/de\\\/wo-sind-wir\\\/#primaryimage\"},\"image\":{\"@id\":\"https:\\\/\\\/www.smeraldosirmione.com\\\/de\\\/wo-sind-wir\\\/#primaryimage\"},\"thumbnailUrl\":\"https:\\\/\\\/www.smeraldosirmione.com\\\/wp-content\\\/uploads\\\/2024\\\/01\\\/panoramica-DJI_0194-3000-FRECCIA-scaled.jpg\",\"datePublished\":\"2015-02-23T05:34:28+00:00\",\"dateModified\":\"2025-04-03T10:54:59+00:00\",\"breadcrumb\":{\"@id\":\"https:\\\/\\\/www.smeraldosirmione.com\\\/de\\\/wo-sind-wir\\\/#breadcrumb\"},\"inLanguage\":\"de\",\"potentialAction\":[{\"@type\":\"ReadAction\",\"target\":[\"https:\\\/\\\/www.smeraldosirmione.com\\\/de\\\/wo-sind-wir\\\/\"]}]},{\"@type\":\"ImageObject\",\"inLanguage\":\"de\",\"@id\":\"https:\\\/\\\/www.smeraldosirmione.com\\\/de\\\/wo-sind-wir\\\/#primaryimage\",\"url\":\"https:\\\/\\\/www.smeraldosirmione.com\\\/wp-content\\\/uploads\\\/2024\\\/01\\\/panoramica-DJI_0194-3000-FRECCIA-scaled.jpg\",\"contentUrl\":\"https:\\\/\\\/www.smeraldosirmione.com\\\/wp-content\\\/uploads\\\/2024\\\/01\\\/panoramica-DJI_0194-3000-FRECCIA-scaled.jpg\",\"width\":2560,\"height\":1920,\"caption\":\"DCIM100MEDIADJI_0194.JPG\"},{\"@type\":\"BreadcrumbList\",\"@id\":\"https:\\\/\\\/www.smeraldosirmione.com\\\/de\\\/wo-sind-wir\\\/#breadcrumb\",\"itemListElement\":[{\"@type\":\"ListItem\",\"position\":1,\"name\":\"Home\",\"item\":\"https:\\\/\\\/www.smeraldosirmione.com\\\/de\\\/\"},{\"@type\":\"ListItem\",\"position\":2,\"name\":\"Wo sind wir\"}]},{\"@type\":\"WebSite\",\"@id\":\"https:\\\/\\\/www.smeraldosirmione.com\\\/#website\",\"url\":\"https:\\\/\\\/www.smeraldosirmione.com\\\/\",\"name\":\"Hotel Smeraldo\",\"description\":\"Sirmione Hotel im Herzen des Gardasees\",\"potentialAction\":[{\"@type\":\"SearchAction\",\"target\":{\"@type\":\"EntryPoint\",\"urlTemplate\":\"https:\\\/\\\/www.smeraldosirmione.com\\\/?s={search_term_string}\"},\"query-input\":{\"@type\":\"PropertyValueSpecification\",\"valueRequired\":true,\"valueName\":\"search_term_string\"}}],\"inLanguage\":\"de\"}]}<\/script>\n<!-- \/ Yoast SEO plugin. -->","yoast_head_json":{"title":"Wo sind wir in Sirmione | Gardasee | Hotel Smeraldo","robots":{"index":"index","follow":"follow","max-snippet":"max-snippet:-1","max-image-preview":"max-image-preview:large","max-video-preview":"max-video-preview:-1"},"canonical":"https:\/\/www.smeraldosirmione.com\/de\/wo-sind-wir\/","og_locale":"de_DE","og_type":"article","og_title":"Wo sind wir in Sirmione | Gardasee | Hotel Smeraldo","og_description":"Wo sind wir in Sirmione Hotel Smeraldo in Sirmione ist f\u00fcnf Minuten [&hellip;]","og_url":"https:\/\/www.smeraldosirmione.com\/de\/wo-sind-wir\/","og_site_name":"Hotel Smeraldo","article_modified_time":"2025-04-03T10:54:59+00:00","twitter_misc":{"Gesch\u00e4tzte Lesezeit":"3\u00a0Minuten"},"schema":{"@context":"https:\/\/schema.org","@graph":[{"@type":"WebPage","@id":"https:\/\/www.smeraldosirmione.com\/de\/wo-sind-wir\/","url":"https:\/\/www.smeraldosirmione.com\/de\/wo-sind-wir\/","name":"Wo sind wir in Sirmione | Gardasee | Hotel Smeraldo","isPartOf":{"@id":"https:\/\/www.smeraldosirmione.com\/#website"},"primaryImageOfPage":{"@id":"https:\/\/www.smeraldosirmione.com\/de\/wo-sind-wir\/#primaryimage"},"image":{"@id":"https:\/\/www.smeraldosirmione.com\/de\/wo-sind-wir\/#primaryimage"},"thumbnailUrl":"https:\/\/www.smeraldosirmione.com\/wp-content\/uploads\/2024\/01\/panoramica-DJI_0194-3000-FRECCIA-scaled.jpg","datePublished":"2015-02-23T05:34:28+00:00","dateModified":"2025-04-03T10:54:59+00:00","breadcrumb":{"@id":"https:\/\/www.smeraldosirmione.com\/de\/wo-sind-wir\/#breadcrumb"},"inLanguage":"de","potentialAction":[{"@type":"ReadAction","target":["https:\/\/www.smeraldosirmione.com\/de\/wo-sind-wir\/"]}]},{"@type":"ImageObject","inLanguage":"de","@id":"https:\/\/www.smeraldosirmione.com\/de\/wo-sind-wir\/#primaryimage","url":"https:\/\/www.smeraldosirmione.com\/wp-content\/uploads\/2024\/01\/panoramica-DJI_0194-3000-FRECCIA-scaled.jpg","contentUrl":"https:\/\/www.smeraldosirmione.com\/wp-content\/uploads\/2024\/01\/panoramica-DJI_0194-3000-FRECCIA-scaled.jpg","width":2560,"height":1920,"caption":"DCIM100MEDIADJI_0194.JPG"},{"@type":"BreadcrumbList","@id":"https:\/\/www.smeraldosirmione.com\/de\/wo-sind-wir\/#breadcrumb","itemListElement":[{"@type":"ListItem","position":1,"name":"Home","item":"https:\/\/www.smeraldosirmione.com\/de\/"},{"@type":"ListItem","position":2,"name":"Wo sind wir"}]},{"@type":"WebSite","@id":"https:\/\/www.smeraldosirmione.com\/#website","url":"https:\/\/www.smeraldosirmione.com\/","name":"Hotel Smeraldo","description":"Sirmione Hotel im Herzen des Gardasees","potentialAction":[{"@type":"SearchAction","target":{"@type":"EntryPoint","urlTemplate":"https:\/\/www.smeraldosirmione.com\/?s={search_term_string}"},"query-input":{"@type":"PropertyValueSpecification","valueRequired":true,"valueName":"search_term_string"}}],"inLanguage":"de"}]}},"_links":{"self":[{"href":"https:\/\/www.smeraldosirmione.com\/de\/wp-json\/wp\/v2\/pages\/197","targetHints":{"allow":["GET"]}}],"collection":[{"href":"https:\/\/www.smeraldosirmione.com\/de\/wp-json\/wp\/v2\/pages"}],"about":[{"href":"https:\/\/www.smeraldosirmione.com\/de\/wp-json\/wp\/v2\/types\/page"}],"author":[{"embeddable":true,"href":"https:\/\/www.smeraldosirmione.com\/de\/wp-json\/wp\/v2\/users\/3"}],"replies":[{"embeddable":true,"href":"https:\/\/www.smeraldosirmione.com\/de\/wp-json\/wp\/v2\/comments?post=197"}],"version-history":[{"count":0,"href":"https:\/\/www.smeraldosirmione.com\/de\/wp-json\/wp\/v2\/pages\/197\/revisions"}],"wp:featuredmedia":[{"embeddable":true,"href":"https:\/\/www.smeraldosirmione.com\/de\/wp-json\/wp\/v2\/media\/2809"}],"wp:attachment":[{"href":"https:\/\/www.smeraldosirmione.com\/de\/wp-json\/wp\/v2\/media?parent=197"}],"curies":[{"name":"wp","href":"https:\/\/api.w.org\/{rel}","templated":true}]}}