{"id":195,"date":"2015-02-23T06:33:50","date_gmt":"2015-02-23T05:33:50","guid":{"rendered":"https:\/\/www.smeraldosirmione.com\/?page_id=195"},"modified":"2025-07-18T12:29:49","modified_gmt":"2025-07-18T10:29:49","slug":"hotel-smeraldo","status":"publish","type":"page","link":"https:\/\/www.smeraldosirmione.com\/de\/hotel-smeraldo\/","title":{"rendered":"Hotel Smeraldo"},"content":{"rendered":"\n<h4 class=\"wp-block-heading\">Hotel Smeraldo in Sirmione, in der N\u00e4he der Altstadt, mit Garten am See, eigener Parkplatz.<\/h4>\n\n\n\n<p>Wir befinden uns auf der Hauptstra\u00dfe in die Burg und die Altstadt von Sirmione zu gehen, wir sind auf der rechten Seite k\u00f6nnen Sie ganz einfach im Auto ohne Erlaubnis zu bekommen; ruhiges Hotel, mit einem sch\u00f6nen Garten am See auf der \u00f6stlichen Seite der Halbinsel, nach Peschiera del Garda. <\/p>\n\n\n\n<h3 class=\"wp-block-heading\">Hotel-Dienstleistungen, Dienstleistungen f\u00fcr Radfahrer<\/h3>\n\n\n\n<p>Restaurant im Hotel La Paul (gegen\u00fcber) &#8211; Kostenloser Wifi in den \u00f6ffentlichen Bereichen und G\u00e4stezimmer &#8211; Reservation Auto mit \/ ohne Chauffeur * &#8211; Hotel-Buchung Transfer zum \/ vom Flughafen * &#8211; Tickets Arena di Verona und Theater &#8211; Booking-Tour auf dem Gardasee und dem Haupt Destinationen Norditalien &#8211; Kleine freie Bibliothek zur Verf\u00fcgung &#8211; W\u00e4scheservice Hotels innen und B\u00fcgel in 24h &#8211; Lunchpakete f\u00fcr Ihre Tage in den Parks &#8211; Fahrr\u00e4der (siehe Hotel-Dienstleistungen f\u00fcr Radfahrer) &#8211; Garten am See mit Liegest\u00fchlen &#8211; Badet\u00fccher Free &#8211; Kleine Auswahl an Zeitungen und Zeitschriften &#8211; Kinderbetten &#8211; Hochst\u00fchle <\/p>\n\n\n\n<figure class=\"wp-block-image size-large\"><img loading=\"lazy\" decoding=\"async\" width=\"1024\" height=\"768\" src=\"https:\/\/www.smeraldosirmione.com\/wp-content\/uploads\/2024\/05\/Smeraldo-web-1024x768.gif\" alt=\"Hotel Smeraldo Sirmione\" class=\"wp-image-3168\" srcset=\"https:\/\/www.smeraldosirmione.com\/wp-content\/uploads\/2024\/05\/Smeraldo-web-1024x768.gif 1024w, https:\/\/www.smeraldosirmione.com\/wp-content\/uploads\/2024\/05\/Smeraldo-web-800x600.gif 800w, https:\/\/www.smeraldosirmione.com\/wp-content\/uploads\/2024\/05\/Smeraldo-web-1536x1152.gif 1536w, https:\/\/www.smeraldosirmione.com\/wp-content\/uploads\/2024\/05\/Smeraldo-web-300x225.gif 300w, https:\/\/www.smeraldosirmione.com\/wp-content\/uploads\/2024\/05\/Smeraldo-web-768x576.gif 768w\" sizes=\"auto, (max-width: 1024px) 100vw, 1024px\" \/><\/figure>\n","protected":false},"excerpt":{"rendered":"<p>Hotel Smeraldo in Sirmione, in der N\u00e4he der Altstadt, mit Garten am [&hellip;]<\/p>\n","protected":false},"author":3,"featured_media":0,"parent":0,"menu_order":63,"comment_status":"closed","ping_status":"closed","template":"","meta":{"_acf_changed":false,"footnotes":""},"class_list":["post-195","page","type-page","status-publish","hentry"],"acf":[],"yoast_head":"<!-- This site is optimized with the Yoast SEO plugin v27.4 - https:\/\/yoast.com\/product\/yoast-seo-wordpress\/ -->\n<title>Hotel Smeraldo - Sirmione - OFFIZIELLE WEBSEITE<\/title>\n<meta name=\"description\" content=\"Hotel Smeraldo in Sirmione, nahe dem historischen Zentrum, mit Parkplatz und Garten am Gardasee - OFFIZIELLE WEBSEITE DIE BESTENPREISE\" \/>\n<meta name=\"robots\" content=\"index, follow, max-snippet:-1, max-image-preview:large, max-video-preview:-1\" \/>\n<link rel=\"canonical\" href=\"https:\/\/www.smeraldosirmione.com\/de\/hotel-smeraldo\/\" \/>\n<meta property=\"og:locale\" content=\"de_DE\" \/>\n<meta property=\"og:type\" content=\"article\" \/>\n<meta property=\"og:title\" content=\"Hotel Smeraldo - Sirmione - OFFIZIELLE WEBSEITE\" \/>\n<meta property=\"og:description\" content=\"Hotel Smeraldo in Sirmione, nahe dem historischen Zentrum, mit Parkplatz und Garten am Gardasee - OFFIZIELLE WEBSEITE DIE BESTENPREISE\" \/>\n<meta property=\"og:url\" content=\"https:\/\/www.smeraldosirmione.com\/de\/hotel-smeraldo\/\" \/>\n<meta property=\"og:site_name\" content=\"Hotel Smeraldo\" \/>\n<meta property=\"article:modified_time\" content=\"2025-07-18T10:29:49+00:00\" \/>\n<meta property=\"og:image\" content=\"https:\/\/www.smeraldosirmione.com\/wp-content\/uploads\/2024\/05\/Smeraldo-web.gif\" \/>\n\t<meta property=\"og:image:width\" content=\"2000\" \/>\n\t<meta property=\"og:image:height\" content=\"1500\" \/>\n\t<meta property=\"og:image:type\" content=\"image\/gif\" \/>\n<meta name=\"twitter:label1\" content=\"Gesch\u00e4tzte Lesezeit\" \/>\n\t<meta name=\"twitter:data1\" content=\"2\u00a0Minuten\" \/>\n<script type=\"application\/ld+json\" class=\"yoast-schema-graph\">{\"@context\":\"https:\\\/\\\/schema.org\",\"@graph\":[{\"@type\":\"WebPage\",\"@id\":\"https:\\\/\\\/www.smeraldosirmione.com\\\/de\\\/hotel-smeraldo\\\/\",\"url\":\"https:\\\/\\\/www.smeraldosirmione.com\\\/de\\\/hotel-smeraldo\\\/\",\"name\":\"Hotel Smeraldo - Sirmione - OFFIZIELLE WEBSEITE\",\"isPartOf\":{\"@id\":\"https:\\\/\\\/www.smeraldosirmione.com\\\/#website\"},\"primaryImageOfPage\":{\"@id\":\"https:\\\/\\\/www.smeraldosirmione.com\\\/de\\\/hotel-smeraldo\\\/#primaryimage\"},\"image\":{\"@id\":\"https:\\\/\\\/www.smeraldosirmione.com\\\/de\\\/hotel-smeraldo\\\/#primaryimage\"},\"thumbnailUrl\":\"https:\\\/\\\/www.smeraldosirmione.com\\\/wp-content\\\/uploads\\\/2024\\\/05\\\/Smeraldo-web-1024x768.gif\",\"datePublished\":\"2015-02-23T05:33:50+00:00\",\"dateModified\":\"2025-07-18T10:29:49+00:00\",\"description\":\"Hotel Smeraldo in Sirmione, nahe dem historischen Zentrum, mit Parkplatz und Garten am Gardasee - OFFIZIELLE WEBSEITE DIE BESTENPREISE\",\"breadcrumb\":{\"@id\":\"https:\\\/\\\/www.smeraldosirmione.com\\\/de\\\/hotel-smeraldo\\\/#breadcrumb\"},\"inLanguage\":\"de\",\"potentialAction\":[{\"@type\":\"ReadAction\",\"target\":[\"https:\\\/\\\/www.smeraldosirmione.com\\\/de\\\/hotel-smeraldo\\\/\"]}]},{\"@type\":\"ImageObject\",\"inLanguage\":\"de\",\"@id\":\"https:\\\/\\\/www.smeraldosirmione.com\\\/de\\\/hotel-smeraldo\\\/#primaryimage\",\"url\":\"https:\\\/\\\/www.smeraldosirmione.com\\\/wp-content\\\/uploads\\\/2024\\\/05\\\/Smeraldo-web-1024x768.gif\",\"contentUrl\":\"https:\\\/\\\/www.smeraldosirmione.com\\\/wp-content\\\/uploads\\\/2024\\\/05\\\/Smeraldo-web-1024x768.gif\"},{\"@type\":\"BreadcrumbList\",\"@id\":\"https:\\\/\\\/www.smeraldosirmione.com\\\/de\\\/hotel-smeraldo\\\/#breadcrumb\",\"itemListElement\":[{\"@type\":\"ListItem\",\"position\":1,\"name\":\"Home\",\"item\":\"https:\\\/\\\/www.smeraldosirmione.com\\\/de\\\/\"},{\"@type\":\"ListItem\",\"position\":2,\"name\":\"Hotel Smeraldo\"}]},{\"@type\":\"WebSite\",\"@id\":\"https:\\\/\\\/www.smeraldosirmione.com\\\/#website\",\"url\":\"https:\\\/\\\/www.smeraldosirmione.com\\\/\",\"name\":\"Hotel Smeraldo\",\"description\":\"Sirmione Hotel im Herzen des Gardasees\",\"potentialAction\":[{\"@type\":\"SearchAction\",\"target\":{\"@type\":\"EntryPoint\",\"urlTemplate\":\"https:\\\/\\\/www.smeraldosirmione.com\\\/?s={search_term_string}\"},\"query-input\":{\"@type\":\"PropertyValueSpecification\",\"valueRequired\":true,\"valueName\":\"search_term_string\"}}],\"inLanguage\":\"de\"}]}<\/script>\n<!-- \/ Yoast SEO plugin. -->","yoast_head_json":{"title":"Hotel Smeraldo - Sirmione - OFFIZIELLE WEBSEITE","description":"Hotel Smeraldo in Sirmione, nahe dem historischen Zentrum, mit Parkplatz und Garten am Gardasee - OFFIZIELLE WEBSEITE DIE BESTENPREISE","robots":{"index":"index","follow":"follow","max-snippet":"max-snippet:-1","max-image-preview":"max-image-preview:large","max-video-preview":"max-video-preview:-1"},"canonical":"https:\/\/www.smeraldosirmione.com\/de\/hotel-smeraldo\/","og_locale":"de_DE","og_type":"article","og_title":"Hotel Smeraldo - Sirmione - OFFIZIELLE WEBSEITE","og_description":"Hotel Smeraldo in Sirmione, nahe dem historischen Zentrum, mit Parkplatz und Garten am Gardasee - OFFIZIELLE WEBSEITE DIE BESTENPREISE","og_url":"https:\/\/www.smeraldosirmione.com\/de\/hotel-smeraldo\/","og_site_name":"Hotel Smeraldo","article_modified_time":"2025-07-18T10:29:49+00:00","og_image":[{"width":2000,"height":1500,"url":"https:\/\/www.smeraldosirmione.com\/wp-content\/uploads\/2024\/05\/Smeraldo-web.gif","type":"image\/gif"}],"twitter_misc":{"Gesch\u00e4tzte Lesezeit":"2\u00a0Minuten"},"schema":{"@context":"https:\/\/schema.org","@graph":[{"@type":"WebPage","@id":"https:\/\/www.smeraldosirmione.com\/de\/hotel-smeraldo\/","url":"https:\/\/www.smeraldosirmione.com\/de\/hotel-smeraldo\/","name":"Hotel Smeraldo - Sirmione - OFFIZIELLE WEBSEITE","isPartOf":{"@id":"https:\/\/www.smeraldosirmione.com\/#website"},"primaryImageOfPage":{"@id":"https:\/\/www.smeraldosirmione.com\/de\/hotel-smeraldo\/#primaryimage"},"image":{"@id":"https:\/\/www.smeraldosirmione.com\/de\/hotel-smeraldo\/#primaryimage"},"thumbnailUrl":"https:\/\/www.smeraldosirmione.com\/wp-content\/uploads\/2024\/05\/Smeraldo-web-1024x768.gif","datePublished":"2015-02-23T05:33:50+00:00","dateModified":"2025-07-18T10:29:49+00:00","description":"Hotel Smeraldo in Sirmione, nahe dem historischen Zentrum, mit Parkplatz und Garten am Gardasee - OFFIZIELLE WEBSEITE DIE BESTENPREISE","breadcrumb":{"@id":"https:\/\/www.smeraldosirmione.com\/de\/hotel-smeraldo\/#breadcrumb"},"inLanguage":"de","potentialAction":[{"@type":"ReadAction","target":["https:\/\/www.smeraldosirmione.com\/de\/hotel-smeraldo\/"]}]},{"@type":"ImageObject","inLanguage":"de","@id":"https:\/\/www.smeraldosirmione.com\/de\/hotel-smeraldo\/#primaryimage","url":"https:\/\/www.smeraldosirmione.com\/wp-content\/uploads\/2024\/05\/Smeraldo-web-1024x768.gif","contentUrl":"https:\/\/www.smeraldosirmione.com\/wp-content\/uploads\/2024\/05\/Smeraldo-web-1024x768.gif"},{"@type":"BreadcrumbList","@id":"https:\/\/www.smeraldosirmione.com\/de\/hotel-smeraldo\/#breadcrumb","itemListElement":[{"@type":"ListItem","position":1,"name":"Home","item":"https:\/\/www.smeraldosirmione.com\/de\/"},{"@type":"ListItem","position":2,"name":"Hotel Smeraldo"}]},{"@type":"WebSite","@id":"https:\/\/www.smeraldosirmione.com\/#website","url":"https:\/\/www.smeraldosirmione.com\/","name":"Hotel Smeraldo","description":"Sirmione Hotel im Herzen des Gardasees","potentialAction":[{"@type":"SearchAction","target":{"@type":"EntryPoint","urlTemplate":"https:\/\/www.smeraldosirmione.com\/?s={search_term_string}"},"query-input":{"@type":"PropertyValueSpecification","valueRequired":true,"valueName":"search_term_string"}}],"inLanguage":"de"}]}},"_links":{"self":[{"href":"https:\/\/www.smeraldosirmione.com\/de\/wp-json\/wp\/v2\/pages\/195","targetHints":{"allow":["GET"]}}],"collection":[{"href":"https:\/\/www.smeraldosirmione.com\/de\/wp-json\/wp\/v2\/pages"}],"about":[{"href":"https:\/\/www.smeraldosirmione.com\/de\/wp-json\/wp\/v2\/types\/page"}],"author":[{"embeddable":true,"href":"https:\/\/www.smeraldosirmione.com\/de\/wp-json\/wp\/v2\/users\/3"}],"replies":[{"embeddable":true,"href":"https:\/\/www.smeraldosirmione.com\/de\/wp-json\/wp\/v2\/comments?post=195"}],"version-history":[{"count":0,"href":"https:\/\/www.smeraldosirmione.com\/de\/wp-json\/wp\/v2\/pages\/195\/revisions"}],"wp:attachment":[{"href":"https:\/\/www.smeraldosirmione.com\/de\/wp-json\/wp\/v2\/media?parent=195"}],"curies":[{"name":"wp","href":"https:\/\/api.w.org\/{rel}","templated":true}]}}