{"id":1419,"date":"2016-05-20T06:58:28","date_gmt":"2016-05-20T04:58:28","guid":{"rendered":"https:\/\/www.smeraldosirmione.com\/de\/?page_id=1419"},"modified":"2025-07-18T12:22:47","modified_gmt":"2025-07-18T10:22:47","slug":"hotel-sirmione-gardasee-smeraldo","status":"publish","type":"page","link":"https:\/\/www.smeraldosirmione.com\/de\/hotel-sirmione-gardasee-smeraldo\/","title":{"rendered":"Hotel Sirmione Gardasee Smeraldo"},"content":{"rendered":"\n<h2 class=\"wp-block-heading\">Hotel Sirmione Gardasee Smeraldo ***<\/h2>\n\n\n\n<h3 class=\"wp-block-heading\">Urlaub in Sirmione auf dem See in der N\u00e4he des Altstadt<\/h3>\n\n\n\n<p>Hotel Sirmione Gardasee,\u00a0nur einen kurzen Spaziergang von der Burg mit privatem Garten auf dem See. F\u00fcr einen stressfreien Urlaub im Herzen des Gardasees, bequem den Gardasee und die Mor\u00e4nenh\u00fcgel zu besuchen; finden Sie uns auf der Halbinsel Sirmione nur wenige Schritte von der Altstadt mit ihren voll verkehrsberuhigten Stadtzentrum , k\u00f6nnen wir im Auto leicht zu bekommen, ohne die Notwendigkeit f\u00fcr Genehmigungen und hier haben Sie einen bequemen <strong>privaten Parkplatz<\/strong>. Sirmione und seine Umgebung zur Verf\u00fcgung haben das Hotel kostenlose Fahrr\u00e4der zu besuchen und Sie auch eine Tour zur Verf\u00fcgung Mountainbike mit F\u00fchrer haben einige besondere Orte des Gardasees zu entdecken. Wir haben Zimmer mit sch\u00f6ner Aussicht auf den See oder Familienzimmer , sehr ger\u00e4umig und bestehen aus zwei R\u00e4umen. Das Fr\u00fchst\u00fcck wird serviert s\u00fc\u00dfen und salzigen Buffet in einem hellen, gl\u00e4sernen Raum; gibt es die M\u00f6glichkeit, im restaurant <a href=\"http:\/\/www.hotellapaul.it\/de\/\" target=\"_blank\" rel=\"noopener\">hotel La Paul<\/a>, auf der anderen Seite der Stra\u00dfe, auch spezialisiert auf glutenfreie K\u00fcche zu speisen. KEINE VEGANER<\/p>\n\n\n\n<figure class=\"wp-block-image alignnone wp-image-1275 size-full\"><img loading=\"lazy\" decoding=\"async\" width=\"900\" height=\"298\" src=\"https:\/\/www.smeraldosirmione.com\/wp-content\/uploads\/2014\/12\/hotel-smeraldo-panoramica-1r.jpg\" alt=\"Hotel Sirmione Gardasee Smeraldo ***\" class=\"wp-image-1275\"\/><figcaption class=\"wp-element-caption\">Garten am Gardasee<\/figcaption><\/figure>\n\n\n\n<p><strong>Hoteldienstleistungen<\/strong> : Wifi im Hotel in \u00f6ffentlichen Bereichen und G\u00e4stezimmer &#8211; buchen Mietwagen und \/ oder Auto mit Fahrer * &#8211; Hotel-Buchung Transfer zum \/ vom Flughafen * &#8211; Tickets bestellen Arena di Verona und Theater &#8211; Reservierung Tour am Gardasee und den wichtigsten Zielen Italien Norden &#8211; Kleine freie Bibliothek zur Verf\u00fcgung &#8211; Innen Hotel W\u00e4scherei in 24 Stunden &#8211; Geldwechsel -Dollar \/ Pfund &#8211; Lunchpakete f\u00fcr Ihre Tage in den Parks &#8211; Bike Hotels von Santa Maria kostenfrei (Hotel-Dienstleistungen f\u00fcr Radfahrer sehen) &#8211; Garten vom Freizeitsee mit Sonnenliegen &#8211; kostenlos Strandt\u00fccher &#8211; Kleine Auswahl an Zeitungen und Zeitschriften &#8211; Krippen mit hoher Banken oder Bettschienen &#8211; Hochst\u00fchle und Tischsets <\/p>\n","protected":false},"excerpt":{"rendered":"<p>Hotel Sirmione Gardasee Smeraldo *** Urlaub in Sirmione auf dem See in [&hellip;]<\/p>\n","protected":false},"author":2,"featured_media":0,"parent":0,"menu_order":35,"comment_status":"closed","ping_status":"closed","template":"","meta":{"_acf_changed":false,"footnotes":""},"class_list":["post-1419","page","type-page","status-publish","hentry"],"acf":[],"yoast_head":"<!-- This site is optimized with the Yoast SEO plugin v27.5 - https:\/\/yoast.com\/product\/yoast-seo-wordpress\/ -->\n<title>Hotel Sirmione Gardasee | Hotel Smeraldo ***<\/title>\n<meta name=\"description\" content=\"Hotel Sirmione Gardasee Smeraldo in der N\u00e4he der Burg - die direkte Buchung mit Sofortabzug , Urlaub am Gardasee f\u00fcr Familien, Senioren\" \/>\n<meta name=\"robots\" content=\"index, follow, max-snippet:-1, max-image-preview:large, max-video-preview:-1\" \/>\n<link rel=\"canonical\" href=\"https:\/\/www.smeraldosirmione.com\/de\/hotel-sirmione-gardasee-smeraldo\/\" \/>\n<meta property=\"og:locale\" content=\"de_DE\" \/>\n<meta property=\"og:type\" content=\"article\" \/>\n<meta property=\"og:title\" content=\"Hotel Sirmione Gardasee | Hotel Smeraldo ***\" \/>\n<meta property=\"og:description\" content=\"Hotel Sirmione Gardasee Smeraldo in der N\u00e4he der Burg - die direkte Buchung mit Sofortabzug , Urlaub am Gardasee f\u00fcr Familien, Senioren\" \/>\n<meta property=\"og:url\" content=\"https:\/\/www.smeraldosirmione.com\/de\/hotel-sirmione-gardasee-smeraldo\/\" \/>\n<meta property=\"og:site_name\" content=\"Hotel Smeraldo\" \/>\n<meta property=\"article:modified_time\" content=\"2025-07-18T10:22:47+00:00\" \/>\n<meta property=\"og:image\" content=\"https:\/\/www.smeraldosirmione.com\/wp-content\/uploads\/2014\/12\/hotel-smeraldo-panoramica-1r.jpg\" \/>\n\t<meta property=\"og:image:width\" content=\"900\" \/>\n\t<meta property=\"og:image:height\" content=\"298\" \/>\n\t<meta property=\"og:image:type\" content=\"image\/jpeg\" \/>\n<meta name=\"twitter:label1\" content=\"Gesch\u00e4tzte Lesezeit\" \/>\n\t<meta name=\"twitter:data1\" content=\"2\u00a0Minuten\" \/>\n<script type=\"application\/ld+json\" class=\"yoast-schema-graph\">{\"@context\":\"https:\\\/\\\/schema.org\",\"@graph\":[{\"@type\":\"WebPage\",\"@id\":\"https:\\\/\\\/www.smeraldosirmione.com\\\/de\\\/hotel-sirmione-gardasee-smeraldo\\\/\",\"url\":\"https:\\\/\\\/www.smeraldosirmione.com\\\/de\\\/hotel-sirmione-gardasee-smeraldo\\\/\",\"name\":\"Hotel Sirmione Gardasee | Hotel Smeraldo ***\",\"isPartOf\":{\"@id\":\"https:\\\/\\\/www.smeraldosirmione.com\\\/#website\"},\"primaryImageOfPage\":{\"@id\":\"https:\\\/\\\/www.smeraldosirmione.com\\\/de\\\/hotel-sirmione-gardasee-smeraldo\\\/#primaryimage\"},\"image\":{\"@id\":\"https:\\\/\\\/www.smeraldosirmione.com\\\/de\\\/hotel-sirmione-gardasee-smeraldo\\\/#primaryimage\"},\"thumbnailUrl\":\"https:\\\/\\\/www.smeraldosirmione.com\\\/wp-content\\\/uploads\\\/2014\\\/12\\\/hotel-smeraldo-panoramica-1r.jpg\",\"datePublished\":\"2016-05-20T04:58:28+00:00\",\"dateModified\":\"2025-07-18T10:22:47+00:00\",\"description\":\"Hotel Sirmione Gardasee Smeraldo in der N\u00e4he der Burg - die direkte Buchung mit Sofortabzug , Urlaub am Gardasee f\u00fcr Familien, Senioren\",\"breadcrumb\":{\"@id\":\"https:\\\/\\\/www.smeraldosirmione.com\\\/de\\\/hotel-sirmione-gardasee-smeraldo\\\/#breadcrumb\"},\"inLanguage\":\"de\",\"potentialAction\":[{\"@type\":\"ReadAction\",\"target\":[\"https:\\\/\\\/www.smeraldosirmione.com\\\/de\\\/hotel-sirmione-gardasee-smeraldo\\\/\"]}]},{\"@type\":\"ImageObject\",\"inLanguage\":\"de\",\"@id\":\"https:\\\/\\\/www.smeraldosirmione.com\\\/de\\\/hotel-sirmione-gardasee-smeraldo\\\/#primaryimage\",\"url\":\"https:\\\/\\\/www.smeraldosirmione.com\\\/wp-content\\\/uploads\\\/2014\\\/12\\\/hotel-smeraldo-panoramica-1r.jpg\",\"contentUrl\":\"https:\\\/\\\/www.smeraldosirmione.com\\\/wp-content\\\/uploads\\\/2014\\\/12\\\/hotel-smeraldo-panoramica-1r.jpg\"},{\"@type\":\"BreadcrumbList\",\"@id\":\"https:\\\/\\\/www.smeraldosirmione.com\\\/de\\\/hotel-sirmione-gardasee-smeraldo\\\/#breadcrumb\",\"itemListElement\":[{\"@type\":\"ListItem\",\"position\":1,\"name\":\"Home\",\"item\":\"https:\\\/\\\/www.smeraldosirmione.com\\\/de\\\/\"},{\"@type\":\"ListItem\",\"position\":2,\"name\":\"Hotel Sirmione Gardasee Smeraldo\"}]},{\"@type\":\"WebSite\",\"@id\":\"https:\\\/\\\/www.smeraldosirmione.com\\\/#website\",\"url\":\"https:\\\/\\\/www.smeraldosirmione.com\\\/\",\"name\":\"Hotel Smeraldo\",\"description\":\"Sirmione Hotel im Herzen des Gardasees\",\"potentialAction\":[{\"@type\":\"SearchAction\",\"target\":{\"@type\":\"EntryPoint\",\"urlTemplate\":\"https:\\\/\\\/www.smeraldosirmione.com\\\/?s={search_term_string}\"},\"query-input\":{\"@type\":\"PropertyValueSpecification\",\"valueRequired\":true,\"valueName\":\"search_term_string\"}}],\"inLanguage\":\"de\"}]}<\/script>\n<!-- \/ Yoast SEO plugin. -->","yoast_head_json":{"title":"Hotel Sirmione Gardasee | Hotel Smeraldo ***","description":"Hotel Sirmione Gardasee Smeraldo in der N\u00e4he der Burg - die direkte Buchung mit Sofortabzug , Urlaub am Gardasee f\u00fcr Familien, Senioren","robots":{"index":"index","follow":"follow","max-snippet":"max-snippet:-1","max-image-preview":"max-image-preview:large","max-video-preview":"max-video-preview:-1"},"canonical":"https:\/\/www.smeraldosirmione.com\/de\/hotel-sirmione-gardasee-smeraldo\/","og_locale":"de_DE","og_type":"article","og_title":"Hotel Sirmione Gardasee | Hotel Smeraldo ***","og_description":"Hotel Sirmione Gardasee Smeraldo in der N\u00e4he der Burg - die direkte Buchung mit Sofortabzug , Urlaub am Gardasee f\u00fcr Familien, Senioren","og_url":"https:\/\/www.smeraldosirmione.com\/de\/hotel-sirmione-gardasee-smeraldo\/","og_site_name":"Hotel Smeraldo","article_modified_time":"2025-07-18T10:22:47+00:00","og_image":[{"width":900,"height":298,"url":"https:\/\/www.smeraldosirmione.com\/wp-content\/uploads\/2014\/12\/hotel-smeraldo-panoramica-1r.jpg","type":"image\/jpeg"}],"twitter_misc":{"Gesch\u00e4tzte Lesezeit":"2\u00a0Minuten"},"schema":{"@context":"https:\/\/schema.org","@graph":[{"@type":"WebPage","@id":"https:\/\/www.smeraldosirmione.com\/de\/hotel-sirmione-gardasee-smeraldo\/","url":"https:\/\/www.smeraldosirmione.com\/de\/hotel-sirmione-gardasee-smeraldo\/","name":"Hotel Sirmione Gardasee | Hotel Smeraldo ***","isPartOf":{"@id":"https:\/\/www.smeraldosirmione.com\/#website"},"primaryImageOfPage":{"@id":"https:\/\/www.smeraldosirmione.com\/de\/hotel-sirmione-gardasee-smeraldo\/#primaryimage"},"image":{"@id":"https:\/\/www.smeraldosirmione.com\/de\/hotel-sirmione-gardasee-smeraldo\/#primaryimage"},"thumbnailUrl":"https:\/\/www.smeraldosirmione.com\/wp-content\/uploads\/2014\/12\/hotel-smeraldo-panoramica-1r.jpg","datePublished":"2016-05-20T04:58:28+00:00","dateModified":"2025-07-18T10:22:47+00:00","description":"Hotel Sirmione Gardasee Smeraldo in der N\u00e4he der Burg - die direkte Buchung mit Sofortabzug , Urlaub am Gardasee f\u00fcr Familien, Senioren","breadcrumb":{"@id":"https:\/\/www.smeraldosirmione.com\/de\/hotel-sirmione-gardasee-smeraldo\/#breadcrumb"},"inLanguage":"de","potentialAction":[{"@type":"ReadAction","target":["https:\/\/www.smeraldosirmione.com\/de\/hotel-sirmione-gardasee-smeraldo\/"]}]},{"@type":"ImageObject","inLanguage":"de","@id":"https:\/\/www.smeraldosirmione.com\/de\/hotel-sirmione-gardasee-smeraldo\/#primaryimage","url":"https:\/\/www.smeraldosirmione.com\/wp-content\/uploads\/2014\/12\/hotel-smeraldo-panoramica-1r.jpg","contentUrl":"https:\/\/www.smeraldosirmione.com\/wp-content\/uploads\/2014\/12\/hotel-smeraldo-panoramica-1r.jpg"},{"@type":"BreadcrumbList","@id":"https:\/\/www.smeraldosirmione.com\/de\/hotel-sirmione-gardasee-smeraldo\/#breadcrumb","itemListElement":[{"@type":"ListItem","position":1,"name":"Home","item":"https:\/\/www.smeraldosirmione.com\/de\/"},{"@type":"ListItem","position":2,"name":"Hotel Sirmione Gardasee Smeraldo"}]},{"@type":"WebSite","@id":"https:\/\/www.smeraldosirmione.com\/#website","url":"https:\/\/www.smeraldosirmione.com\/","name":"Hotel Smeraldo","description":"Sirmione Hotel im Herzen des Gardasees","potentialAction":[{"@type":"SearchAction","target":{"@type":"EntryPoint","urlTemplate":"https:\/\/www.smeraldosirmione.com\/?s={search_term_string}"},"query-input":{"@type":"PropertyValueSpecification","valueRequired":true,"valueName":"search_term_string"}}],"inLanguage":"de"}]}},"_links":{"self":[{"href":"https:\/\/www.smeraldosirmione.com\/de\/wp-json\/wp\/v2\/pages\/1419","targetHints":{"allow":["GET"]}}],"collection":[{"href":"https:\/\/www.smeraldosirmione.com\/de\/wp-json\/wp\/v2\/pages"}],"about":[{"href":"https:\/\/www.smeraldosirmione.com\/de\/wp-json\/wp\/v2\/types\/page"}],"author":[{"embeddable":true,"href":"https:\/\/www.smeraldosirmione.com\/de\/wp-json\/wp\/v2\/users\/2"}],"replies":[{"embeddable":true,"href":"https:\/\/www.smeraldosirmione.com\/de\/wp-json\/wp\/v2\/comments?post=1419"}],"version-history":[{"count":0,"href":"https:\/\/www.smeraldosirmione.com\/de\/wp-json\/wp\/v2\/pages\/1419\/revisions"}],"wp:attachment":[{"href":"https:\/\/www.smeraldosirmione.com\/de\/wp-json\/wp\/v2\/media?parent=1419"}],"curies":[{"name":"wp","href":"https:\/\/api.w.org\/{rel}","templated":true}]}}